{"id":6130,"date":"2022-04-01T21:11:38","date_gmt":"2022-04-01T19:11:38","guid":{"rendered":"http:\/\/astehshop.com\/?post_type=product&#038;p=6130"},"modified":"2025-09-17T21:25:26","modified_gmt":"2025-09-17T19:25:26","slug":"hikvision-ax-pro-bezicni-repetitor-ds-pr1-we","status":"publish","type":"product","link":"http:\/\/astehshop.com\/index.php\/product\/hikvision-ax-pro-bezicni-repetitor-ds-pr1-we\/","title":{"rendered":"HikVision AX PRO Be\u017ei\u010dni repetitor DS-PR1-WE"},"content":{"rendered":"<ul class=\"product-short-specification\">\n<li>868 MHz dvosmjerna be\u017ei\u010dna komunikacija<\/li>\n<li>Dvosmjerna komunikacija, stabilna i sigurna<\/li>\n<li>LED zaslon, prikazuje razli\u010dite povratne informacije s lakim razumijevanjem<\/li>\n<li>Do 35 sati rezervne baterije nakon prekida napajanja, bez brige o komunikaciji<\/li>\n<li>Automatsko pronala\u017eenje i povezivanje do 8 PIRCAM ili detektora dima, pametno automatsko uparivanje<\/li>\n<li>Jednostavna instalacija s novom dizajniranom strukturom<\/li>\n<\/ul>\n","protected":false},"excerpt":{"rendered":"<ul class=\"product-short-specification\">\n<li>868 MHz dvosmjerna be\u017ei\u010dna komunikacija<\/li>\n<li>Dvosmjerna komunikacija, stabilna i sigurna<\/li>\n<li>LED zaslon, prikazuje razli\u010dite povratne informacije s lakim razumijevanjem<\/li>\n<li>Do 35 sati rezervne baterije nakon prekida napajanja, bez brige o komunikaciji<\/li>\n<li>Automatsko pronala\u017eenje i povezivanje do 8 PIRCAM ili detektora dima, pametno automatsko uparivanje<\/li>\n<li>Jednostavna instalacija s novom dizajniranom strukturom<\/li>\n<\/ul>\n","protected":false},"featured_media":6131,"comment_status":"open","ping_status":"closed","template":"","meta":{"_mi_skip_tracking":false,"_exactmetrics_sitenote_active":false,"_exactmetrics_sitenote_note":"","_exactmetrics_sitenote_category":0,"spay_email":""},"product_cat":[3942],"product_tag":[3944,3967,3966,377],"brands":[{"id":2044,"name":"HikVision","slug":"hikvision"}],"df_price":"","df_sale_price":"","df_regular_price":"","df_image_link":"https:\/\/i0.wp.com\/astehshop.com\/wp-content\/uploads\/2022\/04\/DS-PR1-WE.jpg?fit=450%2C450","jetpack_publicize_connections":[],"jetpack_sharing_enabled":true,"jetpack_likes_enabled":true,"jetpack-related-posts":[{"id":6122,"url":"http:\/\/astehshop.com\/index.php\/product\/bezicna-vanjska-sirena-hikvision-ax-pro-ds-ps1-e-we\/","url_meta":{"origin":6130,"position":0},"title":"Be\u017ei\u010dna vanjska sirena HikVision AX PRO DS-PS1-E-WE","date":"1. travnja 2022.","format":false,"excerpt":"dvosmjerna 868MHz komunikacija 3 godine \u017eivota baterije ja\u010dina : 110dB IP65 za\u0161tita","rel":"","context":"Srodne objave","img":{"alt_text":"","src":"https:\/\/i0.wp.com\/astehshop.com\/wp-content\/uploads\/2022\/04\/DS-PS1-E-WE.jpg?fit=1000%2C1000&resize=350%2C200","width":350,"height":200},"classes":[]},{"id":6114,"url":"http:\/\/astehshop.com\/index.php\/product\/hikvision-ax-pro-bezicna-prenosna-panik-tipka-taster-ds-pdebp1-eg2-we\/","url_meta":{"origin":6130,"position":1},"title":"HikVision AX PRO be\u017ei\u010dna prenosna panik tipka taster DS- PDEBP1-EG2-we","date":"1. travnja 2022.","format":false,"excerpt":"dvosmjerna 868MHz komunikacija IP54 za\u0161tita do 1km na otvorenom prostoru 3 godine \u017eivota baterije","rel":"","context":"Srodne objave","img":{"alt_text":"","src":"https:\/\/i1.wp.com\/astehshop.com\/wp-content\/uploads\/2022\/04\/dvosmjerna-868MHz-komunikacija.png?fit=700%2C394&resize=350%2C200","width":350,"height":200},"classes":[]},{"id":6400,"url":"http:\/\/astehshop.com\/index.php\/product\/ajax-doublebutton\/","url_meta":{"origin":6130,"position":2},"title":"AJAX DoubleButton","date":"6. listopada 2022.","format":false,"excerpt":"roizvo\u0111a\u010d AJAX Tehnologija Be\u017ei\u010dna Be\u017ei\u010dna frekvencija 868 MHz Be\u017ei\u010dna komunikacija Dvosmjerna Dimenzije 47 x 35 x 13 mm Napajanje baterijsko 1 x 3V, tip CR2032 Ugradnja Unutra\u0161nja Detekcija Hitnosti Metoda detekcije Tipka Monta\u017ea privjesak ili nadgradni LED signalizacija Da Te\u017eina 16 g Tip \/ ku\u0107i\u0161te Plasti\u010dno \u00a0","rel":"","context":"Srodne objave","img":{"alt_text":"","src":"","width":0,"height":0},"classes":[]},{"id":10121,"url":"http:\/\/astehshop.com\/index.php\/product\/wsdt17sd7videointerfonskimonitor\/","url_meta":{"origin":6130,"position":3},"title":"WS\u2010DT17S D7 Videointerfonski  monitor","date":"30. o\u017eujka 2025.","format":false,"excerpt":"TFT-LCD monitor dijagonale 7\" Dvosmjerna audio komunikacija, mogu\u0107nost me\u0111usobne komunikacije, pode\u0161avanje adrese preko DIP prekida\u010da, tasteri osjetljivi na dodir, povezivanje na 2 \u017eice.","rel":"","context":"Srodne objave","img":{"alt_text":"","src":"https:\/\/i1.wp.com\/astehshop.com\/wp-content\/uploads\/2025\/03\/westernsecurity-wsdt17sd7-videointerfonski-monitor_0.jpg?fit=1200%2C675&resize=350%2C200","width":350,"height":200},"classes":[]},{"id":4544,"url":"http:\/\/astehshop.com\/index.php\/product\/bezicna-touchsense-tastatura-crne-boje-ajax-keypad-bl\/","url_meta":{"origin":6130,"position":4},"title":"Be\u017ei\u010dna touchsense tastatura crne boje AJAX KEYPAD BL","date":"4. svibnja 2020.","format":false,"excerpt":"Model: AJAX Keypad BL Be\u017ei\u010dna touchsense tastatura, omogu\u0107eno uklju\u010divanje sistema, djelomi\u010dno uklju\u010denje sistema, isklju\u010denje sistemaa i panik dojava. LED signalizacija. Crne boje, Be\u017ei\u010dna frekvencija 868 MHz, Be\u017ei\u010dna dvosmjerna komunikacija, Na\u010din prikaza Touchsense LED, Napajanje Baterijsko 4 x AAA, Dimenzije 150 x 102,5 x 13,2 mm, Ugra\u0111en tamper, Te\u017eina 160gr","rel":"","context":"Srodne objave","img":{"alt_text":"","src":"https:\/\/i2.wp.com\/astehshop.com\/wp-content\/uploads\/2020\/05\/AJAX-KEYPAD-BL.jpg?fit=1200%2C650&resize=350%2C200","width":350,"height":200},"classes":[]},{"id":4954,"url":"http:\/\/astehshop.com\/index.php\/product\/ajax-button\/","url_meta":{"origin":6130,"position":5},"title":"AJAX Button","date":"6. studenoga 2020.","format":false,"excerpt":"Wireless panic button - black \u00a0 Proizvo\u0111a\u010d AJAX Tehnologija Be\u017ei\u010dni Be\u017ei\u010dna frekvencija 868 MHz Be\u017ei\u010dna komunikacija Dvosmjerna Dimenzije 47 x 35 x 13 mm Napajanje baterijsko 1 x 3V, tip CR2032 Ugradnja Unutra\u0161nja Detekcija Hitnosti Metoda detekcije Tipka Monta\u017ea privjesak ili nadgradni LED signalizacija Da Te\u017eina 16 g Tip \/\u2026","rel":"","context":"Srodne objave","img":{"alt_text":"","src":"https:\/\/i1.wp.com\/astehshop.com\/wp-content\/uploads\/2020\/11\/ajax-button.png?fit=900%2C900&resize=350%2C200","width":350,"height":200},"classes":[]}],"_links":{"self":[{"href":"http:\/\/astehshop.com\/index.php\/wp-json\/wp\/v2\/product\/6130"}],"collection":[{"href":"http:\/\/astehshop.com\/index.php\/wp-json\/wp\/v2\/product"}],"about":[{"href":"http:\/\/astehshop.com\/index.php\/wp-json\/wp\/v2\/types\/product"}],"replies":[{"embeddable":true,"href":"http:\/\/astehshop.com\/index.php\/wp-json\/wp\/v2\/comments?post=6130"}],"wp:featuredmedia":[{"embeddable":true,"href":"http:\/\/astehshop.com\/index.php\/wp-json\/wp\/v2\/media\/6131"}],"wp:attachment":[{"href":"http:\/\/astehshop.com\/index.php\/wp-json\/wp\/v2\/media?parent=6130"}],"wp:term":[{"taxonomy":"product_cat","embeddable":true,"href":"http:\/\/astehshop.com\/index.php\/wp-json\/wp\/v2\/product_cat?post=6130"},{"taxonomy":"product_tag","embeddable":true,"href":"http:\/\/astehshop.com\/index.php\/wp-json\/wp\/v2\/product_tag?post=6130"}],"curies":[{"name":"wp","href":"https:\/\/api.w.org\/{rel}","templated":true}]}}