{"id":6122,"date":"2022-04-01T21:05:32","date_gmt":"2022-04-01T19:05:32","guid":{"rendered":"http:\/\/astehshop.com\/?post_type=product&#038;p=6122"},"modified":"2025-09-17T21:25:32","modified_gmt":"2025-09-17T19:25:32","slug":"bezicna-vanjska-sirena-hikvision-ax-pro-ds-ps1-e-we","status":"publish","type":"product","link":"http:\/\/astehshop.com\/index.php\/product\/bezicna-vanjska-sirena-hikvision-ax-pro-ds-ps1-e-we\/","title":{"rendered":"Be\u017ei\u010dna vanjska sirena HikVision AX PRO DS-PS1-E-WE"},"content":{"rendered":"<div id=\"quickTab-description\" class=\"ui-tabs-panel ui-corner-bottom ui-widget-content\" role=\"tabpanel\" aria-labelledby=\"ui-id-1\" aria-hidden=\"false\">\n<div class=\"full-description\">\n<ul>\n<li>dvosmjerna 868MHz komunikacija<\/li>\n<li>3 godine \u017eivota baterije<\/li>\n<li>ja\u010dina : 110dB<\/li>\n<li>IP65 za\u0161tita<\/li>\n<\/ul>\n<\/div>\n<\/div>\n","protected":false},"excerpt":{"rendered":"<div id=\"quickTab-description\" class=\"ui-tabs-panel ui-corner-bottom ui-widget-content\" role=\"tabpanel\" aria-labelledby=\"ui-id-1\" aria-hidden=\"false\">\n<div class=\"full-description\">\n<ul>\n<li>dvosmjerna 868MHz komunikacija<\/li>\n<li>3 godine \u017eivota baterije<\/li>\n<li>ja\u010dina : 110dB<\/li>\n<li>IP65 za\u0161tita<\/li>\n<\/ul>\n<\/div>\n<\/div>\n","protected":false},"featured_media":6123,"comment_status":"open","ping_status":"closed","template":"","meta":{"_mi_skip_tracking":false,"_exactmetrics_sitenote_active":false,"_exactmetrics_sitenote_note":"","_exactmetrics_sitenote_category":0,"spay_email":""},"product_cat":[3942],"product_tag":[3944,335,3962,377,332],"brands":[{"id":2044,"name":"HikVision","slug":"hikvision"}],"df_price":"","df_sale_price":"","df_regular_price":"","df_image_link":"https:\/\/i0.wp.com\/astehshop.com\/wp-content\/uploads\/2022\/04\/DS-PS1-E-WE.jpg?fit=450%2C450","jetpack_publicize_connections":[],"jetpack_sharing_enabled":true,"jetpack_likes_enabled":true,"jetpack-related-posts":[{"id":6114,"url":"http:\/\/astehshop.com\/index.php\/product\/hikvision-ax-pro-bezicna-prenosna-panik-tipka-taster-ds-pdebp1-eg2-we\/","url_meta":{"origin":6122,"position":0},"title":"HikVision AX PRO be\u017ei\u010dna prenosna panik tipka taster DS- PDEBP1-EG2-we","date":"1. travnja 2022.","format":false,"excerpt":"dvosmjerna 868MHz komunikacija IP54 za\u0161tita do 1km na otvorenom prostoru 3 godine \u017eivota baterije","rel":"","context":"Srodne objave","img":{"alt_text":"","src":"https:\/\/i1.wp.com\/astehshop.com\/wp-content\/uploads\/2022\/04\/dvosmjerna-868MHz-komunikacija.png?fit=700%2C394&resize=350%2C200","width":350,"height":200},"classes":[]},{"id":4535,"url":"http:\/\/astehshop.com\/index.php\/product\/detektor-izljeva-vode-bijele-boje-ajax-lp-wh\/","url_meta":{"origin":6122,"position":1},"title":"Detektor izljeva vode bijele boje AJAX-LP-WH LeakProtect","date":"4. svibnja 2020.","format":false,"excerpt":"Model: AJAX LeaksProtect WH Be\u017ei\u010dna tehnologija, Be\u017ei\u010dna frekvencija 868MHz, Dvosmjerna be\u017ei\u010dna komunikacija, Unutra\u0161nja ugradnja, Detekcija poplave, Metoda detekcije - otpor kruga. IP65 Za\u0161tita, LED i zvu\u010dna signalizacija, Dimenzije 60 x 60 x 14 mm, Napajanje Baterijsko 2 x AAA","rel":"","context":"Srodne objave","img":{"alt_text":"","src":"https:\/\/i1.wp.com\/astehshop.com\/wp-content\/uploads\/2020\/05\/AJAX-LP-WH.png?fit=731%2C680&resize=350%2C200","width":350,"height":200},"classes":[]},{"id":6128,"url":"http:\/\/astehshop.com\/index.php\/product\/bezicni-citac-kartica-hikvision-ax-pro-ds-pt1-we\/","url_meta":{"origin":6122,"position":2},"title":"Be\u017ei\u010dni \u010dita\u010d kartica HikVision AX PRO DS-PT1-WE","date":"1. travnja 2022.","format":false,"excerpt":"868MHz dvosmjerna komunikacija AES-128 enkripcija prednji i stra\u017eni tamper do 1200m (u otvorenom prostoru) AA baterije x3kom dimenzije : 75x124x21mm","rel":"","context":"Srodne objave","img":{"alt_text":"","src":"https:\/\/i1.wp.com\/astehshop.com\/wp-content\/uploads\/2022\/04\/DS-PT1-WE.png?fit=678%2C381&resize=350%2C200","width":350,"height":200},"classes":[]},{"id":8899,"url":"http:\/\/astehshop.com\/index.php\/product\/ajax-keypad-plus\/","url_meta":{"origin":6122,"position":3},"title":"AJAX Keypad Plus","date":"14. sije\u010dnja 2024.","format":false,"excerpt":"\u2022 Kapacitivna dodirna LED tipkovnica sa RFID \u010dita\u010dem, dvosmjerna komunikacija, za\u0161tita enkripcijom \u2022 Frekvencija 868 MHz, domet signala 1700 m \u2022 Kompatibilnost: Hub, Hub Plus, Hub 2, Hub 2 plus, ReX \u2022 Napajanje\/ trajnost baterija: 4xAAAA u kompletu\/ do 2 godine \u2022 Za\u0161tita: Tamper i za\u0161tita lozinke, ometanje \u2022 Opcija\u2026","rel":"","context":"Srodne objave","img":{"alt_text":"","src":"https:\/\/i1.wp.com\/astehshop.com\/wp-content\/uploads\/2024\/01\/keypad-plus.jpg?fit=320%2C240&resize=350%2C200","width":350,"height":200},"classes":[]},{"id":6116,"url":"http:\/\/astehshop.com\/index.php\/product\/bezicni-detektor-temperature-i-vlaznosti-hikvision-ax-pro-ds-pdtph-e-we\/","url_meta":{"origin":6122,"position":4},"title":"Be\u017ei\u010dni detektor temperature i vla\u017enosti HikVision AX PRO DS-PDTPH-E-WE","date":"1. travnja 2022.","format":false,"excerpt":"temperaturni senzor : -10\u00b0 do 55\u00b0 (samostoje\u0107i) temperaturni senzor : -35\u00b0 do 99\u00b0 (sa sondom) 2.7\u00b4\u00b4 display sa LED indikacijom 868Mhz dvosmjerna komunikacija napajanje : AAA baterije x2kom dimenzije : 62.6 x 62.6 x 18mm","rel":"","context":"Srodne objave","img":{"alt_text":"","src":"https:\/\/i2.wp.com\/astehshop.com\/wp-content\/uploads\/2022\/04\/DS-PDTPH-E-WE.jpg?fit=800%2C800&resize=350%2C200","width":350,"height":200},"classes":[]},{"id":6105,"url":"http:\/\/astehshop.com\/index.php\/product\/bezicni-magnetni-kontakt-hikvision-ax-pro-ds-pdmcs-eg2-we\/","url_meta":{"origin":6122,"position":5},"title":"Be\u017ei\u010dni magnetni kontakt HikVision AX PRO DS-PDMCS-EG2-WE","date":"1. travnja 2022.","format":false,"excerpt":"dvosmjerna komunikacija, 868MHz Pijenos signala na otvorenom prostoru : 1.2km","rel":"","context":"Srodne objave","img":{"alt_text":"","src":"https:\/\/i2.wp.com\/astehshop.com\/wp-content\/uploads\/2022\/04\/DS-PDMCS-EG2-WE.jpg?fit=421%2C401&resize=350%2C200","width":350,"height":200},"classes":[]}],"_links":{"self":[{"href":"http:\/\/astehshop.com\/index.php\/wp-json\/wp\/v2\/product\/6122"}],"collection":[{"href":"http:\/\/astehshop.com\/index.php\/wp-json\/wp\/v2\/product"}],"about":[{"href":"http:\/\/astehshop.com\/index.php\/wp-json\/wp\/v2\/types\/product"}],"replies":[{"embeddable":true,"href":"http:\/\/astehshop.com\/index.php\/wp-json\/wp\/v2\/comments?post=6122"}],"wp:featuredmedia":[{"embeddable":true,"href":"http:\/\/astehshop.com\/index.php\/wp-json\/wp\/v2\/media\/6123"}],"wp:attachment":[{"href":"http:\/\/astehshop.com\/index.php\/wp-json\/wp\/v2\/media?parent=6122"}],"wp:term":[{"taxonomy":"product_cat","embeddable":true,"href":"http:\/\/astehshop.com\/index.php\/wp-json\/wp\/v2\/product_cat?post=6122"},{"taxonomy":"product_tag","embeddable":true,"href":"http:\/\/astehshop.com\/index.php\/wp-json\/wp\/v2\/product_tag?post=6122"}],"curies":[{"name":"wp","href":"https:\/\/api.w.org\/{rel}","templated":true}]}}