{"id":6120,"date":"2022-04-01T21:03:58","date_gmt":"2022-04-01T19:03:58","guid":{"rendered":"http:\/\/astehshop.com\/?post_type=product&#038;p=6120"},"modified":"2025-09-17T21:25:33","modified_gmt":"2025-09-17T19:25:33","slug":"hikvision-ax-pro-bezicni-detektor-poplave-ds-pdwl-e-we","status":"publish","type":"product","link":"http:\/\/astehshop.com\/index.php\/product\/hikvision-ax-pro-bezicni-detektor-poplave-ds-pdwl-e-we\/","title":{"rendered":"HikVision AX PRO Be\u017ei\u010dni detektor poplave DS-PDWL-E-WE"},"content":{"rendered":"<ul class=\"product-short-specification\">\n<li>Vodootporan dizajn za vi\u0161estruku upotrebu<\/li>\n<li>Potpuno daljinski podesivo putem aplikacije<\/li>\n<li>Vi\u0161estruki na\u010din upisa i jednostavan dizajn instalacije<\/li>\n<li>Preskakanje frekvencije protiv ometanja za pouzdan prijenos<\/li>\n<li>Vanjska sonda uklju\u010dena<\/li>\n<\/ul>\n","protected":false},"excerpt":{"rendered":"<ul class=\"product-short-specification\">\n<li>Vodootporan dizajn za vi\u0161estruku upotrebu<\/li>\n<li>Potpuno daljinski podesivo putem aplikacije<\/li>\n<li>Vi\u0161estruki na\u010din upisa i jednostavan dizajn instalacije<\/li>\n<li>Preskakanje frekvencije protiv ometanja za pouzdan prijenos<\/li>\n<li>Vanjska sonda uklju\u010dena<\/li>\n<\/ul>\n","protected":false},"featured_media":6121,"comment_status":"open","ping_status":"closed","template":"","meta":{"_mi_skip_tracking":false,"_exactmetrics_sitenote_active":false,"_exactmetrics_sitenote_note":"","_exactmetrics_sitenote_category":0,"spay_email":""},"product_cat":[3942],"product_tag":[280,3961,440,435,3960,3959,377,743],"brands":[{"id":2044,"name":"HikVision","slug":"hikvision"}],"df_price":"","df_sale_price":"","df_regular_price":"","df_image_link":"https:\/\/i0.wp.com\/astehshop.com\/wp-content\/uploads\/2022\/04\/DS-PDWL-E-WE.jpg?fit=450%2C450","jetpack_publicize_connections":[],"jetpack_sharing_enabled":true,"jetpack_likes_enabled":true,"jetpack-related-posts":[{"id":6126,"url":"http:\/\/astehshop.com\/index.php\/product\/hikvision-ax-pro-bezicna-tastatura-ds-pk1-e-we\/","url_meta":{"origin":6120,"position":0},"title":"HikVision AX PRO be\u017ei\u010dna tastatura DS-PK1-E-WE","date":"1. travnja 2022.","format":false,"excerpt":"868 MHz dvosmjerna be\u017ei\u010dna komunikacija AES-128 enkripcija Ostanite\/udaljeni aktiviranje, razoru\u017eavanje, \u010di\u0161\u0107enje alarma za odre\u0111eno podru\u010dje ili sva podru\u010dja LED ozna\u010dava programirano podru\u010dje Vatrogasni alarm s jednim pritiskom, alarm za paniku i medicinski alarm. Mo\u017ee se odabrati tihi\/zvu\u010dni alarm Potpuni dizajn tipki na dodir s LED pozadinskim osvjetljenjem Potpuno daljinski podesivo\u2026","rel":"","context":"Srodne objave","img":{"alt_text":"","src":"https:\/\/i2.wp.com\/astehshop.com\/wp-content\/uploads\/2022\/04\/DS-PK1-E-WE.jpg?fit=400%2C400&resize=350%2C200","width":350,"height":200},"classes":[]},{"id":4838,"url":"http:\/\/astehshop.com\/index.php\/product\/ruksak-mi-casual-daypack-black\/","url_meta":{"origin":6120,"position":1},"title":"Ruksak Mi Casual Daypack Black","date":"29. rujna 2020.","format":false,"excerpt":"Ruksak za laptop, max. veli\u010dina laptopa 14\", podesive naramenice, materijal izrade poliester, otporan na habanje i vodootporan, jednostavan dizajn, ventilirana le\u0111a, lagan , kompaktan sa pregradama za mobitel, nov\u010danik, power bank itd...","rel":"","context":"Srodne objave","img":{"alt_text":"","src":"https:\/\/i2.wp.com\/astehshop.com\/wp-content\/uploads\/2020\/09\/Mi-Casual-Daypack-Black.png?fit=1200%2C1200&resize=350%2C200","width":350,"height":200},"classes":[]},{"id":4828,"url":"http:\/\/astehshop.com\/index.php\/product\/nedis-lazna-kamera-dumcb20wt\/","url_meta":{"origin":6120,"position":2},"title":"NEDIS La\u017ena Kamera DUMCB20WT","date":"27. rujna 2020.","format":false,"excerpt":"Ova Nedis\u00ae la\u017ena vanjska kamera pru\u017ea za\u0161titu od provale . Njen profesionalni dizajn sa LED diodom koja treperi, \u010dini je gotovo nemogu\u0107im razlikovati od stvarne kamere. La\u017ena kamera radi na dvije AA baterije. Jednostavan za montiranje s uklju\u010denim vijcima. Zna\u010dajke \u2022 Suvremeni dizajn \u2022 Crvena LED lampica \u2022 Uklju\u010duje zidni\u2026","rel":"","context":"Srodne objave","img":{"alt_text":"","src":"https:\/\/i1.wp.com\/astehshop.com\/wp-content\/uploads\/2020\/09\/DUMCB20WT.jpg?fit=400%2C400&resize=350%2C200","width":350,"height":200},"classes":[]},{"id":8427,"url":"http:\/\/astehshop.com\/index.php\/product\/unv-kamera-2-mpx-uac-b112-f28\/","url_meta":{"origin":6120,"position":3},"title":"UNV kamera 2 MPX UAC-B112-F28","date":"23. listopada 2023.","format":false,"excerpt":"2MP slika visokog kvaliteta \u2022 TVI\/AHD\/CVI\/CVBS \u2022 IR-cut filter sa automatskim prekida\u010dem (ICR) \u2022 Podr\u017eava horizontalno okretanje od 180\u00b0, vertikalno okretanje od 180\u00b0 \u2022 OSD konfiguracijski meni, jednostavan za rukovanje \u2022 IP67 vodootporan dizajn i dizajn otporan na pra\u0161inu, visoka pouzdanost \u2022 OSD konfiguracijski meni na 11 jezika","rel":"","context":"Srodne objave","img":{"alt_text":"","src":"https:\/\/i2.wp.com\/astehshop.com\/wp-content\/uploads\/2023\/10\/UAC-B112-F28.jpg?fit=688%2C514&resize=350%2C200","width":350,"height":200},"classes":[]},{"id":8431,"url":"http:\/\/astehshop.com\/index.php\/product\/unv-bullet-kamera-5-mpx-uac-b115-f28\/","url_meta":{"origin":6120,"position":4},"title":"UNV bullet kamera 5 MPX UAC-B115-F28","date":"23. listopada 2023.","format":false,"excerpt":"\u2022 Slika visokog kvaliteta od 5MP \u2022 TVI\/AHD\/CVI\/CVBS \u2022 IR-cut filter sa automatskim prekida\u010dem (ICR) \u2022 Podr\u017eava horizontalno okretanje od 180\u00b0, vertikalno okretanje od 180\u00b0 \u2022 OSD konfiguracijski meni, jednostavan za rukovanje \u2022 IP67 vodootporan dizajn i dizajn otporan na pra\u0161inu, visoka pouzdanost \u2022 OSD konfiguracijski meni na 11 jezika","rel":"","context":"Srodne objave","img":{"alt_text":"","src":"https:\/\/i1.wp.com\/astehshop.com\/wp-content\/uploads\/2023\/10\/20220830_1852973_4_949916_140445_0.jpg?fit=686%2C534&resize=350%2C200","width":350,"height":200},"classes":[]},{"id":8437,"url":"http:\/\/astehshop.com\/index.php\/product\/unv-bullet-5-mpx-kamera-colourhunter-uac-b115-f28-w\/","url_meta":{"origin":6120,"position":5},"title":"UNV Bullet 5 MPX kamera ColourHunter UAC-B115-F28-W","date":"23. listopada 2023.","format":false,"excerpt":"Slika visokog kvaliteta od 5MP \u2022 TVI\/AHD\/CVI\/CVBS \u2022 Podr\u017eava osvetljenje bele svetlosti, slike u boji 24\/7 \u2022 Podr\u017eava horizontalno okretanje od 180\u00b0, vertikalno okretanje od 180\u00b0 \u2022 OSD konfiguracijski meni, jednostavan za rukovanje \u2022 IP67 vodootporan dizajn i dizajn otporan na pra\u0161inu, visoka pouzdanost \u2022 OSD konfiguracijski meni na 11\u2026","rel":"","context":"Srodne objave","img":{"alt_text":"","src":"https:\/\/i1.wp.com\/astehshop.com\/wp-content\/uploads\/2023\/10\/20220830_1852827_2_949740_140445_0.jpg?fit=758%2C565&resize=350%2C200","width":350,"height":200},"classes":[]}],"_links":{"self":[{"href":"http:\/\/astehshop.com\/index.php\/wp-json\/wp\/v2\/product\/6120"}],"collection":[{"href":"http:\/\/astehshop.com\/index.php\/wp-json\/wp\/v2\/product"}],"about":[{"href":"http:\/\/astehshop.com\/index.php\/wp-json\/wp\/v2\/types\/product"}],"replies":[{"embeddable":true,"href":"http:\/\/astehshop.com\/index.php\/wp-json\/wp\/v2\/comments?post=6120"}],"wp:featuredmedia":[{"embeddable":true,"href":"http:\/\/astehshop.com\/index.php\/wp-json\/wp\/v2\/media\/6121"}],"wp:attachment":[{"href":"http:\/\/astehshop.com\/index.php\/wp-json\/wp\/v2\/media?parent=6120"}],"wp:term":[{"taxonomy":"product_cat","embeddable":true,"href":"http:\/\/astehshop.com\/index.php\/wp-json\/wp\/v2\/product_cat?post=6120"},{"taxonomy":"product_tag","embeddable":true,"href":"http:\/\/astehshop.com\/index.php\/wp-json\/wp\/v2\/product_tag?post=6120"}],"curies":[{"name":"wp","href":"https:\/\/api.w.org\/{rel}","templated":true}]}}