{"id":6111,"date":"2022-04-01T20:49:57","date_gmt":"2022-04-01T18:49:57","guid":{"rendered":"http:\/\/astehshop.com\/?post_type=product&#038;p=6111"},"modified":"2025-09-17T21:25:39","modified_gmt":"2025-09-17T19:25:39","slug":"bezicni-detektor-pokreta-ds-pdc15-eg2-we-hikvision-ax-pro","status":"publish","type":"product","link":"http:\/\/astehshop.com\/index.php\/product\/bezicni-detektor-pokreta-ds-pdc15-eg2-we-hikvision-ax-pro\/","title":{"rendered":"Be\u017ei\u010dni detektor pokreta DS-PDC15-EG2-WE HikVision AX PRO"},"content":{"rendered":"<p>Dvosmerni be\u017ei\u010dni detektor koji sadr\u017ei pokrivenost zavese do 15m du\u017eine i visine 3,6 m.<br \/>\nFrenkvencija 868MHz, AES-128 enkripcija, Tri-X Wireless tehnologija. Domet detekcije: 15m, ugao 6.3\u00b0. Brzina detekcije: 0.3m\/s ~ 2 m\/s, 18 zona. Domet transmisije 1.6km na otvorenom. Tamper protekcija. Led indikacija plave boje. Napajanje: baterija CR123A, vek trajanja do 5 godina. Radna Temperatura: -10 \u00b0C do +55 \u00b0C. Dimenzije 65,5mm*103mm*48,5mm. Te\u017eina 128gr. Daljinsko konfigurisanje putem aplikacije.<\/p>\n","protected":false},"excerpt":{"rendered":"<p>Dvosmerni be\u017ei\u010dni detektor koji sadr\u017ei pokrivenost zavese do 15m du\u017eine i visine 3,6 m.<br \/>\nFrenkvencija 868MHz, AES-128 enkripcija, Tri-X Wireless tehnologija. Domet detekcije: 15m, ugao 6.3\u00b0. Brzina detekcije: 0.3m\/s ~ 2 m\/s, 18 zona. Domet transmisije 1.6km na otvorenom. Tamper protekcija. Led indikacija plave boje. Napajanje: baterija CR123A, vek trajanja do 5 godina. Radna Temperatura: -10 \u00b0C do +55 \u00b0C. Dimenzije 65,5mm*103mm*48,5mm. Te\u017eina 128gr. Daljinsko konfigurisanje putem aplikacije.<\/p>\n","protected":false},"featured_media":6108,"comment_status":"open","ping_status":"closed","template":"","meta":{"_mi_skip_tracking":false,"_exactmetrics_sitenote_active":false,"_exactmetrics_sitenote_note":"","_exactmetrics_sitenote_category":0,"spay_email":""},"product_cat":[3942],"product_tag":[3944,435,853,3950,377,549],"brands":[{"id":2044,"name":"HikVision","slug":"hikvision"}],"df_price":"","df_sale_price":"","df_regular_price":"","df_image_link":"https:\/\/i0.wp.com\/astehshop.com\/wp-content\/uploads\/2022\/04\/DS-PDP15P-EG2-WE.png?fit=450%2C338","jetpack_publicize_connections":[],"jetpack_sharing_enabled":true,"jetpack_likes_enabled":true,"jetpack-related-posts":[{"id":6109,"url":"http:\/\/astehshop.com\/index.php\/product\/bezicni-video-detektor-pokreta-ds-pdpc12p-eg2-we-hikvision-ax-pro\/","url_meta":{"origin":6111,"position":0},"title":"Be\u017ei\u010dni video detektor pokreta DS-PDPC12P-EG2-WE HikVision AX PRO","date":"1. travnja 2022.","format":false,"excerpt":"Dvosmerni be\u017ei\u010dni PIR detektor sa ugra\u0111enom kvalitetnom kamerom koja pru\u017ea video verifikaciju. Frekvencija 868Mhz CAM-X Wireless Technology AES-128 enkripcija, domet 800m na otvorenom. PIR karakteristike: Domet 12m, Ugao 85.9\u00b0, Brzina detekcije 0.3 to 2 m\/s. Imun na ku\u0107ne ljubimce do 30Kg. Tamper protekcija, temperaturni i ja\u010dina signala indikator, White Light\u2026","rel":"","context":"Srodne objave","img":{"alt_text":"","src":"https:\/\/i0.wp.com\/astehshop.com\/wp-content\/uploads\/2022\/04\/DS-PDPC12P-EG2-WE.jpg?fit=458%2C458&resize=350%2C200","width":350,"height":200},"classes":[]},{"id":4966,"url":"http:\/\/astehshop.com\/index.php\/product\/ajax-motionprotect-outdoor\/","url_meta":{"origin":6111,"position":1},"title":"AJAX MotionProtect Outdoor","date":"6. studenoga 2020.","format":false,"excerpt":"Be\u017ei\u010dni PIR detektor pokreta za vanjsku ugradnju na visini od 0,8 do 1,3 m dometa 15m@85\u00b0, sa antimasking funkcijom. Bijele boje Proizvo\u0111a\u010d AJAX Tehnologija Be\u017ei\u010dna Ugradnja Vanjska Visina monta\u017ee 0,8 - 1,2m Metoda detekcije PIR \/ AM Antimasking funkcija Da Neosjetljivost na ku\u0107ne ljubimce Da Be\u017ei\u010dna frekvencija 868Mhz Be\u017ei\u010dna komunikacija\u2026","rel":"","context":"Srodne objave","img":{"alt_text":"","src":"https:\/\/i0.wp.com\/astehshop.com\/wp-content\/uploads\/2020\/11\/AJAX-MotionProtect-Outdoor-1.jpg?fit=651%2C665&resize=350%2C200","width":350,"height":200},"classes":[]},{"id":6113,"url":"http:\/\/astehshop.com\/index.php\/product\/hikvision-ax-pro-bezicni-detektor-loma-stakla\/","url_meta":{"origin":6111,"position":2},"title":"HikVision AX PRO be\u017ei\u010dni detektor loma stakla","date":"1. travnja 2022.","format":false,"excerpt":"Be\u017ei\u010dni detektor polomljenog stakla Ugra\u0111en visoko kvalitetni mikfrofon-senzor koji pru\u017ea pouzdane performanse Potpuno daljinsko konfigurisanje putem aplikacije Frekvencija 868Mhz Tri-X Wireless Technology Domet transmisije 1.6 Km na otvorenom Detekcija: daljina 8m, ugao 120\u00b0, osetljivost 2m, 4m, 6m, 8m Veli\u010dina stakla 0.3 x 0.3m do 3 x 3m Debljina stakla 2.4mm\u2026","rel":"","context":"Srodne objave","img":{"alt_text":"","src":"https:\/\/i2.wp.com\/astehshop.com\/wp-content\/uploads\/2022\/04\/DS-PDBG8-EG2-WE.jpg?fit=300%2C283&resize=350%2C200","width":350,"height":200},"classes":[]},{"id":12226,"url":"http:\/\/astehshop.com\/index.php\/product\/paradox-bezicni-pir-detektor-minijaturni-bijeli-pmd5m-bijeli-ili-crni\/","url_meta":{"origin":6111,"position":3},"title":"Paradox Be\u017ei\u010dni PIR detektor &#8211; minijaturni, bijeli PMD5M Bijeli ili Crni","date":"28. sije\u010dnja 2026.","format":false,"excerpt":"Be\u017ei\u010dni PIR detektor - minijaturni, bijeli Integrisan be\u017ei\u010dni primopredajnik na frekvenciji 868MHz, koristi auto learn funkciju \u0161to zna\u010di da se automatski registruje na centralu M serije, dualni PIR senzor, unutra\u0161nja monta\u017ea, domet 12m (110\u00b0), creep zona detekcije, tamper prekida\u010d, preko aplikacije BlueEye nadzor stanja baterije, temperature i RX\/TX signala, baterija\u2026","rel":"","context":"Srodne objave","img":{"alt_text":"","src":"https:\/\/i1.wp.com\/astehshop.com\/wp-content\/uploads\/2026\/01\/paradox-senzor.jpg?fit=1200%2C1200&resize=350%2C200","width":350,"height":200},"classes":[]},{"id":4526,"url":"http:\/\/astehshop.com\/index.php\/product\/bezicni-detektor-pokreta-dometa-12m-bijeli-ajax-mp-wh\/","url_meta":{"origin":6111,"position":4},"title":"Be\u017ei\u010dni detektor pokreta dometa 12m Bijeli AJAX-MP-WH MotionProtect","date":"4. svibnja 2020.","format":false,"excerpt":"Model: AJAX MotionProtect WH AJAX Be\u017ei\u010dni Detektor pokreta, Be\u017ei\u010dna frekvencija 868Mhz, Dvosmjerna be\u017ei\u010dna komunikacija, Dimenzije 110 x 65 x 50mm, Stupanj sigurnosti Grade 2, Baterijsko napajanje, 1x3V, tip CR123A, Unutra\u0161nja ugradnja PIR Metoda detekcije, Zidna Monta\u017ea, Visina monta\u017ee 2,2m Pode\u0161avanje osjetljivosti putem centrale, LED signalizacija, Radna temperatura 0\u00b0C do +50\u00b0C\u2026","rel":"","context":"Srodne objave","img":{"alt_text":"","src":"https:\/\/i2.wp.com\/astehshop.com\/wp-content\/uploads\/2020\/05\/AJAX-MP-WH.jpg?fit=1200%2C650&resize=350%2C200","width":350,"height":200},"classes":[]},{"id":4522,"url":"http:\/\/astehshop.com\/index.php\/product\/bezicni-detektor-pokreta-dometa-12m-crni-ajax-cp-bl\/","url_meta":{"origin":6111,"position":5},"title":"Be\u017ei\u010dni detektor pokreta dometa 12m Crni AJAX-CP-BL CombiProtect","date":"4. svibnja 2020.","format":false,"excerpt":"Model: AJAX CombiProtect BL Be\u017ei\u010dni detektor pokreta dometa 12m neosjetljiv na ku\u0107ne ljubimce i loma stakla dometa 9m. Crne boje, Be\u017ei\u010dna frekvencija 868Mhz, Dvosmjerna be\u017ei\u010dna komunikacija, Dimenzije 110 x 65 x 50mm, Stupanj sigurnosti Grade 2, Baterijsko napajanje, 1x3V, tip CR123A, Unutra\u0161nja ugradnja PIR \/GB Metoda detekcije, Zidna Monta\u017ea, Visina\u2026","rel":"","context":"Srodne objave","img":{"alt_text":"","src":"https:\/\/i0.wp.com\/astehshop.com\/wp-content\/uploads\/2020\/05\/AJAX-CP-BL-1.png?fit=1200%2C630&resize=350%2C200","width":350,"height":200},"classes":[]}],"_links":{"self":[{"href":"http:\/\/astehshop.com\/index.php\/wp-json\/wp\/v2\/product\/6111"}],"collection":[{"href":"http:\/\/astehshop.com\/index.php\/wp-json\/wp\/v2\/product"}],"about":[{"href":"http:\/\/astehshop.com\/index.php\/wp-json\/wp\/v2\/types\/product"}],"replies":[{"embeddable":true,"href":"http:\/\/astehshop.com\/index.php\/wp-json\/wp\/v2\/comments?post=6111"}],"wp:featuredmedia":[{"embeddable":true,"href":"http:\/\/astehshop.com\/index.php\/wp-json\/wp\/v2\/media\/6108"}],"wp:attachment":[{"href":"http:\/\/astehshop.com\/index.php\/wp-json\/wp\/v2\/media?parent=6111"}],"wp:term":[{"taxonomy":"product_cat","embeddable":true,"href":"http:\/\/astehshop.com\/index.php\/wp-json\/wp\/v2\/product_cat?post=6111"},{"taxonomy":"product_tag","embeddable":true,"href":"http:\/\/astehshop.com\/index.php\/wp-json\/wp\/v2\/product_tag?post=6111"}],"curies":[{"name":"wp","href":"https:\/\/api.w.org\/{rel}","templated":true}]}}