{"id":6107,"date":"2022-04-01T20:45:36","date_gmt":"2022-04-01T18:45:36","guid":{"rendered":"http:\/\/astehshop.com\/?post_type=product&#038;p=6107"},"modified":"2025-09-17T21:25:42","modified_gmt":"2025-09-17T19:25:42","slug":"bezicni-detektor-pokreta-ds-pdp15p-eg2-we-hikvision-ax-pro","status":"publish","type":"product","link":"http:\/\/astehshop.com\/index.php\/product\/bezicni-detektor-pokreta-ds-pdp15p-eg2-we-hikvision-ax-pro\/","title":{"rendered":"Be\u017ei\u010dni detektor pokreta DS-PDP15P-EG2-WE HikVision AX PRO"},"content":{"rendered":"<p>dvosmjerni be\u017ei\u010dni PIR detektor pokret sa tamper za\u0161titom od neovla\u0161tenog skidanja, javljanjem statusa baterije koja mo\u017ee biti u funkciji do 5 godina.<\/p>\n<p>* domet detekcije: do 15 metara<br \/>\n* kut pokrivanja: 85.9\u00b0<br \/>\n* brzina reakcije: 0.3 do 2 mili sekunde<br \/>\n* pet immunity ( neosjetljiv na ku\u0107ne ljubimce ) te\u017eine do 30 kg<br \/>\n* podr\u017eana automatska prilagodba na temperaturi okoline<br \/>\n* domet rada u odnosu na alarmnu centralu do 1600m ( na otvorenom prostoru bez prepreka )<br \/>\n* baterije: 1x CR123A ( uklju\u010deno u pakiranje)<br \/>\n* trajanje baterije : do 5 godina<br \/>\n* dimenzije: 65.5 mm x 103mm x 48.5 mm<br \/>\n* potrebna visina instalacije: 1.8 m do 2.4 m<br \/>\n* konfiguracija i pode\u0161avanje putem smartphone aplikacije<\/p>\n","protected":false},"excerpt":{"rendered":"<p>dvosmjerni be\u017ei\u010dni PIR detektor pokret sa tamper za\u0161titom od neovla\u0161tenog skidanja, javljanjem statusa baterije koja mo\u017ee biti u funkciji do 5 godina.<\/p>\n<p>* domet detekcije: do 15 metara<br \/>\n* kut pokrivanja: 85.9\u00b0<br \/>\n* brzina reakcije: 0.3 do 2 mili sekunde<br \/>\n* pet immunity ( neosjetljiv na ku\u0107ne ljubimce ) te\u017eine do 30 kg<br \/>\n* podr\u017eana automatska prilagodba na temperaturi okoline<br \/>\n* domet rada u odnosu na alarmnu centralu do 1600m ( na otvorenom prostoru bez prepreka )<br \/>\n* baterije: 1x CR123A ( uklju\u010deno u pakiranje)<br \/>\n* trajanje baterije : do 5 godina<br \/>\n* dimenzije: 65.5 mm x 103mm x 48.5 mm<br \/>\n* potrebna visina instalacije: 1.8 m do 2.4 m<br \/>\n* konfiguracija i pode\u0161avanje putem smartphone aplikacije<\/p>\n","protected":false},"featured_media":6108,"comment_status":"open","ping_status":"closed","template":"","meta":{"_mi_skip_tracking":false,"_exactmetrics_sitenote_active":false,"_exactmetrics_sitenote_note":"","_exactmetrics_sitenote_category":0,"spay_email":""},"product_cat":[3942],"product_tag":[853,3947,377],"brands":[{"id":2044,"name":"HikVision","slug":"hikvision"}],"df_price":"","df_sale_price":"","df_regular_price":"","df_image_link":"https:\/\/i0.wp.com\/astehshop.com\/wp-content\/uploads\/2022\/04\/DS-PDP15P-EG2-WE.png?fit=450%2C338","jetpack_publicize_connections":[],"jetpack_sharing_enabled":true,"jetpack_likes_enabled":true,"jetpack-related-posts":[{"id":12229,"url":"http:\/\/astehshop.com\/index.php\/product\/paradox-alarmni-bezicni-pir-detektor-pmd3m\/","url_meta":{"origin":6107,"position":0},"title":"Paradox alarmni Be\u017ei\u010dni PIR detektor PMD3M","date":"29. sije\u010dnja 2026.","format":false,"excerpt":"Be\u017ei\u010dni PIR detektor Integrisan be\u017ei\u010dni primopredajnik na frekvenciji 868MHz, koristi auto learn funkciju \u0161to zna\u010di da se automatski registruje na centralu M serije, dualni PIR senzor, unutra\u0161nja monta\u017ea, domet 12m (110\u00b0), tamper prekida\u010d, preko aplikacije BlueEye nadzor stanja baterije, temperature I RX\/TX signala, baterija 2 x AA 1,5V.","rel":"","context":"Srodne objave","img":{"alt_text":"","src":"https:\/\/i0.wp.com\/astehshop.com\/wp-content\/uploads\/2026\/01\/PMD3M.png?fit=750%2C1000&resize=350%2C200","width":350,"height":200},"classes":[]},{"id":12226,"url":"http:\/\/astehshop.com\/index.php\/product\/paradox-bezicni-pir-detektor-minijaturni-bijeli-pmd5m-bijeli-ili-crni\/","url_meta":{"origin":6107,"position":1},"title":"Paradox Be\u017ei\u010dni PIR detektor &#8211; minijaturni, bijeli PMD5M Bijeli ili Crni","date":"28. sije\u010dnja 2026.","format":false,"excerpt":"Be\u017ei\u010dni PIR detektor - minijaturni, bijeli Integrisan be\u017ei\u010dni primopredajnik na frekvenciji 868MHz, koristi auto learn funkciju \u0161to zna\u010di da se automatski registruje na centralu M serije, dualni PIR senzor, unutra\u0161nja monta\u017ea, domet 12m (110\u00b0), creep zona detekcije, tamper prekida\u010d, preko aplikacije BlueEye nadzor stanja baterije, temperature i RX\/TX signala, baterija\u2026","rel":"","context":"Srodne objave","img":{"alt_text":"","src":"https:\/\/i1.wp.com\/astehshop.com\/wp-content\/uploads\/2026\/01\/paradox-senzor.jpg?fit=1200%2C1200&resize=350%2C200","width":350,"height":200},"classes":[]},{"id":12231,"url":"http:\/\/astehshop.com\/index.php\/product\/paradox-bezicni-digitalni-dual-optic-pir-detektor-sa-pet-opcijom-pmd75m\/","url_meta":{"origin":6107,"position":2},"title":"Paradox Be\u017ei\u010dni digitalni dual-optic PIR detektor sa PET opcijom PMD75M","date":"29. sije\u010dnja 2026.","format":false,"excerpt":"Be\u017ei\u010dni digitalni dual-optic PIR detektor sa PET opcijom Integrisan be\u017ei\u010dni primopredajnik na frekvenciji 868MHz, koristi auto learn funkciju \u0161to zna\u010di da se automatski registruje na centralu M serije, dualni PIR senzor, unutra\u0161nja monta\u017ea, sa dvije optike u senzoru, domet 11m (90\u00b0), PET opcija do 40kg na visini monta\u017ee 2.1m, tamper\u2026","rel":"","context":"Srodne objave","img":{"alt_text":"","src":"https:\/\/i1.wp.com\/astehshop.com\/wp-content\/uploads\/2026\/01\/pmd75m.jpg?fit=1200%2C1200&resize=350%2C200","width":350,"height":200},"classes":[]},{"id":12234,"url":"http:\/\/astehshop.com\/index.php\/product\/paradox-bezicni-dual-optic-pir-detektor-sa-pet-opcijom-i-antimask-funkcijom-pmd37m\/","url_meta":{"origin":6107,"position":3},"title":"Paradox Be\u017ei\u010dni dual-optic PIR detektor sa PET opcijom i antimask funkcijom PMD37M","date":"29. sije\u010dnja 2026.","format":false,"excerpt":"Be\u017ei\u010dni dual-optic PIR detektor sa PET opcijom i antimask funkcijom Integrisan be\u017ei\u010dni primopredajnik na frekvenciji 868MHz, koristi auto learn funkciju \u0161to zna\u010di da se automatski registruje na centralu M serije, sa dvije optike u senzoru, unutra\u0161nja\/spolja\u0161nja monta\u017ea, domet 11m (88.5\u00b0), PET opcija do 40kg, tamper prekida\u010d, preko aplikacije BlueEye nadzor\u2026","rel":"","context":"Srodne objave","img":{"alt_text":"","src":"https:\/\/i0.wp.com\/astehshop.com\/wp-content\/uploads\/2026\/01\/pmd37m.jpg?fit=1200%2C1200&resize=350%2C200","width":350,"height":200},"classes":[]},{"id":12237,"url":"http:\/\/astehshop.com\/index.php\/product\/bezicni-digitalni-dual-optic-pir-detektor-sa-pet-opcijom-pmd85m\/","url_meta":{"origin":6107,"position":4},"title":"Be\u017ei\u010dni digitalni dual-optic PIR detektor sa PET opcijom PMD85M","date":"29. sije\u010dnja 2026.","format":false,"excerpt":"Be\u017ei\u010dni digitalni dual-optic PIR detektor sa PET opcijom Integrisan be\u017ei\u010dni primopredajnik na frekvenciji 868MHz, koristi auto learn funkciju \u0161to zna\u010di da se automatski registruje na centralu M serije, 2 dualna PIR senzora, svaki od senzora sa 2 optike, unutra\u0161nja\/spolja\u0161nja monta\u017ea, domet 11m (90\u00b0), PET opcija do 40kg na visini monta\u017ee\u2026","rel":"","context":"Srodne objave","img":{"alt_text":"","src":"https:\/\/i1.wp.com\/astehshop.com\/wp-content\/uploads\/2026\/01\/pmd85m.jpg?fit=1200%2C1200&resize=350%2C200","width":350,"height":200},"classes":[]},{"id":5784,"url":"http:\/\/astehshop.com\/index.php\/product\/ja-15pc-bezicni-detekor-sa-foto-verifikacijom\/","url_meta":{"origin":6107,"position":5},"title":"JA-15PC be\u017ei\u010dni detekor sa foto verifikacijom","date":"9. sije\u010dnja 2022.","format":false,"excerpt":"JA-15PC je be\u017ei\u010dni PIR detektor pokreta sa foto verifikacijom. Reaguje na prisustvo i \u0161alje fotografiju o uzro\u010dniku uzbune na aplikaciju. Ugao so\u010diva 90\u00b0. Domet blica oko 3m. Rezolucija 640x480 i 320x240. Stepen osetljivosti PIR-a se mo\u017ee izabrati na dva nivoa. Visina monta\u017ee: 2,5 m iznad poda. Zona detekcije: 90\u00b0 \/\u2026","rel":"","context":"Srodne objave","img":{"alt_text":"","src":"https:\/\/i0.wp.com\/astehshop.com\/wp-content\/uploads\/2022\/01\/JA-15PC.jpg?fit=600%2C600&resize=350%2C200","width":350,"height":200},"classes":[]}],"_links":{"self":[{"href":"http:\/\/astehshop.com\/index.php\/wp-json\/wp\/v2\/product\/6107"}],"collection":[{"href":"http:\/\/astehshop.com\/index.php\/wp-json\/wp\/v2\/product"}],"about":[{"href":"http:\/\/astehshop.com\/index.php\/wp-json\/wp\/v2\/types\/product"}],"replies":[{"embeddable":true,"href":"http:\/\/astehshop.com\/index.php\/wp-json\/wp\/v2\/comments?post=6107"}],"wp:featuredmedia":[{"embeddable":true,"href":"http:\/\/astehshop.com\/index.php\/wp-json\/wp\/v2\/media\/6108"}],"wp:attachment":[{"href":"http:\/\/astehshop.com\/index.php\/wp-json\/wp\/v2\/media?parent=6107"}],"wp:term":[{"taxonomy":"product_cat","embeddable":true,"href":"http:\/\/astehshop.com\/index.php\/wp-json\/wp\/v2\/product_cat?post=6107"},{"taxonomy":"product_tag","embeddable":true,"href":"http:\/\/astehshop.com\/index.php\/wp-json\/wp\/v2\/product_tag?post=6107"}],"curies":[{"name":"wp","href":"https:\/\/api.w.org\/{rel}","templated":true}]}}