{"id":6102,"date":"2022-04-01T20:39:08","date_gmt":"2022-04-01T18:39:08","guid":{"rendered":"http:\/\/astehshop.com\/?post_type=product&#038;p=6102"},"modified":"2025-09-17T21:30:24","modified_gmt":"2025-09-17T19:30:24","slug":"bezicna-alarmna-centrala-hikvision-ds-pwa64-l-we-ax-pro","status":"publish","type":"product","link":"http:\/\/astehshop.com\/index.php\/product\/bezicna-alarmna-centrala-hikvision-ds-pwa64-l-we-ax-pro\/","title":{"rendered":"Be\u017ei\u010dna alarmna centrala HikVision DS-PWA64-L-WE AX PRO"},"content":{"rendered":"<div id=\"quickTab-description\" class=\"ui-tabs-panel ui-corner-bottom ui-widget-content\" role=\"tabpanel\" aria-labelledby=\"ui-id-1\" aria-hidden=\"false\">\n<div class=\"full-description\">\n<ul>\n<li>TCP\/IP, Wi-Fi, GPRS<\/li>\n<li>dvosmjerna komunikacija sa AES-128 enkripcijom<\/li>\n<li>do 64 zone, 8 tipkovnica, 4 sirene<\/li>\n<li>4520 mAh baterija<\/li>\n<li>Contact ID i SIA protokol<\/li>\n<\/ul>\n<\/div>\n<\/div>\n","protected":false},"excerpt":{"rendered":"<div id=\"quickTab-description\" class=\"ui-tabs-panel ui-corner-bottom ui-widget-content\" role=\"tabpanel\" aria-labelledby=\"ui-id-1\" aria-hidden=\"false\">\n<div class=\"full-description\">\n<ul>\n<li>TCP\/IP, Wi-Fi, GPRS<\/li>\n<li>dvosmjerna komunikacija sa AES-128 enkripcijom<\/li>\n<li>do 64 zone, 8 tipkovnica, 4 sirene<\/li>\n<li>4520 mAh baterija<\/li>\n<li>Contact ID i SIA protokol<\/li>\n<\/ul>\n<\/div>\n<\/div>\n","protected":false},"featured_media":6103,"comment_status":"open","ping_status":"closed","template":"","meta":{"_mi_skip_tracking":false,"_exactmetrics_sitenote_active":false,"_exactmetrics_sitenote_note":"","_exactmetrics_sitenote_category":0,"spay_email":""},"product_cat":[3942],"product_tag":[3944,238,3943,377],"brands":[{"id":2044,"name":"HikVision","slug":"hikvision"}],"df_price":"","df_sale_price":"","df_regular_price":"","df_image_link":"https:\/\/i1.wp.com\/astehshop.com\/wp-content\/uploads\/2022\/04\/DS-PWA64-L-WE.png?fit=450%2C450","jetpack_publicize_connections":[],"jetpack_sharing_enabled":true,"jetpack_likes_enabled":true,"jetpack-related-posts":[{"id":8899,"url":"http:\/\/astehshop.com\/index.php\/product\/ajax-keypad-plus\/","url_meta":{"origin":6102,"position":0},"title":"AJAX Keypad Plus","date":"14. sije\u010dnja 2024.","format":false,"excerpt":"\u2022 Kapacitivna dodirna LED tipkovnica sa RFID \u010dita\u010dem, dvosmjerna komunikacija, za\u0161tita enkripcijom \u2022 Frekvencija 868 MHz, domet signala 1700 m \u2022 Kompatibilnost: Hub, Hub Plus, Hub 2, Hub 2 plus, ReX \u2022 Napajanje\/ trajnost baterija: 4xAAAA u kompletu\/ do 2 godine \u2022 Za\u0161tita: Tamper i za\u0161tita lozinke, ometanje \u2022 Opcija\u2026","rel":"","context":"Srodne objave","img":{"alt_text":"","src":"https:\/\/i1.wp.com\/astehshop.com\/wp-content\/uploads\/2024\/01\/keypad-plus.jpg?fit=320%2C240&resize=350%2C200","width":350,"height":200},"classes":[]},{"id":7160,"url":"http:\/\/astehshop.com\/index.php\/product\/hikvision-kompletan-bezicni-alarm-set-ds-pwa64-kit-we-start\/","url_meta":{"origin":6102,"position":1},"title":"HikVision kompletan be\u017ei\u010dni alarm set DS-PWA64-KIT-WE START","date":"24. sije\u010dnja 2023.","format":false,"excerpt":"AX PRO be\u017ei\u010dni alarmni set. U setu dolazi centrala DS-PWA64-L-WE, Be\u017ei\u010dni PIR detektor DS-PDP15P-EG2-WE, be\u017ei\u010dni magnetni kontakt i daljinski upravlja\u010d. Podr\u017eava LAN, Wi-Fi, GPRS, 868 MHz Dvosmjerna be\u017ei\u010dna komunikacija, AES-128 enkripcija, veliki domet, video verifikacija zone u alarmu, Lak za programiranje putem aplikacije Hik-connect i Hik Pro-Connect. Be\u017ei\u010dne zone\/izlazi: do\u2026","rel":"","context":"Srodne objave","img":{"alt_text":"","src":"https:\/\/i1.wp.com\/astehshop.com\/wp-content\/uploads\/2023\/01\/hikvisin-set-sa-1-senzorom.jpg?fit=1200%2C953&resize=350%2C200","width":350,"height":200},"classes":[]},{"id":7164,"url":"http:\/\/astehshop.com\/index.php\/product\/hikvision-kompletan-bezicni-alarm-set-ds-pwa64-kit-we-sa-vanjskom-wifi-sirenom-tastatura\/","url_meta":{"origin":6102,"position":2},"title":"HikVision kompletan be\u017ei\u010dni alarm set DS-PWA64-KIT-WE sa vanjskom WIFI sirenom + tastatura","date":"25. sije\u010dnja 2023.","format":false,"excerpt":"AX PRO be\u017ei\u010dni alarmni set. 1 x alarmna centrala DS-PWA64-L-WE 1 x Be\u017ei\u010dni PIR detektor DS-PDP15P-EG2-WE, 1 x be\u017ei\u010dni magnetni kontakt 1 x daljinski upravlja\u010d 1 x vanjska sirena\u00a0 DS-PS1-E-WE ( vijek baterije blizu 3 godine, 3 tipa zvuka * po\u017ear, panik, upad, 110 dB, tamper, dolazi sa baterijama\u00a0 )\u2026","rel":"","context":"Srodne objave","img":{"alt_text":"","src":"https:\/\/i1.wp.com\/astehshop.com\/wp-content\/uploads\/2023\/01\/hik-set-2-sa-sirenom-vanjskom-i-tastaturom.jpg?fit=1200%2C953&resize=350%2C200","width":350,"height":200},"classes":[]},{"id":7166,"url":"http:\/\/astehshop.com\/index.php\/product\/hikvision-kompletan-bezicni-alarm-set-ds-pwa64-kit-we-sa-vanjskom-wifi-sirenom-tastatura-2\/","url_meta":{"origin":6102,"position":3},"title":"HikVision kompletan be\u017ei\u010dni alarm set DS-PWA64-KIT-WE sa vanjskom WIFI sirenom + tastatura","date":"25. sije\u010dnja 2023.","format":false,"excerpt":"AX PRO be\u017ei\u010dni alarmni set. 1 x alarmna centrala DS-PWA64-L-WE 2 x Be\u017ei\u010dni PIR detektor DS-PDP15P-EG2-WE, 1 x be\u017ei\u010dni magnetni kontakt 1 x daljinski upravlja\u010d 1 x vanjska sirena\u00a0 DS-PS1-E-WE ( vijek baterije blizu 3 godine, 3 tipa zvuka * po\u017ear, panik, upad, 110 dB, tamper, dolazi sa baterijama\u00a0 )\u2026","rel":"","context":"Srodne objave","img":{"alt_text":"","src":"https:\/\/i0.wp.com\/astehshop.com\/wp-content\/uploads\/2023\/01\/komplet-sa-2-senzora.jpg?fit=1200%2C953&resize=350%2C200","width":350,"height":200},"classes":[]},{"id":7234,"url":"http:\/\/astehshop.com\/index.php\/product\/smart-wi-fi-komplet-sa-dvije-akumulatorske-kamere-i-baznom-stanicom-cs-bc1-b2\/","url_meta":{"origin":6102,"position":4},"title":"Smart Wi-Fi komplet sa dvije akumulatorske kamere i baznom stanicom CS-BC1-B2","date":"15. velja\u010de 2023.","format":false,"excerpt":"\u2022 Smart Wi-Fi komplet sa dvije akumulatorske kamere i baznom stanicom \u2022 Rezolucija 2 Mpix(1920\u00d71080) \u2022 Objektiv: 2,8mm \u2022 IR domet 10m \u2022 Za\u0161tita ku\u0107i\u0161ta IP66 \u2022 Dodatne funkcije: detekcija pokreta, prilago\u0111ena glasovna upozorenja, dvosmjerna audio komunikacija \u2022 H.265 \u2022 MicroSD 256GB u baznoj stanici \u2022 5VDC\/1A, 5W \/ baterija\u2026","rel":"","context":"Srodne objave","img":{"alt_text":"","src":"https:\/\/i2.wp.com\/astehshop.com\/wp-content\/uploads\/2023\/02\/0004782_cs-bc1-b2_700.jpeg?fit=700%2C700&resize=350%2C200","width":350,"height":200},"classes":[]},{"id":7162,"url":"http:\/\/astehshop.com\/index.php\/product\/hikvision-kompletan-bezicni-alarm-set-ds-pwa64-kit-we-sa-vanjskom-wifi-sirenom\/","url_meta":{"origin":6102,"position":5},"title":"HikVision kompletan be\u017ei\u010dni alarm set DS-PWA64-KIT-WE sa vanjskom WIFI sirenom","date":"25. sije\u010dnja 2023.","format":false,"excerpt":"AX PRO be\u017ei\u010dni alarmni set. 1 x alarmna centrala DS-PWA64-L-WE 1 x Be\u017ei\u010dni PIR detektor DS-PDP15P-EG2-WE, 1 x be\u017ei\u010dni magnetni kontakt 1 x daljinski upravlja\u010d 1 x vanjska sirena\u00a0 DS-PS1-E-WE ( vijek baterije blizu 3 godine, 3 tipa zvuka * po\u017ear, panik, upad, 110 dB, tamper, dolazi sa baterijama\u00a0 )\u2026","rel":"","context":"Srodne objave","img":{"alt_text":"","src":"https:\/\/i1.wp.com\/astehshop.com\/wp-content\/uploads\/2023\/01\/hik-alarm-i-vanjska-sirena.jpg?fit=1200%2C953&resize=350%2C200","width":350,"height":200},"classes":[]}],"_links":{"self":[{"href":"http:\/\/astehshop.com\/index.php\/wp-json\/wp\/v2\/product\/6102"}],"collection":[{"href":"http:\/\/astehshop.com\/index.php\/wp-json\/wp\/v2\/product"}],"about":[{"href":"http:\/\/astehshop.com\/index.php\/wp-json\/wp\/v2\/types\/product"}],"replies":[{"embeddable":true,"href":"http:\/\/astehshop.com\/index.php\/wp-json\/wp\/v2\/comments?post=6102"}],"wp:featuredmedia":[{"embeddable":true,"href":"http:\/\/astehshop.com\/index.php\/wp-json\/wp\/v2\/media\/6103"}],"wp:attachment":[{"href":"http:\/\/astehshop.com\/index.php\/wp-json\/wp\/v2\/media?parent=6102"}],"wp:term":[{"taxonomy":"product_cat","embeddable":true,"href":"http:\/\/astehshop.com\/index.php\/wp-json\/wp\/v2\/product_cat?post=6102"},{"taxonomy":"product_tag","embeddable":true,"href":"http:\/\/astehshop.com\/index.php\/wp-json\/wp\/v2\/product_tag?post=6102"}],"curies":[{"name":"wp","href":"https:\/\/api.w.org\/{rel}","templated":true}]}}