{"id":6094,"date":"2022-02-27T10:15:20","date_gmt":"2022-02-27T09:15:20","guid":{"rendered":"http:\/\/astehshop.com\/?post_type=product&#038;p=6094"},"modified":"2024-02-18T10:07:59","modified_gmt":"2024-02-18T09:07:59","slug":"dvr-box-metalna-kutija-za-sve-snimace-sa-bravicom","status":"publish","type":"product","link":"http:\/\/astehshop.com\/index.php\/product\/dvr-box-metalna-kutija-za-sve-snimace-sa-bravicom\/","title":{"rendered":"DVR BOX &#8211; metalna kutija za sve snimace sa bravicom"},"content":{"rendered":"<div id=\"detaljni-opis\" class=\"artikal_detaljniopis_tekst\">\n<p>dvr box<\/p>\n<p>za sve vrste snimaca<\/p>\n<p>unutra mozete postaviti i monitor<\/p>\n<p>kao i napajanje i visak kablova<\/p>\n<\/div>\n","protected":false},"excerpt":{"rendered":"<div id=\"detaljni-opis\" class=\"artikal_detaljniopis_tekst\">\n<p>dvr box<\/p>\n<p>za sve vrste snimaca<\/p>\n<p>unutra mozete postaviti i monitor<\/p>\n<p>kao i napajanje i visak kablova<\/p>\n<\/div>\n","protected":false},"featured_media":6095,"comment_status":"open","ping_status":"closed","template":"","meta":{"_mi_skip_tracking":false,"_exactmetrics_sitenote_active":false,"_exactmetrics_sitenote_note":"","_exactmetrics_sitenote_category":0,"spay_email":""},"product_cat":[821],"product_tag":[3928,3926,3927,3929,3930,3931,822],"brands":[],"df_price":149,"df_sale_price":"","df_regular_price":149,"df_image_link":"https:\/\/i2.wp.com\/astehshop.com\/wp-content\/uploads\/2022\/02\/aa755a2e-c591-4e80-b964-352590b537c0.png?fit=450%2C450","jetpack_publicize_connections":[],"jetpack_sharing_enabled":true,"jetpack_likes_enabled":true,"jetpack-related-posts":[{"id":6079,"url":"http:\/\/astehshop.com\/index.php\/product\/plasticna-nadgradna-kutija-za-kamere-rbox-odgovara-za-sve-modele-kamera\/","url_meta":{"origin":6094,"position":0},"title":"Plasti\u010dna nadgradna kutija za kamere RBOX &#8211; odgovara za sve modele kamera","date":"20. velja\u010de 2022.","format":false,"excerpt":"Ova kutija ja odli\u010dna za za\u0161titu konektora i kablova od kamere od ki\u0161e, vremenskih neprilika kao i naleta vjetra. Dobar kvalitet dolazi od dobrih materijala. Transparetna. Odli\u010dan dizajn odgovara za sve modele kamera. Boja prljavo bijela \u00a0","rel":"","context":"Srodne objave","img":{"alt_text":"","src":"https:\/\/i2.wp.com\/astehshop.com\/wp-content\/uploads\/2022\/02\/rbox.jpg?fit=500%2C500&resize=350%2C200","width":350,"height":200},"classes":[]},{"id":12358,"url":"http:\/\/astehshop.com\/index.php\/product\/hikvision-dvr-208g-m1-t-hilook\/","url_meta":{"origin":6094,"position":1},"title":"HikVision DVR-208G-M1\/T HiLook","date":"28. velja\u010de 2026.","format":false,"excerpt":"8-kanalni 1080p Lite 1U H.265 DVR H.265+\/H.265\/H.264+\/H.264 video formati Podr\u017eava tehnologiju detekcije pokreta za sve kanale HDTVI\/AHD\/CVI\/CVBS\/IP video ulaz Do 10 IP ulaza za kamere (do 2 MP) Podr\u017eava dvosmjernu audio tehnologiju HDTVI za sve kanale","rel":"","context":"Srodne objave","img":{"alt_text":"","src":"https:\/\/i2.wp.com\/astehshop.com\/wp-content\/uploads\/2026\/02\/DVR-204G-K1.png?fit=700%2C700&resize=350%2C200","width":350,"height":200},"classes":[]},{"id":5846,"url":"http:\/\/astehshop.com\/index.php\/product\/drzac-za-mobitel-za-bicikl-ads-120-crni\/","url_meta":{"origin":6094,"position":2},"title":"Dr\u017ea\u010d za mobitel za bicikl ADS-120 Crni","date":"23. sije\u010dnja 2022.","format":false,"excerpt":"Univerzalni dr\u017ea\u010d za mobitel za bicikl i motocikl Proizvo\u0111a\u010d: Addison Model: ADS-120 Boja: Crna Odgovara za sve vrste mobitela","rel":"","context":"Srodne objave","img":{"alt_text":"","src":"https:\/\/i0.wp.com\/astehshop.com\/wp-content\/uploads\/2022\/01\/rzac-za-mobitel-za-bicikl-ADS-120-Crni.jpg?fit=700%2C500&resize=350%2C200","width":350,"height":200},"classes":[]},{"id":7045,"url":"http:\/\/astehshop.com\/index.php\/product\/video-nadzor-dahua-komplet-sa-3-kamere-2-mpx\/","url_meta":{"origin":6094,"position":3},"title":"Video nadzor Dahua komplet sa 3 kamere 2 MPX","date":"9. prosinca 2022.","format":false,"excerpt":"Dahua HDCVI video nadzor SET za poslovne prostore, dvori\u0161ta, gara\u017ee, ku\u0107e, stanove. 1 x Dahua 4 kanalni snima\u010d WizSense 3 x Dahua bullet kamera\u00a0 2 MPX 30 Metara no\u0107ni IR 1 x disk 500 GB 1 x dodatno napajanje za kamere 1 x naljepnica Objekat je pod video nadzorom Dahua\u2026","rel":"","context":"Srodne objave","img":{"alt_text":"","src":"https:\/\/i0.wp.com\/astehshop.com\/wp-content\/uploads\/2022\/12\/komplet-sa-3-kamere.jpg?fit=1200%2C953&resize=350%2C200","width":350,"height":200},"classes":[]},{"id":7034,"url":"http:\/\/astehshop.com\/index.php\/product\/video-nadzor-dahua-komplet-sa-2-kamere-5-mpx\/","url_meta":{"origin":6094,"position":4},"title":"Video nadzor Dahua komplet sa 2 kamere 5 MPX","date":"9. prosinca 2022.","format":false,"excerpt":"Dahua HDCVI video nadzor SET za poslovne prostore, dvori\u0161ta, gara\u017ee, ku\u0107e, stanove. 1 x Dahua 4 kanalni snima\u010d WizSense 2 x Dahua dome kamera 5 MPX 1 x disk 500 GB 1 x dodatno napajanje za kamere 12v 2A 1 x naljepnica Objekat je pod video nadzorom Dahua komplet video\u2026","rel":"","context":"Srodne objave","img":{"alt_text":"","src":"https:\/\/i2.wp.com\/astehshop.com\/wp-content\/uploads\/2022\/12\/dahua-set-2-kamere-5-mpx.jpg?fit=1200%2C953&resize=350%2C200","width":350,"height":200},"classes":[]},{"id":7208,"url":"http:\/\/astehshop.com\/index.php\/product\/video-nadzor-longse-komplet-sa-4-kamere-5-mpx-4k-lite-podesivi-objektiv-2-8-12-mm\/","url_meta":{"origin":6094,"position":5},"title":"Video nadzor Longse komplet sa 4 kamere 5 MPX 4K lite podesivi objektiv 2.8 &#8211; 12 mm","date":"29. sije\u010dnja 2023.","format":false,"excerpt":"Longse video nadzor SET za poslovne prostore, dvori\u0161ta, gara\u017ee, ku\u0107e, stanove. 1 x Longse 4 kanalni snima\u010d 4 x Longse bullet kamera 5 MPX FULL COLOR sa podesivim objektivom 2.8 mm -\u00a0 12 mm 1 x disk 1 TB 1 x RG59 + struja 100 M 4 x DC 8\u2026","rel":"","context":"Srodne objave","img":{"alt_text":"","src":"https:\/\/i2.wp.com\/astehshop.com\/wp-content\/uploads\/2023\/01\/komplet-video-nadzor-4k.jpg?fit=1200%2C954&resize=350%2C200","width":350,"height":200},"classes":[]}],"_links":{"self":[{"href":"http:\/\/astehshop.com\/index.php\/wp-json\/wp\/v2\/product\/6094"}],"collection":[{"href":"http:\/\/astehshop.com\/index.php\/wp-json\/wp\/v2\/product"}],"about":[{"href":"http:\/\/astehshop.com\/index.php\/wp-json\/wp\/v2\/types\/product"}],"replies":[{"embeddable":true,"href":"http:\/\/astehshop.com\/index.php\/wp-json\/wp\/v2\/comments?post=6094"}],"wp:featuredmedia":[{"embeddable":true,"href":"http:\/\/astehshop.com\/index.php\/wp-json\/wp\/v2\/media\/6095"}],"wp:attachment":[{"href":"http:\/\/astehshop.com\/index.php\/wp-json\/wp\/v2\/media?parent=6094"}],"wp:term":[{"taxonomy":"product_cat","embeddable":true,"href":"http:\/\/astehshop.com\/index.php\/wp-json\/wp\/v2\/product_cat?post=6094"},{"taxonomy":"product_tag","embeddable":true,"href":"http:\/\/astehshop.com\/index.php\/wp-json\/wp\/v2\/product_tag?post=6094"}],"curies":[{"name":"wp","href":"https:\/\/api.w.org\/{rel}","templated":true}]}}