{"id":6036,"date":"2022-02-14T20:50:20","date_gmt":"2022-02-14T19:50:20","guid":{"rendered":"http:\/\/astehshop.com\/?post_type=product&#038;p=6036"},"modified":"2022-02-27T20:27:24","modified_gmt":"2022-02-27T19:27:24","slug":"ja-182j-daljinski-upravljac","status":"publish","type":"product","link":"http:\/\/astehshop.com\/index.php\/product\/ja-182j-daljinski-upravljac\/","title":{"rendered":"JA-182J Daljinski upravlja\u010d"},"content":{"rendered":"<p>JA-182J slu\u017ei za daljinsko ukjlju\u010divanje\/isklju\u010divanje sistema, aktivaciju panik alarma i kontrolu<br \/>\ndrugih ure\u0111aja. Daljinski upravlja\u010d je opremljen sa prakti\u010dnom funkcijom \u201cde\u010djeg zaklju\u010davanja\u201d<br \/>\nkoja spre\u010dava neovla\u0161\u0107eno kori\u0161tenje. Ako je ova funkcija uklju\u010dena, za aktiviranje ure\u0111aja<br \/>\nje potrebno pritisnuti dugme dva puta u roku od 1 sekunde.<\/p>\n","protected":false},"excerpt":{"rendered":"<p>JA-182J slu\u017ei za daljinsko ukjlju\u010divanje\/isklju\u010divanje sistema, aktivaciju panik alarma i kontrolu<br \/>\ndrugih ure\u0111aja. Daljinski upravlja\u010d je opremljen sa prakti\u010dnom funkcijom \u201cde\u010djeg zaklju\u010davanja\u201d<br \/>\nkoja spre\u010dava neovla\u0161\u0107eno kori\u0161tenje. Ako je ova funkcija uklju\u010dena, za aktiviranje ure\u0111aja<br \/>\nje potrebno pritisnuti dugme dva puta u roku od 1 sekunde.<\/p>\n","protected":false},"featured_media":6037,"comment_status":"open","ping_status":"closed","template":"","meta":{"_mi_skip_tracking":false,"_exactmetrics_sitenote_active":false,"_exactmetrics_sitenote_note":"","_exactmetrics_sitenote_category":0,"spay_email":""},"product_cat":[258],"product_tag":[3893],"brands":[{"id":3620,"name":"Jablotron","slug":"jablotron"}],"df_price":"","df_sale_price":"","df_regular_price":"","df_image_link":"https:\/\/i0.wp.com\/astehshop.com\/wp-content\/uploads\/2022\/02\/JA-182J.jpg?fit=450%2C450","jetpack_publicize_connections":[],"jetpack_sharing_enabled":true,"jetpack_likes_enabled":true,"jetpack-related-posts":[{"id":5807,"url":"http:\/\/astehshop.com\/index.php\/product\/jablotron-ja-16j-daljinski\/","url_meta":{"origin":6036,"position":0},"title":"Jablotron JA-16J daljinski","date":"9. sije\u010dnja 2022.","format":false,"excerpt":"Daljinsko upravljanje sigurnosnim sistemom i raznim elektri\u010dnim ure\u0111ajimau njemu. Aktiviranje panik alarma (bez opti\u010dkih i zvu\u010dnih indikacija o izvr\u0161avanju panik naredbe). Proverava status baterije i pokazuje ako je prazna. Ako se taster pritisne i dr\u017ei neprekidno, komanda se \u0161alje svake sekunde. Ova funkcija se mo\u017ee koristiti za produ\u017eavanje komande PG\u2026","rel":"","context":"Srodne objave","img":{"alt_text":"","src":"https:\/\/i2.wp.com\/astehshop.com\/wp-content\/uploads\/2022\/01\/JA-16J-daljinac.jpg?fit=600%2C600&resize=350%2C200","width":350,"height":200},"classes":[]},{"id":6229,"url":"http:\/\/astehshop.com\/index.php\/product\/smarthome-univerzalni-daljinski-upravljac-tv-klima\/","url_meta":{"origin":6036,"position":1},"title":"SmartHome | Univerzalni Daljinski Upravlja\u010d | TV | Klima","date":"7. travnja 2022.","format":false,"excerpt":"Ovaj upravlja\u010d omogu\u0107uje potpunu kontrolu klima i TV ure\u0111aja u va\u0161em domu s bilo kojeg mjesta na svijetu. Kori\u0161tenjem Nedis SmartLife aplikacije mo\u017eete upaliti klima ure\u0111aj prije dolaska ku\u0107i ili poslo\u017eiti vremenski raspored za automatsko uklju\u010divanje i isklju\u010divanje ure\u0111aja. Pakiranje sadr\u017ei: - Smart daljinski upravlja\u010d - USB kabel - Strujni\u2026","rel":"","context":"Srodne objave","img":{"alt_text":"","src":"https:\/\/i1.wp.com\/astehshop.com\/wp-content\/uploads\/2022\/04\/WIFIRC10CBK-1.jpg?fit=400%2C400&resize=350%2C200","width":350,"height":200},"classes":[]},{"id":3993,"url":"http:\/\/astehshop.com\/index.php\/product\/paradox-rem101-panic-daljinski-upravljac\/","url_meta":{"origin":6036,"position":2},"title":"Paradox REM101 Panic daljinski upravlja\u010d","date":"18. velja\u010de 2020.","format":false,"excerpt":"\u2022 Daljinski pomo\u0107\/panika upravlja\u010d \u2022 Panik funkcija omogu\u0107ava korisniku trenutno slanje panik signala centrali \u2022 Dostupan u dvije boje: crnoj i bijeloj \u2022 Frekvencijsko podru\u010dje 433MHz ili 868MHz","rel":"","context":"Srodne objave","img":{"alt_text":"","src":"https:\/\/i1.wp.com\/astehshop.com\/wp-content\/uploads\/2020\/02\/Paradox-REM101-Panic-daljinski-upravlja\u010d.jpg?fit=1200%2C1187&resize=350%2C200","width":350,"height":200},"classes":[]},{"id":9990,"url":"http:\/\/astehshop.com\/index.php\/product\/roombanker-panik-dugme-alarmni-sistem\/","url_meta":{"origin":6036,"position":3},"title":"RoomBanker panik dugme ( alarmni sistem )","date":"16. o\u017eujka 2025.","format":false,"excerpt":"U hitnim situacijama, Roombanker Panic Alarm Button je va\u0161 neposredni izvor pomo\u0107i. Sa dizajnom fokusiranim na jednostavnost i efikasnost, ovaj ure\u0111aj je nezamjenjiva komponenta sigurnosne postavke va\u0161eg doma, pru\u017eaju\u0107i sigurnost i vama i va\u0161im najmilijima. Pode\u0161avanje ure\u0111aja je jednostavno uz aplikaciju RB Link, olak\u0161avaju\u0107i daljinsko konfigurisanje i osiguravaju\u0107i da je\u2026","rel":"","context":"Srodne objave","img":{"alt_text":"","src":"https:\/\/i2.wp.com\/astehshop.com\/wp-content\/uploads\/2025\/03\/RBSS-EB1-868-1.webp?fit=600%2C600&resize=350%2C200","width":350,"height":200},"classes":[]},{"id":10249,"url":"http:\/\/astehshop.com\/index.php\/product\/gree-mona-gph12ao-k5nna1d-prijenosna-klima\/","url_meta":{"origin":6036,"position":4},"title":"Gree Mona GPH12AO-K5NNA1D  prijenosna klima","date":"12. travnja 2025.","format":false,"excerpt":"Udobnost i prakti\u010dnost su klju\u010dni aspekti suvremenog \u017eivota, a GREE Mona GPH12AO-K5NNA1D (WiFi) prijenosni klima ure\u0111aj predstavlja savr\u0161eno rje\u0161enje za odr\u017eavanje \u017eeljene temperature u va\u0161em domu ili uredu. Ovaj inovativni ure\u0111aj nudi \u0161irok spektar mogu\u0107nosti, pru\u017eaju\u0107i vam potpunu kontrolu nad klimatizacijom prostora. Jedna od izvanrednih karakteristika GREE Mona klima ure\u0111aja\u2026","rel":"","context":"Srodne objave","img":{"alt_text":"","src":"https:\/\/i2.wp.com\/astehshop.com\/wp-content\/uploads\/2025\/04\/Prijenosna-klima-uredaj-GREE-Mona-GPH12AN-1-1.png?fit=990%2C1010&resize=350%2C200","width":350,"height":200},"classes":[]},{"id":9048,"url":"http:\/\/astehshop.com\/index.php\/product\/sensbi-zremoti-l2rf-zigbee-bezicni-daljinski-upravljac-2-tastera\/","url_meta":{"origin":6036,"position":5},"title":"Sensbi ZREMOTI-L2RF ZigBee be\u017ei\u010dni daljinski upravlja\u010d &#8211; 2 tastera","date":"19. velja\u010de 2024.","format":false,"excerpt":"ZigBee rele, beznaponski izlaz, 10A 250Vac ZigBee rele, beznaponski izlaz, 10A 250Vac, radi na 230Vac. On\/Off i Tajmer funkcija. Mo\u017ee se koristiti u bilo kom zahtevu kao upralja\u010dki ure\u0111aj, npr za aktiviranje elektronike na kapijama, rampama, grejanja. Mo\u017ee se koristiti za uklju\u010denje svetla, klime... Mogu\u0107nosti su razne, ograni\u010denje je max\u2026","rel":"","context":"Srodne objave","img":{"alt_text":"","src":"https:\/\/i2.wp.com\/astehshop.com\/wp-content\/uploads\/2024\/02\/sensbi-zremoti-l2rf-zigbee-bezicni-daljinski-upravljac-2-tastera_0.jpg?fit=1200%2C816&resize=350%2C200","width":350,"height":200},"classes":[]}],"_links":{"self":[{"href":"http:\/\/astehshop.com\/index.php\/wp-json\/wp\/v2\/product\/6036"}],"collection":[{"href":"http:\/\/astehshop.com\/index.php\/wp-json\/wp\/v2\/product"}],"about":[{"href":"http:\/\/astehshop.com\/index.php\/wp-json\/wp\/v2\/types\/product"}],"replies":[{"embeddable":true,"href":"http:\/\/astehshop.com\/index.php\/wp-json\/wp\/v2\/comments?post=6036"}],"wp:featuredmedia":[{"embeddable":true,"href":"http:\/\/astehshop.com\/index.php\/wp-json\/wp\/v2\/media\/6037"}],"wp:attachment":[{"href":"http:\/\/astehshop.com\/index.php\/wp-json\/wp\/v2\/media?parent=6036"}],"wp:term":[{"taxonomy":"product_cat","embeddable":true,"href":"http:\/\/astehshop.com\/index.php\/wp-json\/wp\/v2\/product_cat?post=6036"},{"taxonomy":"product_tag","embeddable":true,"href":"http:\/\/astehshop.com\/index.php\/wp-json\/wp\/v2\/product_tag?post=6036"}],"curies":[{"name":"wp","href":"https:\/\/api.w.org\/{rel}","templated":true}]}}