{"id":6000,"date":"2022-02-13T14:42:18","date_gmt":"2022-02-13T13:42:18","guid":{"rendered":"http:\/\/astehshop.com\/?post_type=product&#038;p=6000"},"modified":"2022-02-13T14:42:18","modified_gmt":"2022-02-13T13:42:18","slug":"ja-180pb-bezicni-kombinovani-detektor-i-lom-stakla","status":"publish","type":"product","link":"http:\/\/astehshop.com\/index.php\/product\/ja-180pb-bezicni-kombinovani-detektor-i-lom-stakla\/","title":{"rendered":"JA-180PB Be\u017ei\u010dni kombinovani detektor i lom stakla"},"content":{"rendered":"<p>JA-180PB be\u017ei\u010dni detektor je namenjen za otkrivanje ljudskog kretanja unutar objekata, kao i<br \/>\nza detekciju razbijanja staklenih povr\u0161ina.Zauzima dve adrese u sistemu.Stepen otpornosti se mo\u017ee izabrati na dva nivoa * Napajanje: litijumske baterije (BAT-3V6-AA-LS i BAT-3V6-1\/2AA-LS) * Visina monta\u017ee:2- 2,5 m iznad poda * Opseg detekcije: 120 \u00b0 \/ 12 m (sa standardnim so\u010divom) * GB detekcija 9m *<\/p>\n","protected":false},"excerpt":{"rendered":"<p>JA-180PB be\u017ei\u010dni detektor je namenjen za otkrivanje ljudskog kretanja unutar objekata, kao i<br \/>\nza detekciju razbijanja staklenih povr\u0161ina.Zauzima dve adrese u sistemu.Stepen otpornosti se mo\u017ee izabrati na dva nivoa * Napajanje: litijumske baterije (BAT-3V6-AA-LS i BAT-3V6-1\/2AA-LS) * Visina monta\u017ee:2- 2,5 m iznad poda * Opseg detekcije: 120 \u00b0 \/ 12 m (sa standardnim so\u010divom) * GB detekcija 9m *<\/p>\n","protected":false},"featured_media":5994,"comment_status":"open","ping_status":"closed","template":"","meta":{"_mi_skip_tracking":false,"_exactmetrics_sitenote_active":false,"_exactmetrics_sitenote_note":"","_exactmetrics_sitenote_category":0,"spay_email":""},"product_cat":[143],"product_tag":[3870,3869,3622,3623,3624],"brands":[{"id":3620,"name":"Jablotron","slug":"jablotron"}],"df_price":"","df_sale_price":"","df_regular_price":"","df_image_link":"https:\/\/i2.wp.com\/astehshop.com\/wp-content\/uploads\/2022\/02\/JA-120PB-Komb.-detek.-pok.i-loma.png?fit=450%2C427","jetpack_publicize_connections":[],"jetpack_sharing_enabled":true,"jetpack_likes_enabled":true,"jetpack-related-posts":[{"id":6001,"url":"http:\/\/astehshop.com\/index.php\/product\/ja-180w-bezicni-kombinovani-detektor-pir-i-mw\/","url_meta":{"origin":6000,"position":0},"title":"JA-180W Be\u017ei\u010dni kombinovani detektor PIR i MW","date":"13. velja\u010de 2022.","format":false,"excerpt":"JA-180W je dualni PIR + MW be\u017ei\u010dni detektor koji se koristi za otkrivanje pokreta unutar \u0161ti\u010denog prostora * Stepen otpornosti se mo\u017ee izabrati na dva nivoa * Napajanje: 1 kom. BAT-3V6-AA-LS * Visina monta\u017ee:2- 2,5 m iznad poda * Opseg detekcije: 110 \u00b0 \/ 12 m (sa standardnim so\u010divom) *\u2026","rel":"","context":"Srodne objave","img":{"alt_text":"","src":"https:\/\/i2.wp.com\/astehshop.com\/wp-content\/uploads\/2022\/02\/JA-180W-Bez.-komb.-detektor-PIR-i-MW.png?fit=600%2C569&resize=350%2C200","width":350,"height":200},"classes":[]},{"id":5986,"url":"http:\/\/astehshop.com\/index.php\/product\/ja-150p-bezicni-detektor-pokreta\/","url_meta":{"origin":6000,"position":1},"title":"JA-150P Be\u017ei\u010dni detektor pokreta","date":"13. velja\u010de 2022.","format":false,"excerpt":"JA-150P je be\u017ei\u010dni PIR detektor pokreta koji je namenjen za za\u0161titu enterijera.Otkriva kretanje preko temperature ljudskog tela.Karakteristika detekcije se mo\u017ee optimizovati pomo\u0107u alternativnih so\u010diva JS-7904 (za duga\u010dak hodnik), JS-7906 (neosetljivost na ku\u0107ne ljubimce) ili JS-7901 (zavesa). Stepen otpornosti se mo\u017ee izabrati na dva nivoa * Napajanje:2 x 1.5V AA *\u2026","rel":"","context":"Srodne objave","img":{"alt_text":"","src":"https:\/\/i0.wp.com\/astehshop.com\/wp-content\/uploads\/2022\/02\/JA-110P-Detek.-pokreta.png?fit=600%2C569&resize=350%2C200","width":350,"height":200},"classes":[]},{"id":5993,"url":"http:\/\/astehshop.com\/index.php\/product\/jablotron-ja-120pb-kombinovani-detektor-pokreta-i-loma\/","url_meta":{"origin":6000,"position":2},"title":"Jablotron JA-120PB Kombinovani detektor pokreta i loma","date":"13. velja\u010de 2022.","format":false,"excerpt":"JA-120PW je PIR + Glassbrake detektor pokreta koji je namenjen za za\u0161titu enterijera.Zauzima dve adrese u sistemu. Otkriva kretanje preko temperature ljudskog tela. Stepen otpornosti se mo\u017ee izabrati na dva nivoa * Napajanje: iz centralne jedinice BUS 12 V (9 - 15 V) * Potro\u0161nja u stanju mirovanja: 5 mA\u2026","rel":"","context":"Srodne objave","img":{"alt_text":"","src":"https:\/\/i2.wp.com\/astehshop.com\/wp-content\/uploads\/2022\/02\/JA-120PB-Komb.-detek.-pok.i-loma.png?fit=600%2C569&resize=350%2C200","width":350,"height":200},"classes":[]},{"id":5997,"url":"http:\/\/astehshop.com\/index.php\/product\/ja-120pb-kombinovani-detektor-pokreta-i-loma\/","url_meta":{"origin":6000,"position":3},"title":"JA-120PB Kombinovani detektor pokreta i loma","date":"13. velja\u010de 2022.","format":false,"excerpt":"JA-120PW je PIR + Glassbrake detektor pokreta koji je namenjen za za\u0161titu enterijera.Zauzima dve adrese u sistemu. Otkriva kretanje preko temperature ljudskog tela. Stepen otpornosti se mo\u017ee izabrati na dva nivoa * Napajanje: iz centralne jedinice BUS 12 V (9 - 15 V) * Potro\u0161nja u stanju mirovanja: 5 mA\u2026","rel":"","context":"Srodne objave","img":{"alt_text":"","src":"https:\/\/i0.wp.com\/astehshop.com\/wp-content\/uploads\/2022\/02\/JA-120PB-Komb.-detek.-pok.i-loma-1.png?fit=600%2C569&resize=350%2C200","width":350,"height":200},"classes":[]},{"id":5982,"url":"http:\/\/astehshop.com\/index.php\/product\/jablotron-ja-112p-detektor-pokreta\/","url_meta":{"origin":6000,"position":4},"title":"Jablotron JA-112P Detektor pokreta","date":"13. velja\u010de 2022.","format":false,"excerpt":"JA-112P je PIR detektor pokreta koji je namenjen za za\u0161titu enterijera. Otkriva kretanje preko temperature ljudskog tela.Stepen otpornosti se mo\u017ee izabrati na dva nivoa * Napajanje: iz centralne jedinice BUS 12 V (9 - 15 V) * Potro\u0161nja u stanju mirovanja: 2 mA * Visina monta\u017ee: 2,5 m iznad poda\u2026","rel":"","context":"Srodne objave","img":{"alt_text":"","src":"https:\/\/i2.wp.com\/astehshop.com\/wp-content\/uploads\/2022\/02\/JA-112P.png?fit=600%2C569&resize=350%2C200","width":350,"height":200},"classes":[]},{"id":5987,"url":"http:\/\/astehshop.com\/index.php\/product\/jablotron-ja-152p-detektor-pokreta\/","url_meta":{"origin":6000,"position":5},"title":"Jablotron JA-152P Detektor pokreta","date":"13. velja\u010de 2022.","format":false,"excerpt":"JA-152P je PIR detektor pokreta koji je namenjen za za\u0161titu enterijera. Otkriva kretanje preko temperature ljudskog tela.Stepen otpornosti se mo\u017ee izabrati na dva nivoa * 1x lithium battery, CR123A (3 V\/1500 mAh) * Potro\u0161nja u stanju mirovanja: 2 mA * Visina monta\u017ee: 2,5 m iznad poda * Opseg detekcije: 90\u2026","rel":"","context":"Srodne objave","img":{"alt_text":"","src":"https:\/\/i2.wp.com\/astehshop.com\/wp-content\/uploads\/2022\/02\/JA-112P.png?fit=600%2C569&resize=350%2C200","width":350,"height":200},"classes":[]}],"_links":{"self":[{"href":"http:\/\/astehshop.com\/index.php\/wp-json\/wp\/v2\/product\/6000"}],"collection":[{"href":"http:\/\/astehshop.com\/index.php\/wp-json\/wp\/v2\/product"}],"about":[{"href":"http:\/\/astehshop.com\/index.php\/wp-json\/wp\/v2\/types\/product"}],"replies":[{"embeddable":true,"href":"http:\/\/astehshop.com\/index.php\/wp-json\/wp\/v2\/comments?post=6000"}],"wp:featuredmedia":[{"embeddable":true,"href":"http:\/\/astehshop.com\/index.php\/wp-json\/wp\/v2\/media\/5994"}],"wp:attachment":[{"href":"http:\/\/astehshop.com\/index.php\/wp-json\/wp\/v2\/media?parent=6000"}],"wp:term":[{"taxonomy":"product_cat","embeddable":true,"href":"http:\/\/astehshop.com\/index.php\/wp-json\/wp\/v2\/product_cat?post=6000"},{"taxonomy":"product_tag","embeddable":true,"href":"http:\/\/astehshop.com\/index.php\/wp-json\/wp\/v2\/product_tag?post=6000"}],"curies":[{"name":"wp","href":"https:\/\/api.w.org\/{rel}","templated":true}]}}