{"id":5976,"date":"2022-02-13T13:03:05","date_gmt":"2022-02-13T12:03:05","guid":{"rendered":"http:\/\/astehshop.com\/?post_type=product&#038;p=5976"},"modified":"2022-02-13T13:03:05","modified_gmt":"2022-02-13T12:03:05","slug":"ja-122e-spoljni-citac","status":"publish","type":"product","link":"http:\/\/astehshop.com\/index.php\/product\/ja-122e-spoljni-citac\/","title":{"rendered":"JA-122E Spoljni \u010dita\u010d"},"content":{"rendered":"<p>RFID \u010dita\u010d JA-122E se koristi za aktiviranje PG izlaza namenjen za kontrolu pristupa. Pogodan za unutra\u0161nju i spoljnu monta\u017eu (IP65 za\u0161tita).Opti\u010dko statusno signaliziranje pomo\u0107u ugr\u0111enih LE dioda * Napajanje: iz centralne jedinice BUS 12 V (9 &#8211; 15 V) * Stanje pripravnosti: 15 mA *<br \/>\nRFID: EM 125 kHz * Dimenzije: 151,5 \u00d7 46 \u00d7 22,5 mm<\/p>\n","protected":false},"excerpt":{"rendered":"<p>RFID \u010dita\u010d JA-122E se koristi za aktiviranje PG izlaza namenjen za kontrolu pristupa. Pogodan za unutra\u0161nju i spoljnu monta\u017eu (IP65 za\u0161tita).Opti\u010dko statusno signaliziranje pomo\u0107u ugr\u0111enih LE dioda * Napajanje: iz centralne jedinice BUS 12 V (9 &#8211; 15 V) * Stanje pripravnosti: 15 mA *<br \/>\nRFID: EM 125 kHz * Dimenzije: 151,5 \u00d7 46 \u00d7 22,5 mm<\/p>\n","protected":false},"featured_media":5977,"comment_status":"open","ping_status":"closed","template":"","meta":{"_mi_skip_tracking":false,"_exactmetrics_sitenote_active":false,"_exactmetrics_sitenote_note":"","_exactmetrics_sitenote_category":0,"spay_email":""},"product_cat":[144],"product_tag":[3852],"brands":[{"id":3620,"name":"Jablotron","slug":"jablotron"}],"df_price":"","df_sale_price":"","df_regular_price":"","df_image_link":"https:\/\/i2.wp.com\/astehshop.com\/wp-content\/uploads\/2022\/02\/1373.png?fit=450%2C427","jetpack_publicize_connections":[],"jetpack_sharing_enabled":true,"jetpack_likes_enabled":true,"jetpack-related-posts":[{"id":5978,"url":"http:\/\/astehshop.com\/index.php\/product\/jablotron-ja-123e-spoljna-tastatura\/","url_meta":{"origin":5976,"position":0},"title":"Jablotron JA-123E Spoljna tastatura","date":"13. velja\u010de 2022.","format":false,"excerpt":"RFID \u010dita\u010d JA-122E sa tastaturom se koristi za aktiviranje PG izlaza namenjen za kontrolu pristupa. Pogodan za unutra\u0161nju i spoljnu monta\u017eu (IP65 za\u0161tita). Opti\u010dko statusno signaliziranje pomo\u0107u ugra\u0111enih LE dioda * Napajanje: iz centralne jedinice BUS 12 V (9 - 15 V) * Stanje pripravnosti: 15 mA * RFID: EM\u2026","rel":"","context":"Srodne objave","img":{"alt_text":"","src":"https:\/\/i0.wp.com\/astehshop.com\/wp-content\/uploads\/2022\/02\/JA-123E-Spoljna-tastatura.png?fit=600%2C569&resize=350%2C200","width":350,"height":200},"classes":[]},{"id":5970,"url":"http:\/\/astehshop.com\/index.php\/product\/jablotron-ja-112e-tastatura\/","url_meta":{"origin":5976,"position":1},"title":"Jablotron JA-112E Tastatura","date":"13. velja\u010de 2022.","format":false,"excerpt":"JA-112E je RFID pristupni modul namenjen za upravljanje al. sistemom i sistemom automatizacije.Uklju\u010duje jedan kontrolni segment i po potrebi mo\u017ee biti opremljen sa maks. 20 JA-192E kontrolnih segmenata. Omogu\u0107ava kontrolu nad alarmnim sistemom i sistemom automatizacije pomo\u0107u segmenata.Nap. iz centralne jedinice - BUS, 12 V (9 - 15 V) *\u2026","rel":"","context":"Srodne objave","img":{"alt_text":"","src":"https:\/\/i0.wp.com\/astehshop.com\/wp-content\/uploads\/2022\/02\/JA-112E-Tastatura.png?fit=600%2C569&resize=350%2C200","width":350,"height":200},"classes":[]},{"id":5972,"url":"http:\/\/astehshop.com\/index.php\/product\/jablotron-ja-113e-tastatura\/","url_meta":{"origin":5976,"position":2},"title":"Jablotron JA-113E Tastatura","date":"13. velja\u010de 2022.","format":false,"excerpt":"JA-113E je tastatura sa RFID \u010dita\u010dem namenjen za upravljanje al. sistemom i sistemom automatizacije.Uklju\u010duje jedan kontrolni segment i po potrebi se mo\u017ee opremiti sa maks. 20 kontrolnih segmenata JA-192E. Omogu\u0107ava kontrolu nad al. sistemom i sistemom automatizacije pomo\u0107u segmenata..Nap. iz centralne jedinice BUS, 12 V (9 - 15 V) *\u2026","rel":"","context":"Srodne objave","img":{"alt_text":"","src":"https:\/\/i0.wp.com\/astehshop.com\/wp-content\/uploads\/2022\/02\/JA-113E-Tastatura.png?fit=600%2C569&resize=350%2C200","width":350,"height":200},"classes":[]},{"id":5036,"url":"http:\/\/astehshop.com\/index.php\/product\/samostojeci-citac-in-t10em-w\/","url_meta":{"origin":5976,"position":3},"title":"Samostoje\u0107i \u010dita\u010d IN-T10EM-W","date":"16. studenoga 2020.","format":false,"excerpt":"Samostoje\u0107i \u010dita\u010d EM 125 kHz kartica sa tipkovnicom osjetljivom na dodir. Mo\u017ee se koristiti i kao wiegand 26-bitni \u010dita\u010d kartica sa tipkovnicom. Podr\u017eava re\u017eim rada: Samo kartica, samo pin kod, kartica+pin kod. Anti sabota\u017eni senzor. IP65 Proizvo\u0111a\u010d inOUT Namjena Kontrola pristupa Monta\u017ea Nad\u017ebukna monta\u017ea Vrsta artikla Samostalni \u010dita\u010d Na\u010din identifikacije\u2026","rel":"","context":"Srodne objave","img":{"alt_text":"","src":"","width":0,"height":0},"classes":[]},{"id":5974,"url":"http:\/\/astehshop.com\/index.php\/product\/jablotron-ja-114e-tastatura\/","url_meta":{"origin":5976,"position":4},"title":"Jablotron JA-114E Tastatura","date":"13. velja\u010de 2022.","format":false,"excerpt":"114E je tastatura sa LCD ekranom i RFID \u010dita\u010dem za upravljanje alarmom i sistemom automatizacije.Uklju\u010duje jedan kontrolni segment i po potrebi mo\u017ee biti opremljen sa maksimalno 20 kontrolnih segmenata JA-192E. * Nap. iz centralne jedinice BUS, 12 V (9 - 15 V) * RFID: EM 125 kHz *","rel":"","context":"Srodne objave","img":{"alt_text":"","src":"https:\/\/i1.wp.com\/astehshop.com\/wp-content\/uploads\/2022\/02\/JA-114E-Tastatura.png?fit=600%2C569&resize=350%2C200","width":350,"height":200},"classes":[]},{"id":5034,"url":"http:\/\/astehshop.com\/index.php\/product\/samostojeci-citac-in-k5\/","url_meta":{"origin":5976,"position":5},"title":"Samostoje\u0107i \u010dita\u010d IN-K5","date":"16. studenoga 2020.","format":false,"excerpt":"Samostoje\u0107i unutarnji \u010dita\u010d EM 125 kHz kartica sa tipkovnicom u antivandal ku\u0107i\u0161tu za max. 2000 korisnika. Mogu\u0107nost spajanja vanjskog \u010dita\u010da. Podr\u017eava re\u017eim rada: Samo kartica, samo pin kod, kartica+pin kod. Kromirano ku\u0107i\u0161te. Tamper prekida\u010d. Proizvo\u0111a\u010d inOUT Namjena Kontrola pristupa Monta\u017ea Nad\u017ebukna monta\u017ea Vrsta artikla Samostalni \u010dita\u010d Na\u010din identifikacije RFID, PIN\u2026","rel":"","context":"Srodne objave","img":{"alt_text":"","src":"https:\/\/i1.wp.com\/astehshop.com\/wp-content\/uploads\/2020\/11\/IN-K5.jpg?fit=1200%2C675&resize=350%2C200","width":350,"height":200},"classes":[]}],"_links":{"self":[{"href":"http:\/\/astehshop.com\/index.php\/wp-json\/wp\/v2\/product\/5976"}],"collection":[{"href":"http:\/\/astehshop.com\/index.php\/wp-json\/wp\/v2\/product"}],"about":[{"href":"http:\/\/astehshop.com\/index.php\/wp-json\/wp\/v2\/types\/product"}],"replies":[{"embeddable":true,"href":"http:\/\/astehshop.com\/index.php\/wp-json\/wp\/v2\/comments?post=5976"}],"wp:featuredmedia":[{"embeddable":true,"href":"http:\/\/astehshop.com\/index.php\/wp-json\/wp\/v2\/media\/5977"}],"wp:attachment":[{"href":"http:\/\/astehshop.com\/index.php\/wp-json\/wp\/v2\/media?parent=5976"}],"wp:term":[{"taxonomy":"product_cat","embeddable":true,"href":"http:\/\/astehshop.com\/index.php\/wp-json\/wp\/v2\/product_cat?post=5976"},{"taxonomy":"product_tag","embeddable":true,"href":"http:\/\/astehshop.com\/index.php\/wp-json\/wp\/v2\/product_tag?post=5976"}],"curies":[{"name":"wp","href":"https:\/\/api.w.org\/{rel}","templated":true}]}}