{"id":5972,"date":"2022-02-13T12:59:13","date_gmt":"2022-02-13T11:59:13","guid":{"rendered":"http:\/\/astehshop.com\/?post_type=product&#038;p=5972"},"modified":"2022-10-08T16:24:46","modified_gmt":"2022-10-08T14:24:46","slug":"jablotron-ja-113e-tastatura","status":"publish","type":"product","link":"http:\/\/astehshop.com\/index.php\/product\/jablotron-ja-113e-tastatura\/","title":{"rendered":"Jablotron JA-113E Tastatura"},"content":{"rendered":"<p>JA-113E je tastatura sa RFID \u010dita\u010dem namenjen za upravljanje al. sistemom i sistemom automatizacije.Uklju\u010duje jedan kontrolni segment i po potrebi se mo\u017ee opremiti sa maks. 20 kontrolnih segmenata JA-192E. Omogu\u0107ava kontrolu nad al. sistemom i sistemom automatizacije pomo\u0107u segmenata..Nap. iz centralne jedinice BUS, 12 V (9 &#8211; 15 V) * RFID: EM 125 kHz *<\/p>\n","protected":false},"excerpt":{"rendered":"<p>JA-113E je tastatura sa RFID \u010dita\u010dem namenjen za upravljanje al. sistemom i sistemom automatizacije.Uklju\u010duje jedan kontrolni segment i po potrebi se mo\u017ee opremiti sa maks. 20 kontrolnih segmenata JA-192E. Omogu\u0107ava kontrolu nad al. sistemom i sistemom automatizacije pomo\u0107u segmenata..Nap. iz centralne jedinice BUS, 12 V (9 &#8211; 15 V) * RFID: EM 125 kHz *<\/p>\n","protected":false},"featured_media":5973,"comment_status":"open","ping_status":"closed","template":"","meta":{"_mi_skip_tracking":false,"_exactmetrics_sitenote_active":false,"_exactmetrics_sitenote_note":"","_exactmetrics_sitenote_category":0,"spay_email":""},"product_cat":[144],"product_tag":[280,839,3848,3622,3850,3602,3849],"brands":[{"id":3620,"name":"Jablotron","slug":"jablotron"}],"df_price":176,"df_sale_price":"","df_regular_price":176,"df_image_link":"https:\/\/i0.wp.com\/astehshop.com\/wp-content\/uploads\/2022\/02\/JA-113E-Tastatura.png?fit=450%2C427","jetpack_publicize_connections":[],"jetpack_sharing_enabled":true,"jetpack_likes_enabled":true,"jetpack-related-posts":[{"id":5970,"url":"http:\/\/astehshop.com\/index.php\/product\/jablotron-ja-112e-tastatura\/","url_meta":{"origin":5972,"position":0},"title":"Jablotron JA-112E Tastatura","date":"13. velja\u010de 2022.","format":false,"excerpt":"JA-112E je RFID pristupni modul namenjen za upravljanje al. sistemom i sistemom automatizacije.Uklju\u010duje jedan kontrolni segment i po potrebi mo\u017ee biti opremljen sa maks. 20 JA-192E kontrolnih segmenata. Omogu\u0107ava kontrolu nad alarmnim sistemom i sistemom automatizacije pomo\u0107u segmenata.Nap. iz centralne jedinice - BUS, 12 V (9 - 15 V) *\u2026","rel":"","context":"Srodne objave","img":{"alt_text":"","src":"https:\/\/i0.wp.com\/astehshop.com\/wp-content\/uploads\/2022\/02\/JA-112E-Tastatura.png?fit=600%2C569&resize=350%2C200","width":350,"height":200},"classes":[]},{"id":5974,"url":"http:\/\/astehshop.com\/index.php\/product\/jablotron-ja-114e-tastatura\/","url_meta":{"origin":5972,"position":1},"title":"Jablotron JA-114E Tastatura","date":"13. velja\u010de 2022.","format":false,"excerpt":"114E je tastatura sa LCD ekranom i RFID \u010dita\u010dem za upravljanje alarmom i sistemom automatizacije.Uklju\u010duje jedan kontrolni segment i po potrebi mo\u017ee biti opremljen sa maksimalno 20 kontrolnih segmenata JA-192E. * Nap. iz centralne jedinice BUS, 12 V (9 - 15 V) * RFID: EM 125 kHz *","rel":"","context":"Srodne objave","img":{"alt_text":"","src":"https:\/\/i1.wp.com\/astehshop.com\/wp-content\/uploads\/2022\/02\/JA-114E-Tastatura.png?fit=600%2C569&resize=350%2C200","width":350,"height":200},"classes":[]},{"id":5978,"url":"http:\/\/astehshop.com\/index.php\/product\/jablotron-ja-123e-spoljna-tastatura\/","url_meta":{"origin":5972,"position":2},"title":"Jablotron JA-123E Spoljna tastatura","date":"13. velja\u010de 2022.","format":false,"excerpt":"RFID \u010dita\u010d JA-122E sa tastaturom se koristi za aktiviranje PG izlaza namenjen za kontrolu pristupa. Pogodan za unutra\u0161nju i spoljnu monta\u017eu (IP65 za\u0161tita). Opti\u010dko statusno signaliziranje pomo\u0107u ugra\u0111enih LE dioda * Napajanje: iz centralne jedinice BUS 12 V (9 - 15 V) * Stanje pripravnosti: 15 mA * RFID: EM\u2026","rel":"","context":"Srodne objave","img":{"alt_text":"","src":"https:\/\/i0.wp.com\/astehshop.com\/wp-content\/uploads\/2022\/02\/JA-123E-Spoljna-tastatura.png?fit=600%2C569&resize=350%2C200","width":350,"height":200},"classes":[]},{"id":5963,"url":"http:\/\/astehshop.com\/index.php\/product\/jablotron-ja-152e-bezicna-tastaura\/","url_meta":{"origin":5972,"position":3},"title":"Jablotron JA-152E Be\u017ei\u010dna tastaura","date":"13. velja\u010de 2022.","format":false,"excerpt":"JA-154E je dvosmerni be\u017ei\u010dni pristupni modul (tastatura sistema) sa RFID \u010dita\u010dem za kontrolu sistema i autorizaciju korisnika.Ovaj pristupni modul uklju\u010duje jedan kontrolni segment i mo\u017ee biti opremljen sa 20 JA-192E kontrolnih segmenata.Be\u017ei\u010dni pristupni modul je opremljen SRW funkcijom koja omogu\u0107ava automatski prekid mirovanja (paljenje) modula tokom ulazne zadr\u0161ke kada je\u2026","rel":"","context":"Srodne objave","img":{"alt_text":"","src":"https:\/\/i1.wp.com\/astehshop.com\/wp-content\/uploads\/2022\/02\/JA-152E-Bezicna-tastaura.png?fit=600%2C569&resize=350%2C200","width":350,"height":200},"classes":[]},{"id":5965,"url":"http:\/\/astehshop.com\/index.php\/product\/jablotron-ja-153e-bezicna-tastatura\/","url_meta":{"origin":5972,"position":4},"title":"Jablotron JA-153E Be\u017ei\u010dna tastatura","date":"13. velja\u010de 2022.","format":false,"excerpt":"JA-154E je dvosmerni be\u017ei\u010dni pristupni modul (tastatura sistema) sa tastaturom i RFID \u010dita\u010dem za kontrolu sistema i autorizaciju korisnika.Ovaj pristupni modul uklju\u010duje jedan kontrolni segment i mo\u017ee biti opremljen sa 20 JA-192E kon- trolnih segmenata.Be\u017ei\u010dni pristupni modul je opremljen SRW funkcijom koja omogu\u0107ava automatski prekid mirovanja (paljenje) modula tokom ulazne\u2026","rel":"","context":"Srodne objave","img":{"alt_text":"","src":"https:\/\/i1.wp.com\/astehshop.com\/wp-content\/uploads\/2022\/02\/JA-153E-Bezicna-tastatura.png?fit=600%2C569&resize=350%2C200","width":350,"height":200},"classes":[]},{"id":5976,"url":"http:\/\/astehshop.com\/index.php\/product\/ja-122e-spoljni-citac\/","url_meta":{"origin":5972,"position":5},"title":"JA-122E Spoljni \u010dita\u010d","date":"13. velja\u010de 2022.","format":false,"excerpt":"RFID \u010dita\u010d JA-122E se koristi za aktiviranje PG izlaza namenjen za kontrolu pristupa. Pogodan za unutra\u0161nju i spoljnu monta\u017eu (IP65 za\u0161tita).Opti\u010dko statusno signaliziranje pomo\u0107u ugr\u0111enih LE dioda * Napajanje: iz centralne jedinice BUS 12 V (9 - 15 V) * Stanje pripravnosti: 15 mA * RFID: EM 125 kHz *\u2026","rel":"","context":"Srodne objave","img":{"alt_text":"","src":"https:\/\/i2.wp.com\/astehshop.com\/wp-content\/uploads\/2022\/02\/1373.png?fit=600%2C569&resize=350%2C200","width":350,"height":200},"classes":[]}],"_links":{"self":[{"href":"http:\/\/astehshop.com\/index.php\/wp-json\/wp\/v2\/product\/5972"}],"collection":[{"href":"http:\/\/astehshop.com\/index.php\/wp-json\/wp\/v2\/product"}],"about":[{"href":"http:\/\/astehshop.com\/index.php\/wp-json\/wp\/v2\/types\/product"}],"replies":[{"embeddable":true,"href":"http:\/\/astehshop.com\/index.php\/wp-json\/wp\/v2\/comments?post=5972"}],"wp:featuredmedia":[{"embeddable":true,"href":"http:\/\/astehshop.com\/index.php\/wp-json\/wp\/v2\/media\/5973"}],"wp:attachment":[{"href":"http:\/\/astehshop.com\/index.php\/wp-json\/wp\/v2\/media?parent=5972"}],"wp:term":[{"taxonomy":"product_cat","embeddable":true,"href":"http:\/\/astehshop.com\/index.php\/wp-json\/wp\/v2\/product_cat?post=5972"},{"taxonomy":"product_tag","embeddable":true,"href":"http:\/\/astehshop.com\/index.php\/wp-json\/wp\/v2\/product_tag?post=5972"}],"curies":[{"name":"wp","href":"https:\/\/api.w.org\/{rel}","templated":true}]}}