{"id":5955,"date":"2022-02-13T11:47:35","date_gmt":"2022-02-13T10:47:35","guid":{"rendered":"http:\/\/astehshop.com\/?post_type=product&#038;p=5955"},"modified":"2022-10-08T16:27:11","modified_gmt":"2022-10-08T14:27:11","slug":"jablotron-ja-100k-centrala","status":"publish","type":"product","link":"http:\/\/astehshop.com\/index.php\/product\/jablotron-ja-100k-centrala\/","title":{"rendered":"Jablotron JA-100K centrala"},"content":{"rendered":"<p>JA-100K centrala -Protivprovalni, protivpo\u017earni, protivpoplavni sistem + sistem pametne ku\u0107e * Besplatan Cloud, SMS i Push Up obave\u0161tenja * Kontrola preko aplikacije, ra\u010dunara ili tastature * Auto-dijagnostika, ta\u010dan prikaz stanja baterija * LAN konekcija * do 32 BUS adrese * do 32 korisnika * 4 particije * SMS i glasovni izve\u0161taji iz memorije za do 8 korisnika *<\/p>\n","protected":false},"excerpt":{"rendered":"<p>JA-100K centrala -Protivprovalni, protivpo\u017earni, protivpoplavni sistem + sistem pametne ku\u0107e * Besplatan Cloud, SMS i Push Up obave\u0161tenja * Kontrola preko aplikacije, ra\u010dunara ili tastature * Auto-dijagnostika, ta\u010dan prikaz stanja baterija * LAN konekcija * do 32 BUS adrese * do 32 korisnika * 4 particije * SMS i glasovni izve\u0161taji iz memorije za do 8 korisnika *<\/p>\n","protected":false},"featured_media":5956,"comment_status":"open","ping_status":"closed","template":"","meta":{"_mi_skip_tracking":false,"_exactmetrics_sitenote_active":false,"_exactmetrics_sitenote_note":"","_exactmetrics_sitenote_category":0,"spay_email":""},"product_cat":[142],"product_tag":[927,3838,3622,3623,3624],"brands":[{"id":3620,"name":"Jablotron","slug":"jablotron"}],"df_price":470,"df_sale_price":"","df_regular_price":470,"df_image_link":"https:\/\/i0.wp.com\/astehshop.com\/wp-content\/uploads\/2022\/02\/JA-100K-centrala.png?fit=450%2C427","jetpack_publicize_connections":[],"jetpack_sharing_enabled":true,"jetpack_likes_enabled":true,"jetpack-related-posts":[{"id":5946,"url":"http:\/\/astehshop.com\/index.php\/product\/jablotron-ja-100kr-centrala\/","url_meta":{"origin":5955,"position":0},"title":"Jablotron JA-100KR centrala","date":"13. velja\u010de 2022.","format":false,"excerpt":"JA-100KR centrala - Be\u017ei\u010dni protivprovalni, protivpo\u017earni, protivpoplavni sistem + sistem pametne ku\u0107e * Besplatan Cloud, SMS i Push Up obave\u0161tenja * Kontrola preko aplikacije, ra\u010dunara ili tastature * Memorija na serveru i u SD kartici (do7 miliona doga\u0111aja) * Auto-dijagnostika, ta\u010dan prikaz stanja baterija, GSM i RF signala * LAN\u2026","rel":"","context":"Srodne objave","img":{"alt_text":"","src":"https:\/\/i0.wp.com\/astehshop.com\/wp-content\/uploads\/2022\/02\/JA-100KR-centrala.png?fit=600%2C569&resize=350%2C200","width":350,"height":200},"classes":[]},{"id":5957,"url":"http:\/\/astehshop.com\/index.php\/product\/jablotron-ja-103k-centrala\/","url_meta":{"origin":5955,"position":1},"title":"Jablotron JA-103K centrala","date":"13. velja\u010de 2022.","format":false,"excerpt":"JA-103K centrala za protivprovalni, protivpo\u017earni, protivpoplavni sistem + sistem pametne ku\u0107e * Besplatan Cloud, SMS i Push Up obave\u0161tenja * Kontrola preko aplikacije, ra\u010dunara ili tastature * Memorija na serveru i u SD kartici (do7 miliona doga\u0111aja), Auto-dijagnostika, ta\u010dan prikaz stanja baterija * LAN konekcija * Konektor za dodavanje GSM\u2026","rel":"","context":"Srodne objave","img":{"alt_text":"","src":"https:\/\/i0.wp.com\/astehshop.com\/wp-content\/uploads\/2022\/02\/JA-103K-centrala.png?fit=600%2C569&resize=350%2C200","width":350,"height":200},"classes":[]},{"id":5787,"url":"http:\/\/astehshop.com\/index.php\/product\/jablotron-ja-14k-centrala-na-bus\/","url_meta":{"origin":5955,"position":2},"title":"Jablotron JA-14K centrala na BUS","date":"9. sije\u010dnja 2022.","format":false,"excerpt":"JA-14K centrala za moderan protivprovalni, protivpo\u017earni, protivpoplavni sistem * Kontrola preko cloud-a: aplikacija, ra\u010dunarr ili tastatura * Memorija za do7 miliona doga\u0111aja (interno i na serveru) * Auto-dijagnostika, prikaz baterija * LAN konekcija * do 32 \u017ei\u010dne adrese * do 16 korisnika * 4 particije * do 4 PG izlaza\u2026","rel":"","context":"Srodne objave","img":{"alt_text":"","src":"https:\/\/i2.wp.com\/astehshop.com\/wp-content\/uploads\/2022\/01\/JA-14K-centrala-na-BUS.jpg?fit=600%2C600&resize=350%2C200","width":350,"height":200},"classes":[]},{"id":5959,"url":"http:\/\/astehshop.com\/index.php\/product\/jablotron-ja-106kr-centrala\/","url_meta":{"origin":5955,"position":3},"title":"Jablotron JA-106KR centrala","date":"13. velja\u010de 2022.","format":false,"excerpt":"JA-106KR centrala centrala za protivprovalni, protivpo\u017earni, protivpoplavni sistem + sistem pametne ku\u0107e * Besplatan Cloud, SMS i Push Up obave\u0161tenja * Kontrola preko aplikacije, ra\u010dunara ili tastature * Auto-dijagnostika, ta\u010dan prikaz stanja baterija, GSM i RF signala * LAN i GSM konekcija * do 120 be\u017ei\u010dnih ili BUS adresa *\u2026","rel":"","context":"Srodne objave","img":{"alt_text":"","src":"https:\/\/i1.wp.com\/astehshop.com\/wp-content\/uploads\/2022\/02\/JA-106KR-centrala.png?fit=600%2C569&resize=350%2C200","width":350,"height":200},"classes":[]},{"id":5951,"url":"http:\/\/astehshop.com\/index.php\/product\/jablotron-ja-103kr-centrala\/","url_meta":{"origin":5955,"position":4},"title":"Jablotron JA-103KR centrala","date":"13. velja\u010de 2022.","format":false,"excerpt":"JA-103KR centrala za protivprovalni, protivpo\u017earni, protivpoplavni sistem + sistem pametne ku\u0107e * Besplatan Cloud, SMS i Push Up obave\u0161tenja * Kontrola preko aplikacije, ra\u010dunara ili tastature * Memorija na serveru i u SD kartici (do7 miliona doga\u0111aja), Auto-dijagnostika, ta\u010dan prikaz stanja baterija i RF signala * LAN konekcija, pro\u0161irivo na\u2026","rel":"","context":"Srodne objave","img":{"alt_text":"","src":"https:\/\/i1.wp.com\/astehshop.com\/wp-content\/uploads\/2022\/02\/JA-103KR-centrala.jpg?fit=600%2C600&resize=350%2C200","width":350,"height":200},"classes":[]},{"id":5778,"url":"http:\/\/astehshop.com\/index.php\/product\/jablotron-jk-xsja10i-set-lite-bezicni-set\/","url_meta":{"origin":5955,"position":5},"title":"Jablotron JK-XSJA10I-SET LITE be\u017ei\u010dni set","date":"9. sije\u010dnja 2022.","format":false,"excerpt":"JA-14KR be\u017ei\u010dna cloud centrala, JA-15E be\u017ei\u010dna tastatura, JA-15P be\u017ei\u010dni PIR detektor, JA-10A \u017ei\u010dna unutra\u0161nja sirena i JA-192J privezak RFID * Kontrola preko cloud-a: aplikacija, ra\u010dunarr ili tastatura * Memorija za do7 miliona doga\u0111aja (interno i na serveru) * Auto-dijagnostika, prikaz baterija i radio signala (opciono i GSM) * LAN konekcija\u2026","rel":"","context":"Srodne objave","img":{"alt_text":"","src":"https:\/\/i1.wp.com\/astehshop.com\/wp-content\/uploads\/2022\/01\/JK-XSJA10I-SET-LITE.jpg?fit=844%2C798&resize=350%2C200","width":350,"height":200},"classes":[]}],"_links":{"self":[{"href":"http:\/\/astehshop.com\/index.php\/wp-json\/wp\/v2\/product\/5955"}],"collection":[{"href":"http:\/\/astehshop.com\/index.php\/wp-json\/wp\/v2\/product"}],"about":[{"href":"http:\/\/astehshop.com\/index.php\/wp-json\/wp\/v2\/types\/product"}],"replies":[{"embeddable":true,"href":"http:\/\/astehshop.com\/index.php\/wp-json\/wp\/v2\/comments?post=5955"}],"wp:featuredmedia":[{"embeddable":true,"href":"http:\/\/astehshop.com\/index.php\/wp-json\/wp\/v2\/media\/5956"}],"wp:attachment":[{"href":"http:\/\/astehshop.com\/index.php\/wp-json\/wp\/v2\/media?parent=5955"}],"wp:term":[{"taxonomy":"product_cat","embeddable":true,"href":"http:\/\/astehshop.com\/index.php\/wp-json\/wp\/v2\/product_cat?post=5955"},{"taxonomy":"product_tag","embeddable":true,"href":"http:\/\/astehshop.com\/index.php\/wp-json\/wp\/v2\/product_tag?post=5955"}],"curies":[{"name":"wp","href":"https:\/\/api.w.org\/{rel}","templated":true}]}}