{"id":5953,"date":"2022-02-13T11:44:28","date_gmt":"2022-02-13T10:44:28","guid":{"rendered":"http:\/\/astehshop.com\/?post_type=product&#038;p=5953"},"modified":"2022-10-08T16:27:28","modified_gmt":"2022-10-08T14:27:28","slug":"jablotron-ja-107kr-centrala","status":"publish","type":"product","link":"http:\/\/astehshop.com\/index.php\/product\/jablotron-ja-107kr-centrala\/","title":{"rendered":"Jablotron JA-107KR centrala"},"content":{"rendered":"<p>JA-107KR centrala za protivprovalni, protivpo\u017earni, protivpoplavni sistem + sistem pametne ku\u0107e * Besplatan Cloud, SMS i Push Up obave\u0161tenja * Kontrola preko aplikacije, ra\u010dunara ili tastature * Memorija na serveru i u SD kartici (do7 miliona doga\u0111aja), Auto-dijagnostika, ta\u010dan prikaz stanja baterija i RF signala * LAN konekcija, pro\u0161irivo na GSM modulom JA-192Y * do 120 be\u017ei\u010dnih ili 230 BUS adresa * do 600 korisnika * 15 particija * do 128 PG izlaza *<\/p>\n<p>&nbsp;<\/p>\n<p>&nbsp;<\/p>\n<p>It also offers flexible protection solutions for residential complexes, administrative buildings and companies that require a multi-section system. The adjustments and sizing of the system are programmed through the F-Link software (from version 2.0.0).<\/p>\n<p>The JA-107K control panel offers:<\/p>\n<ul>\n<li>120 wireless and up to 230 bus devices<\/li>\n<li>600 users<\/li>\n<li>15 sections<\/li>\n<li>128 programmable PG outputs<\/li>\n<li>64 mutually independent calendar events<\/li>\n<li>50 user SMS reports<\/li>\n<li>15 user voice reports<\/li>\n<li>5 ARCs can be set<\/li>\n<li>5 selectable protocols for an ARC<\/li>\n<\/ul>\n<p>The control panel has:<\/p>\n<ul>\n<li>2 mutually independent terminal boards for bus connection<\/li>\n<li>1 connector for a built-in radio module (JA-111R)\/third terminal board &#8211; expanded using a JA-110Z-D<\/li>\n<li>1 connector for a GSM\/GPRS communicator (JA-192Y)<\/li>\n<\/ul>\n<p>The control panel also offers functions such as:<\/p>\n<ul>\n<li>Maintenance<\/li>\n<li>Day\/night mode<\/li>\n<li>Short departure response<\/li>\n<li>Automatic setting<\/li>\n<li>Advanced calendar features<\/li>\n<\/ul>\n<hr \/>\n<p>The following products with the control panel\u00a0<strong>ARE NOT COMPATIBLE<\/strong>:<\/p>\n<ul>\n<li>JA-180A (wireless outdoor siren)<\/li>\n<li>JA-154J (bi-directional remote control)<\/li>\n<li>JA-190X (PSTN communicator module)<\/li>\n<\/ul>\n<p>The following products with the control panel\u00a0<strong>ARE COMPATIBLE under certain conditions<\/strong>:<\/p>\n<ul>\n<li>The JA-112E (keyboard) is compatible with FW LU61501 and higher<\/li>\n<li>The JA-113E (keyboard) is compatible with FW LU61601 and higher<\/li>\n<li>The JA-118N (PG Bus Output Module) is compatible with LY68003 and higher\n<ul>\n<li>FW version LY68002 and lower works only when the PG range is set in the F-Link up to a maximum value of 32<\/li>\n<\/ul>\n<\/li>\n<li>The JA-110I (section or PG bus indicator) is compatible only when the PG range is set in the F-Link up to a maximum value of 32<\/li>\n<\/ul>\n","protected":false},"excerpt":{"rendered":"<p>JA-107KR centrala za protivprovalni, protivpo\u017earni, protivpoplavni sistem + sistem pametne ku\u0107e * Besplatan Cloud, SMS i Push Up obave\u0161tenja * Kontrola preko aplikacije, ra\u010dunara ili tastature * Memorija na serveru i u SD kartici (do7 miliona doga\u0111aja), Auto-dijagnostika, ta\u010dan prikaz stanja baterija i RF signala * LAN konekcija, pro\u0161irivo na GSM modulom JA-192Y * do 120 be\u017ei\u010dnih ili 230 BUS adresa * do 600 korisnika * 15 particija * do 128 PG izlaza *<\/p>\n<p>&nbsp;<\/p>\n<p>&nbsp;<\/p>\n<p>It also offers flexible protection solutions for residential complexes, administrative buildings and companies that require a multi-section system. The adjustments and sizing of the system are programmed through the F-Link software (from version 2.0.0).<\/p>\n<p>The JA-107K control panel offers:<\/p>\n<ul>\n<li>120 wireless and up to 230 bus devices<\/li>\n<li>600 users<\/li>\n<li>15 sections<\/li>\n<li>128 programmable PG outputs<\/li>\n<li>64 mutually independent calendar events<\/li>\n<li>50 user SMS reports<\/li>\n<li>15 user voice reports<\/li>\n<li>5 ARCs can be set<\/li>\n<li>5 selectable protocols for an ARC<\/li>\n<\/ul>\n<p>The control panel has:<\/p>\n<ul>\n<li>2 mutually independent terminal boards for bus connection<\/li>\n<li>1 connector for a built-in radio module (JA-111R)\/third terminal board &#8211; expanded using a JA-110Z-D<\/li>\n<li>1 connector for a GSM\/GPRS communicator (JA-192Y)<\/li>\n<\/ul>\n<p>The control panel also offers functions such as:<\/p>\n<ul>\n<li>Maintenance<\/li>\n<li>Day\/night mode<\/li>\n<li>Short departure response<\/li>\n<li>Automatic setting<\/li>\n<li>Advanced calendar features<\/li>\n<\/ul>\n<hr \/>\n<p>The following products with the control panel\u00a0<strong>ARE NOT COMPATIBLE<\/strong>:<\/p>\n<ul>\n<li>JA-180A (wireless outdoor siren)<\/li>\n<li>JA-154J (bi-directional remote control)<\/li>\n<li>JA-190X (PSTN communicator module)<\/li>\n<\/ul>\n<p>The following products with the control panel\u00a0<strong>ARE COMPATIBLE under certain conditions<\/strong>:<\/p>\n<ul>\n<li>The JA-112E (keyboard) is compatible with FW LU61501 and higher<\/li>\n<li>The JA-113E (keyboard) is compatible with FW LU61601 and higher<\/li>\n<li>The JA-118N (PG Bus Output Module) is compatible with LY68003 and higher\n<ul>\n<li>FW version LY68002 and lower works only when the PG range is set in the F-Link up to a maximum value of 32<\/li>\n<\/ul>\n<\/li>\n<li>The JA-110I (section or PG bus indicator) is compatible only when the PG range is set in the F-Link up to a maximum value of 32<\/li>\n<\/ul>\n","protected":false},"featured_media":5954,"comment_status":"open","ping_status":"closed","template":"","meta":{"_mi_skip_tracking":false,"_exactmetrics_sitenote_active":false,"_exactmetrics_sitenote_note":"","_exactmetrics_sitenote_category":0,"spay_email":""},"product_cat":[141,142],"product_tag":[3837],"brands":[{"id":3620,"name":"Jablotron","slug":"jablotron"}],"df_price":970,"df_sale_price":"","df_regular_price":970,"df_image_link":"https:\/\/i2.wp.com\/astehshop.com\/wp-content\/uploads\/2022\/02\/JA-107KR-centrala.jpg?fit=450%2C450","jetpack_publicize_connections":[],"jetpack_sharing_enabled":true,"jetpack_likes_enabled":true,"jetpack-related-posts":[{"id":5787,"url":"http:\/\/astehshop.com\/index.php\/product\/jablotron-ja-14k-centrala-na-bus\/","url_meta":{"origin":5953,"position":0},"title":"Jablotron JA-14K centrala na BUS","date":"9. sije\u010dnja 2022.","format":false,"excerpt":"JA-14K centrala za moderan protivprovalni, protivpo\u017earni, protivpoplavni sistem * Kontrola preko cloud-a: aplikacija, ra\u010dunarr ili tastatura * Memorija za do7 miliona doga\u0111aja (interno i na serveru) * Auto-dijagnostika, prikaz baterija * LAN konekcija * do 32 \u017ei\u010dne adrese * do 16 korisnika * 4 particije * do 4 PG izlaza\u2026","rel":"","context":"Srodne objave","img":{"alt_text":"","src":"https:\/\/i2.wp.com\/astehshop.com\/wp-content\/uploads\/2022\/01\/JA-14K-centrala-na-BUS.jpg?fit=600%2C600&resize=350%2C200","width":350,"height":200},"classes":[]},{"id":5946,"url":"http:\/\/astehshop.com\/index.php\/product\/jablotron-ja-100kr-centrala\/","url_meta":{"origin":5953,"position":1},"title":"Jablotron JA-100KR centrala","date":"13. velja\u010de 2022.","format":false,"excerpt":"JA-100KR centrala - Be\u017ei\u010dni protivprovalni, protivpo\u017earni, protivpoplavni sistem + sistem pametne ku\u0107e * Besplatan Cloud, SMS i Push Up obave\u0161tenja * Kontrola preko aplikacije, ra\u010dunara ili tastature * Memorija na serveru i u SD kartici (do7 miliona doga\u0111aja) * Auto-dijagnostika, ta\u010dan prikaz stanja baterija, GSM i RF signala * LAN\u2026","rel":"","context":"Srodne objave","img":{"alt_text":"","src":"https:\/\/i0.wp.com\/astehshop.com\/wp-content\/uploads\/2022\/02\/JA-100KR-centrala.png?fit=600%2C569&resize=350%2C200","width":350,"height":200},"classes":[]},{"id":5951,"url":"http:\/\/astehshop.com\/index.php\/product\/jablotron-ja-103kr-centrala\/","url_meta":{"origin":5953,"position":2},"title":"Jablotron JA-103KR centrala","date":"13. velja\u010de 2022.","format":false,"excerpt":"JA-103KR centrala za protivprovalni, protivpo\u017earni, protivpoplavni sistem + sistem pametne ku\u0107e * Besplatan Cloud, SMS i Push Up obave\u0161tenja * Kontrola preko aplikacije, ra\u010dunara ili tastature * Memorija na serveru i u SD kartici (do7 miliona doga\u0111aja), Auto-dijagnostika, ta\u010dan prikaz stanja baterija i RF signala * LAN konekcija, pro\u0161irivo na\u2026","rel":"","context":"Srodne objave","img":{"alt_text":"","src":"https:\/\/i1.wp.com\/astehshop.com\/wp-content\/uploads\/2022\/02\/JA-103KR-centrala.jpg?fit=600%2C600&resize=350%2C200","width":350,"height":200},"classes":[]},{"id":5957,"url":"http:\/\/astehshop.com\/index.php\/product\/jablotron-ja-103k-centrala\/","url_meta":{"origin":5953,"position":3},"title":"Jablotron JA-103K centrala","date":"13. velja\u010de 2022.","format":false,"excerpt":"JA-103K centrala za protivprovalni, protivpo\u017earni, protivpoplavni sistem + sistem pametne ku\u0107e * Besplatan Cloud, SMS i Push Up obave\u0161tenja * Kontrola preko aplikacije, ra\u010dunara ili tastature * Memorija na serveru i u SD kartici (do7 miliona doga\u0111aja), Auto-dijagnostika, ta\u010dan prikaz stanja baterija * LAN konekcija * Konektor za dodavanje GSM\u2026","rel":"","context":"Srodne objave","img":{"alt_text":"","src":"https:\/\/i0.wp.com\/astehshop.com\/wp-content\/uploads\/2022\/02\/JA-103K-centrala.png?fit=600%2C569&resize=350%2C200","width":350,"height":200},"classes":[]},{"id":5959,"url":"http:\/\/astehshop.com\/index.php\/product\/jablotron-ja-106kr-centrala\/","url_meta":{"origin":5953,"position":4},"title":"Jablotron JA-106KR centrala","date":"13. velja\u010de 2022.","format":false,"excerpt":"JA-106KR centrala centrala za protivprovalni, protivpo\u017earni, protivpoplavni sistem + sistem pametne ku\u0107e * Besplatan Cloud, SMS i Push Up obave\u0161tenja * Kontrola preko aplikacije, ra\u010dunara ili tastature * Auto-dijagnostika, ta\u010dan prikaz stanja baterija, GSM i RF signala * LAN i GSM konekcija * do 120 be\u017ei\u010dnih ili BUS adresa *\u2026","rel":"","context":"Srodne objave","img":{"alt_text":"","src":"https:\/\/i1.wp.com\/astehshop.com\/wp-content\/uploads\/2022\/02\/JA-106KR-centrala.png?fit=600%2C569&resize=350%2C200","width":350,"height":200},"classes":[]},{"id":5955,"url":"http:\/\/astehshop.com\/index.php\/product\/jablotron-ja-100k-centrala\/","url_meta":{"origin":5953,"position":5},"title":"Jablotron JA-100K centrala","date":"13. velja\u010de 2022.","format":false,"excerpt":"JA-100K centrala -Protivprovalni, protivpo\u017earni, protivpoplavni sistem + sistem pametne ku\u0107e * Besplatan Cloud, SMS i Push Up obave\u0161tenja * Kontrola preko aplikacije, ra\u010dunara ili tastature * Auto-dijagnostika, ta\u010dan prikaz stanja baterija * LAN konekcija * do 32 BUS adrese * do 32 korisnika * 4 particije * SMS i glasovni\u2026","rel":"","context":"Srodne objave","img":{"alt_text":"","src":"https:\/\/i0.wp.com\/astehshop.com\/wp-content\/uploads\/2022\/02\/JA-100K-centrala.png?fit=600%2C569&resize=350%2C200","width":350,"height":200},"classes":[]}],"_links":{"self":[{"href":"http:\/\/astehshop.com\/index.php\/wp-json\/wp\/v2\/product\/5953"}],"collection":[{"href":"http:\/\/astehshop.com\/index.php\/wp-json\/wp\/v2\/product"}],"about":[{"href":"http:\/\/astehshop.com\/index.php\/wp-json\/wp\/v2\/types\/product"}],"replies":[{"embeddable":true,"href":"http:\/\/astehshop.com\/index.php\/wp-json\/wp\/v2\/comments?post=5953"}],"wp:featuredmedia":[{"embeddable":true,"href":"http:\/\/astehshop.com\/index.php\/wp-json\/wp\/v2\/media\/5954"}],"wp:attachment":[{"href":"http:\/\/astehshop.com\/index.php\/wp-json\/wp\/v2\/media?parent=5953"}],"wp:term":[{"taxonomy":"product_cat","embeddable":true,"href":"http:\/\/astehshop.com\/index.php\/wp-json\/wp\/v2\/product_cat?post=5953"},{"taxonomy":"product_tag","embeddable":true,"href":"http:\/\/astehshop.com\/index.php\/wp-json\/wp\/v2\/product_tag?post=5953"}],"curies":[{"name":"wp","href":"https:\/\/api.w.org\/{rel}","templated":true}]}}