{"id":5935,"date":"2022-01-31T19:33:58","date_gmt":"2022-01-31T18:33:58","guid":{"rendered":"http:\/\/astehshop.com\/?post_type=product&#038;p=5935"},"modified":"2026-02-07T18:41:01","modified_gmt":"2026-02-07T17:41:01","slug":"toshiba-hard-disk-2-tb","status":"publish","type":"product","link":"http:\/\/astehshop.com\/index.php\/product\/toshiba-hard-disk-2-tb\/","title":{"rendered":"Toshiba Hard Disk 2 TB"},"content":{"rendered":"<p>HDD desktop Toshiba P300 (3.5&#8243; 2TB, 7200RPM, 64MB, NCQ, AF, SATAIII),<\/p>\n","protected":false},"excerpt":{"rendered":"<p>HDD desktop Toshiba P300 (3.5&#8243; 2TB, 7200RPM, 64MB, NCQ, AF, SATAIII),<\/p>\n","protected":false},"featured_media":5936,"comment_status":"open","ping_status":"closed","template":"","meta":{"_mi_skip_tracking":false,"_exactmetrics_sitenote_active":false,"_exactmetrics_sitenote_note":"","_exactmetrics_sitenote_category":0,"spay_email":""},"product_cat":[160],"product_tag":[3811,3814,3074,3813,3812],"brands":[],"df_price":"","df_sale_price":"","df_regular_price":"","df_image_link":"https:\/\/i2.wp.com\/astehshop.com\/wp-content\/uploads\/2022\/01\/toshiba-2tb-sata3-p300.jpg?fit=450%2C450","jetpack_publicize_connections":[],"jetpack_sharing_enabled":true,"jetpack_likes_enabled":true,"jetpack-related-posts":[{"id":11413,"url":"http:\/\/astehshop.com\/index.php\/product\/hdd-toshiba-surveillance-s300-hdwt720uzsva-za-dvr-nvr-2tb\/","url_meta":{"origin":5935,"position":0},"title":"HDD Toshiba Surveillance S300 HDWT720UZSVA za DVR\/NVR 2TB","date":"27. srpnja 2025.","format":false,"excerpt":"Kod sistema za nadzor, ni\u0161ta osim najboljeg nije dovoljno dobro. Toshiba 3,5-in\u010dni S300 je napravljen da zadovolji najvi\u0161e zahtjeve. Sa podr\u0161kom za do 32 nadzorne video kamere visoke rezolucije istovremeno i kapacitetom od 2 TB, sve stavlja na jasan pogled. Svaki S300 je napravljen od najkvalitetnijih komponenti i pro\u0161ao je\u2026","rel":"","context":"Srodne objave","img":{"alt_text":"","src":"https:\/\/i0.wp.com\/astehshop.com\/wp-content\/uploads\/2025\/07\/HDD-Toshiba-Surveillance-S300-HDWT720UZSVA-for-DVR-NVR-2TB.jpg?fit=1000%2C1000&resize=350%2C200","width":350,"height":200},"classes":[]},{"id":6276,"url":"http:\/\/astehshop.com\/index.php\/product\/hard-disk-4-tb-wd40purz-namijenjen-da-radi-24h-dnevno\/","url_meta":{"origin":5935,"position":1},"title":"Hard disk 4 TB WD40PURZ namijenjen da radi 24h dnevno","date":"9. travnja 2022.","format":false,"excerpt":"HDD AV WD Purple (3.5\u201d, 4TB, 64MB, 5400 RPM, SATA 6 Gb\/s)","rel":"","context":"Srodne objave","img":{"alt_text":"","src":"https:\/\/i2.wp.com\/astehshop.com\/wp-content\/uploads\/2022\/04\/WD40PURZ.jpeg?fit=550%2C550&resize=350%2C200","width":350,"height":200},"classes":[]},{"id":10382,"url":"http:\/\/astehshop.com\/index.php\/product\/toshiba-1tb-external-hdd-2-5-usb-3-0\/","url_meta":{"origin":5935,"position":2},"title":"Toshiba 1TB External HDD 2.5&#8243; USB 3.0","date":"15. svibnja 2025.","format":false,"excerpt":"Toshiba 1TB External HDD\u00a02.5\" USB 3.0 1TB, 2.5\" external hard drive, Matt finish, SuperSpeed USB 3.2 Gen 1, USB-powered, Max. transfer rate ~ 5.0 Gbit\/s, Color Black","rel":"","context":"Srodne objave","img":{"alt_text":"","src":"https:\/\/i2.wp.com\/astehshop.com\/wp-content\/uploads\/2025\/05\/15931-Toshiba-Canvio-Basics-25-1TB-USB-30-ext-HDD-2.jpg?fit=450%2C450&resize=350%2C200","width":350,"height":200},"classes":[]},{"id":7610,"url":"http:\/\/astehshop.com\/index.php\/product\/hdd-2-5-od-320gb-do-2tb-polovni\/","url_meta":{"origin":5935,"position":3},"title":"HDD 2.5&#8243; od 320GB do 2TB &#8211; polovni","date":"24. travnja 2023.","format":false,"excerpt":"Na prodaju razni HDD 2.5\" polovni od 320GB pa sve do 2TB Cijene istaknute na slici","rel":"","context":"Srodne objave","img":{"alt_text":"","src":"https:\/\/i0.wp.com\/astehshop.com\/wp-content\/uploads\/2023\/04\/bitmap_\u0421\u043b\u043e\u0458-1.png?fit=999%2C1200&resize=350%2C200","width":350,"height":200},"classes":[]},{"id":11415,"url":"http:\/\/astehshop.com\/index.php\/product\/hdd-toshiba-surveillance-s300-hdwt860uzsva-za-dvr-nvr-6tb\/","url_meta":{"origin":5935,"position":4},"title":"HDD Toshiba Surveillance S300 HDWT860UZSVA za DVR\/NVR 6TB","date":"27. srpnja 2025.","format":false,"excerpt":"Kod sistema za nadzor, ni\u0161ta osim najboljeg nije dovoljno dobro. Toshiba 3,5-in\u010dni S300 je napravljen da zadovolji najvi\u0161e zahtjeve. Sa podr\u0161kom za do 64 nadzorne video kamere visoke rezolucije istovremeno i kapacitetom od 6 TB, sve stavlja na jasan pogled. Svaki S300 je napravljen od najkvalitetnijih komponenti i pro\u0161ao je\u2026","rel":"","context":"Srodne objave","img":{"alt_text":"","src":"https:\/\/i2.wp.com\/astehshop.com\/wp-content\/uploads\/2025\/07\/disk-toshiba-6-tb.png?fit=640%2C640&resize=350%2C200","width":350,"height":200},"classes":[]},{"id":11057,"url":"http:\/\/astehshop.com\/index.php\/product\/hdd-1-tb-wd10eurx-p\/","url_meta":{"origin":5935,"position":5},"title":"HDD 1 TB WD10EURX-P","date":"15. srpnja 2025.","format":false,"excerpt":"HDD 1 TB, WD10EURX-P, WD HDD 1TB SATA3 64MB Pull","rel":"","context":"Srodne objave","img":{"alt_text":"","src":"https:\/\/i2.wp.com\/astehshop.com\/wp-content\/uploads\/2025\/07\/0105533_hdd-1-tb-wd10eurx-p-wd-hdd-1tb-sata3-64mb-pull-1-god.jpeg?fit=900%2C900&resize=350%2C200","width":350,"height":200},"classes":[]}],"_links":{"self":[{"href":"http:\/\/astehshop.com\/index.php\/wp-json\/wp\/v2\/product\/5935"}],"collection":[{"href":"http:\/\/astehshop.com\/index.php\/wp-json\/wp\/v2\/product"}],"about":[{"href":"http:\/\/astehshop.com\/index.php\/wp-json\/wp\/v2\/types\/product"}],"replies":[{"embeddable":true,"href":"http:\/\/astehshop.com\/index.php\/wp-json\/wp\/v2\/comments?post=5935"}],"wp:featuredmedia":[{"embeddable":true,"href":"http:\/\/astehshop.com\/index.php\/wp-json\/wp\/v2\/media\/5936"}],"wp:attachment":[{"href":"http:\/\/astehshop.com\/index.php\/wp-json\/wp\/v2\/media?parent=5935"}],"wp:term":[{"taxonomy":"product_cat","embeddable":true,"href":"http:\/\/astehshop.com\/index.php\/wp-json\/wp\/v2\/product_cat?post=5935"},{"taxonomy":"product_tag","embeddable":true,"href":"http:\/\/astehshop.com\/index.php\/wp-json\/wp\/v2\/product_tag?post=5935"}],"curies":[{"name":"wp","href":"https:\/\/api.w.org\/{rel}","templated":true}]}}