{"id":5860,"date":"2022-01-23T15:23:14","date_gmt":"2022-01-23T14:23:14","guid":{"rendered":"http:\/\/astehshop.com\/?post_type=product&#038;p=5860"},"modified":"2023-09-24T11:13:34","modified_gmt":"2023-09-24T09:13:34","slug":"razvodna-kutija-nadzbuk-100x100-vodonepropusna-ip55","status":"publish","type":"product","link":"https:\/\/astehshop.com\/trgovina\/videonadzor\/razvodne-kutije\/razvodna-kutija-nadzbuk-100x100-vodonepropusna-ip55\/","title":{"rendered":"Razvodna kutija nad\u017ebuk 100&#215;100, vodonepropusna, IP55"},"content":{"rendered":"<p>Razvodna kutija nad\u017ebuk, dimenzija 100x100x45, 7 ulaza \u00d8 20mm, vodonepropusna, IP55.<\/p>\n","protected":false},"excerpt":{"rendered":"<p>Razvodna kutija nad\u017ebuk, dimenzija 100x100x45, 7 ulaza \u00d8 20mm, vodonepropusna, IP55.<\/p>\n","protected":false},"featured_media":5861,"comment_status":"open","ping_status":"closed","template":"","meta":[],"product_brand":[],"product_cat":[3707],"product_tag":[3710,3708,3709],"class_list":{"0":"post-5860","1":"product","2":"type-product","3":"status-publish","4":"has-post-thumbnail","6":"product_cat-razvodne-kutije","7":"product_tag-ip55","8":"product_tag-razvodna-kutija-nadzbuk-100x100","9":"product_tag-vodonepropusna","11":"first","12":"outofstock","13":"shipping-taxable","14":"purchasable","15":"product-type-simple"},"_links":{"self":[{"href":"https:\/\/astehshop.com\/wp-json\/wp\/v2\/product\/5860","targetHints":{"allow":["GET"]}}],"collection":[{"href":"https:\/\/astehshop.com\/wp-json\/wp\/v2\/product"}],"about":[{"href":"https:\/\/astehshop.com\/wp-json\/wp\/v2\/types\/product"}],"replies":[{"embeddable":true,"href":"https:\/\/astehshop.com\/wp-json\/wp\/v2\/comments?post=5860"}],"version-history":[{"count":0,"href":"https:\/\/astehshop.com\/wp-json\/wp\/v2\/product\/5860\/revisions"}],"wp:featuredmedia":[{"embeddable":true,"href":"https:\/\/astehshop.com\/wp-json\/wp\/v2\/media\/5861"}],"wp:attachment":[{"href":"https:\/\/astehshop.com\/wp-json\/wp\/v2\/media?parent=5860"}],"wp:term":[{"taxonomy":"product_brand","embeddable":true,"href":"https:\/\/astehshop.com\/wp-json\/wp\/v2\/product_brand?post=5860"},{"taxonomy":"product_cat","embeddable":true,"href":"https:\/\/astehshop.com\/wp-json\/wp\/v2\/product_cat?post=5860"},{"taxonomy":"product_tag","embeddable":true,"href":"https:\/\/astehshop.com\/wp-json\/wp\/v2\/product_tag?post=5860"}],"curies":[{"name":"wp","href":"https:\/\/api.w.org\/{rel}","templated":true}]}}