{"id":5850,"date":"2022-01-23T15:13:53","date_gmt":"2022-01-23T14:13:53","guid":{"rendered":"http:\/\/astehshop.com\/?post_type=product&#038;p=5850"},"modified":"2023-09-24T11:13:35","modified_gmt":"2023-09-24T09:13:35","slug":"usisavac-sa-posudom-2u1-600-w","status":"publish","type":"product","link":"http:\/\/astehshop.com\/index.php\/product\/usisavac-sa-posudom-2u1-600-w\/","title":{"rendered":"Usisava\u010d sa posudom, 2u1, 600 W"},"content":{"rendered":"<p>Usisava\u010d sa posudom, 2u1, snaga 600 W, zapremina 0.9 lit., odli\u010dne performanse \u010di\u0161\u0107enja na tvrdim podovima, teleskopska cijev 0.9 met., du\u017eina kabla 4 met., razina buke 80 dB, lagan, \u010detka za lajsne i namje\u0161taj, jednostavan za upotrebu i skladi\u0161tenje<\/p>\n","protected":false},"excerpt":{"rendered":"<p>Usisava\u010d sa posudom, 2u1, snaga 600 W, zapremina 0.9 lit., odli\u010dne performanse \u010di\u0161\u0107enja na tvrdim podovima, teleskopska cijev 0.9 met., du\u017eina kabla 4 met., razina buke 80 dB, lagan, \u010detka za lajsne i namje\u0161taj, jednostavan za upotrebu i skladi\u0161tenje<\/p>\n","protected":false},"featured_media":5851,"comment_status":"open","ping_status":"closed","template":"","meta":{"_mi_skip_tracking":false,"_exactmetrics_sitenote_active":false,"_exactmetrics_sitenote_note":"","_exactmetrics_sitenote_category":0,"spay_email":""},"product_cat":[3697],"product_tag":[3700,3701,3699,3698],"brands":[],"df_price":100,"df_sale_price":"","df_regular_price":100,"df_image_link":"https:\/\/i1.wp.com\/astehshop.com\/wp-content\/uploads\/2022\/01\/Usisavac-sa-posudom-2u1-600-W.png?fit=450%2C450","jetpack_publicize_connections":[],"jetpack_sharing_enabled":true,"jetpack_likes_enabled":true,"jetpack-related-posts":[{"id":7654,"url":"http:\/\/astehshop.com\/index.php\/product\/usisavac-sa-posudom-700-w-hepa-filter\/","url_meta":{"origin":5850,"position":0},"title":"Usisava\u010d sa posudom, 700 W, HEPA filter","date":"30. travnja 2023.","format":false,"excerpt":"Usisava\u010d sa posudom, snaga motora 700 W, HEPA 13 filter, Multi-stage filtracija, kontrola protoka zraka na ru\u010dki, zakretni ko\u010dki\u0107i, automatsko namotavanje kabela, fleksibilno i okretno crijevo za 360\u00b0, kapacitet posude za pra\u0161inu 2.5 lit., jedan klik za osloba\u0111anje posude za pra\u0161inu, razina buke 79 dB Pribor: metalna cijev iz dva\u2026","rel":"","context":"Srodne objave","img":{"alt_text":"","src":"https:\/\/i0.wp.com\/astehshop.com\/wp-content\/uploads\/2023\/04\/usisivac-2.png?fit=1116%2C1200&resize=350%2C200","width":350,"height":200},"classes":[]},{"id":6553,"url":"http:\/\/astehshop.com\/index.php\/product\/aparat-za-vafle-520w\/","url_meta":{"origin":5850,"position":1},"title":"Aparat za vafle, 520W","date":"13. studenoga 2022.","format":false,"excerpt":"Aparat za izradu vafli, snaga grija\u010da 520W, izrada 4 \u010da\u0161ice istovremeno, podloga sa slojem protiv ljepljenja namirnica, toplinski izolirane dr\u0161ke, sistem za zaklju\u010davanje, signalna lampica, za\u0161tita protiv pregrijavanja, du\u017eina napojnog kabla 70cm","rel":"","context":"Srodne objave","img":{"alt_text":"","src":"https:\/\/i2.wp.com\/astehshop.com\/wp-content\/uploads\/2022\/11\/Aparat-za-vafle.jpg?fit=1200%2C1142&resize=350%2C200","width":350,"height":200},"classes":[]},{"id":6502,"url":"http:\/\/astehshop.com\/index.php\/product\/kamin-elektricni-1200w-led-svjetlo-ventilator-fkk-07\/","url_meta":{"origin":5850,"position":2},"title":"Kamin, elektri\u010dni, 1200W, LED svjetlo, ventilator FKK 07","date":"12. studenoga 2022.","format":false,"excerpt":"Elektri\u010dni kamin je odli\u010dan izvor primarnog grijanja domova. Smanjuje pritisak po\u010detkom sezone grijanja, kada jo\u0161 nije toliko hladno i uz pomo\u0107 termostata odr\u017eat \u0107e Va\u0161 dom ugodno toplim. Elektri\u010dni kamin mo\u017eda nema \u0161arm tradicionalnog kamina, ali je puno zahvalniji za odr\u017eavanje i jednostavniji za upotrebu. U usporedbi s tradicionalnim kaminima\u2026","rel":"","context":"Srodne objave","img":{"alt_text":"","src":"https:\/\/i2.wp.com\/astehshop.com\/wp-content\/uploads\/2022\/11\/FKK-07.png?fit=1200%2C1158&resize=350%2C200","width":350,"height":200},"classes":[]},{"id":7652,"url":"http:\/\/astehshop.com\/index.php\/product\/usisavac-za-suho-mokro-usisavanje-1600-w-siva\/","url_meta":{"origin":5850,"position":3},"title":"Usisava\u010d za suho\/mokro usisavanje, 1600 W, siva","date":"30. travnja 2023.","format":false,"excerpt":"Usisava\u010d za suho i mokro usisavanje, snaga 1600 W, kapacitet posude za pra\u0161inju ( platnena vre\u0107ica, uklju\u0107ena u pakiranje ), 8 lit, kontrola brzine na tijelu usisava\u010da, \u010detka sa kota\u010di\u0107ima pogodna za usisavanje tepiha i podova, dugotrajni samoventiliraju\u0107i motor. Usisava\u010d sa vodenim filterom pored odli\u010dnih rezultata \u010di\u0161\u0107enja je idealan izbor\u2026","rel":"","context":"Srodne objave","img":{"alt_text":"","src":"https:\/\/i2.wp.com\/astehshop.com\/wp-content\/uploads\/2023\/04\/Usisavac-za-suho-mokro-usisavanje-1600-W-siva.png?fit=1172%2C1200&resize=350%2C200","width":350,"height":200},"classes":[]},{"id":6551,"url":"http:\/\/astehshop.com\/index.php\/product\/toster-750w\/","url_meta":{"origin":5850,"position":4},"title":"Toster, 750W","date":"13. studenoga 2022.","format":false,"excerpt":"Toster za sendvi\u010d, snaga 750W, presvu\u010dene neljepljive plate, mo\u017ee se odlo\u017eiti u vertikalnom polo\u017eaju, termostat, svjetlosni indikator rada, ru\u010dka za bolje rukovanje, za\u0161tita od pregrijavanja, za spravljanje dva sendvi\u010da u isto vrijeme, du\u017eina napojnog kabla 85cm, napajanje 230V \/ 50Hz","rel":"","context":"Srodne objave","img":{"alt_text":"","src":"https:\/\/i1.wp.com\/astehshop.com\/wp-content\/uploads\/2022\/11\/toster-1.jpg?fit=1200%2C1079&resize=350%2C200","width":350,"height":200},"classes":[]},{"id":4838,"url":"http:\/\/astehshop.com\/index.php\/product\/ruksak-mi-casual-daypack-black\/","url_meta":{"origin":5850,"position":5},"title":"Ruksak Mi Casual Daypack Black","date":"29. rujna 2020.","format":false,"excerpt":"Ruksak za laptop, max. veli\u010dina laptopa 14\", podesive naramenice, materijal izrade poliester, otporan na habanje i vodootporan, jednostavan dizajn, ventilirana le\u0111a, lagan , kompaktan sa pregradama za mobitel, nov\u010danik, power bank itd...","rel":"","context":"Srodne objave","img":{"alt_text":"","src":"https:\/\/i2.wp.com\/astehshop.com\/wp-content\/uploads\/2020\/09\/Mi-Casual-Daypack-Black.png?fit=1200%2C1200&resize=350%2C200","width":350,"height":200},"classes":[]}],"_links":{"self":[{"href":"http:\/\/astehshop.com\/index.php\/wp-json\/wp\/v2\/product\/5850"}],"collection":[{"href":"http:\/\/astehshop.com\/index.php\/wp-json\/wp\/v2\/product"}],"about":[{"href":"http:\/\/astehshop.com\/index.php\/wp-json\/wp\/v2\/types\/product"}],"replies":[{"embeddable":true,"href":"http:\/\/astehshop.com\/index.php\/wp-json\/wp\/v2\/comments?post=5850"}],"wp:featuredmedia":[{"embeddable":true,"href":"http:\/\/astehshop.com\/index.php\/wp-json\/wp\/v2\/media\/5851"}],"wp:attachment":[{"href":"http:\/\/astehshop.com\/index.php\/wp-json\/wp\/v2\/media?parent=5850"}],"wp:term":[{"taxonomy":"product_cat","embeddable":true,"href":"http:\/\/astehshop.com\/index.php\/wp-json\/wp\/v2\/product_cat?post=5850"},{"taxonomy":"product_tag","embeddable":true,"href":"http:\/\/astehshop.com\/index.php\/wp-json\/wp\/v2\/product_tag?post=5850"}],"curies":[{"name":"wp","href":"https:\/\/api.w.org\/{rel}","templated":true}]}}