{"id":5848,"date":"2022-01-23T10:00:55","date_gmt":"2022-01-23T09:00:55","guid":{"rendered":"http:\/\/astehshop.com\/?post_type=product&#038;p=5848"},"modified":"2023-09-24T11:13:36","modified_gmt":"2023-09-24T09:13:36","slug":"4k-hdmi-splitter-razdjelnik-1-hdmi-ulaz-8-hdmi-izlaza","status":"publish","type":"product","link":"http:\/\/astehshop.com\/index.php\/product\/4k-hdmi-splitter-razdjelnik-1-hdmi-ulaz-8-hdmi-izlaza\/","title":{"rendered":"4K HDMI Splitter (Razdjelnik) | 1 HDMI Ulaz | 8 HDMI Izlaza"},"content":{"rendered":"<p>EDISION 4K HDMI Splitter (Razdjelnik) 1&#215;8 se koristi kako bi jedan HDMI izvor distribuirali na 8 HDMI ure\u0111aja.<br \/>\nRazdjelnik omogu\u0107uje jednostavno dijeljenje slike i zvuka s jednog HDMI ure\u0111aja na 8 HDMI televizora ili monitora.<br \/>\nMo\u017ee se postaviti i na kraju dugog HDMI kabela kako bi regenerirao izgubljeni HDMI signal.<br \/>\nPodr\u017eava rezoluciju do 3840&#215;2160\/30HZ.<\/p>\n<p>Tehni\u010dke karakteristike:<br \/>\n&#8211; HDMI 1 Ulaz \/ 8 Izlaza<br \/>\n&#8211; Plug and Play<br \/>\n&#8211; HDMI verzija 1.4b<br \/>\n&#8211; Podr\u017eava 3D<br \/>\n&#8211; Podr\u017eava HDCP<br \/>\n&#8211; Dubina boje 8\/10\/12bit<br \/>\n&#8211; Max Bandwidth 340MHz<br \/>\n&#8211; Max Baud Rate 3.4Gbps<br \/>\n&#8211; Audio Format: DTS-HD\/Dolby trueHD \/DTS \/ Dolby-AC3 \/ DSD<br \/>\n&#8211; Maksimalna du\u017eina HDMI Kabela: 10m na ulazu i izlazu, bez poja\u010dala. Za HDMI Kabele du\u017ee od 10m potrebni su ili Aktivni HDMI kabel ili HDMI poja\u010dalo.<br \/>\n&#8211; Dolazi s eksternim napajanjem: DC5V<br \/>\n&#8211; Max radna struja: 500mA<br \/>\n&#8211; Raspon radne temperature: -15 to +55 C<br \/>\n&#8211; Vla\u017enost: 5 to 90%RH (Bez kondenzacije)<br \/>\n&#8211; Dimenzije (D x \u0160 x V): 205x60x18 mm<\/p>\n<p>U pakiranju dolazi:<br \/>\n1. 4K HDMI Splitter 1&#215;4<br \/>\n2. Strujni Adapter AC (50HZ, 60HZ) 100V-240V \/ DC5V<br \/>\n3. Uputstvo za upotrebu<\/p>\n","protected":false},"excerpt":{"rendered":"<p>EDISION 4K HDMI Splitter (Razdjelnik) 1&#215;8 se koristi kako bi jedan HDMI izvor distribuirali na 8 HDMI ure\u0111aja.<br \/>\nRazdjelnik omogu\u0107uje jednostavno dijeljenje slike i zvuka s jednog HDMI ure\u0111aja na 8 HDMI televizora ili monitora.<br \/>\nMo\u017ee se postaviti i na kraju dugog HDMI kabela kako bi regenerirao izgubljeni HDMI signal.<br \/>\nPodr\u017eava rezoluciju do 3840&#215;2160\/30HZ.<\/p>\n<p>Tehni\u010dke karakteristike:<br \/>\n&#8211; HDMI 1 Ulaz \/ 8 Izlaza<br \/>\n&#8211; Plug and Play<br \/>\n&#8211; HDMI verzija 1.4b<br \/>\n&#8211; Podr\u017eava 3D<br \/>\n&#8211; Podr\u017eava HDCP<br \/>\n&#8211; Dubina boje 8\/10\/12bit<br \/>\n&#8211; Max Bandwidth 340MHz<br \/>\n&#8211; Max Baud Rate 3.4Gbps<br \/>\n&#8211; Audio Format: DTS-HD\/Dolby trueHD \/DTS \/ Dolby-AC3 \/ DSD<br \/>\n&#8211; Maksimalna du\u017eina HDMI Kabela: 10m na ulazu i izlazu, bez poja\u010dala. Za HDMI Kabele du\u017ee od 10m potrebni su ili Aktivni HDMI kabel ili HDMI poja\u010dalo.<br \/>\n&#8211; Dolazi s eksternim napajanjem: DC5V<br \/>\n&#8211; Max radna struja: 500mA<br \/>\n&#8211; Raspon radne temperature: -15 to +55 C<br \/>\n&#8211; Vla\u017enost: 5 to 90%RH (Bez kondenzacije)<br \/>\n&#8211; Dimenzije (D x \u0160 x V): 205x60x18 mm<\/p>\n<p>U pakiranju dolazi:<br \/>\n1. 4K HDMI Splitter 1&#215;4<br \/>\n2. Strujni Adapter AC (50HZ, 60HZ) 100V-240V \/ DC5V<br \/>\n3. Uputstvo za upotrebu<\/p>\n","protected":false},"featured_media":5849,"comment_status":"open","ping_status":"closed","template":"","meta":{"_mi_skip_tracking":false,"_exactmetrics_sitenote_active":false,"_exactmetrics_sitenote_note":"","_exactmetrics_sitenote_category":0,"spay_email":""},"product_cat":[3694],"product_tag":[3696,3695],"brands":[],"df_price":160,"df_sale_price":"","df_regular_price":160,"df_image_link":"https:\/\/i0.wp.com\/astehshop.com\/wp-content\/uploads\/2022\/01\/hdmi-na-8.jpg?fit=300%2C234","jetpack_publicize_connections":[],"jetpack_sharing_enabled":true,"jetpack_likes_enabled":true,"jetpack-related-posts":[{"id":8744,"url":"http:\/\/astehshop.com\/index.php\/product\/nedis-hdmi-razdjelnik-8-portni-1x-hdmi-ulaz-8x-hdmi-izlaz\/","url_meta":{"origin":5848,"position":0},"title":"NEDIS HDMI Razdjelnik | 8-portni | 1x HDMI Ulaz &#8211; 8x HDMI Izlaz","date":"10. sije\u010dnja 2024.","format":false,"excerpt":"Filmove, prezentacije, slike ili drugi sadr\u017eaj s HDMI \u2122 ure\u0111aja istovremeno prika\u017eite na 8 zaslona. HDMI razdjelnik poja\u010dava signal, \u0161to vam omogu\u0107uje upotrebu du\u017eih kabela bez pogor\u0161anja signala. Zna\u010dajke \u2022 Podr\u017eava Ultra HD 4K2K@60Hz i 3D \u2022 Podr\u017eava HDCP 2.2 \u2022 Jednostavna instalacija: plug and play \u2022 Podijeli 1 HDMI\u2026","rel":"","context":"Srodne objave","img":{"alt_text":"","src":"https:\/\/i0.wp.com\/astehshop.com\/wp-content\/uploads\/2024\/01\/hdmi-spliter.jpg?fit=400%2C400&resize=350%2C200","width":350,"height":200},"classes":[]},{"id":8020,"url":"http:\/\/astehshop.com\/index.php\/product\/hdmi-splitter-sa-1-na-4-uredaja\/","url_meta":{"origin":5848,"position":1},"title":"HDMI splitter sa 1 na 4 ure\u0111aja","date":"13. kolovoza 2023.","format":false,"excerpt":"HDMI splitter sa 1 na 4 ure\u0111aja","rel":"","context":"Srodne objave","img":{"alt_text":"","src":"https:\/\/i2.wp.com\/astehshop.com\/wp-content\/uploads\/2023\/08\/HDMI-Splitter-4-Port-e1675339302186.jpg?fit=1200%2C979&resize=350%2C200","width":350,"height":200},"classes":[]},{"id":11890,"url":"http:\/\/astehshop.com\/index.php\/product\/uniview-8-kanalni-nvr301-08s3\/","url_meta":{"origin":5848,"position":2},"title":"UniView 8 kanalni NVR301-08S3","date":"31. listopada 2025.","format":false,"excerpt":"Podr\u017eava Ultra 265\/H.265\/H.264 video formate \u2022 4\/8\/16-kanalni ulaz \u2022 Podr\u017eava 1-kanalni HDMI, 1-kanalni VGA, HDMI u rezoluciji do 4K (3840x2160) \u2022 Simultani HDMI i VGA izlaz \u2022 Snimanje u rezoluciji do 4K \u2022 Podr\u017eava nadogradnju u oblak","rel":"","context":"Srodne objave","img":{"alt_text":"","src":"https:\/\/i2.wp.com\/astehshop.com\/wp-content\/uploads\/2025\/10\/NVR301-08S3.png?fit=600%2C338&resize=350%2C200","width":350,"height":200},"classes":[]},{"id":8545,"url":"http:\/\/astehshop.com\/index.php\/product\/unv-mrezni-snimac-nvr301-s3-series\/","url_meta":{"origin":5848,"position":3},"title":"UNV mre\u017eni snima\u010d 4 kanala NVR301-S3 Series","date":"10. studenoga 2023.","format":false,"excerpt":"Podr\u017eava Ultra 265\/H.265\/H.264 video formate 4\/8\/16-kanalni ulaz Podr\u017eava glavne kamere uskla\u0111ene sa ONVIF (profil S, profil G, profil T) i RTSP protokole Podr\u017eava 1-kanalni HDMI, 1-kanalni VGA, HDMI do 4K (3840x2160) rezolucije HDMI i VGA simultani izlaz Snimanje u rezoluciji do 4K 1 SATA HDD do 8TB Podr\u0161ka nadogradnji oblaka","rel":"","context":"Srodne objave","img":{"alt_text":"","src":"https:\/\/i1.wp.com\/astehshop.com\/wp-content\/uploads\/2023\/11\/NVR301-S3-Series.jpg?fit=510%2C348&resize=350%2C200","width":350,"height":200},"classes":[]},{"id":8547,"url":"http:\/\/astehshop.com\/index.php\/product\/unv-mrezni-snimac-8-kanala-nvr301-s3-series\/","url_meta":{"origin":5848,"position":4},"title":"UNV mre\u017eni snima\u010d 8 kanala NVR301-S3 Series","date":"10. studenoga 2023.","format":false,"excerpt":"Podr\u017eava Ultra 265\/H.265\/H.264 video formate 4\/8\/16-kanalni ulaz Podr\u017eava glavne kamere uskla\u0111ene sa ONVIF (profil S, profil G, profil T) i RTSP protokole Podr\u017eava 1-kanalni HDMI, 1-kanalni VGA, HDMI do 4K (3840x2160) rezolucije HDMI i VGA simultani izlaz Snimanje u rezoluciji do 4K 1 SATA HDD do 8TB Podr\u0161ka nadogradnji oblaka","rel":"","context":"Srodne objave","img":{"alt_text":"","src":"https:\/\/i1.wp.com\/astehshop.com\/wp-content\/uploads\/2023\/11\/NVR301-S3-Series.jpg?fit=510%2C348&resize=350%2C200","width":350,"height":200},"classes":[]},{"id":8543,"url":"http:\/\/astehshop.com\/index.php\/product\/unv-mrezni-poe-snimac-nvr301-ls3-p8\/","url_meta":{"origin":5848,"position":5},"title":"UNV mre\u017eni POE snima\u010d NVR301-LS3-P8","date":"10. studenoga 2023.","format":false,"excerpt":"Podr\u017eava Ultra 265\/H.265\/H.264 video formate 8\/16-kanalni ulaz Plug & Play sa 8 nezavisnih PoE mre\u017enih interfejsa Podr\u017eava glavne kamere uskla\u0111ene sa ONVIF (profil S, profil G, profil T) i RTSP protokole Podr\u017eava 1-kanalni HDMI, 1-kanalni VGA, HDMI do 4K (3840x2160) rezolucije HDMI i VGA simultani izlaz Snimanje u rezoluciji do\u2026","rel":"","context":"Srodne objave","img":{"alt_text":"","src":"https:\/\/i0.wp.com\/astehshop.com\/wp-content\/uploads\/2023\/11\/NVR301-LS3-P8.jpg?fit=510%2C348&resize=350%2C200","width":350,"height":200},"classes":[]}],"_links":{"self":[{"href":"http:\/\/astehshop.com\/index.php\/wp-json\/wp\/v2\/product\/5848"}],"collection":[{"href":"http:\/\/astehshop.com\/index.php\/wp-json\/wp\/v2\/product"}],"about":[{"href":"http:\/\/astehshop.com\/index.php\/wp-json\/wp\/v2\/types\/product"}],"replies":[{"embeddable":true,"href":"http:\/\/astehshop.com\/index.php\/wp-json\/wp\/v2\/comments?post=5848"}],"wp:featuredmedia":[{"embeddable":true,"href":"http:\/\/astehshop.com\/index.php\/wp-json\/wp\/v2\/media\/5849"}],"wp:attachment":[{"href":"http:\/\/astehshop.com\/index.php\/wp-json\/wp\/v2\/media?parent=5848"}],"wp:term":[{"taxonomy":"product_cat","embeddable":true,"href":"http:\/\/astehshop.com\/index.php\/wp-json\/wp\/v2\/product_cat?post=5848"},{"taxonomy":"product_tag","embeddable":true,"href":"http:\/\/astehshop.com\/index.php\/wp-json\/wp\/v2\/product_tag?post=5848"}],"curies":[{"name":"wp","href":"https:\/\/api.w.org\/{rel}","templated":true}]}}