{"id":5846,"date":"2022-01-23T09:55:57","date_gmt":"2022-01-23T08:55:57","guid":{"rendered":"http:\/\/astehshop.com\/?post_type=product&#038;p=5846"},"modified":"2023-09-24T11:13:36","modified_gmt":"2023-09-24T09:13:36","slug":"drzac-za-mobitel-za-bicikl-ads-120-crni","status":"publish","type":"product","link":"http:\/\/astehshop.com\/index.php\/product\/drzac-za-mobitel-za-bicikl-ads-120-crni\/","title":{"rendered":"Dr\u017ea\u010d za mobitel za bicikl ADS-120 Crni"},"content":{"rendered":"<p>Univerzalni dr\u017ea\u010d za mobitel za bicikl i motocikl<br \/>\nProizvo\u0111a\u010d: Addison<br \/>\nModel: ADS-120<br \/>\nBoja: Crna<br \/>\nOdgovara za sve vrste mobitela<\/p>\n","protected":false},"excerpt":{"rendered":"<p>Univerzalni dr\u017ea\u010d za mobitel za bicikl i motocikl<br \/>\nProizvo\u0111a\u010d: Addison<br \/>\nModel: ADS-120<br \/>\nBoja: Crna<br \/>\nOdgovara za sve vrste mobitela<\/p>\n","protected":false},"featured_media":5847,"comment_status":"open","ping_status":"closed","template":"","meta":{"_mi_skip_tracking":false,"_exactmetrics_sitenote_active":false,"_exactmetrics_sitenote_note":"","_exactmetrics_sitenote_category":0,"spay_email":""},"product_cat":[3688],"product_tag":[3693],"brands":[],"df_price":21,"df_sale_price":"","df_regular_price":21,"df_image_link":"https:\/\/i0.wp.com\/astehshop.com\/wp-content\/uploads\/2022\/01\/rzac-za-mobitel-za-bicikl-ADS-120-Crni.jpg?fit=450%2C321","jetpack_publicize_connections":[],"jetpack_sharing_enabled":true,"jetpack_likes_enabled":true,"jetpack-related-posts":[{"id":6802,"url":"http:\/\/astehshop.com\/index.php\/product\/torba-za-laptop-dr-500\/","url_meta":{"origin":5846,"position":0},"title":"Torba za Laptop DR-500","date":"22. studenoga 2022.","format":false,"excerpt":"Torba za Laptop Proizvo\u0111a\u010d: Snopy Model: DR-500 Boja: Crna Veli\u010dina Laptopa: do 15,6\"","rel":"","context":"Srodne objave","img":{"alt_text":"","src":"https:\/\/i2.wp.com\/astehshop.com\/wp-content\/uploads\/2022\/11\/Torba-za-Laptop-DR-500.jpg?fit=946%2C757&resize=350%2C200","width":350,"height":200},"classes":[]},{"id":7650,"url":"http:\/\/astehshop.com\/index.php\/product\/drzac-kartica-za-hotele-apartmane\/","url_meta":{"origin":5846,"position":1},"title":"Dr\u017ea\u010d kartica za hotele \/ apartmane","date":"30. travnja 2023.","format":false,"excerpt":"Dr\u017ea\u010d kartica za hotele \/ apartmane, radna volta\u017ea 50\/60Hz AC 120-240V, maksimalno optere\u0107enje 30A, radna snaga do maksimalno 6000W, radna temperatura -10 do 60\u00b0, vrijeme ka\u0161njenja isklju\u010denja 10-20 sekundi. Radi sa RF, HID i sli\u010dnim karticama.","rel":"","context":"Srodne objave","img":{"alt_text":"","src":"https:\/\/i1.wp.com\/astehshop.com\/wp-content\/uploads\/2023\/04\/drzac-za-kartice.png?fit=946%2C890&resize=350%2C200","width":350,"height":200},"classes":[]},{"id":3248,"url":"http:\/\/astehshop.com\/index.php\/product\/torba-za-laptop-dr-500-samo-16-km-astehshop\/","url_meta":{"origin":5846,"position":2},"title":"Torba za laptop DR-500 samo 16 KM AstehShop","date":"19. velja\u010de 2019.","format":false,"excerpt":"Torba za Laptop Proizvo\u0111a\u010d: Snopy Model: DR-500 Boja: Crna Veli\u010dina Laptopa: do 15,6\" Dostava 24\/48 h","rel":"","context":"Srodne objave","img":{"alt_text":"","src":"https:\/\/i1.wp.com\/astehshop.com\/wp-content\/uploads\/2019\/02\/dr500.jpg?fit=700%2C500&resize=350%2C200","width":350,"height":200},"classes":[]},{"id":6079,"url":"http:\/\/astehshop.com\/index.php\/product\/plasticna-nadgradna-kutija-za-kamere-rbox-odgovara-za-sve-modele-kamera\/","url_meta":{"origin":5846,"position":3},"title":"Plasti\u010dna nadgradna kutija za kamere RBOX &#8211; odgovara za sve modele kamera","date":"20. velja\u010de 2022.","format":false,"excerpt":"Ova kutija ja odli\u010dna za za\u0161titu konektora i kablova od kamere od ki\u0161e, vremenskih neprilika kao i naleta vjetra. Dobar kvalitet dolazi od dobrih materijala. Transparetna. Odli\u010dan dizajn odgovara za sve modele kamera. Boja prljavo bijela \u00a0","rel":"","context":"Srodne objave","img":{"alt_text":"","src":"https:\/\/i2.wp.com\/astehshop.com\/wp-content\/uploads\/2022\/02\/rbox.jpg?fit=500%2C500&resize=350%2C200","width":350,"height":200},"classes":[]},{"id":11348,"url":"http:\/\/astehshop.com\/index.php\/product\/univerzalni-nosac-drzac-za-biciklo-esperanza-sand-l\/","url_meta":{"origin":5846,"position":4},"title":"Univerzalni nosa\u010d dr\u017ea\u010d za biciklo ESPERANZA SAND L","date":"23. srpnja 2025.","format":false,"excerpt":"Kompatibilan s ve\u0107inom biciklisti\u010dkih upravlja\u010da Rotacija: 360\u00b0 - fleksibilno pode\u0161avanje polo\u017eaja i ugla Unutarnje dimenzije: 147 \u00d7 75 mm Odgovara telefonima sli\u010dnih dimenzija: iPhone 6, Samsung Galaxy S serije, HTC One, Sony Xperia Z serije, Nokia Lumia 540, LG G serije Idealno za navigaciju, pra\u0107enje treninga ili muziku tokom vo\u017enje","rel":"","context":"Srodne objave","img":{"alt_text":"","src":"https:\/\/i2.wp.com\/astehshop.com\/wp-content\/uploads\/2025\/07\/0086227_univerzalni-nosac-drzac-za-biciklo-esperanza-sand-l-za-mobitel-vodootporan-emh115.jpeg?fit=450%2C450&resize=350%2C200","width":350,"height":200},"classes":[]},{"id":6427,"url":"http:\/\/astehshop.com\/index.php\/product\/fiksna-polica-za-soho-rack-ormare-crna\/","url_meta":{"origin":5846,"position":5},"title":"Fiksna polica za SOHO rack ormare, crna","date":"20. listopada 2022.","format":false,"excerpt":"Fiksna polica za SOHO rack ormare, crna","rel":"","context":"Srodne objave","img":{"alt_text":"","src":"https:\/\/i0.wp.com\/astehshop.com\/wp-content\/uploads\/2022\/10\/modem-raf1.jpg?fit=655%2C655&resize=350%2C200","width":350,"height":200},"classes":[]}],"_links":{"self":[{"href":"http:\/\/astehshop.com\/index.php\/wp-json\/wp\/v2\/product\/5846"}],"collection":[{"href":"http:\/\/astehshop.com\/index.php\/wp-json\/wp\/v2\/product"}],"about":[{"href":"http:\/\/astehshop.com\/index.php\/wp-json\/wp\/v2\/types\/product"}],"replies":[{"embeddable":true,"href":"http:\/\/astehshop.com\/index.php\/wp-json\/wp\/v2\/comments?post=5846"}],"wp:featuredmedia":[{"embeddable":true,"href":"http:\/\/astehshop.com\/index.php\/wp-json\/wp\/v2\/media\/5847"}],"wp:attachment":[{"href":"http:\/\/astehshop.com\/index.php\/wp-json\/wp\/v2\/media?parent=5846"}],"wp:term":[{"taxonomy":"product_cat","embeddable":true,"href":"http:\/\/astehshop.com\/index.php\/wp-json\/wp\/v2\/product_cat?post=5846"},{"taxonomy":"product_tag","embeddable":true,"href":"http:\/\/astehshop.com\/index.php\/wp-json\/wp\/v2\/product_tag?post=5846"}],"curies":[{"name":"wp","href":"https:\/\/api.w.org\/{rel}","templated":true}]}}