{"id":5844,"date":"2022-01-23T09:53:59","date_gmt":"2022-01-23T08:53:59","guid":{"rendered":"http:\/\/astehshop.com\/?post_type=product&#038;p=5844"},"modified":"2023-09-24T11:13:37","modified_gmt":"2023-09-24T09:13:37","slug":"hy-usbc30-type-c-na-audio-adapter","status":"publish","type":"product","link":"http:\/\/astehshop.com\/index.php\/product\/hy-usbc30-type-c-na-audio-adapter\/","title":{"rendered":"HY-USBC30 Type-C na Audio adapter"},"content":{"rendered":"<p>Type-C na Audio AUX 3,5mm prijelaz sa tipkama za kontrolu glasno\u0107e i reproduciranja<\/p>\n<p>Proizvo\u0111a\u010d: Hytech<br \/>\nModel: HY-USBC30<br \/>\nBoja: zlatna<br \/>\nPriklju\u010dci: 1x Type-C, 1x 3,5mm AUX<br \/>\nDu\u017eina kabla: 10cm<br \/>\nBroj tipki: 3<\/p>\n","protected":false},"excerpt":{"rendered":"<p>Type-C na Audio AUX 3,5mm prijelaz sa tipkama za kontrolu glasno\u0107e i reproduciranja<\/p>\n<p>Proizvo\u0111a\u010d: Hytech<br \/>\nModel: HY-USBC30<br \/>\nBoja: zlatna<br \/>\nPriklju\u010dci: 1x Type-C, 1x 3,5mm AUX<br \/>\nDu\u017eina kabla: 10cm<br \/>\nBroj tipki: 3<\/p>\n","protected":false},"featured_media":5845,"comment_status":"open","ping_status":"closed","template":"","meta":{"_mi_skip_tracking":false,"_exactmetrics_sitenote_active":false,"_exactmetrics_sitenote_note":"","_exactmetrics_sitenote_category":0,"spay_email":""},"product_cat":[3688],"product_tag":[3692],"brands":[],"df_price":23,"df_sale_price":"","df_regular_price":23,"df_image_link":"https:\/\/i0.wp.com\/astehshop.com\/wp-content\/uploads\/2022\/01\/HY-USBC30-Type-C-na-Audio-adapter.jpg?fit=450%2C321","jetpack_publicize_connections":[],"jetpack_sharing_enabled":true,"jetpack_likes_enabled":true,"jetpack-related-posts":[{"id":5842,"url":"http:\/\/astehshop.com\/index.php\/product\/type-c-na-audio-type-c\/","url_meta":{"origin":5844,"position":0},"title":"Type-C na Audio + Type-C","date":"23. sije\u010dnja 2022.","format":false,"excerpt":"2u1 Adapter Type C na AUX i Type-C Proizvo\u0111a\u010d: S-link Model: SL-TA45M Boja: siva Tip: Type-C na 1x 3,5mm AUX (\u017eenski), 1x Type-C (\u017eenski)","rel":"","context":"Srodne objave","img":{"alt_text":"","src":"https:\/\/i2.wp.com\/astehshop.com\/wp-content\/uploads\/2022\/01\/Type-C-na-Audio-Type-C.jpg?fit=1024%2C1024&resize=350%2C200","width":350,"height":200},"classes":[]},{"id":11080,"url":"http:\/\/astehshop.com\/index.php\/product\/audio-kabl-aux-spiralni-gembird\/","url_meta":{"origin":5844,"position":1},"title":"Audio kabl AUX spiralni GEMBIRD","date":"15. srpnja 2025.","format":false,"excerpt":"Audio kabl AUX spiralni GEMBIRD, 3,5mm stereo to 3,5mm stereo, 1,8m, CCA-405-6","rel":"","context":"Srodne objave","img":{"alt_text":"","src":"https:\/\/i2.wp.com\/astehshop.com\/wp-content\/uploads\/2025\/07\/0088284_audio-kabl-aux-spiralni-gembird-35mm-stereo-to-35mm-stereo-18m-cca-405-6.jpeg?fit=450%2C450&resize=350%2C200","width":350,"height":200},"classes":[]},{"id":7025,"url":"http:\/\/astehshop.com\/index.php\/product\/ovleng-gt67-gaming-headset-black-rgb\/","url_meta":{"origin":5844,"position":2},"title":"OVLENG GT67 Gaming Headset Black RGB","date":"8. prosinca 2022.","format":false,"excerpt":"Over-ear, \u017di\u010dane, Priklju\u010dci: 3,5mm + USB, Du\u017eina kabla: 2m, Speaker size: 40mm, Impedance: 3215, Sensitivity: 1103dB, Frequency range: 20Hz-20KHz, Microphone: 6.0x2.2mm, Sensitivity: -383dB, Impedance: 2.2K,5, RGB","rel":"","context":"Srodne objave","img":{"alt_text":"","src":"https:\/\/i2.wp.com\/astehshop.com\/wp-content\/uploads\/2022\/12\/OVLENG-GT67-Gaming-Headset-Black-RGB.jpeg?fit=1200%2C1198&resize=350%2C200","width":350,"height":200},"classes":[]},{"id":7454,"url":"http:\/\/astehshop.com\/index.php\/product\/laptop-lenovo-thinkpad-t430-i5-3320m-8-120-ssd\/","url_meta":{"origin":5844,"position":3},"title":"Laptop Lenovo ThinkPad T430 i5-3320M \/ 8 \/ 120 SSD","date":"11. o\u017eujka 2023.","format":false,"excerpt":"Procesor: i5-3320M 2.60GHz (do 3.30GHz) RAM: 8GB DDR3 Pohrana: 120GB SSD Grafika: Intel Rezolucija: 1600\u00d7900 Veli\u010dina: 14\u2033 Video izlazi: 1x VGA, 1x mini DisplayPort Priklju\u010dci: 2x USB 2.0, 2x USB 3.0, 1x AUX 3,5mm, 1x RJ-45 Webcam: \u221a BlueTooth: \u221a Fingerprint Reader: x WiFi: \u221a","rel":"","context":"Srodne objave","img":{"alt_text":"","src":"https:\/\/i1.wp.com\/astehshop.com\/wp-content\/uploads\/2023\/03\/img-1678435679-d82813f28d03.jpg?fit=560%2C345&resize=350%2C200","width":350,"height":200},"classes":[]},{"id":8028,"url":"http:\/\/astehshop.com\/index.php\/product\/adapter-prelaz-hdmi-m-na-vga-f-audio-35mm\/","url_meta":{"origin":5844,"position":4},"title":"Adapter prelaz HDMI m na VGA f audio 3,5mm","date":"13. kolovoza 2023.","format":false,"excerpt":"Adapter prelaz HDMI m na VGA f audio 3,5mm","rel":"","context":"Srodne objave","img":{"alt_text":"","src":"https:\/\/i0.wp.com\/astehshop.com\/wp-content\/uploads\/2023\/08\/adapter-hdmi-am-na-vga-f-audio-gembird-a-hdmi-vga-002.jpg?fit=800%2C800&resize=350%2C200","width":350,"height":200},"classes":[]},{"id":10996,"url":"http:\/\/astehshop.com\/index.php\/product\/produzni-kabl-10x-suko-3xusb-1xusb-c\/","url_meta":{"origin":5844,"position":5},"title":"PRODU\u017dNI KABL 10x \u0160uko 3xUSB 1xUSB-C","date":"14. srpnja 2025.","format":false,"excerpt":"AC klasa: 230V, 16A, 3680W Vrsta kabla: 3G 1,5mm2 Du\u017eina kabla: 2m Broj Schuko uti\u010dnica: 10 USB izlaz: 3x USB-A + 1x USB-C USB-C PD: 20W (5V 3A 9V 2A12V 1,66A) Ukupna snaga USB izlaza (USB-A + USB-C): 15,5W","rel":"","context":"Srodne objave","img":{"alt_text":"","src":"https:\/\/i1.wp.com\/astehshop.com\/wp-content\/uploads\/2025\/07\/exts-10s2m-prot_1.jpg?fit=1024%2C768&resize=350%2C200","width":350,"height":200},"classes":[]}],"_links":{"self":[{"href":"http:\/\/astehshop.com\/index.php\/wp-json\/wp\/v2\/product\/5844"}],"collection":[{"href":"http:\/\/astehshop.com\/index.php\/wp-json\/wp\/v2\/product"}],"about":[{"href":"http:\/\/astehshop.com\/index.php\/wp-json\/wp\/v2\/types\/product"}],"replies":[{"embeddable":true,"href":"http:\/\/astehshop.com\/index.php\/wp-json\/wp\/v2\/comments?post=5844"}],"wp:featuredmedia":[{"embeddable":true,"href":"http:\/\/astehshop.com\/index.php\/wp-json\/wp\/v2\/media\/5845"}],"wp:attachment":[{"href":"http:\/\/astehshop.com\/index.php\/wp-json\/wp\/v2\/media?parent=5844"}],"wp:term":[{"taxonomy":"product_cat","embeddable":true,"href":"http:\/\/astehshop.com\/index.php\/wp-json\/wp\/v2\/product_cat?post=5844"},{"taxonomy":"product_tag","embeddable":true,"href":"http:\/\/astehshop.com\/index.php\/wp-json\/wp\/v2\/product_tag?post=5844"}],"curies":[{"name":"wp","href":"https:\/\/api.w.org\/{rel}","templated":true}]}}