{"id":5842,"date":"2022-01-23T09:51:08","date_gmt":"2022-01-23T08:51:08","guid":{"rendered":"http:\/\/astehshop.com\/?post_type=product&#038;p=5842"},"modified":"2022-01-23T09:51:08","modified_gmt":"2022-01-23T08:51:08","slug":"type-c-na-audio-type-c","status":"publish","type":"product","link":"http:\/\/astehshop.com\/index.php\/product\/type-c-na-audio-type-c\/","title":{"rendered":"Type-C na Audio + Type-C"},"content":{"rendered":"<p>2u1 Adapter Type C na AUX i Type-C<\/p>\n<p>Proizvo\u0111a\u010d: S-link<br \/>\nModel: SL-TA45M<br \/>\nBoja: siva<br \/>\nTip: Type-C na 1x 3,5mm AUX (\u017eenski), 1x Type-C (\u017eenski)<\/p>\n","protected":false},"excerpt":{"rendered":"<p>2u1 Adapter Type C na AUX i Type-C<\/p>\n<p>Proizvo\u0111a\u010d: S-link<br \/>\nModel: SL-TA45M<br \/>\nBoja: siva<br \/>\nTip: Type-C na 1x 3,5mm AUX (\u017eenski), 1x Type-C (\u017eenski)<\/p>\n","protected":false},"featured_media":5843,"comment_status":"open","ping_status":"closed","template":"","meta":{"_mi_skip_tracking":false,"_exactmetrics_sitenote_active":false,"_exactmetrics_sitenote_note":"","_exactmetrics_sitenote_category":0,"spay_email":""},"product_cat":[3688],"product_tag":[3691,3689,3690],"brands":[],"df_price":9,"df_sale_price":"","df_regular_price":9,"df_image_link":"https:\/\/i2.wp.com\/astehshop.com\/wp-content\/uploads\/2022\/01\/Type-C-na-Audio-Type-C.jpg?fit=450%2C450","jetpack_publicize_connections":[],"jetpack_sharing_enabled":true,"jetpack_likes_enabled":true,"jetpack-related-posts":[{"id":5844,"url":"http:\/\/astehshop.com\/index.php\/product\/hy-usbc30-type-c-na-audio-adapter\/","url_meta":{"origin":5842,"position":0},"title":"HY-USBC30 Type-C na Audio adapter","date":"23. sije\u010dnja 2022.","format":false,"excerpt":"Type-C na Audio AUX 3,5mm prijelaz sa tipkama za kontrolu glasno\u0107e i reproduciranja Proizvo\u0111a\u010d: Hytech Model: HY-USBC30 Boja: zlatna Priklju\u010dci: 1x Type-C, 1x 3,5mm AUX Du\u017eina kabla: 10cm Broj tipki: 3","rel":"","context":"Srodne objave","img":{"alt_text":"","src":"https:\/\/i0.wp.com\/astehshop.com\/wp-content\/uploads\/2022\/01\/HY-USBC30-Type-C-na-Audio-adapter.jpg?fit=700%2C500&resize=350%2C200","width":350,"height":200},"classes":[]},{"id":5833,"url":"http:\/\/astehshop.com\/index.php\/product\/s-link-sl-4131a-krone-pliers\/","url_meta":{"origin":5842,"position":1},"title":"S-Link SL-4131A Krone Pliers","date":"23. sije\u010dnja 2022.","format":false,"excerpt":"Impact and punch own tool - Phone Krone Pliers Proizvo\u0111a\u010d: S-link Model: SL-4131A Boja: siva","rel":"","context":"Srodne objave","img":{"alt_text":"","src":"https:\/\/i2.wp.com\/astehshop.com\/wp-content\/uploads\/2022\/01\/S-Link-SL-4131A-Krone-Pliers.jpg?fit=700%2C500&resize=350%2C200","width":350,"height":200},"classes":[]},{"id":10936,"url":"http:\/\/astehshop.com\/index.php\/product\/hp-elitedesk-600-g9-mini-desktop\/","url_meta":{"origin":5842,"position":2},"title":"HP EliteDesk 600 G9 Mini Desktop","date":"10. srpnja 2025.","format":false,"excerpt":"Proizvo\u0111a\u010d: HP Model: EliteDesk 600 G9 90W Mini Desktop Procesor: i5-12500T 2.00GHz do 4.40GHz RAM: 16GB DDR4 Pohrana: 256GB NVMe Optika: x Wifi: \u221a Priklju\u010dci: 7x USB, 2x Type-C, 2x DisplayPort, 1x HDMI, 1x RJ-45, 1x 3.5mm","rel":"","context":"Srodne objave","img":{"alt_text":"","src":"https:\/\/i1.wp.com\/astehshop.com\/wp-content\/uploads\/2025\/07\/imagee.png?fit=1024%2C1024&resize=350%2C200","width":350,"height":200},"classes":[]},{"id":10934,"url":"http:\/\/astehshop.com\/index.php\/product\/racunar-dell-7080-mini\/","url_meta":{"origin":5842,"position":3},"title":"RA\u010cUNAR DELL 7080 Mini","date":"10. srpnja 2025.","format":false,"excerpt":"Proizvo\u0111a\u010d: DELL Model: 7080 Mini Procesor: i5-10500T 2.30GHz do 3.80GHz RAM: 8GB DDR4 Pohrana: 256GB m.2 NVMe Optika: NO ODD Wifi: \u221a Priklju\u010dci: 1x Type-C, 2x DisplayPort, 4x USB 3.0, 1x RJ45, 2x 3.5mm","rel":"","context":"Srodne objave","img":{"alt_text":"","src":"https:\/\/i0.wp.com\/astehshop.com\/wp-content\/uploads\/2025\/07\/image-1.jpg?fit=1000%2C1000&resize=350%2C200","width":350,"height":200},"classes":[]},{"id":11067,"url":"http:\/\/astehshop.com\/index.php\/product\/usb-type-c-to-ethernet-lan-adapter\/","url_meta":{"origin":5842,"position":4},"title":"USB Type-C to ethernet LAN adapter","date":"15. srpnja 2025.","format":false,"excerpt":"USB Type-C to ethernet LAN adapter BOROFONE DH7 Ricco 100 Mbps black","rel":"","context":"Srodne objave","img":{"alt_text":"","src":"https:\/\/i2.wp.com\/astehshop.com\/wp-content\/uploads\/2025\/07\/0127329_usb-type-c-to-ethernet-lan-adapter-borofone-dh7-ricco-100-mbps-black.png?fit=900%2C900&resize=350%2C200","width":350,"height":200},"classes":[]},{"id":11069,"url":"http:\/\/astehshop.com\/index.php\/product\/usb-audio-adapter-type-c-to-3-5mm\/","url_meta":{"origin":5842,"position":5},"title":"USB audio adapter Type-C to 3.5mm","date":"15. srpnja 2025.","format":false,"excerpt":"USB audio adapter Type-C to 3.5mm BOROFONE BV15 digital audio converter black","rel":"","context":"Srodne objave","img":{"alt_text":"","src":"https:\/\/i0.wp.com\/astehshop.com\/wp-content\/uploads\/2025\/07\/0127091_usb-audio-adapter-type-c-to-35mm-borofone-bv15-digital-audio-converter-black.png?fit=900%2C900&resize=350%2C200","width":350,"height":200},"classes":[]}],"_links":{"self":[{"href":"http:\/\/astehshop.com\/index.php\/wp-json\/wp\/v2\/product\/5842"}],"collection":[{"href":"http:\/\/astehshop.com\/index.php\/wp-json\/wp\/v2\/product"}],"about":[{"href":"http:\/\/astehshop.com\/index.php\/wp-json\/wp\/v2\/types\/product"}],"replies":[{"embeddable":true,"href":"http:\/\/astehshop.com\/index.php\/wp-json\/wp\/v2\/comments?post=5842"}],"wp:featuredmedia":[{"embeddable":true,"href":"http:\/\/astehshop.com\/index.php\/wp-json\/wp\/v2\/media\/5843"}],"wp:attachment":[{"href":"http:\/\/astehshop.com\/index.php\/wp-json\/wp\/v2\/media?parent=5842"}],"wp:term":[{"taxonomy":"product_cat","embeddable":true,"href":"http:\/\/astehshop.com\/index.php\/wp-json\/wp\/v2\/product_cat?post=5842"},{"taxonomy":"product_tag","embeddable":true,"href":"http:\/\/astehshop.com\/index.php\/wp-json\/wp\/v2\/product_tag?post=5842"}],"curies":[{"name":"wp","href":"https:\/\/api.w.org\/{rel}","templated":true}]}}