{"id":5833,"date":"2022-01-23T09:35:44","date_gmt":"2022-01-23T08:35:44","guid":{"rendered":"http:\/\/astehshop.com\/?post_type=product&#038;p=5833"},"modified":"2022-01-23T09:35:44","modified_gmt":"2022-01-23T08:35:44","slug":"s-link-sl-4131a-krone-pliers","status":"publish","type":"product","link":"http:\/\/astehshop.com\/index.php\/product\/s-link-sl-4131a-krone-pliers\/","title":{"rendered":"S-Link SL-4131A Krone Pliers"},"content":{"rendered":"<p>Impact and punch own tool &#8211; Phone Krone Pliers<\/p>\n<p>Proizvo\u0111a\u010d: S-link<br \/>\nModel: SL-4131A<br \/>\nBoja: siva<\/p>\n","protected":false},"excerpt":{"rendered":"<p>Impact and punch own tool &#8211; Phone Krone Pliers<\/p>\n<p>Proizvo\u0111a\u010d: S-link<br \/>\nModel: SL-4131A<br \/>\nBoja: siva<\/p>\n","protected":false},"featured_media":5834,"comment_status":"open","ping_status":"closed","template":"","meta":{"_mi_skip_tracking":false,"_exactmetrics_sitenote_active":false,"_exactmetrics_sitenote_note":"","_exactmetrics_sitenote_category":0,"spay_email":""},"product_cat":[3681],"product_tag":[3683],"brands":[],"df_price":15,"df_sale_price":"","df_regular_price":15,"df_image_link":"https:\/\/i2.wp.com\/astehshop.com\/wp-content\/uploads\/2022\/01\/S-Link-SL-4131A-Krone-Pliers.jpg?fit=450%2C321","jetpack_publicize_connections":[],"jetpack_sharing_enabled":true,"jetpack_likes_enabled":true,"jetpack-related-posts":[{"id":5842,"url":"http:\/\/astehshop.com\/index.php\/product\/type-c-na-audio-type-c\/","url_meta":{"origin":5833,"position":0},"title":"Type-C na Audio + Type-C","date":"23. sije\u010dnja 2022.","format":false,"excerpt":"2u1 Adapter Type C na AUX i Type-C Proizvo\u0111a\u010d: S-link Model: SL-TA45M Boja: siva Tip: Type-C na 1x 3,5mm AUX (\u017eenski), 1x Type-C (\u017eenski)","rel":"","context":"Srodne objave","img":{"alt_text":"","src":"https:\/\/i2.wp.com\/astehshop.com\/wp-content\/uploads\/2022\/01\/Type-C-na-Audio-Type-C.jpg?fit=1024%2C1024&resize=350%2C200","width":350,"height":200},"classes":[]},{"id":9736,"url":"http:\/\/astehshop.com\/index.php\/product\/mrezni-kabel-60cm-sl-cat606bk-crni\/","url_meta":{"origin":5833,"position":1},"title":"Mre\u017eni kabel 60cm SL-CAT606BK Crni","date":"24. studenoga 2024.","format":false,"excerpt":"Mre\u017eni kabel 60cm Proizvo\u0111a\u010d: S-Link Model: SL-CAT606BK Boja: Crna Du\u017eina: 60cm Kategorija: CAT 6","rel":"","context":"Srodne objave","img":{"alt_text":"","src":"https:\/\/i1.wp.com\/astehshop.com\/wp-content\/uploads\/2024\/11\/Mrezni-kabel-60cm-SL-CAT606BK-Crni.jpg?fit=1024%2C1024&resize=350%2C200","width":350,"height":200},"classes":[]},{"id":6547,"url":"http:\/\/astehshop.com\/index.php\/product\/prijenosna-led-svjetiljka-sl-3656\/","url_meta":{"origin":5833,"position":2},"title":"Prijenosna LED svjetiljka SL-3656","date":"13. studenoga 2022.","format":false,"excerpt":"Prijenosna LED Lampa (svjetiljka) Proizvo\u0111a\u010d: S-link Model: SL-3656 Boja: bijela sa naran\u010dastim Veli\u010dina: 18,2 x 7 x 5 cm Baterija: 4,3V 1600mAh (integrirana \/ na punjenje) Paljenje: prekida\u010d Broj LED: 20x SMD","rel":"","context":"Srodne objave","img":{"alt_text":"","src":"https:\/\/i2.wp.com\/astehshop.com\/wp-content\/uploads\/2022\/11\/Prijenosna-LED-svjetiljka-SL-3656.jpg?fit=928%2C794&resize=350%2C200","width":350,"height":200},"classes":[]},{"id":5840,"url":"http:\/\/astehshop.com\/index.php\/product\/rj-45-konektori-sl-cob8p-100-komada\/","url_meta":{"origin":5833,"position":3},"title":"RJ-45 Konektori SL-COB8P 100 komada","date":"23. sije\u010dnja 2022.","format":false,"excerpt":"RJ-45 Konektori Proizvo\u0111a\u010d: S-Link Model: SL-COB8P Pakiranje 100 Komada Tip: CAT 5 RJ45","rel":"","context":"Srodne objave","img":{"alt_text":"","src":"https:\/\/i2.wp.com\/astehshop.com\/wp-content\/uploads\/2022\/01\/RJ-45-Konektori-SL-COB8P.jpg?fit=700%2C500&resize=350%2C200","width":350,"height":200},"classes":[]},{"id":6814,"url":"http:\/\/astehshop.com\/index.php\/product\/s-link-sl-376e-visokokvalitetna-klijesta-za-krimpanje-rj-45-rj-11\/","url_meta":{"origin":5833,"position":4},"title":"S-link SL-376E Visokokvalitetna klije\u0161ta za krimpanje RJ-45 \/ RJ-11","date":"24. studenoga 2022.","format":false,"excerpt":"Visokokvalitetna klije\u0161ta za krimpanje RJ-45 i RJ-11 konektora Proizvo\u0111a\u010d: S-link Model: SL-376E Za konektore: RJ-45, RJ-11","rel":"","context":"Srodne objave","img":{"alt_text":"","src":"https:\/\/i0.wp.com\/astehshop.com\/wp-content\/uploads\/2022\/11\/sl376.jpg?fit=1200%2C1101&resize=350%2C200","width":350,"height":200},"classes":[]},{"id":5831,"url":"http:\/\/astehshop.com\/index.php\/product\/s-link-sl-830w-klijesta-za-krimpanje-rj-45-rj-11\/","url_meta":{"origin":5833,"position":5},"title":"S-link SL-830W Klije\u0161ta za krimpanje RJ-45 \/ RJ-11","date":"23. sije\u010dnja 2022.","format":false,"excerpt":"Dupla klije\u0161ta za krimpanje konektora RJ-45 \/ RJ-11 i skidanje izolacije sa kabela i za konektore novije generacije (PASS THROUGH) Proizvo\u0111a\u010d: S-Link Model: SL-830W Boja: Crna\/plava\/\u017euta Kompatibilnost: 8P8C \/ RJ-45, 6P4C \/ RJ-11 Ostalo: no\u017e za sje\u010denje i skidanje izolacije kabela Te\u017eina: 482g Materijal: metal, plastika Dimenzije: 23mm x 219mm\u2026","rel":"","context":"Srodne objave","img":{"alt_text":"","src":"https:\/\/i2.wp.com\/astehshop.com\/wp-content\/uploads\/2022\/01\/SL-830W.jpg?fit=700%2C500&resize=350%2C200","width":350,"height":200},"classes":[]}],"_links":{"self":[{"href":"http:\/\/astehshop.com\/index.php\/wp-json\/wp\/v2\/product\/5833"}],"collection":[{"href":"http:\/\/astehshop.com\/index.php\/wp-json\/wp\/v2\/product"}],"about":[{"href":"http:\/\/astehshop.com\/index.php\/wp-json\/wp\/v2\/types\/product"}],"replies":[{"embeddable":true,"href":"http:\/\/astehshop.com\/index.php\/wp-json\/wp\/v2\/comments?post=5833"}],"wp:featuredmedia":[{"embeddable":true,"href":"http:\/\/astehshop.com\/index.php\/wp-json\/wp\/v2\/media\/5834"}],"wp:attachment":[{"href":"http:\/\/astehshop.com\/index.php\/wp-json\/wp\/v2\/media?parent=5833"}],"wp:term":[{"taxonomy":"product_cat","embeddable":true,"href":"http:\/\/astehshop.com\/index.php\/wp-json\/wp\/v2\/product_cat?post=5833"},{"taxonomy":"product_tag","embeddable":true,"href":"http:\/\/astehshop.com\/index.php\/wp-json\/wp\/v2\/product_tag?post=5833"}],"curies":[{"name":"wp","href":"https:\/\/api.w.org\/{rel}","templated":true}]}}