{"id":5829,"date":"2022-01-23T09:31:18","date_gmt":"2022-01-23T08:31:18","guid":{"rendered":"http:\/\/astehshop.com\/?post_type=product&#038;p=5829"},"modified":"2022-01-23T09:31:19","modified_gmt":"2022-01-23T08:31:19","slug":"digitalni-multimodni-tester-sl-570ct-za-rj-45-rj-11-kabel","status":"publish","type":"product","link":"http:\/\/astehshop.com\/index.php\/product\/digitalni-multimodni-tester-sl-570ct-za-rj-45-rj-11-kabel\/","title":{"rendered":"Digitalni multimodni tester SL-570CT za RJ-45\/RJ-11 kabel"},"content":{"rendered":"<p>Digitalni multimodni tester za RJ-45 \/ RJ-11 kabel<\/p>\n<p>Proizvo\u0111a\u010d: S-Link<br \/>\nModel: SL-570CT<br \/>\nZa: RJ-11 i RJ-45 konektore<\/p>\n","protected":false},"excerpt":{"rendered":"<p>Digitalni multimodni tester za RJ-45 \/ RJ-11 kabel<\/p>\n<p>Proizvo\u0111a\u010d: S-Link<br \/>\nModel: SL-570CT<br \/>\nZa: RJ-11 i RJ-45 konektore<\/p>\n","protected":false},"featured_media":5830,"comment_status":"open","ping_status":"closed","template":"","meta":{"_mi_skip_tracking":false,"_exactmetrics_sitenote_active":false,"_exactmetrics_sitenote_note":"","_exactmetrics_sitenote_category":0,"spay_email":""},"product_cat":[3677],"product_tag":[435,3679,3678,3680,1383,1384],"brands":[{"id":2535,"name":"everest","slug":"everest"}],"df_price":99,"df_sale_price":"","df_regular_price":99,"df_image_link":"https:\/\/i1.wp.com\/astehshop.com\/wp-content\/uploads\/2022\/01\/SL-570CT.jpg?fit=450%2C321","jetpack_publicize_connections":[],"jetpack_sharing_enabled":true,"jetpack_likes_enabled":true,"jetpack-related-posts":[{"id":6816,"url":"http:\/\/astehshop.com\/index.php\/product\/kabel-tester-za-rj-45-rj-11-kabel-sl-468\/","url_meta":{"origin":5829,"position":0},"title":"Kabel Tester za RJ-45\/RJ-11 kabel SL-468","date":"24. studenoga 2022.","format":false,"excerpt":"Kabel Tester za RJ-45\/RJ-11 kabel SL-468","rel":"","context":"Srodne objave","img":{"alt_text":"","src":"https:\/\/i1.wp.com\/astehshop.com\/wp-content\/uploads\/2022\/11\/tester-sl-468.jpg?fit=834%2C715&resize=350%2C200","width":350,"height":200},"classes":[]},{"id":6814,"url":"http:\/\/astehshop.com\/index.php\/product\/s-link-sl-376e-visokokvalitetna-klijesta-za-krimpanje-rj-45-rj-11\/","url_meta":{"origin":5829,"position":1},"title":"S-link SL-376E Visokokvalitetna klije\u0161ta za krimpanje RJ-45 \/ RJ-11","date":"24. studenoga 2022.","format":false,"excerpt":"Visokokvalitetna klije\u0161ta za krimpanje RJ-45 i RJ-11 konektora Proizvo\u0111a\u010d: S-link Model: SL-376E Za konektore: RJ-45, RJ-11","rel":"","context":"Srodne objave","img":{"alt_text":"","src":"https:\/\/i0.wp.com\/astehshop.com\/wp-content\/uploads\/2022\/11\/sl376.jpg?fit=1200%2C1101&resize=350%2C200","width":350,"height":200},"classes":[]},{"id":5831,"url":"http:\/\/astehshop.com\/index.php\/product\/s-link-sl-830w-klijesta-za-krimpanje-rj-45-rj-11\/","url_meta":{"origin":5829,"position":2},"title":"S-link SL-830W Klije\u0161ta za krimpanje RJ-45 \/ RJ-11","date":"23. sije\u010dnja 2022.","format":false,"excerpt":"Dupla klije\u0161ta za krimpanje konektora RJ-45 \/ RJ-11 i skidanje izolacije sa kabela i za konektore novije generacije (PASS THROUGH) Proizvo\u0111a\u010d: S-Link Model: SL-830W Boja: Crna\/plava\/\u017euta Kompatibilnost: 8P8C \/ RJ-45, 6P4C \/ RJ-11 Ostalo: no\u017e za sje\u010denje i skidanje izolacije kabela Te\u017eina: 482g Materijal: metal, plastika Dimenzije: 23mm x 219mm\u2026","rel":"","context":"Srodne objave","img":{"alt_text":"","src":"https:\/\/i2.wp.com\/astehshop.com\/wp-content\/uploads\/2022\/01\/SL-830W.jpg?fit=700%2C500&resize=350%2C200","width":350,"height":200},"classes":[]},{"id":5840,"url":"http:\/\/astehshop.com\/index.php\/product\/rj-45-konektori-sl-cob8p-100-komada\/","url_meta":{"origin":5829,"position":3},"title":"RJ-45 Konektori SL-COB8P 100 komada","date":"23. sije\u010dnja 2022.","format":false,"excerpt":"RJ-45 Konektori Proizvo\u0111a\u010d: S-Link Model: SL-COB8P Pakiranje 100 Komada Tip: CAT 5 RJ45","rel":"","context":"Srodne objave","img":{"alt_text":"","src":"https:\/\/i2.wp.com\/astehshop.com\/wp-content\/uploads\/2022\/01\/RJ-45-Konektori-SL-COB8P.jpg?fit=700%2C500&resize=350%2C200","width":350,"height":200},"classes":[]},{"id":5838,"url":"http:\/\/astehshop.com\/index.php\/product\/ftp-konektori-jack-rj-45-100-metalni-100-komada\/","url_meta":{"origin":5829,"position":4},"title":"FTP konektori Jack RJ-45 100 Metalni 100 komada","date":"23. sije\u010dnja 2022.","format":false,"excerpt":"FTP Jack Proizvoda\u010d: S-Link Model: SL-M36 Metal RJ45 Pakiranje : 100 komada Tip: CAT 5 3418","rel":"","context":"Srodne objave","img":{"alt_text":"","src":"https:\/\/i1.wp.com\/astehshop.com\/wp-content\/uploads\/2022\/01\/FTP-konektori-Jack-RJ-45-100-Metalni-100-komada.jpg?fit=700%2C500&resize=350%2C200","width":350,"height":200},"classes":[]},{"id":9738,"url":"http:\/\/astehshop.com\/index.php\/product\/s-link-rj-45-cat6-pass-through-konektori-sl-cob26p-100-komada\/","url_meta":{"origin":5829,"position":5},"title":"S-link RJ-45 CAT6 PASS THROUGH konektori SL-COB26P (100 komada)","date":"24. studenoga 2024.","format":false,"excerpt":"S-link RJ-45 CAT6 PASS THROUGH konektori SL-COB26P (100 komada)","rel":"","context":"Srodne objave","img":{"alt_text":"","src":"https:\/\/i2.wp.com\/astehshop.com\/wp-content\/uploads\/2024\/11\/S-link-RJ-45-CAT6-PASS-THROUGH-konektori-SL-COB26P-100-komada.jpg?fit=1024%2C1024&resize=350%2C200","width":350,"height":200},"classes":[]}],"_links":{"self":[{"href":"http:\/\/astehshop.com\/index.php\/wp-json\/wp\/v2\/product\/5829"}],"collection":[{"href":"http:\/\/astehshop.com\/index.php\/wp-json\/wp\/v2\/product"}],"about":[{"href":"http:\/\/astehshop.com\/index.php\/wp-json\/wp\/v2\/types\/product"}],"replies":[{"embeddable":true,"href":"http:\/\/astehshop.com\/index.php\/wp-json\/wp\/v2\/comments?post=5829"}],"wp:featuredmedia":[{"embeddable":true,"href":"http:\/\/astehshop.com\/index.php\/wp-json\/wp\/v2\/media\/5830"}],"wp:attachment":[{"href":"http:\/\/astehshop.com\/index.php\/wp-json\/wp\/v2\/media?parent=5829"}],"wp:term":[{"taxonomy":"product_cat","embeddable":true,"href":"http:\/\/astehshop.com\/index.php\/wp-json\/wp\/v2\/product_cat?post=5829"},{"taxonomy":"product_tag","embeddable":true,"href":"http:\/\/astehshop.com\/index.php\/wp-json\/wp\/v2\/product_tag?post=5829"}],"curies":[{"name":"wp","href":"https:\/\/api.w.org\/{rel}","templated":true}]}}