{"id":5823,"date":"2022-01-20T19:06:30","date_gmt":"2022-01-20T18:06:30","guid":{"rendered":"http:\/\/astehshop.com\/?post_type=product&#038;p=5823"},"modified":"2024-02-18T10:05:34","modified_gmt":"2024-02-18T09:05:34","slug":"ajax-hub-plus-bijeli-ili-crni","status":"publish","type":"product","link":"http:\/\/astehshop.com\/index.php\/product\/ajax-hub-plus-bijeli-ili-crni\/","title":{"rendered":"AJAX Hub Plus Bijeli ili Crni"},"content":{"rendered":"<p>Centralna jedinica (HUB) be\u017ei\u010dnog protuprovalnog sistema sa integriranim LAN, WiFi i Dual-SIM GSM\/GPRS komunikatorom, omogu\u0107eno dodavanje i rad do 150 be\u017ei\u010dnih ure\u0111aja, 25 particija, max 99 korisnika. Ugra\u0111ena back-up baterija. Crne ili bijele boje<\/p>\n","protected":false},"excerpt":{"rendered":"<p>Centralna jedinica (HUB) be\u017ei\u010dnog protuprovalnog sistema sa integriranim LAN, WiFi i Dual-SIM GSM\/GPRS komunikatorom, omogu\u0107eno dodavanje i rad do 150 be\u017ei\u010dnih ure\u0111aja, 25 particija, max 99 korisnika. Ugra\u0111ena back-up baterija. Crne ili bijele boje<\/p>\n","protected":false},"featured_media":5824,"comment_status":"open","ping_status":"closed","template":"","meta":{"_mi_skip_tracking":false,"_exactmetrics_sitenote_active":false,"_exactmetrics_sitenote_note":"","_exactmetrics_sitenote_category":0,"spay_email":""},"product_cat":[141,142,4415],"product_tag":[3665,3666,3667],"brands":[{"id":2473,"name":"AJAX","slug":"ajax"}],"df_price":739,"df_sale_price":"","df_regular_price":739,"df_image_link":"https:\/\/i2.wp.com\/astehshop.com\/wp-content\/uploads\/2022\/01\/AJAX-Hub-BL.jpg?fit=184%2C235","jetpack_publicize_connections":[],"jetpack_sharing_enabled":true,"jetpack_likes_enabled":true,"jetpack-related-posts":[{"id":4531,"url":"http:\/\/astehshop.com\/index.php\/product\/alarmna-centrala-bezicnog-sistema-crne-boje-ajax-hub-bl\/","url_meta":{"origin":5823,"position":0},"title":"Alarmna centrala be\u017ei\u010dnog sistema crne boje AJAX-HUB-BL","date":"4. svibnja 2020.","format":false,"excerpt":"AJAX-HUB-BL \u00a0 Model: AJAX Hub BL Centralna jedinica (HUB) be\u017ei\u010dnog protuprovalnog sustava sa integriranim LAN i GSM\/GPRS komunikatorom, omogu\u0107eno dodavanje i rad do 100 be\u017ei\u010dnih ure\u0111aja, max 50 korisnika. Ugra\u0111ena back-up baterija. Crne boje, Modularna izvedba, 99 ugra\u0111enih be\u017ei\u010dnih zona, 9 Particija, Be\u017ei\u010dna frekvencija 868MHz, Dvosmjerna be\u017ei\u010dna komunikacija, Automatsko prijavljivanje\u2026","rel":"","context":"Srodne objave","img":{"alt_text":"","src":"https:\/\/i2.wp.com\/astehshop.com\/wp-content\/uploads\/2020\/05\/AJAX-HUB-BL.png?fit=864%2C520&resize=350%2C200","width":350,"height":200},"classes":[]},{"id":5957,"url":"http:\/\/astehshop.com\/index.php\/product\/jablotron-ja-103k-centrala\/","url_meta":{"origin":5823,"position":1},"title":"Jablotron JA-103K centrala","date":"13. velja\u010de 2022.","format":false,"excerpt":"JA-103K centrala za protivprovalni, protivpo\u017earni, protivpoplavni sistem + sistem pametne ku\u0107e * Besplatan Cloud, SMS i Push Up obave\u0161tenja * Kontrola preko aplikacije, ra\u010dunara ili tastature * Memorija na serveru i u SD kartici (do7 miliona doga\u0111aja), Auto-dijagnostika, ta\u010dan prikaz stanja baterija * LAN konekcija * Konektor za dodavanje GSM\u2026","rel":"","context":"Srodne objave","img":{"alt_text":"","src":"https:\/\/i0.wp.com\/astehshop.com\/wp-content\/uploads\/2022\/02\/JA-103K-centrala.png?fit=600%2C569&resize=350%2C200","width":350,"height":200},"classes":[]},{"id":6393,"url":"http:\/\/astehshop.com\/index.php\/product\/ajax-hub2-plus-wh\/","url_meta":{"origin":5823,"position":2},"title":"AJAX Hub2 Plus WH","date":"6. listopada 2022.","format":false,"excerpt":"Proizvo\u0111a\u010d AJAX Tehnologija Be\u017ei\u010dna Izvedba Modularna Broj ugra\u0111enih be\u017ei\u010dnih zona 200 Max broj zona - ukupno 200 Ukupan broj particija 25 Be\u017ei\u010dna frekvencija 868 MHz Be\u017ei\u010dna komunikacija Dvosmjerna Automatsko prijavljivanje be\u017ei\u010dnih ure\u0111aja QR kod Max pro\u0161irivo be\u017ei\u010dne zone 200 Ukupan broj pristupnih \u0161ifri 200 (app) Ukupan broj daljinskih upravlja\u010da 200\u2026","rel":"","context":"Srodne objave","img":{"alt_text":"","src":"https:\/\/i0.wp.com\/astehshop.com\/wp-content\/uploads\/2022\/10\/AJAX-Hub2-Plus-WH.jpg?fit=600%2C600&resize=350%2C200","width":350,"height":200},"classes":[]},{"id":5959,"url":"http:\/\/astehshop.com\/index.php\/product\/jablotron-ja-106kr-centrala\/","url_meta":{"origin":5823,"position":3},"title":"Jablotron JA-106KR centrala","date":"13. velja\u010de 2022.","format":false,"excerpt":"JA-106KR centrala centrala za protivprovalni, protivpo\u017earni, protivpoplavni sistem + sistem pametne ku\u0107e * Besplatan Cloud, SMS i Push Up obave\u0161tenja * Kontrola preko aplikacije, ra\u010dunara ili tastature * Auto-dijagnostika, ta\u010dan prikaz stanja baterija, GSM i RF signala * LAN i GSM konekcija * do 120 be\u017ei\u010dnih ili BUS adresa *\u2026","rel":"","context":"Srodne objave","img":{"alt_text":"","src":"https:\/\/i1.wp.com\/astehshop.com\/wp-content\/uploads\/2022\/02\/JA-106KR-centrala.png?fit=600%2C569&resize=350%2C200","width":350,"height":200},"classes":[]},{"id":7868,"url":"http:\/\/astehshop.com\/index.php\/product\/alarmni-hub-vrhunski-model-dahua-arc3000h-fw2\/","url_meta":{"origin":5823,"position":4},"title":"Alarmni hub vrhunski model Dahua ARC3000H-FW2","date":"1. lipnja 2023.","format":false,"excerpt":"Alarmni hub, vrhunski model (WiFi, \u017ei\u010dna mre\u017ea, GPRS, 3G). Podr\u017eava do 150 periferija (do 6 sirena, 64 daljinaca). Frekvencija 868.0 MHz\u2013868.6 MHz, domet do 2.000m na otvorenom. 2-smerna komunikacija sa AES128 enkripcijom. Frequency Hopping. Wi-Fi 2.4G\/5G. RJ-45 mre\u017eni port 10\/100Mbps. 3G\/GPRS. Single SIM (Ga Alarmni hub, vrhunski model (WiFi, \u017ei\u010dna\u2026","rel":"","context":"Srodne objave","img":{"alt_text":"","src":"https:\/\/i2.wp.com\/astehshop.com\/wp-content\/uploads\/2023\/06\/dahua-arc3000h-fw2.jpg?fit=1200%2C1106&resize=350%2C200","width":350,"height":200},"classes":[]},{"id":4537,"url":"http:\/\/astehshop.com\/index.php\/product\/detektor-vatre-bijele-boje-ajax-fp-wh\/","url_meta":{"origin":5823,"position":5},"title":"Detektor vatre bijele boje AJAX-FP-WH FireProtect","date":"4. svibnja 2020.","format":false,"excerpt":"Model: AJAX FireProtect WH Be\u017ei\u010dni detektor dima, fiksne temperature i naglog pov\u0107anja temperature sa ugra\u0111enom piezzo sirenom 85dB@1m. Crne boje, Be\u017ei\u010dna frekvencija 868MHz, Dvosmjerna be\u017ei\u010dna komunikacija, Dimenzije 132 x 132 x 31 mm, Napajanje baterijsko 2 x CR2 (backup CR2032), 3V, Unutra\u0161nja ugradnja, Detekcija dima, temperature ili nagli porast temperature,\u2026","rel":"","context":"Srodne objave","img":{"alt_text":"","src":"https:\/\/i2.wp.com\/astehshop.com\/wp-content\/uploads\/2020\/05\/AJAX-FP-WH-1.png?fit=864%2C520&resize=350%2C200","width":350,"height":200},"classes":[]}],"_links":{"self":[{"href":"http:\/\/astehshop.com\/index.php\/wp-json\/wp\/v2\/product\/5823"}],"collection":[{"href":"http:\/\/astehshop.com\/index.php\/wp-json\/wp\/v2\/product"}],"about":[{"href":"http:\/\/astehshop.com\/index.php\/wp-json\/wp\/v2\/types\/product"}],"replies":[{"embeddable":true,"href":"http:\/\/astehshop.com\/index.php\/wp-json\/wp\/v2\/comments?post=5823"}],"wp:featuredmedia":[{"embeddable":true,"href":"http:\/\/astehshop.com\/index.php\/wp-json\/wp\/v2\/media\/5824"}],"wp:attachment":[{"href":"http:\/\/astehshop.com\/index.php\/wp-json\/wp\/v2\/media?parent=5823"}],"wp:term":[{"taxonomy":"product_cat","embeddable":true,"href":"http:\/\/astehshop.com\/index.php\/wp-json\/wp\/v2\/product_cat?post=5823"},{"taxonomy":"product_tag","embeddable":true,"href":"http:\/\/astehshop.com\/index.php\/wp-json\/wp\/v2\/product_tag?post=5823"}],"curies":[{"name":"wp","href":"https:\/\/api.w.org\/{rel}","templated":true}]}}