{"id":5817,"date":"2022-01-09T11:38:19","date_gmt":"2022-01-09T10:38:19","guid":{"rendered":"http:\/\/astehshop.com\/?post_type=product&#038;p=5817"},"modified":"2022-01-09T11:38:19","modified_gmt":"2022-01-09T10:38:19","slug":"jablotron-js-20-largo-zicani-detektor-pokreta","status":"publish","type":"product","link":"http:\/\/astehshop.com\/index.php\/product\/jablotron-js-20-largo-zicani-detektor-pokreta\/","title":{"rendered":"Jablotron JS-20 Largo \u017ei\u010dani detektor pokreta"},"content":{"rendered":"<p>JS-20 Largo je konvencionalni PIR detektor pokreta koji je namenjen za otkrivanje provale. Reaguje na prisustvo ve\u0107eg pokretnog objekta temperature ljudskog tela. Zone detekcije se mogu optimizovati pomo\u0107u dodatnih so\u010diva JS-7904 (za duga\u010dak hodnik), JS-7906 (pra\u0107enje na visini prekoku\u0107nih ljubimaca) ili JS-7901 (tzv. zavesa). Stepen osetljivosti se mo\u017ee izabrati na dva nivoa. Visina monta\u017ee: 2,5 m iznad poda. Zona detekcije: 120\u00b0\/12 m (sa standardnim so\u010divom). Potro\u0161nja max. 35mA (sa uga\u0161enim LED max. 10mA).<\/p>\n","protected":false},"excerpt":{"rendered":"<p>JS-20 Largo je konvencionalni PIR detektor pokreta koji je namenjen za otkrivanje provale. Reaguje na prisustvo ve\u0107eg pokretnog objekta temperature ljudskog tela. Zone detekcije se mogu optimizovati pomo\u0107u dodatnih so\u010diva JS-7904 (za duga\u010dak hodnik), JS-7906 (pra\u0107enje na visini prekoku\u0107nih ljubimaca) ili JS-7901 (tzv. zavesa). Stepen osetljivosti se mo\u017ee izabrati na dva nivoa. Visina monta\u017ee: 2,5 m iznad poda. Zona detekcije: 120\u00b0\/12 m (sa standardnim so\u010divom). Potro\u0161nja max. 35mA (sa uga\u0161enim LED max. 10mA).<\/p>\n","protected":false},"featured_media":5818,"comment_status":"open","ping_status":"closed","template":"","meta":{"_mi_skip_tracking":false,"_exactmetrics_sitenote_active":false,"_exactmetrics_sitenote_note":"","_exactmetrics_sitenote_category":0,"spay_email":""},"product_cat":[3621],"product_tag":[3659,3660],"brands":[{"id":3620,"name":"Jablotron","slug":"jablotron"}],"df_price":"","df_sale_price":"","df_regular_price":"","df_image_link":"https:\/\/i1.wp.com\/astehshop.com\/wp-content\/uploads\/2022\/01\/JS-20-Largo-z.-detektor-pokreta.png?fit=450%2C427","jetpack_publicize_connections":[],"jetpack_sharing_enabled":true,"jetpack_likes_enabled":true,"jetpack-related-posts":[{"id":5805,"url":"http:\/\/astehshop.com\/index.php\/product\/jablotron-ja-15p-bezicni-detektor-pokreta\/","url_meta":{"origin":5817,"position":0},"title":"Jablotron JA-15P be\u017ei\u010dni detektor pokreta","date":"9. sije\u010dnja 2022.","format":false,"excerpt":"JA-15P je be\u017ei\u010dni PIR detektor pokreta koji je namenjen za otkrivanje provale. Reaguje na prisustvo ve\u0107eg pokretnog objekta temperature ljudskog tela. Zone detekcije se mogu optimizovati pomo\u0107u dodatnih so\u010diva JS-7904 (za duga\u010dak hodnik), JS-7906 (pra\u0107enje na visini prekoku\u0107nih ljubimaca) ili JS-7901 (tzv. zavesa). Stepen osetljivosti se mo\u017ee izabrati na dva\u2026","rel":"","context":"Srodne objave","img":{"alt_text":"","src":"https:\/\/i2.wp.com\/astehshop.com\/wp-content\/uploads\/2022\/01\/JA-15P-bz.-detektor-pokreta.jpg?fit=600%2C600&resize=350%2C200","width":350,"height":200},"classes":[]},{"id":5986,"url":"http:\/\/astehshop.com\/index.php\/product\/ja-150p-bezicni-detektor-pokreta\/","url_meta":{"origin":5817,"position":1},"title":"JA-150P Be\u017ei\u010dni detektor pokreta","date":"13. velja\u010de 2022.","format":false,"excerpt":"JA-150P je be\u017ei\u010dni PIR detektor pokreta koji je namenjen za za\u0161titu enterijera.Otkriva kretanje preko temperature ljudskog tela.Karakteristika detekcije se mo\u017ee optimizovati pomo\u0107u alternativnih so\u010diva JS-7904 (za duga\u010dak hodnik), JS-7906 (neosetljivost na ku\u0107ne ljubimce) ili JS-7901 (zavesa). Stepen otpornosti se mo\u017ee izabrati na dva nivoa * Napajanje:2 x 1.5V AA *\u2026","rel":"","context":"Srodne objave","img":{"alt_text":"","src":"https:\/\/i0.wp.com\/astehshop.com\/wp-content\/uploads\/2022\/02\/JA-110P-Detek.-pokreta.png?fit=600%2C569&resize=350%2C200","width":350,"height":200},"classes":[]},{"id":5980,"url":"http:\/\/astehshop.com\/index.php\/product\/jablotron-ja-110p-detektor-pokreta\/","url_meta":{"origin":5817,"position":2},"title":"Jablotron JA-110P Detektor pokreta","date":"13. velja\u010de 2022.","format":false,"excerpt":"JA-110P je PIR detektor pokreta koji je namenjen za za\u0161titu enterijera. Stepen otpornosti se mo\u017ee izabrati na dva nivoa * Napajanje: iz centralne jedinice BUS 12 V (9 - 15 V) * Potro\u0161nja u stanju mirovanja: 5 mA * Visina monta\u017ee: 2,5 m iznad poda * Opseg detekcije: 110 \u00b0\u2026","rel":"","context":"Srodne objave","img":{"alt_text":"","src":"https:\/\/i0.wp.com\/astehshop.com\/wp-content\/uploads\/2022\/02\/JA-110P-Detek.-pokreta.png?fit=600%2C569&resize=350%2C200","width":350,"height":200},"classes":[]},{"id":5982,"url":"http:\/\/astehshop.com\/index.php\/product\/jablotron-ja-112p-detektor-pokreta\/","url_meta":{"origin":5817,"position":3},"title":"Jablotron JA-112P Detektor pokreta","date":"13. velja\u010de 2022.","format":false,"excerpt":"JA-112P je PIR detektor pokreta koji je namenjen za za\u0161titu enterijera. Otkriva kretanje preko temperature ljudskog tela.Stepen otpornosti se mo\u017ee izabrati na dva nivoa * Napajanje: iz centralne jedinice BUS 12 V (9 - 15 V) * Potro\u0161nja u stanju mirovanja: 2 mA * Visina monta\u017ee: 2,5 m iznad poda\u2026","rel":"","context":"Srodne objave","img":{"alt_text":"","src":"https:\/\/i2.wp.com\/astehshop.com\/wp-content\/uploads\/2022\/02\/JA-112P.png?fit=600%2C569&resize=350%2C200","width":350,"height":200},"classes":[]},{"id":5993,"url":"http:\/\/astehshop.com\/index.php\/product\/jablotron-ja-120pb-kombinovani-detektor-pokreta-i-loma\/","url_meta":{"origin":5817,"position":4},"title":"Jablotron JA-120PB Kombinovani detektor pokreta i loma","date":"13. velja\u010de 2022.","format":false,"excerpt":"JA-120PW je PIR + Glassbrake detektor pokreta koji je namenjen za za\u0161titu enterijera.Zauzima dve adrese u sistemu. Otkriva kretanje preko temperature ljudskog tela. Stepen otpornosti se mo\u017ee izabrati na dva nivoa * Napajanje: iz centralne jedinice BUS 12 V (9 - 15 V) * Potro\u0161nja u stanju mirovanja: 5 mA\u2026","rel":"","context":"Srodne objave","img":{"alt_text":"","src":"https:\/\/i2.wp.com\/astehshop.com\/wp-content\/uploads\/2022\/02\/JA-120PB-Komb.-detek.-pok.i-loma.png?fit=600%2C569&resize=350%2C200","width":350,"height":200},"classes":[]},{"id":5987,"url":"http:\/\/astehshop.com\/index.php\/product\/jablotron-ja-152p-detektor-pokreta\/","url_meta":{"origin":5817,"position":5},"title":"Jablotron JA-152P Detektor pokreta","date":"13. velja\u010de 2022.","format":false,"excerpt":"JA-152P je PIR detektor pokreta koji je namenjen za za\u0161titu enterijera. Otkriva kretanje preko temperature ljudskog tela.Stepen otpornosti se mo\u017ee izabrati na dva nivoa * 1x lithium battery, CR123A (3 V\/1500 mAh) * Potro\u0161nja u stanju mirovanja: 2 mA * Visina monta\u017ee: 2,5 m iznad poda * Opseg detekcije: 90\u2026","rel":"","context":"Srodne objave","img":{"alt_text":"","src":"https:\/\/i2.wp.com\/astehshop.com\/wp-content\/uploads\/2022\/02\/JA-112P.png?fit=600%2C569&resize=350%2C200","width":350,"height":200},"classes":[]}],"_links":{"self":[{"href":"http:\/\/astehshop.com\/index.php\/wp-json\/wp\/v2\/product\/5817"}],"collection":[{"href":"http:\/\/astehshop.com\/index.php\/wp-json\/wp\/v2\/product"}],"about":[{"href":"http:\/\/astehshop.com\/index.php\/wp-json\/wp\/v2\/types\/product"}],"replies":[{"embeddable":true,"href":"http:\/\/astehshop.com\/index.php\/wp-json\/wp\/v2\/comments?post=5817"}],"wp:featuredmedia":[{"embeddable":true,"href":"http:\/\/astehshop.com\/index.php\/wp-json\/wp\/v2\/media\/5818"}],"wp:attachment":[{"href":"http:\/\/astehshop.com\/index.php\/wp-json\/wp\/v2\/media?parent=5817"}],"wp:term":[{"taxonomy":"product_cat","embeddable":true,"href":"http:\/\/astehshop.com\/index.php\/wp-json\/wp\/v2\/product_cat?post=5817"},{"taxonomy":"product_tag","embeddable":true,"href":"http:\/\/astehshop.com\/index.php\/wp-json\/wp\/v2\/product_tag?post=5817"}],"curies":[{"name":"wp","href":"https:\/\/api.w.org\/{rel}","templated":true}]}}