{"id":5814,"date":"2022-01-09T11:36:47","date_gmt":"2022-01-09T10:36:47","guid":{"rendered":"http:\/\/astehshop.com\/?post_type=product&#038;p=5814"},"modified":"2022-10-08T16:28:13","modified_gmt":"2022-10-08T14:28:13","slug":"jablotron-ja-15m-bezicni-magnetni-detektor","status":"publish","type":"product","link":"http:\/\/astehshop.com\/index.php\/product\/jablotron-ja-15m-bezicni-magnetni-detektor\/","title":{"rendered":"Jablotron JA-15M be\u017ei\u010dni magnetni detektor"},"content":{"rendered":"<p>JA-15M je minijaturni be\u017ei\u010dni magnetni detektor. Koristi se za detekciju stanja vrata i prozora i daje uzbunu (trenutnu, ili odlo\u017eenu) u slu\u010daju neplaniranog otvaranja. Ure\u0111aj zauzima jednu be\u017ei\u010dnu adresu, od 32. Napajanje: 1x CR123A baterije (poru\u010duju se odvojeno).<\/p>\n<p>&nbsp;<\/p>\n<p>&nbsp;<\/p>\n<p><strong>PORU\u010cITE 1kom*CR123A BATERIJE.<\/strong><\/p>\n","protected":false},"excerpt":{"rendered":"<p>JA-15M je minijaturni be\u017ei\u010dni magnetni detektor. Koristi se za detekciju stanja vrata i prozora i daje uzbunu (trenutnu, ili odlo\u017eenu) u slu\u010daju neplaniranog otvaranja. Ure\u0111aj zauzima jednu be\u017ei\u010dnu adresu, od 32. Napajanje: 1x CR123A baterije (poru\u010duju se odvojeno).<\/p>\n<p>&nbsp;<\/p>\n<p>&nbsp;<\/p>\n<p><strong>PORU\u010cITE 1kom*CR123A BATERIJE.<\/strong><\/p>\n","protected":false},"featured_media":5815,"comment_status":"open","ping_status":"closed","template":"","meta":{"_mi_skip_tracking":false,"_exactmetrics_sitenote_active":false,"_exactmetrics_sitenote_note":"","_exactmetrics_sitenote_category":0,"spay_email":""},"product_cat":[3621],"product_tag":[3656,3657,3658],"brands":[{"id":3620,"name":"Jablotron","slug":"jablotron"}],"df_price":65,"df_sale_price":"","df_regular_price":65,"df_image_link":"https:\/\/i2.wp.com\/astehshop.com\/wp-content\/uploads\/2022\/01\/JA-15M-bz.-magnetni-detektor.jpg?fit=450%2C450","jetpack_publicize_connections":[],"jetpack_sharing_enabled":true,"jetpack_likes_enabled":true,"jetpack-related-posts":[{"id":6038,"url":"http:\/\/astehshop.com\/index.php\/product\/ja-150m-bezicni-magnetni-detektor\/","url_meta":{"origin":5814,"position":0},"title":"JA-150M Be\u017ei\u010dni magnetni detektor","date":"14. velja\u010de 2022.","format":false,"excerpt":"JA-150M je namenjen za otkrivanje otvaranja prozora ili vrata. Beli.Mo\u017ee se programirati da \u0161alje status ili impulsni signal za detekciju otvaranja vrata ili prozora. Detektor tako\u0111e uklju\u010duje dva ulazna terminala IN1 i IN2 na koje se mogu spojiti alternativni \u017ei\u010dni detektori otvaranja, detektor poplave ili ne\u0161to sli\u010dno.Napajanje: 1x alkalna baterija\u2026","rel":"","context":"Srodne objave","img":{"alt_text":"","src":"https:\/\/i0.wp.com\/astehshop.com\/wp-content\/uploads\/2022\/02\/JA-150M-Bezicni-magnetni-detektor.png?fit=600%2C569&resize=350%2C200","width":350,"height":200},"classes":[]},{"id":5789,"url":"http:\/\/astehshop.com\/index.php\/product\/jablotron-ja-15e-bezicna-tastatura\/","url_meta":{"origin":5814,"position":1},"title":"Jablotron JA-15E be\u017ei\u010dna tastatura","date":"9. sije\u010dnja 2022.","format":false,"excerpt":"Ure\u0111aj sadr\u017ei LCD ekran, kontrolne tastere i RFID \u010dita\u010d. Dostupan je u JA-10 BUS i be\u017ei\u010dnoj verziji. Sadr\u017ei 4 funkcionalna tastera za kontrolu particija i PG izlaza, a mogu mu se dodeliti razne pametne funkcije. Funkcionalni tasteri slu\u017ee i kao indikatori statusa. Komunicira be\u017ei\u010dnim putem, a napaja se sa 4x\u2026","rel":"","context":"Srodne objave","img":{"alt_text":"","src":"https:\/\/i1.wp.com\/astehshop.com\/wp-content\/uploads\/2022\/01\/JA-15E.jpg?fit=600%2C600&resize=350%2C200","width":350,"height":200},"classes":[]},{"id":5784,"url":"http:\/\/astehshop.com\/index.php\/product\/ja-15pc-bezicni-detekor-sa-foto-verifikacijom\/","url_meta":{"origin":5814,"position":2},"title":"JA-15PC be\u017ei\u010dni detekor sa foto verifikacijom","date":"9. sije\u010dnja 2022.","format":false,"excerpt":"JA-15PC je be\u017ei\u010dni PIR detektor pokreta sa foto verifikacijom. Reaguje na prisustvo i \u0161alje fotografiju o uzro\u010dniku uzbune na aplikaciju. Ugao so\u010diva 90\u00b0. Domet blica oko 3m. Rezolucija 640x480 i 320x240. Stepen osetljivosti PIR-a se mo\u017ee izabrati na dva nivoa. Visina monta\u017ee: 2,5 m iznad poda. Zona detekcije: 90\u00b0 \/\u2026","rel":"","context":"Srodne objave","img":{"alt_text":"","src":"https:\/\/i0.wp.com\/astehshop.com\/wp-content\/uploads\/2022\/01\/JA-15PC.jpg?fit=600%2C600&resize=350%2C200","width":350,"height":200},"classes":[]},{"id":6040,"url":"http:\/\/astehshop.com\/index.php\/product\/ja-151m-bezicni-mini-magnetni-detektor\/","url_meta":{"origin":5814,"position":3},"title":"JA-151M Be\u017ei\u010dni mini magnetni detektor","date":"14. velja\u010de 2022.","format":false,"excerpt":"Ovaj detektor otkriva otvaranje vrata ili prozora. Komunikacija sa centralnom jedinicom se odvija be\u017ei\u010dno 868Mhz.Detektor je opremljen poklopcem sa za\u0161titom od sabota\u017ee koji je aktiviran ako se poklopac otvori. Senzor se aktivira nakon \u0161to se permanentni magnet odmakne od senzora. Napajanje: litijumska baterija CR2032 (3 V, 220 mAh)","rel":"","context":"Srodne objave","img":{"alt_text":"","src":"https:\/\/i1.wp.com\/astehshop.com\/wp-content\/uploads\/2022\/02\/JA-151M-Bez.-mini-magnetni-detektor.png?fit=600%2C569&resize=350%2C200","width":350,"height":200},"classes":[]},{"id":5800,"url":"http:\/\/astehshop.com\/index.php\/product\/jablotron-ja-15st-bezicni-kombinovani-detektor-pozara\/","url_meta":{"origin":5814,"position":4},"title":"Jablotron JA-15ST be\u017ei\u010dni kombinovani detektor po\u017eara","date":"9. sije\u010dnja 2022.","format":false,"excerpt":"JA-15ST je be\u017ei\u010dni kombinovani opti\u010dko-termi\u010dki detektor po\u017eara. Omogu\u0107ava postavljanje razli\u010ditih opcija otkrivanja: dim i povi\u0161ena temperatura, dim ili povi\u0161ena temperatura, samo dim (ne\u0107e detektovati plamen od alkohola) ili samo povi\u0161ena temperatura. Pogodan za ku\u0107e, firme, vozila i plovila. Osim uzbunjivanja preko centrale, detektor \u0107e koristiti i svoju sirenu i bljeskalicu.\u2026","rel":"","context":"Srodne objave","img":{"alt_text":"","src":"https:\/\/i1.wp.com\/astehshop.com\/wp-content\/uploads\/2022\/01\/JA-15ST-bz.-kombinovani-detektor-pozara.jpg?fit=600%2C600&resize=350%2C200","width":350,"height":200},"classes":[]},{"id":5805,"url":"http:\/\/astehshop.com\/index.php\/product\/jablotron-ja-15p-bezicni-detektor-pokreta\/","url_meta":{"origin":5814,"position":5},"title":"Jablotron JA-15P be\u017ei\u010dni detektor pokreta","date":"9. sije\u010dnja 2022.","format":false,"excerpt":"JA-15P je be\u017ei\u010dni PIR detektor pokreta koji je namenjen za otkrivanje provale. Reaguje na prisustvo ve\u0107eg pokretnog objekta temperature ljudskog tela. Zone detekcije se mogu optimizovati pomo\u0107u dodatnih so\u010diva JS-7904 (za duga\u010dak hodnik), JS-7906 (pra\u0107enje na visini prekoku\u0107nih ljubimaca) ili JS-7901 (tzv. zavesa). Stepen osetljivosti se mo\u017ee izabrati na dva\u2026","rel":"","context":"Srodne objave","img":{"alt_text":"","src":"https:\/\/i2.wp.com\/astehshop.com\/wp-content\/uploads\/2022\/01\/JA-15P-bz.-detektor-pokreta.jpg?fit=600%2C600&resize=350%2C200","width":350,"height":200},"classes":[]}],"_links":{"self":[{"href":"http:\/\/astehshop.com\/index.php\/wp-json\/wp\/v2\/product\/5814"}],"collection":[{"href":"http:\/\/astehshop.com\/index.php\/wp-json\/wp\/v2\/product"}],"about":[{"href":"http:\/\/astehshop.com\/index.php\/wp-json\/wp\/v2\/types\/product"}],"replies":[{"embeddable":true,"href":"http:\/\/astehshop.com\/index.php\/wp-json\/wp\/v2\/comments?post=5814"}],"wp:featuredmedia":[{"embeddable":true,"href":"http:\/\/astehshop.com\/index.php\/wp-json\/wp\/v2\/media\/5815"}],"wp:attachment":[{"href":"http:\/\/astehshop.com\/index.php\/wp-json\/wp\/v2\/media?parent=5814"}],"wp:term":[{"taxonomy":"product_cat","embeddable":true,"href":"http:\/\/astehshop.com\/index.php\/wp-json\/wp\/v2\/product_cat?post=5814"},{"taxonomy":"product_tag","embeddable":true,"href":"http:\/\/astehshop.com\/index.php\/wp-json\/wp\/v2\/product_tag?post=5814"}],"curies":[{"name":"wp","href":"https:\/\/api.w.org\/{rel}","templated":true}]}}