{"id":5811,"date":"2022-01-09T11:35:25","date_gmt":"2022-01-09T10:35:25","guid":{"rendered":"http:\/\/astehshop.com\/?post_type=product&#038;p=5811"},"modified":"2022-10-08T16:28:34","modified_gmt":"2022-10-08T14:28:34","slug":"jablotron-ja-10a-unutrasnja-sirena-bus","status":"publish","type":"product","link":"http:\/\/astehshop.com\/index.php\/product\/jablotron-ja-10a-unutrasnja-sirena-bus\/","title":{"rendered":"Jablotron JA-10A unutra\u0161nja sirena BUS"},"content":{"rendered":"<p>Sirena JA-10A namenjena je za unutra\u0161nju upotrebu, a vezuje se i napaja putem BUS magistrale. Zauzima jednu od 32 JA-10 adrese. Dizajnirana je da ogla\u0161ava uzbunu, zvuk odlaganja ulaska\/izlaska i PG aktivacije u JA-10 sistemu. Na sireni je panik taster koji se mo\u017ee koristiti i za druge funkcije, sa ili bez ogla\u0161avanja sirene. Ova sirena \u0107e se oglasiti u slu\u010daju odlaganja uzbune uz potvrdu.<\/p>\n<p>&nbsp;<\/p>\n<p>&nbsp;<\/p>\n<p><strong>URE\u0110AJ SE NAPAJA SA CENTRALE.<\/strong><\/p>\n","protected":false},"excerpt":{"rendered":"<p>Sirena JA-10A namenjena je za unutra\u0161nju upotrebu, a vezuje se i napaja putem BUS magistrale. Zauzima jednu od 32 JA-10 adrese. Dizajnirana je da ogla\u0161ava uzbunu, zvuk odlaganja ulaska\/izlaska i PG aktivacije u JA-10 sistemu. Na sireni je panik taster koji se mo\u017ee koristiti i za druge funkcije, sa ili bez ogla\u0161avanja sirene. Ova sirena \u0107e se oglasiti u slu\u010daju odlaganja uzbune uz potvrdu.<\/p>\n<p>&nbsp;<\/p>\n<p>&nbsp;<\/p>\n<p><strong>URE\u0110AJ SE NAPAJA SA CENTRALE.<\/strong><\/p>\n","protected":false},"featured_media":5812,"comment_status":"open","ping_status":"closed","template":"","meta":{"_mi_skip_tracking":false,"_exactmetrics_sitenote_active":false,"_exactmetrics_sitenote_note":"","_exactmetrics_sitenote_category":0,"spay_email":""},"product_cat":[3621],"product_tag":[3655,339],"brands":[{"id":3620,"name":"Jablotron","slug":"jablotron"}],"df_price":75,"df_sale_price":"","df_regular_price":75,"df_image_link":"https:\/\/i1.wp.com\/astehshop.com\/wp-content\/uploads\/2022\/01\/JA-10A-unutrasnja-sirena-BUS.jpg?fit=450%2C450","jetpack_publicize_connections":[],"jetpack_sharing_enabled":true,"jetpack_likes_enabled":true,"jetpack-related-posts":[{"id":5797,"url":"http:\/\/astehshop.com\/index.php\/product\/jablotron-ja-15a-bezicna-unutrasnja-sirena\/","url_meta":{"origin":5811,"position":0},"title":"Jablotron JA-15A be\u017ei\u010dna unutra\u0161nja sirena","date":"9. sije\u010dnja 2022.","format":false,"excerpt":"Sirena JA-15A je be\u017ei\u010dna i namenjena je za unutra\u0161nju upotrebu.Napaja se sa uti\u010dnice u koju je utaknuta, a ima ugra\u0111eno i rezervno napajanje u slu\u010daju nestanka struje. U slu\u010daju neplaniranog izvla\u010denja iz uti\u010dnice oglasi\u0107e se uzbuna. Zauzima jednu od 32 JA-10 be\u017ei\u010dne adrese. Dizajnirana je da ogla\u0161ava uzbunu, zvuk odlaganja\u2026","rel":"","context":"Srodne objave","img":{"alt_text":"","src":"https:\/\/i1.wp.com\/astehshop.com\/wp-content\/uploads\/2022\/01\/JA-15A.jpg?fit=600%2C600&resize=350%2C200","width":350,"height":200},"classes":[]},{"id":6016,"url":"http:\/\/astehshop.com\/index.php\/product\/jablotron-ja-110a-ii-unutrasnja-sirena-sa-baterijom\/","url_meta":{"origin":5811,"position":1},"title":"Jablotron JA-110A II Unutra\u0161nja sirena sa baterijom","date":"14. velja\u010de 2022.","format":false,"excerpt":"JA-110A II BUS unutra\u0161nja sirena sa baterijom je namenjena za zvu\u010dnu signalizaciju alarma, izlaznih i ulaznih ka\u0161njenja (vreme ulaska i izlaska), signalizaciju stanja i aktivacije ili prorade programabilnih izlaza u sistemu.Sirena je opremljena tasterom sa mogu\u0107no\u0161\u0107u programiranja. Implementirana je funkcija provere alarma. Sirena komunicira i napaja se iz centralne jedinice\u2026","rel":"","context":"Srodne objave","img":{"alt_text":"","src":"https:\/\/i1.wp.com\/astehshop.com\/wp-content\/uploads\/2022\/02\/JA-110A.png?fit=600%2C569&resize=350%2C200","width":350,"height":200},"classes":[]},{"id":6011,"url":"http:\/\/astehshop.com\/index.php\/product\/jablotron-ja-150a-ii-bezicna-unutrasnja-sirena\/","url_meta":{"origin":5811,"position":2},"title":"Jablotron JA-150A II be\u017ei\u010dna unutra\u0161nja sirena","date":"14. velja\u010de 2022.","format":false,"excerpt":"JA-150A II be\u017ei\u010dna unutra\u0161nja sirena nove generacije je dizajnirana za glasno ogla\u0161avanje alarma, izlaznih i ulaznih sekvenci ka\u0161njenja (vreme ulaska i izlaska), signalizaciju stanja i aktivacije ili uklju\u010denja PGM-ova.Sirena je opremljena tasterom sa mogu\u0107no\u0161\u0107u programiranja. Implementirana je funkcija provere alarma. Sirena komunicira be\u017ei\u010dno sa centralom. Napajanje: 230 V, 50 Hz.\u2026","rel":"","context":"Srodne objave","img":{"alt_text":"","src":"https:\/\/i0.wp.com\/astehshop.com\/wp-content\/uploads\/2022\/02\/JA-150A-II.png?fit=633%2C600&resize=350%2C200","width":350,"height":200},"classes":[]},{"id":5793,"url":"http:\/\/astehshop.com\/index.php\/product\/jablotron-ja-16a-base-rb-bezicna-spoljna-sirena\/","url_meta":{"origin":5811,"position":3},"title":"Jablotron JA-16A-BASE-RB be\u017ei\u010dna spoljna sirena","date":"9. sije\u010dnja 2022.","format":false,"excerpt":"Be\u017ei\u010dna sirena JA-16A-BASE-RB komunicira u JA-10 protokolu 868.1 MHz, dometa do 300m. Zauzima jednu adresu, od 32 raspolo\u017eive u sistemu. Snaga zvuka je 110 dB\/m. Sirena dolazi bez poklopca (poru\u010duje se). Sirenu napaja litijumska baterija BAT-100A.01 (jedna, ili dve), bez potrebe za \u017ei\u010dnim napajanjem (poru\u010duje se). \u00a0 \u00a0 PORU\u010cITE 2kom*BAT-100A\u2026","rel":"","context":"Srodne objave","img":{"alt_text":"","src":"https:\/\/i0.wp.com\/astehshop.com\/wp-content\/uploads\/2022\/01\/JA-16A-BASE-RB.jpg?fit=600%2C600&resize=350%2C200","width":350,"height":200},"classes":[]},{"id":6013,"url":"http:\/\/astehshop.com\/index.php\/product\/jablotron-ja-152a-unutrasnja-sirena\/","url_meta":{"origin":5811,"position":4},"title":"Jablotron JA-152A Unutra\u0161nja sirena","date":"14. velja\u010de 2022.","format":false,"excerpt":"JA-152A je predvi\u0111ena za ozna\u010davanje alarma unutar objekta. Tako\u0111e se mo\u017ee koristiti i za druge akusti\u010dne indikacije kao \u0161to je aktivacija PG izlaza, ulazno\/izlazno ka\u0161njenje ili kao zvono na vratima.Pritiskom na taster sirene alarm se mo\u017ee privremeno ugasiti ili se mo\u017ee aktivirati alarm za nu\u017edu(opciono). Sirena je opremljena sigurnosnom baterijom\u2026","rel":"","context":"Srodne objave","img":{"alt_text":"","src":"https:\/\/i0.wp.com\/astehshop.com\/wp-content\/uploads\/2022\/02\/JA-152A.png?fit=600%2C569&resize=350%2C200","width":350,"height":200},"classes":[]},{"id":6020,"url":"http:\/\/astehshop.com\/index.php\/product\/jablotron-ja-111a-base-rb\/","url_meta":{"origin":5811,"position":5},"title":"Jablotron JA-111A-BASE-RB","date":"14. velja\u010de 2022.","format":false,"excerpt":"JA-111A RB BUS sirena je namenjena za akusti\u010dnu signalizaciju alarma i signalizaciju aktivacije i deaktivacije PG izlaza u sistemu JABLOTRON 100.Sirena komunicira putem BUS-a sa centralnom jedinicom i iz nje se i napaja.Sirena ima ugra\u0111enu bateriju za slu\u010daj nestanka napajanja, kao i libelu za precizno postavljanje.Prednji za\u0161titni poklopci su dostupni\u2026","rel":"","context":"Srodne objave","img":{"alt_text":"","src":"https:\/\/i2.wp.com\/astehshop.com\/wp-content\/uploads\/2022\/02\/JA-111A-BASE-RB.png?fit=600%2C569&resize=350%2C200","width":350,"height":200},"classes":[]}],"_links":{"self":[{"href":"http:\/\/astehshop.com\/index.php\/wp-json\/wp\/v2\/product\/5811"}],"collection":[{"href":"http:\/\/astehshop.com\/index.php\/wp-json\/wp\/v2\/product"}],"about":[{"href":"http:\/\/astehshop.com\/index.php\/wp-json\/wp\/v2\/types\/product"}],"replies":[{"embeddable":true,"href":"http:\/\/astehshop.com\/index.php\/wp-json\/wp\/v2\/comments?post=5811"}],"wp:featuredmedia":[{"embeddable":true,"href":"http:\/\/astehshop.com\/index.php\/wp-json\/wp\/v2\/media\/5812"}],"wp:attachment":[{"href":"http:\/\/astehshop.com\/index.php\/wp-json\/wp\/v2\/media?parent=5811"}],"wp:term":[{"taxonomy":"product_cat","embeddable":true,"href":"http:\/\/astehshop.com\/index.php\/wp-json\/wp\/v2\/product_cat?post=5811"},{"taxonomy":"product_tag","embeddable":true,"href":"http:\/\/astehshop.com\/index.php\/wp-json\/wp\/v2\/product_tag?post=5811"}],"curies":[{"name":"wp","href":"https:\/\/api.w.org\/{rel}","templated":true}]}}