{"id":5809,"date":"2022-01-09T11:31:36","date_gmt":"2022-01-09T10:31:36","guid":{"rendered":"http:\/\/astehshop.com\/?post_type=product&#038;p=5809"},"modified":"2022-10-08T16:29:08","modified_gmt":"2022-10-08T14:29:08","slug":"jablotron-ja-1xa-c-wh-poklopac-spoljne-sirene","status":"publish","type":"product","link":"http:\/\/astehshop.com\/index.php\/product\/jablotron-ja-1xa-c-wh-poklopac-spoljne-sirene\/","title":{"rendered":"Jablotron JA-1XA-C-WH poklopac spoljne sirene"},"content":{"rendered":"<p>JA-1XA-C-WH plasti\u010dni beli poklopac za JA-10 sirene JA-11A-BASE-RB i JA-16A-BASE-RB. Crveno svetlo.<\/p>\n<p>&nbsp;<\/p>\n<p>&nbsp;<\/p>\n<p><strong>OVA KOMPONENTA SE NE NAPAJA.<\/strong><\/p>\n","protected":false},"excerpt":{"rendered":"<p>JA-1XA-C-WH plasti\u010dni beli poklopac za JA-10 sirene JA-11A-BASE-RB i JA-16A-BASE-RB. Crveno svetlo.<\/p>\n<p>&nbsp;<\/p>\n<p>&nbsp;<\/p>\n<p><strong>OVA KOMPONENTA SE NE NAPAJA.<\/strong><\/p>\n","protected":false},"featured_media":5810,"comment_status":"open","ping_status":"closed","template":"","meta":{"_mi_skip_tracking":false,"_exactmetrics_sitenote_active":false,"_exactmetrics_sitenote_note":"","_exactmetrics_sitenote_category":0,"spay_email":""},"product_cat":[3621],"product_tag":[3653,3654],"brands":[{"id":3620,"name":"Jablotron","slug":"jablotron"}],"df_price":90,"df_sale_price":"","df_regular_price":90,"df_image_link":"https:\/\/i0.wp.com\/astehshop.com\/wp-content\/uploads\/2022\/01\/JA-1XA-C-WH-poklopac-spoljne-sirene.jpg?fit=450%2C450","jetpack_publicize_connections":[],"jetpack_sharing_enabled":true,"jetpack_likes_enabled":true,"jetpack-related-posts":[{"id":6031,"url":"http:\/\/astehshop.com\/index.php\/product\/ja-1x1a-c-wh-poklopac-sirene\/","url_meta":{"origin":5809,"position":0},"title":"JA-1X1A-C-WH Poklopac sirene","date":"14. velja\u010de 2022.","format":false,"excerpt":"JA-1X1A-C-WH plasti\u010dni poklopac za JA-111A, JA-151A - beli, crveno svetlo","rel":"","context":"Srodne objave","img":{"alt_text":"","src":"https:\/\/i0.wp.com\/astehshop.com\/wp-content\/uploads\/2022\/02\/JA-1X1A-C-WH-Poklopac-sirene.png?fit=600%2C569&resize=350%2C200","width":350,"height":200},"classes":[]},{"id":6022,"url":"http:\/\/astehshop.com\/index.php\/product\/jablotron-ja-1x1a-c-gr-poklopac-sirene\/","url_meta":{"origin":5809,"position":1},"title":"Jablotron JA-1X1A-C-GR Poklopac sirene","date":"14. velja\u010de 2022.","format":false,"excerpt":"JA-1X1A-C-GR plasti\u010dni poklopac za JA-111A, JA-151A - sivi, crveno svetlo","rel":"","context":"Srodne objave","img":{"alt_text":"","src":"https:\/\/i2.wp.com\/astehshop.com\/wp-content\/uploads\/2022\/02\/JA-1X1A-C-GR.png?fit=600%2C569&resize=350%2C200","width":350,"height":200},"classes":[]},{"id":6029,"url":"http:\/\/astehshop.com\/index.php\/product\/ja-1x1a-c-st-b-poklopac-sirene\/","url_meta":{"origin":5809,"position":2},"title":"JA-1X1A-C-ST-B Poklopac sirene","date":"14. velja\u010de 2022.","format":false,"excerpt":"JA-1X1A-C-WH plasti\u010dni poklopac za JA-111A, JA-151A - \u010delik, plavo svetlo","rel":"","context":"Srodne objave","img":{"alt_text":"","src":"https:\/\/i2.wp.com\/astehshop.com\/wp-content\/uploads\/2022\/02\/JA-1X1A-C-ST-B.png?fit=600%2C569&resize=350%2C200","width":350,"height":200},"classes":[]},{"id":6025,"url":"http:\/\/astehshop.com\/index.php\/product\/ja-1x1a-c-gr-b-poklopac-sirene\/","url_meta":{"origin":5809,"position":3},"title":"JA-1X1A-C-GR-B Poklopac sirene","date":"14. velja\u010de 2022.","format":false,"excerpt":"JA-1X1A-C-GR plasti\u010dni poklopac za sirene JA-111A i JA-151A - sivi, plavo svetlo.","rel":"","context":"Srodne objave","img":{"alt_text":"","src":"https:\/\/i1.wp.com\/astehshop.com\/wp-content\/uploads\/2022\/02\/JA-1X1A-C-GR-B.jpg?fit=600%2C600&resize=350%2C200","width":350,"height":200},"classes":[]},{"id":6033,"url":"http:\/\/astehshop.com\/index.php\/product\/ja-1x1a-c-wh-b-poklopac-sirene\/","url_meta":{"origin":5809,"position":4},"title":"JA-1X1A-C-WH-B Poklopac sirene","date":"14. velja\u010de 2022.","format":false,"excerpt":"JA-1X1A-C-WH-B Poklopac sirene","rel":"","context":"Srodne objave","img":{"alt_text":"","src":"https:\/\/i1.wp.com\/astehshop.com\/wp-content\/uploads\/2022\/02\/JA-1X1A-C-WH-Poklopac-sirene-1.png?fit=600%2C569&resize=350%2C200","width":350,"height":200},"classes":[]},{"id":6027,"url":"http:\/\/astehshop.com\/index.php\/product\/ja-1x1a-c-st-poklopac-sirene\/","url_meta":{"origin":5809,"position":5},"title":"JA-1X1A-C-ST Poklopac sirene","date":"14. velja\u010de 2022.","format":false,"excerpt":"JA-1X1A-C-ST Poklopac spoljne sirene od ner\u0111aju\u0107eg \u010delika sa crvenim strobom","rel":"","context":"Srodne objave","img":{"alt_text":"","src":"https:\/\/i1.wp.com\/astehshop.com\/wp-content\/uploads\/2022\/02\/JA-1X1A-C-ST-Poklopac-sirene.png?fit=600%2C569&resize=350%2C200","width":350,"height":200},"classes":[]}],"_links":{"self":[{"href":"http:\/\/astehshop.com\/index.php\/wp-json\/wp\/v2\/product\/5809"}],"collection":[{"href":"http:\/\/astehshop.com\/index.php\/wp-json\/wp\/v2\/product"}],"about":[{"href":"http:\/\/astehshop.com\/index.php\/wp-json\/wp\/v2\/types\/product"}],"replies":[{"embeddable":true,"href":"http:\/\/astehshop.com\/index.php\/wp-json\/wp\/v2\/comments?post=5809"}],"wp:featuredmedia":[{"embeddable":true,"href":"http:\/\/astehshop.com\/index.php\/wp-json\/wp\/v2\/media\/5810"}],"wp:attachment":[{"href":"http:\/\/astehshop.com\/index.php\/wp-json\/wp\/v2\/media?parent=5809"}],"wp:term":[{"taxonomy":"product_cat","embeddable":true,"href":"http:\/\/astehshop.com\/index.php\/wp-json\/wp\/v2\/product_cat?post=5809"},{"taxonomy":"product_tag","embeddable":true,"href":"http:\/\/astehshop.com\/index.php\/wp-json\/wp\/v2\/product_tag?post=5809"}],"curies":[{"name":"wp","href":"https:\/\/api.w.org\/{rel}","templated":true}]}}