{"id":5807,"date":"2022-01-09T11:30:08","date_gmt":"2022-01-09T10:30:08","guid":{"rendered":"http:\/\/astehshop.com\/?post_type=product&#038;p=5807"},"modified":"2022-10-08T16:29:38","modified_gmt":"2022-10-08T14:29:38","slug":"jablotron-ja-16j-daljinski","status":"publish","type":"product","link":"http:\/\/astehshop.com\/index.php\/product\/jablotron-ja-16j-daljinski\/","title":{"rendered":"Jablotron JA-16J daljinski"},"content":{"rendered":"<p>Daljinsko upravljanje sigurnosnim sistemom i raznim elektri\u010dnim ure\u0111ajimau njemu. Aktiviranje panik alarma (bez opti\u010dkih i zvu\u010dnih indikacija o izvr\u0161avanju panik naredbe). Proverava status baterije i pokazuje ako je prazna. Ako se taster pritisne i dr\u017ei neprekidno, komanda se \u0161alje svake sekunde. Ova funkcija se mo\u017ee koristiti za produ\u017eavanje komande PG izlaza (npr. postepeno zatvaranje roletni ). Zvuk tastera se mo\u017ee isklju\u010diti. Funkcija zaklju\u010davanja. Napredna pode\u0161avanja za dvostruko pritiskanje tastera. Daljinski upravlja\u010d zauzima jednu adresu od 32 u sistemu.<\/p>\n","protected":false},"excerpt":{"rendered":"<p>Daljinsko upravljanje sigurnosnim sistemom i raznim elektri\u010dnim ure\u0111ajimau njemu. Aktiviranje panik alarma (bez opti\u010dkih i zvu\u010dnih indikacija o izvr\u0161avanju panik naredbe). Proverava status baterije i pokazuje ako je prazna. Ako se taster pritisne i dr\u017ei neprekidno, komanda se \u0161alje svake sekunde. Ova funkcija se mo\u017ee koristiti za produ\u017eavanje komande PG izlaza (npr. postepeno zatvaranje roletni ). Zvuk tastera se mo\u017ee isklju\u010diti. Funkcija zaklju\u010davanja. Napredna pode\u0161avanja za dvostruko pritiskanje tastera. Daljinski upravlja\u010d zauzima jednu adresu od 32 u sistemu.<\/p>\n","protected":false},"featured_media":5808,"comment_status":"open","ping_status":"closed","template":"","meta":{"_mi_skip_tracking":false,"_exactmetrics_sitenote_active":false,"_exactmetrics_sitenote_note":"","_exactmetrics_sitenote_category":0,"spay_email":""},"product_cat":[3621],"product_tag":[3652,259,3651,3622],"brands":[{"id":3620,"name":"Jablotron","slug":"jablotron"}],"df_price":90,"df_sale_price":"","df_regular_price":90,"df_image_link":"https:\/\/i2.wp.com\/astehshop.com\/wp-content\/uploads\/2022\/01\/JA-16J-daljinac.jpg?fit=450%2C450","jetpack_publicize_connections":[],"jetpack_sharing_enabled":true,"jetpack_likes_enabled":true,"jetpack-related-posts":[{"id":6036,"url":"http:\/\/astehshop.com\/index.php\/product\/ja-182j-daljinski-upravljac\/","url_meta":{"origin":5807,"position":0},"title":"JA-182J Daljinski upravlja\u010d","date":"14. velja\u010de 2022.","format":false,"excerpt":"JA-182J slu\u017ei za daljinsko ukjlju\u010divanje\/isklju\u010divanje sistema, aktivaciju panik alarma i kontrolu drugih ure\u0111aja. Daljinski upravlja\u010d je opremljen sa prakti\u010dnom funkcijom \u201cde\u010djeg zaklju\u010davanja\u201d koja spre\u010dava neovla\u0161\u0107eno kori\u0161tenje. Ako je ova funkcija uklju\u010dena, za aktiviranje ure\u0111aja je potrebno pritisnuti dugme dva puta u roku od 1 sekunde.","rel":"","context":"Srodne objave","img":{"alt_text":"","src":"https:\/\/i0.wp.com\/astehshop.com\/wp-content\/uploads\/2022\/02\/JA-182J.jpg?fit=600%2C600&resize=350%2C200","width":350,"height":200},"classes":[]},{"id":6114,"url":"http:\/\/astehshop.com\/index.php\/product\/hikvision-ax-pro-bezicna-prenosna-panik-tipka-taster-ds-pdebp1-eg2-we\/","url_meta":{"origin":5807,"position":1},"title":"HikVision AX PRO be\u017ei\u010dna prenosna panik tipka taster DS- PDEBP1-EG2-we","date":"1. travnja 2022.","format":false,"excerpt":"dvosmjerna 868MHz komunikacija IP54 za\u0161tita do 1km na otvorenom prostoru 3 godine \u017eivota baterije","rel":"","context":"Srodne objave","img":{"alt_text":"","src":"https:\/\/i1.wp.com\/astehshop.com\/wp-content\/uploads\/2022\/04\/dvosmjerna-868MHz-komunikacija.png?fit=700%2C394&resize=350%2C200","width":350,"height":200},"classes":[]},{"id":3993,"url":"http:\/\/astehshop.com\/index.php\/product\/paradox-rem101-panic-daljinski-upravljac\/","url_meta":{"origin":5807,"position":2},"title":"Paradox REM101 Panic daljinski upravlja\u010d","date":"18. velja\u010de 2020.","format":false,"excerpt":"\u2022 Daljinski pomo\u0107\/panika upravlja\u010d \u2022 Panik funkcija omogu\u0107ava korisniku trenutno slanje panik signala centrali \u2022 Dostupan u dvije boje: crnoj i bijeloj \u2022 Frekvencijsko podru\u010dje 433MHz ili 868MHz","rel":"","context":"Srodne objave","img":{"alt_text":"","src":"https:\/\/i1.wp.com\/astehshop.com\/wp-content\/uploads\/2020\/02\/Paradox-REM101-Panic-daljinski-upravlja\u010d.jpg?fit=1200%2C1187&resize=350%2C200","width":350,"height":200},"classes":[]},{"id":7889,"url":"http:\/\/astehshop.com\/index.php\/product\/bezicni-panik-dahua-ard821-w2\/","url_meta":{"origin":5807,"position":3},"title":"Be\u017ei\u010dni panik Dahua ARD821-W2","date":"1. lipnja 2023.","format":false,"excerpt":"Be\u017ei\u010dni panik taster. 1 taster, LED indikator (status), 2-smerna komunikacija sa AES128 enkripcijom, Frekvencija: 868.0 MHz\u2013868.6 MHz, Frequency Hopping, Detekcija ja\u010dine signala, Domet do 1400m na otvorenom, U kompletu sa CR2032 baterijom, Trajanje baterije do 5 godine, Radna temperatura: -10 \u00b0C to +55 \u00b0C, Dimenzije: 55 mm \u00d7 36 mm\u2026","rel":"","context":"Srodne objave","img":{"alt_text":"","src":"https:\/\/i1.wp.com\/astehshop.com\/wp-content\/uploads\/2023\/06\/dahua-ard821-w2.jpg?fit=1184%2C1200&resize=350%2C200","width":350,"height":200},"classes":[]},{"id":9048,"url":"http:\/\/astehshop.com\/index.php\/product\/sensbi-zremoti-l2rf-zigbee-bezicni-daljinski-upravljac-2-tastera\/","url_meta":{"origin":5807,"position":4},"title":"Sensbi ZREMOTI-L2RF ZigBee be\u017ei\u010dni daljinski upravlja\u010d &#8211; 2 tastera","date":"19. velja\u010de 2024.","format":false,"excerpt":"ZigBee rele, beznaponski izlaz, 10A 250Vac ZigBee rele, beznaponski izlaz, 10A 250Vac, radi na 230Vac. On\/Off i Tajmer funkcija. Mo\u017ee se koristiti u bilo kom zahtevu kao upralja\u010dki ure\u0111aj, npr za aktiviranje elektronike na kapijama, rampama, grejanja. Mo\u017ee se koristiti za uklju\u010denje svetla, klime... Mogu\u0107nosti su razne, ograni\u010denje je max\u2026","rel":"","context":"Srodne objave","img":{"alt_text":"","src":"https:\/\/i2.wp.com\/astehshop.com\/wp-content\/uploads\/2024\/02\/sensbi-zremoti-l2rf-zigbee-bezicni-daljinski-upravljac-2-tastera_0.jpg?fit=1200%2C816&resize=350%2C200","width":350,"height":200},"classes":[]},{"id":10009,"url":"http:\/\/astehshop.com\/index.php\/product\/roombanker-daljinski-upravljac-alarmnim-sistemom\/","url_meta":{"origin":5807,"position":5},"title":"RoomBanker daljinski upravlja\u010d alarmnim sistemom","date":"16. o\u017eujka 2025.","format":false,"excerpt":"Preuzmite kontrolu nad sigurno\u0161\u0107u svog doma uz Roombanker prijenosni be\u017ei\u010dni privezak za klju\u010deve, dizajniran za jednostavnu upotrebu i prakti\u010dnost. Ovaj privezak pojednostavljuje va\u0161e sigurnosne operacije, omogu\u0107avaju\u0107i vam da aktivirate i deaktivirate svoj sistem samo jednim klikom. Osim toga, nudi dva prilagodljiva gumba koja se mogu personalizirati putem aplikacije RB Link,\u2026","rel":"","context":"Srodne objave","img":{"alt_text":"","src":"https:\/\/i2.wp.com\/astehshop.com\/wp-content\/uploads\/2025\/03\/RBCT-KF1-868-6.webp?fit=600%2C600&resize=350%2C200","width":350,"height":200},"classes":[]}],"_links":{"self":[{"href":"http:\/\/astehshop.com\/index.php\/wp-json\/wp\/v2\/product\/5807"}],"collection":[{"href":"http:\/\/astehshop.com\/index.php\/wp-json\/wp\/v2\/product"}],"about":[{"href":"http:\/\/astehshop.com\/index.php\/wp-json\/wp\/v2\/types\/product"}],"replies":[{"embeddable":true,"href":"http:\/\/astehshop.com\/index.php\/wp-json\/wp\/v2\/comments?post=5807"}],"wp:featuredmedia":[{"embeddable":true,"href":"http:\/\/astehshop.com\/index.php\/wp-json\/wp\/v2\/media\/5808"}],"wp:attachment":[{"href":"http:\/\/astehshop.com\/index.php\/wp-json\/wp\/v2\/media?parent=5807"}],"wp:term":[{"taxonomy":"product_cat","embeddable":true,"href":"http:\/\/astehshop.com\/index.php\/wp-json\/wp\/v2\/product_cat?post=5807"},{"taxonomy":"product_tag","embeddable":true,"href":"http:\/\/astehshop.com\/index.php\/wp-json\/wp\/v2\/product_tag?post=5807"}],"curies":[{"name":"wp","href":"https:\/\/api.w.org\/{rel}","templated":true}]}}