{"id":5805,"date":"2022-01-09T11:28:36","date_gmt":"2022-01-09T10:28:36","guid":{"rendered":"http:\/\/astehshop.com\/?post_type=product&#038;p=5805"},"modified":"2022-10-08T16:29:53","modified_gmt":"2022-10-08T14:29:53","slug":"jablotron-ja-15p-bezicni-detektor-pokreta","status":"publish","type":"product","link":"http:\/\/astehshop.com\/index.php\/product\/jablotron-ja-15p-bezicni-detektor-pokreta\/","title":{"rendered":"Jablotron JA-15P be\u017ei\u010dni detektor pokreta"},"content":{"rendered":"<p>JA-15P je be\u017ei\u010dni PIR detektor pokreta koji je namenjen za otkrivanje provale. Reaguje na prisustvo ve\u0107eg pokretnog objekta temperature ljudskog tela. Zone detekcije se mogu optimizovati pomo\u0107u dodatnih so\u010diva JS-7904 (za duga\u010dak hodnik), JS-7906 (pra\u0107enje na visini prekoku\u0107nih ljubimaca) ili JS-7901 (tzv. zavesa). Stepen osetljivosti se mo\u017ee izabrati na dva nivoa. Visina monta\u017ee: 2,5 m iznad poda. Zona detekcije: 110 \u00b0 \/ 12 m (sa standardnim so\u010divom). Domet do 300m. Napajanje: 2 x 1.5V AA baterije (poru\u010duju se odvojeno).<\/p>\n<p>&nbsp;<\/p>\n<p>&nbsp;<\/p>\n<p><strong>PORU\u010cITE 2kom* BAT 1V5 AA BATERIJE.<\/strong><\/p>\n","protected":false},"excerpt":{"rendered":"<p>JA-15P je be\u017ei\u010dni PIR detektor pokreta koji je namenjen za otkrivanje provale. Reaguje na prisustvo ve\u0107eg pokretnog objekta temperature ljudskog tela. Zone detekcije se mogu optimizovati pomo\u0107u dodatnih so\u010diva JS-7904 (za duga\u010dak hodnik), JS-7906 (pra\u0107enje na visini prekoku\u0107nih ljubimaca) ili JS-7901 (tzv. zavesa). Stepen osetljivosti se mo\u017ee izabrati na dva nivoa. Visina monta\u017ee: 2,5 m iznad poda. Zona detekcije: 110 \u00b0 \/ 12 m (sa standardnim so\u010divom). Domet do 300m. Napajanje: 2 x 1.5V AA baterije (poru\u010duju se odvojeno).<\/p>\n<p>&nbsp;<\/p>\n<p>&nbsp;<\/p>\n<p><strong>PORU\u010cITE 2kom* BAT 1V5 AA BATERIJE.<\/strong><\/p>\n","protected":false},"featured_media":5806,"comment_status":"open","ping_status":"closed","template":"","meta":{"_mi_skip_tracking":false,"_exactmetrics_sitenote_active":false,"_exactmetrics_sitenote_note":"","_exactmetrics_sitenote_category":0,"spay_email":""},"product_cat":[3621],"product_tag":[455,853,3650,3622,3623,3624,1383,1384],"brands":[{"id":3620,"name":"Jablotron","slug":"jablotron"}],"df_price":99,"df_sale_price":"","df_regular_price":99,"df_image_link":"https:\/\/i2.wp.com\/astehshop.com\/wp-content\/uploads\/2022\/01\/JA-15P-bz.-detektor-pokreta.jpg?fit=450%2C450","jetpack_publicize_connections":[],"jetpack_sharing_enabled":true,"jetpack_likes_enabled":true,"jetpack-related-posts":[{"id":5817,"url":"http:\/\/astehshop.com\/index.php\/product\/jablotron-js-20-largo-zicani-detektor-pokreta\/","url_meta":{"origin":5805,"position":0},"title":"Jablotron JS-20 Largo \u017ei\u010dani detektor pokreta","date":"9. sije\u010dnja 2022.","format":false,"excerpt":"JS-20 Largo je konvencionalni PIR detektor pokreta koji je namenjen za otkrivanje provale. Reaguje na prisustvo ve\u0107eg pokretnog objekta temperature ljudskog tela. Zone detekcije se mogu optimizovati pomo\u0107u dodatnih so\u010diva JS-7904 (za duga\u010dak hodnik), JS-7906 (pra\u0107enje na visini prekoku\u0107nih ljubimaca) ili JS-7901 (tzv. zavesa). Stepen osetljivosti se mo\u017ee izabrati na\u2026","rel":"","context":"Srodne objave","img":{"alt_text":"","src":"https:\/\/i1.wp.com\/astehshop.com\/wp-content\/uploads\/2022\/01\/JS-20-Largo-z.-detektor-pokreta.png?fit=600%2C569&resize=350%2C200","width":350,"height":200},"classes":[]},{"id":5986,"url":"http:\/\/astehshop.com\/index.php\/product\/ja-150p-bezicni-detektor-pokreta\/","url_meta":{"origin":5805,"position":1},"title":"JA-150P Be\u017ei\u010dni detektor pokreta","date":"13. velja\u010de 2022.","format":false,"excerpt":"JA-150P je be\u017ei\u010dni PIR detektor pokreta koji je namenjen za za\u0161titu enterijera.Otkriva kretanje preko temperature ljudskog tela.Karakteristika detekcije se mo\u017ee optimizovati pomo\u0107u alternativnih so\u010diva JS-7904 (za duga\u010dak hodnik), JS-7906 (neosetljivost na ku\u0107ne ljubimce) ili JS-7901 (zavesa). Stepen otpornosti se mo\u017ee izabrati na dva nivoa * Napajanje:2 x 1.5V AA *\u2026","rel":"","context":"Srodne objave","img":{"alt_text":"","src":"https:\/\/i0.wp.com\/astehshop.com\/wp-content\/uploads\/2022\/02\/JA-110P-Detek.-pokreta.png?fit=600%2C569&resize=350%2C200","width":350,"height":200},"classes":[]},{"id":5784,"url":"http:\/\/astehshop.com\/index.php\/product\/ja-15pc-bezicni-detekor-sa-foto-verifikacijom\/","url_meta":{"origin":5805,"position":2},"title":"JA-15PC be\u017ei\u010dni detekor sa foto verifikacijom","date":"9. sije\u010dnja 2022.","format":false,"excerpt":"JA-15PC je be\u017ei\u010dni PIR detektor pokreta sa foto verifikacijom. Reaguje na prisustvo i \u0161alje fotografiju o uzro\u010dniku uzbune na aplikaciju. Ugao so\u010diva 90\u00b0. Domet blica oko 3m. Rezolucija 640x480 i 320x240. Stepen osetljivosti PIR-a se mo\u017ee izabrati na dva nivoa. Visina monta\u017ee: 2,5 m iznad poda. Zona detekcije: 90\u00b0 \/\u2026","rel":"","context":"Srodne objave","img":{"alt_text":"","src":"https:\/\/i0.wp.com\/astehshop.com\/wp-content\/uploads\/2022\/01\/JA-15PC.jpg?fit=600%2C600&resize=350%2C200","width":350,"height":200},"classes":[]},{"id":6000,"url":"http:\/\/astehshop.com\/index.php\/product\/ja-180pb-bezicni-kombinovani-detektor-i-lom-stakla\/","url_meta":{"origin":5805,"position":3},"title":"JA-180PB Be\u017ei\u010dni kombinovani detektor i lom stakla","date":"13. velja\u010de 2022.","format":false,"excerpt":"JA-180PB be\u017ei\u010dni detektor je namenjen za otkrivanje ljudskog kretanja unutar objekata, kao i za detekciju razbijanja staklenih povr\u0161ina.Zauzima dve adrese u sistemu.Stepen otpornosti se mo\u017ee izabrati na dva nivoa * Napajanje: litijumske baterije (BAT-3V6-AA-LS i BAT-3V6-1\/2AA-LS) * Visina monta\u017ee:2- 2,5 m iznad poda * Opseg detekcije: 120 \u00b0 \/ 12\u2026","rel":"","context":"Srodne objave","img":{"alt_text":"","src":"https:\/\/i2.wp.com\/astehshop.com\/wp-content\/uploads\/2022\/02\/JA-120PB-Komb.-detek.-pok.i-loma.png?fit=600%2C569&resize=350%2C200","width":350,"height":200},"classes":[]},{"id":6003,"url":"http:\/\/astehshop.com\/index.php\/product\/ja-186p-bezicni-dvostruki-detektor-pokreta\/","url_meta":{"origin":5805,"position":4},"title":"JA-186P Be\u017ei\u010dni dvostruki detektor pokreta","date":"13. velja\u010de 2022.","format":false,"excerpt":"JA-186P je namenjen za otkrivanje pokreta unutar \u0161ti\u0107enog objekta.Detekcija u dve zone osigurava visoki imunitet prema kretanju ku\u0107nih ljubimaca. Detektor komunicira putem JABLOTRON radio-protokola sa centralnom jedinicom.Normalna visina ugradnje je 120 cm iznad poda.Detektor ima dve detekcione zone od kojih svaka pokriva ugao od 120 \u00b0 i udaljenosti od 12\u2026","rel":"","context":"Srodne objave","img":{"alt_text":"","src":"https:\/\/i1.wp.com\/astehshop.com\/wp-content\/uploads\/2022\/02\/JA-186P.png?fit=600%2C569&resize=350%2C200","width":350,"height":200},"classes":[]},{"id":5982,"url":"http:\/\/astehshop.com\/index.php\/product\/jablotron-ja-112p-detektor-pokreta\/","url_meta":{"origin":5805,"position":5},"title":"Jablotron JA-112P Detektor pokreta","date":"13. velja\u010de 2022.","format":false,"excerpt":"JA-112P je PIR detektor pokreta koji je namenjen za za\u0161titu enterijera. Otkriva kretanje preko temperature ljudskog tela.Stepen otpornosti se mo\u017ee izabrati na dva nivoa * Napajanje: iz centralne jedinice BUS 12 V (9 - 15 V) * Potro\u0161nja u stanju mirovanja: 2 mA * Visina monta\u017ee: 2,5 m iznad poda\u2026","rel":"","context":"Srodne objave","img":{"alt_text":"","src":"https:\/\/i2.wp.com\/astehshop.com\/wp-content\/uploads\/2022\/02\/JA-112P.png?fit=600%2C569&resize=350%2C200","width":350,"height":200},"classes":[]}],"_links":{"self":[{"href":"http:\/\/astehshop.com\/index.php\/wp-json\/wp\/v2\/product\/5805"}],"collection":[{"href":"http:\/\/astehshop.com\/index.php\/wp-json\/wp\/v2\/product"}],"about":[{"href":"http:\/\/astehshop.com\/index.php\/wp-json\/wp\/v2\/types\/product"}],"replies":[{"embeddable":true,"href":"http:\/\/astehshop.com\/index.php\/wp-json\/wp\/v2\/comments?post=5805"}],"wp:featuredmedia":[{"embeddable":true,"href":"http:\/\/astehshop.com\/index.php\/wp-json\/wp\/v2\/media\/5806"}],"wp:attachment":[{"href":"http:\/\/astehshop.com\/index.php\/wp-json\/wp\/v2\/media?parent=5805"}],"wp:term":[{"taxonomy":"product_cat","embeddable":true,"href":"http:\/\/astehshop.com\/index.php\/wp-json\/wp\/v2\/product_cat?post=5805"},{"taxonomy":"product_tag","embeddable":true,"href":"http:\/\/astehshop.com\/index.php\/wp-json\/wp\/v2\/product_tag?post=5805"}],"curies":[{"name":"wp","href":"https:\/\/api.w.org\/{rel}","templated":true}]}}