{"id":5803,"date":"2022-01-09T11:26:57","date_gmt":"2022-01-09T10:26:57","guid":{"rendered":"http:\/\/astehshop.com\/?post_type=product&#038;p=5803"},"modified":"2022-01-09T11:26:57","modified_gmt":"2022-01-09T10:26:57","slug":"jablotron-sd-283st-zicani-kombinovani-detektor-pozara","status":"publish","type":"product","link":"http:\/\/astehshop.com\/index.php\/product\/jablotron-sd-283st-zicani-kombinovani-detektor-pozara\/","title":{"rendered":"Jablotron SD-283ST \u017ei\u010dani kombinovani detektor po\u017eara"},"content":{"rendered":"<p>SD-283ST je analogni detektor po\u017eara sertifikovan prema EN 14604, EN 54-5 i EN 54-7 standardima. Detektor omogu\u0107ava postavljanje razli\u010ditih opcija otkrivanja: dim i povi\u0161ena temperatura, dim ili povi\u0161ena temperatura, samo dim ili samo povi\u0161ena temperatura. Napajanje 12VDC, plus back-up baterije 3x 1.5V AA.<\/p>\n<p>&nbsp;<\/p>\n<p>&nbsp;<\/p>\n<p><strong>URE\u0110AJ SE NAPAJA SA MODULA.<br \/>\nREZERVNO NAPAJANJE: 3x alkalna baterija 1,5V AA<\/strong><\/p>\n","protected":false},"excerpt":{"rendered":"<p>SD-283ST je analogni detektor po\u017eara sertifikovan prema EN 14604, EN 54-5 i EN 54-7 standardima. Detektor omogu\u0107ava postavljanje razli\u010ditih opcija otkrivanja: dim i povi\u0161ena temperatura, dim ili povi\u0161ena temperatura, samo dim ili samo povi\u0161ena temperatura. Napajanje 12VDC, plus back-up baterije 3x 1.5V AA.<\/p>\n<p>&nbsp;<\/p>\n<p>&nbsp;<\/p>\n<p><strong>URE\u0110AJ SE NAPAJA SA MODULA.<br \/>\nREZERVNO NAPAJANJE: 3x alkalna baterija 1,5V AA<\/strong><\/p>\n","protected":false},"featured_media":5804,"comment_status":"open","ping_status":"closed","template":"","meta":{"_mi_skip_tracking":false,"_exactmetrics_sitenote_active":false,"_exactmetrics_sitenote_note":"","_exactmetrics_sitenote_category":0,"spay_email":""},"product_cat":[3621],"product_tag":[2496,3647,3622,3649,3646,3648],"brands":[{"id":3620,"name":"Jablotron","slug":"jablotron"}],"df_price":"","df_sale_price":"","df_regular_price":"","df_image_link":"https:\/\/i0.wp.com\/astehshop.com\/wp-content\/uploads\/2022\/01\/SD-283ST-z.-kombinovani-detektor-pozara.png?fit=450%2C427","jetpack_publicize_connections":[],"jetpack_sharing_enabled":true,"jetpack_likes_enabled":true,"jetpack-related-posts":[{"id":5800,"url":"http:\/\/astehshop.com\/index.php\/product\/jablotron-ja-15st-bezicni-kombinovani-detektor-pozara\/","url_meta":{"origin":5803,"position":0},"title":"Jablotron JA-15ST be\u017ei\u010dni kombinovani detektor po\u017eara","date":"9. sije\u010dnja 2022.","format":false,"excerpt":"JA-15ST je be\u017ei\u010dni kombinovani opti\u010dko-termi\u010dki detektor po\u017eara. Omogu\u0107ava postavljanje razli\u010ditih opcija otkrivanja: dim i povi\u0161ena temperatura, dim ili povi\u0161ena temperatura, samo dim (ne\u0107e detektovati plamen od alkohola) ili samo povi\u0161ena temperatura. Pogodan za ku\u0107e, firme, vozila i plovila. Osim uzbunjivanja preko centrale, detektor \u0107e koristiti i svoju sirenu i bljeskalicu.\u2026","rel":"","context":"Srodne objave","img":{"alt_text":"","src":"https:\/\/i1.wp.com\/astehshop.com\/wp-content\/uploads\/2022\/01\/JA-15ST-bz.-kombinovani-detektor-pozara.jpg?fit=600%2C600&resize=350%2C200","width":350,"height":200},"classes":[]},{"id":9997,"url":"http:\/\/astehshop.com\/index.php\/product\/roombanker-detektor-dima-rbss-sm1-868\/","url_meta":{"origin":5803,"position":1},"title":"RoomBanker detektor dima RBSS-SM1-868","date":"16. o\u017eujka 2025.","format":false,"excerpt":"Detektor dima kontinuirano prati dim i odmah aktivira alarm u po\u010detnoj fazi po\u017eara. Ovaj proizvod je opremljen ugra\u0111enom baterijom koja osigurava dugoro\u010dnu detekciju u stanju pripravnosti u realnom vremenu. Trenutno postoje dva modela, koji podr\u017eavaju RBF protokol i Zigbee protokol, koji mogu zadovoljiti stvarne potrebe instalacije i kori\u0161tenja razli\u010ditih korisnika.","rel":"","context":"Srodne objave","img":{"alt_text":"","src":"https:\/\/i1.wp.com\/astehshop.com\/wp-content\/uploads\/2025\/03\/smoke-detector-rbf-roombanker.jpg?fit=1056%2C600&resize=350%2C200","width":350,"height":200},"classes":[]},{"id":7892,"url":"http:\/\/astehshop.com\/index.php\/product\/bezicni-detektor-dima-dahua-hy-sa21a-w2\/","url_meta":{"origin":5803,"position":2},"title":"Be\u017ei\u010dni detektor dima Dahua HY-SA21A-W2","date":"1. lipnja 2023.","format":false,"excerpt":"Be\u017ei\u010dni detektor dima sa fotoelektri\u010dkim senzorom. Vreme uzorkovanja 10 sekundi. LED indikator (crveni \/ zeleni) i audio alarm: dim, gre\u0161ka, niska baterija. Ja\u010dina alarma 85dB\u201390dB(A) na 3 m. Prag odziva alarma: 0.2 dB\/m \u2013 0.3 dB\/m. Pokrivenost 20m\u00b2 \u2013 40m\u00b2 na visini manjoj od 8m (3.28 ft). Frekvencija 868.0 MHz\u2013868.6\u2026","rel":"","context":"Srodne objave","img":{"alt_text":"","src":"https:\/\/i2.wp.com\/astehshop.com\/wp-content\/uploads\/2023\/06\/dahua-hy-sa21a-w2.jpg?fit=1200%2C1150&resize=350%2C200","width":350,"height":200},"classes":[]},{"id":6064,"url":"http:\/\/astehshop.com\/index.php\/product\/ja-111sh-detektor-udarca-ili-detektor-nagiba\/","url_meta":{"origin":5803,"position":3},"title":"JA-111SH Detektor udarca ili detektor nagiba","date":"14. velja\u010de 2022.","format":false,"excerpt":"JA-111SH BUS detektor ima 2 moda na\u010dina detekcije i rada.Otkrivanje udaraca (vibracija) na vratima, prozorima, staklenim pregradama itd. mo\u017ee ukazivati na poku\u0161aj ulaska pomo\u0107u sile. Otkrivanja nagiba mo\u017ee ukazivati na ne\u017eeljenu manipulaciju vrednim predmetom na koji je detektor montiran (npr. sefovi, umetni\u010dka dela itd.). Detektor koristi poluprovodni\u010dki troosni akcelerometar sa\u2026","rel":"","context":"Srodne objave","img":{"alt_text":"","src":"https:\/\/i0.wp.com\/astehshop.com\/wp-content\/uploads\/2022\/02\/JA-111SH-Detek.-udarca-ili-detek.-nagiba.png?fit=600%2C569&resize=350%2C200","width":350,"height":200},"classes":[]},{"id":6066,"url":"http:\/\/astehshop.com\/index.php\/product\/ja-182sh-bezicni-detektor-udarca-i-nagiba\/","url_meta":{"origin":5803,"position":4},"title":"JA-182SH Be\u017ei\u010dni detektor udarca i nagiba","date":"14. velja\u010de 2022.","format":false,"excerpt":"JA-182SH je detektor koji obavlja dvostruku funkciju.Na\u010din otkrivanja \u0161oka (vibracija), ili udarca prati vrata, prozore, staklene pregrade itd. a otkrivanje udarca ukazuje na poku\u0161aje njihovog savladavanja grubom silom. Otkrivanje nagiba s druge strane otkriva neovla\u0161\u0107eno rukovanje vrednim predmetom unutar \u0161ti\u0107enog objekta. Detektor koristi troosni digitalni akcelerometar. Napajanje: litijumska baterija CR-123A,\u2026","rel":"","context":"Srodne objave","img":{"alt_text":"","src":"https:\/\/i0.wp.com\/astehshop.com\/wp-content\/uploads\/2022\/02\/JA-182SH.png?fit=600%2C569&resize=350%2C200","width":350,"height":200},"classes":[]},{"id":6038,"url":"http:\/\/astehshop.com\/index.php\/product\/ja-150m-bezicni-magnetni-detektor\/","url_meta":{"origin":5803,"position":5},"title":"JA-150M Be\u017ei\u010dni magnetni detektor","date":"14. velja\u010de 2022.","format":false,"excerpt":"JA-150M je namenjen za otkrivanje otvaranja prozora ili vrata. Beli.Mo\u017ee se programirati da \u0161alje status ili impulsni signal za detekciju otvaranja vrata ili prozora. Detektor tako\u0111e uklju\u010duje dva ulazna terminala IN1 i IN2 na koje se mogu spojiti alternativni \u017ei\u010dni detektori otvaranja, detektor poplave ili ne\u0161to sli\u010dno.Napajanje: 1x alkalna baterija\u2026","rel":"","context":"Srodne objave","img":{"alt_text":"","src":"https:\/\/i0.wp.com\/astehshop.com\/wp-content\/uploads\/2022\/02\/JA-150M-Bezicni-magnetni-detektor.png?fit=600%2C569&resize=350%2C200","width":350,"height":200},"classes":[]}],"_links":{"self":[{"href":"http:\/\/astehshop.com\/index.php\/wp-json\/wp\/v2\/product\/5803"}],"collection":[{"href":"http:\/\/astehshop.com\/index.php\/wp-json\/wp\/v2\/product"}],"about":[{"href":"http:\/\/astehshop.com\/index.php\/wp-json\/wp\/v2\/types\/product"}],"replies":[{"embeddable":true,"href":"http:\/\/astehshop.com\/index.php\/wp-json\/wp\/v2\/comments?post=5803"}],"wp:featuredmedia":[{"embeddable":true,"href":"http:\/\/astehshop.com\/index.php\/wp-json\/wp\/v2\/media\/5804"}],"wp:attachment":[{"href":"http:\/\/astehshop.com\/index.php\/wp-json\/wp\/v2\/media?parent=5803"}],"wp:term":[{"taxonomy":"product_cat","embeddable":true,"href":"http:\/\/astehshop.com\/index.php\/wp-json\/wp\/v2\/product_cat?post=5803"},{"taxonomy":"product_tag","embeddable":true,"href":"http:\/\/astehshop.com\/index.php\/wp-json\/wp\/v2\/product_tag?post=5803"}],"curies":[{"name":"wp","href":"https:\/\/api.w.org\/{rel}","templated":true}]}}