{"id":5800,"date":"2022-01-09T11:24:46","date_gmt":"2022-01-09T10:24:46","guid":{"rendered":"http:\/\/astehshop.com\/?post_type=product&#038;p=5800"},"modified":"2022-10-08T16:30:13","modified_gmt":"2022-10-08T14:30:13","slug":"jablotron-ja-15st-bezicni-kombinovani-detektor-pozara","status":"publish","type":"product","link":"http:\/\/astehshop.com\/index.php\/product\/jablotron-ja-15st-bezicni-kombinovani-detektor-pozara\/","title":{"rendered":"Jablotron JA-15ST be\u017ei\u010dni kombinovani detektor po\u017eara"},"content":{"rendered":"<p>JA-15ST je be\u017ei\u010dni kombinovani opti\u010dko-termi\u010dki detektor po\u017eara. Omogu\u0107ava postavljanje razli\u010ditih opcija otkrivanja: dim i povi\u0161ena temperatura, dim ili povi\u0161ena temperatura, samo dim (ne\u0107e detektovati plamen od alkohola) ili samo povi\u0161ena temperatura. Pogodan za ku\u0107e, firme, vozila i plovila. Osim uzbunjivanja preko centrale, detektor \u0107e koristiti i svoju sirenu i bljeskalicu. Napajanje baterije 3x 1.5V AA (poru\u010duju se).<\/p>\n<p>&nbsp;<\/p>\n<p>&nbsp;<\/p>\n<p><strong>PORU\u010cITE 3kom*BAT 1v5 AA BATERIJE.<\/strong><\/p>\n","protected":false},"excerpt":{"rendered":"<p>JA-15ST je be\u017ei\u010dni kombinovani opti\u010dko-termi\u010dki detektor po\u017eara. Omogu\u0107ava postavljanje razli\u010ditih opcija otkrivanja: dim i povi\u0161ena temperatura, dim ili povi\u0161ena temperatura, samo dim (ne\u0107e detektovati plamen od alkohola) ili samo povi\u0161ena temperatura. Pogodan za ku\u0107e, firme, vozila i plovila. Osim uzbunjivanja preko centrale, detektor \u0107e koristiti i svoju sirenu i bljeskalicu. Napajanje baterije 3x 1.5V AA (poru\u010duju se).<\/p>\n<p>&nbsp;<\/p>\n<p>&nbsp;<\/p>\n<p><strong>PORU\u010cITE 3kom*BAT 1v5 AA BATERIJE.<\/strong><\/p>\n","protected":false},"featured_media":5801,"comment_status":"open","ping_status":"closed","template":"","meta":{"_mi_skip_tracking":false,"_exactmetrics_sitenote_active":false,"_exactmetrics_sitenote_note":"","_exactmetrics_sitenote_category":0,"spay_email":""},"product_cat":[3621],"product_tag":[3642,3643,3644,3645],"brands":[{"id":3620,"name":"Jablotron","slug":"jablotron"}],"df_price":145,"df_sale_price":"","df_regular_price":145,"df_image_link":"https:\/\/i1.wp.com\/astehshop.com\/wp-content\/uploads\/2022\/01\/JA-15ST-bz.-kombinovani-detektor-pozara.jpg?fit=450%2C450","jetpack_publicize_connections":[],"jetpack_sharing_enabled":true,"jetpack_likes_enabled":true,"jetpack-related-posts":[{"id":5803,"url":"http:\/\/astehshop.com\/index.php\/product\/jablotron-sd-283st-zicani-kombinovani-detektor-pozara\/","url_meta":{"origin":5800,"position":0},"title":"Jablotron SD-283ST \u017ei\u010dani kombinovani detektor po\u017eara","date":"9. sije\u010dnja 2022.","format":false,"excerpt":"SD-283ST je analogni detektor po\u017eara sertifikovan prema EN 14604, EN 54-5 i EN 54-7 standardima. Detektor omogu\u0107ava postavljanje razli\u010ditih opcija otkrivanja: dim i povi\u0161ena temperatura, dim ili povi\u0161ena temperatura, samo dim ili samo povi\u0161ena temperatura. Napajanje 12VDC, plus back-up baterije 3x 1.5V AA. \u00a0 \u00a0 URE\u0110AJ SE NAPAJA SA MODULA.\u2026","rel":"","context":"Srodne objave","img":{"alt_text":"","src":"https:\/\/i0.wp.com\/astehshop.com\/wp-content\/uploads\/2022\/01\/SD-283ST-z.-kombinovani-detektor-pozara.png?fit=600%2C569&resize=350%2C200","width":350,"height":200},"classes":[]},{"id":9997,"url":"http:\/\/astehshop.com\/index.php\/product\/roombanker-detektor-dima-rbss-sm1-868\/","url_meta":{"origin":5800,"position":1},"title":"RoomBanker detektor dima RBSS-SM1-868","date":"16. o\u017eujka 2025.","format":false,"excerpt":"Detektor dima kontinuirano prati dim i odmah aktivira alarm u po\u010detnoj fazi po\u017eara. Ovaj proizvod je opremljen ugra\u0111enom baterijom koja osigurava dugoro\u010dnu detekciju u stanju pripravnosti u realnom vremenu. Trenutno postoje dva modela, koji podr\u017eavaju RBF protokol i Zigbee protokol, koji mogu zadovoljiti stvarne potrebe instalacije i kori\u0161tenja razli\u010ditih korisnika.","rel":"","context":"Srodne objave","img":{"alt_text":"","src":"https:\/\/i1.wp.com\/astehshop.com\/wp-content\/uploads\/2025\/03\/smoke-detector-rbf-roombanker.jpg?fit=1056%2C600&resize=350%2C200","width":350,"height":200},"classes":[]},{"id":6066,"url":"http:\/\/astehshop.com\/index.php\/product\/ja-182sh-bezicni-detektor-udarca-i-nagiba\/","url_meta":{"origin":5800,"position":2},"title":"JA-182SH Be\u017ei\u010dni detektor udarca i nagiba","date":"14. velja\u010de 2022.","format":false,"excerpt":"JA-182SH je detektor koji obavlja dvostruku funkciju.Na\u010din otkrivanja \u0161oka (vibracija), ili udarca prati vrata, prozore, staklene pregrade itd. a otkrivanje udarca ukazuje na poku\u0161aje njihovog savladavanja grubom silom. Otkrivanje nagiba s druge strane otkriva neovla\u0161\u0107eno rukovanje vrednim predmetom unutar \u0161ti\u0107enog objekta. Detektor koristi troosni digitalni akcelerometar. Napajanje: litijumska baterija CR-123A,\u2026","rel":"","context":"Srodne objave","img":{"alt_text":"","src":"https:\/\/i0.wp.com\/astehshop.com\/wp-content\/uploads\/2022\/02\/JA-182SH.png?fit=600%2C569&resize=350%2C200","width":350,"height":200},"classes":[]},{"id":6001,"url":"http:\/\/astehshop.com\/index.php\/product\/ja-180w-bezicni-kombinovani-detektor-pir-i-mw\/","url_meta":{"origin":5800,"position":3},"title":"JA-180W Be\u017ei\u010dni kombinovani detektor PIR i MW","date":"13. velja\u010de 2022.","format":false,"excerpt":"JA-180W je dualni PIR + MW be\u017ei\u010dni detektor koji se koristi za otkrivanje pokreta unutar \u0161ti\u010denog prostora * Stepen otpornosti se mo\u017ee izabrati na dva nivoa * Napajanje: 1 kom. BAT-3V6-AA-LS * Visina monta\u017ee:2- 2,5 m iznad poda * Opseg detekcije: 110 \u00b0 \/ 12 m (sa standardnim so\u010divom) *\u2026","rel":"","context":"Srodne objave","img":{"alt_text":"","src":"https:\/\/i2.wp.com\/astehshop.com\/wp-content\/uploads\/2022\/02\/JA-180W-Bez.-komb.-detektor-PIR-i-MW.png?fit=600%2C569&resize=350%2C200","width":350,"height":200},"classes":[]},{"id":6038,"url":"http:\/\/astehshop.com\/index.php\/product\/ja-150m-bezicni-magnetni-detektor\/","url_meta":{"origin":5800,"position":4},"title":"JA-150M Be\u017ei\u010dni magnetni detektor","date":"14. velja\u010de 2022.","format":false,"excerpt":"JA-150M je namenjen za otkrivanje otvaranja prozora ili vrata. Beli.Mo\u017ee se programirati da \u0161alje status ili impulsni signal za detekciju otvaranja vrata ili prozora. Detektor tako\u0111e uklju\u010duje dva ulazna terminala IN1 i IN2 na koje se mogu spojiti alternativni \u017ei\u010dni detektori otvaranja, detektor poplave ili ne\u0161to sli\u010dno.Napajanje: 1x alkalna baterija\u2026","rel":"","context":"Srodne objave","img":{"alt_text":"","src":"https:\/\/i0.wp.com\/astehshop.com\/wp-content\/uploads\/2022\/02\/JA-150M-Bezicni-magnetni-detektor.png?fit=600%2C569&resize=350%2C200","width":350,"height":200},"classes":[]},{"id":6000,"url":"http:\/\/astehshop.com\/index.php\/product\/ja-180pb-bezicni-kombinovani-detektor-i-lom-stakla\/","url_meta":{"origin":5800,"position":5},"title":"JA-180PB Be\u017ei\u010dni kombinovani detektor i lom stakla","date":"13. velja\u010de 2022.","format":false,"excerpt":"JA-180PB be\u017ei\u010dni detektor je namenjen za otkrivanje ljudskog kretanja unutar objekata, kao i za detekciju razbijanja staklenih povr\u0161ina.Zauzima dve adrese u sistemu.Stepen otpornosti se mo\u017ee izabrati na dva nivoa * Napajanje: litijumske baterije (BAT-3V6-AA-LS i BAT-3V6-1\/2AA-LS) * Visina monta\u017ee:2- 2,5 m iznad poda * Opseg detekcije: 120 \u00b0 \/ 12\u2026","rel":"","context":"Srodne objave","img":{"alt_text":"","src":"https:\/\/i2.wp.com\/astehshop.com\/wp-content\/uploads\/2022\/02\/JA-120PB-Komb.-detek.-pok.i-loma.png?fit=600%2C569&resize=350%2C200","width":350,"height":200},"classes":[]}],"_links":{"self":[{"href":"http:\/\/astehshop.com\/index.php\/wp-json\/wp\/v2\/product\/5800"}],"collection":[{"href":"http:\/\/astehshop.com\/index.php\/wp-json\/wp\/v2\/product"}],"about":[{"href":"http:\/\/astehshop.com\/index.php\/wp-json\/wp\/v2\/types\/product"}],"replies":[{"embeddable":true,"href":"http:\/\/astehshop.com\/index.php\/wp-json\/wp\/v2\/comments?post=5800"}],"wp:featuredmedia":[{"embeddable":true,"href":"http:\/\/astehshop.com\/index.php\/wp-json\/wp\/v2\/media\/5801"}],"wp:attachment":[{"href":"http:\/\/astehshop.com\/index.php\/wp-json\/wp\/v2\/media?parent=5800"}],"wp:term":[{"taxonomy":"product_cat","embeddable":true,"href":"http:\/\/astehshop.com\/index.php\/wp-json\/wp\/v2\/product_cat?post=5800"},{"taxonomy":"product_tag","embeddable":true,"href":"http:\/\/astehshop.com\/index.php\/wp-json\/wp\/v2\/product_tag?post=5800"}],"curies":[{"name":"wp","href":"https:\/\/api.w.org\/{rel}","templated":true}]}}