{"id":5795,"date":"2022-01-09T11:12:46","date_gmt":"2022-01-09T10:12:46","guid":{"rendered":"http:\/\/astehshop.com\/?post_type=product&#038;p=5795"},"modified":"2022-10-08T16:30:54","modified_gmt":"2022-10-08T14:30:54","slug":"jablotron-ja-11a-base-rb-spoljna-sirena-bus","status":"publish","type":"product","link":"http:\/\/astehshop.com\/index.php\/product\/jablotron-ja-11a-base-rb-spoljna-sirena-bus\/","title":{"rendered":"Jablotron JA-11A-BASE-RB spoljna sirena BUS"},"content":{"rendered":"<p>sirena JA-11A-BASE-RB komunicira u \u017ei\u010dnom JA-10 BUS protokolu. Zauzima jednu adresu, od 32 raspolo\u017eive u sistemu. Snaga zvuka je 110 dB\/m. Sirena dolazi bez poklopca (poru\u010duje se). Rezervno napajanje fabri\u010dki ugra\u0111eno (izmenjivo) NiCd pack 4.8 V\/1800 mAh.<\/p>\n<p>&nbsp;<\/p>\n<p>&nbsp;<\/p>\n<p><strong>REZERVNO NAPAJANJE SE DOBIJA U URE\u0110AJU.<\/strong><\/p>\n","protected":false},"excerpt":{"rendered":"<p>sirena JA-11A-BASE-RB komunicira u \u017ei\u010dnom JA-10 BUS protokolu. Zauzima jednu adresu, od 32 raspolo\u017eive u sistemu. Snaga zvuka je 110 dB\/m. Sirena dolazi bez poklopca (poru\u010duje se). Rezervno napajanje fabri\u010dki ugra\u0111eno (izmenjivo) NiCd pack 4.8 V\/1800 mAh.<\/p>\n<p>&nbsp;<\/p>\n<p>&nbsp;<\/p>\n<p><strong>REZERVNO NAPAJANJE SE DOBIJA U URE\u0110AJU.<\/strong><\/p>\n","protected":false},"featured_media":5796,"comment_status":"open","ping_status":"closed","template":"","meta":{"_mi_skip_tracking":false,"_exactmetrics_sitenote_active":false,"_exactmetrics_sitenote_note":"","_exactmetrics_sitenote_category":0,"spay_email":""},"product_cat":[3621],"product_tag":[327,3640,3622,3623,3624,332],"brands":[{"id":3620,"name":"Jablotron","slug":"jablotron"}],"df_price":230,"df_sale_price":"","df_regular_price":230,"df_image_link":"https:\/\/i2.wp.com\/astehshop.com\/wp-content\/uploads\/2022\/01\/JA-11A-BASE-RB-spoljna-sirena-BUS.jpg?fit=450%2C450","jetpack_publicize_connections":[],"jetpack_sharing_enabled":true,"jetpack_likes_enabled":true,"jetpack-related-posts":[{"id":5793,"url":"http:\/\/astehshop.com\/index.php\/product\/jablotron-ja-16a-base-rb-bezicna-spoljna-sirena\/","url_meta":{"origin":5795,"position":0},"title":"Jablotron JA-16A-BASE-RB be\u017ei\u010dna spoljna sirena","date":"9. sije\u010dnja 2022.","format":false,"excerpt":"Be\u017ei\u010dna sirena JA-16A-BASE-RB komunicira u JA-10 protokolu 868.1 MHz, dometa do 300m. Zauzima jednu adresu, od 32 raspolo\u017eive u sistemu. Snaga zvuka je 110 dB\/m. Sirena dolazi bez poklopca (poru\u010duje se). Sirenu napaja litijumska baterija BAT-100A.01 (jedna, ili dve), bez potrebe za \u017ei\u010dnim napajanjem (poru\u010duje se). \u00a0 \u00a0 PORU\u010cITE 2kom*BAT-100A\u2026","rel":"","context":"Srodne objave","img":{"alt_text":"","src":"https:\/\/i0.wp.com\/astehshop.com\/wp-content\/uploads\/2022\/01\/JA-16A-BASE-RB.jpg?fit=600%2C600&resize=350%2C200","width":350,"height":200},"classes":[]},{"id":5797,"url":"http:\/\/astehshop.com\/index.php\/product\/jablotron-ja-15a-bezicna-unutrasnja-sirena\/","url_meta":{"origin":5795,"position":1},"title":"Jablotron JA-15A be\u017ei\u010dna unutra\u0161nja sirena","date":"9. sije\u010dnja 2022.","format":false,"excerpt":"Sirena JA-15A je be\u017ei\u010dna i namenjena je za unutra\u0161nju upotrebu.Napaja se sa uti\u010dnice u koju je utaknuta, a ima ugra\u0111eno i rezervno napajanje u slu\u010daju nestanka struje. U slu\u010daju neplaniranog izvla\u010denja iz uti\u010dnice oglasi\u0107e se uzbuna. Zauzima jednu od 32 JA-10 be\u017ei\u010dne adrese. Dizajnirana je da ogla\u0161ava uzbunu, zvuk odlaganja\u2026","rel":"","context":"Srodne objave","img":{"alt_text":"","src":"https:\/\/i1.wp.com\/astehshop.com\/wp-content\/uploads\/2022\/01\/JA-15A.jpg?fit=600%2C600&resize=350%2C200","width":350,"height":200},"classes":[]},{"id":5811,"url":"http:\/\/astehshop.com\/index.php\/product\/jablotron-ja-10a-unutrasnja-sirena-bus\/","url_meta":{"origin":5795,"position":2},"title":"Jablotron JA-10A unutra\u0161nja sirena BUS","date":"9. sije\u010dnja 2022.","format":false,"excerpt":"Sirena JA-10A namenjena je za unutra\u0161nju upotrebu, a vezuje se i napaja putem BUS magistrale. Zauzima jednu od 32 JA-10 adrese. Dizajnirana je da ogla\u0161ava uzbunu, zvuk odlaganja ulaska\/izlaska i PG aktivacije u JA-10 sistemu. Na sireni je panik taster koji se mo\u017ee koristiti i za druge funkcije, sa ili\u2026","rel":"","context":"Srodne objave","img":{"alt_text":"","src":"https:\/\/i1.wp.com\/astehshop.com\/wp-content\/uploads\/2022\/01\/JA-10A-unutrasnja-sirena-BUS.jpg?fit=600%2C600&resize=350%2C200","width":350,"height":200},"classes":[]},{"id":6020,"url":"http:\/\/astehshop.com\/index.php\/product\/jablotron-ja-111a-base-rb\/","url_meta":{"origin":5795,"position":3},"title":"Jablotron JA-111A-BASE-RB","date":"14. velja\u010de 2022.","format":false,"excerpt":"JA-111A RB BUS sirena je namenjena za akusti\u010dnu signalizaciju alarma i signalizaciju aktivacije i deaktivacije PG izlaza u sistemu JABLOTRON 100.Sirena komunicira putem BUS-a sa centralnom jedinicom i iz nje se i napaja.Sirena ima ugra\u0111enu bateriju za slu\u010daj nestanka napajanja, kao i libelu za precizno postavljanje.Prednji za\u0161titni poklopci su dostupni\u2026","rel":"","context":"Srodne objave","img":{"alt_text":"","src":"https:\/\/i2.wp.com\/astehshop.com\/wp-content\/uploads\/2022\/02\/JA-111A-BASE-RB.png?fit=600%2C569&resize=350%2C200","width":350,"height":200},"classes":[]},{"id":5789,"url":"http:\/\/astehshop.com\/index.php\/product\/jablotron-ja-15e-bezicna-tastatura\/","url_meta":{"origin":5795,"position":4},"title":"Jablotron JA-15E be\u017ei\u010dna tastatura","date":"9. sije\u010dnja 2022.","format":false,"excerpt":"Ure\u0111aj sadr\u017ei LCD ekran, kontrolne tastere i RFID \u010dita\u010d. Dostupan je u JA-10 BUS i be\u017ei\u010dnoj verziji. Sadr\u017ei 4 funkcionalna tastera za kontrolu particija i PG izlaza, a mogu mu se dodeliti razne pametne funkcije. Funkcionalni tasteri slu\u017ee i kao indikatori statusa. Komunicira be\u017ei\u010dnim putem, a napaja se sa 4x\u2026","rel":"","context":"Srodne objave","img":{"alt_text":"","src":"https:\/\/i1.wp.com\/astehshop.com\/wp-content\/uploads\/2022\/01\/JA-15E.jpg?fit=600%2C600&resize=350%2C200","width":350,"height":200},"classes":[]},{"id":5791,"url":"http:\/\/astehshop.com\/index.php\/product\/jablotron-ja-10e-tastatura-bus\/","url_meta":{"origin":5795,"position":5},"title":"Jablotron JA-10E tastatura BUS","date":"9. sije\u010dnja 2022.","format":false,"excerpt":"Ure\u0111aj sadr\u017ei LCD ekran, kontrolne tastere i RFID \u010dita\u010d. Dostupan je u JA-10 BUS i be\u017ei\u010dnoj verziji. Sadr\u017ei 4 funkcionalna tastera za kontrolu particija i PG izlaza, a mogu mu se dodeliti razne pametne funkcije. Funkcionalni tasteri slu\u017ee i kao indikatori statusa. Komunicira putem BUS-a i napaja se iz njega.\u2026","rel":"","context":"Srodne objave","img":{"alt_text":"","src":"https:\/\/i2.wp.com\/astehshop.com\/wp-content\/uploads\/2022\/01\/JA-10E-tastatura-BUS.jpg?fit=600%2C600&resize=350%2C200","width":350,"height":200},"classes":[]}],"_links":{"self":[{"href":"http:\/\/astehshop.com\/index.php\/wp-json\/wp\/v2\/product\/5795"}],"collection":[{"href":"http:\/\/astehshop.com\/index.php\/wp-json\/wp\/v2\/product"}],"about":[{"href":"http:\/\/astehshop.com\/index.php\/wp-json\/wp\/v2\/types\/product"}],"replies":[{"embeddable":true,"href":"http:\/\/astehshop.com\/index.php\/wp-json\/wp\/v2\/comments?post=5795"}],"wp:featuredmedia":[{"embeddable":true,"href":"http:\/\/astehshop.com\/index.php\/wp-json\/wp\/v2\/media\/5796"}],"wp:attachment":[{"href":"http:\/\/astehshop.com\/index.php\/wp-json\/wp\/v2\/media?parent=5795"}],"wp:term":[{"taxonomy":"product_cat","embeddable":true,"href":"http:\/\/astehshop.com\/index.php\/wp-json\/wp\/v2\/product_cat?post=5795"},{"taxonomy":"product_tag","embeddable":true,"href":"http:\/\/astehshop.com\/index.php\/wp-json\/wp\/v2\/product_tag?post=5795"}],"curies":[{"name":"wp","href":"https:\/\/api.w.org\/{rel}","templated":true}]}}