{"id":5793,"date":"2022-01-09T11:10:40","date_gmt":"2022-01-09T10:10:40","guid":{"rendered":"http:\/\/astehshop.com\/?post_type=product&#038;p=5793"},"modified":"2022-10-08T16:31:11","modified_gmt":"2022-10-08T14:31:11","slug":"jablotron-ja-16a-base-rb-bezicna-spoljna-sirena","status":"publish","type":"product","link":"http:\/\/astehshop.com\/index.php\/product\/jablotron-ja-16a-base-rb-bezicna-spoljna-sirena\/","title":{"rendered":"Jablotron JA-16A-BASE-RB be\u017ei\u010dna spoljna sirena"},"content":{"rendered":"<p>Be\u017ei\u010dna sirena JA-16A-BASE-RB komunicira u JA-10 protokolu 868.1 MHz, dometa do 300m. Zauzima jednu adresu, od 32 raspolo\u017eive u sistemu. Snaga zvuka je 110 dB\/m. Sirena dolazi bez poklopca (poru\u010duje se). Sirenu napaja litijumska baterija BAT-100A.01 (jedna, ili dve), bez potrebe za \u017ei\u010dnim napajanjem (poru\u010duje se).<\/p>\n<p>&nbsp;<\/p>\n<p>&nbsp;<\/p>\n<p><strong>PORU\u010cITE 2kom*BAT-100A BATERIJE (opciono mo\u017ee i 1 baterija).<\/strong><\/p>\n","protected":false},"excerpt":{"rendered":"<p>Be\u017ei\u010dna sirena JA-16A-BASE-RB komunicira u JA-10 protokolu 868.1 MHz, dometa do 300m. Zauzima jednu adresu, od 32 raspolo\u017eive u sistemu. Snaga zvuka je 110 dB\/m. Sirena dolazi bez poklopca (poru\u010duje se). Sirenu napaja litijumska baterija BAT-100A.01 (jedna, ili dve), bez potrebe za \u017ei\u010dnim napajanjem (poru\u010duje se).<\/p>\n<p>&nbsp;<\/p>\n<p>&nbsp;<\/p>\n<p><strong>PORU\u010cITE 2kom*BAT-100A BATERIJE (opciono mo\u017ee i 1 baterija).<\/strong><\/p>\n","protected":false},"featured_media":5794,"comment_status":"open","ping_status":"closed","template":"","meta":{"_mi_skip_tracking":false,"_exactmetrics_sitenote_active":false,"_exactmetrics_sitenote_note":"","_exactmetrics_sitenote_category":0,"spay_email":""},"product_cat":[3621],"product_tag":[335,2503,3639,3622],"brands":[{"id":3620,"name":"Jablotron","slug":"jablotron"}],"df_price":240,"df_sale_price":"","df_regular_price":240,"df_image_link":"https:\/\/i0.wp.com\/astehshop.com\/wp-content\/uploads\/2022\/01\/JA-16A-BASE-RB.jpg?fit=450%2C450","jetpack_publicize_connections":[],"jetpack_sharing_enabled":true,"jetpack_likes_enabled":true,"jetpack-related-posts":[{"id":5795,"url":"http:\/\/astehshop.com\/index.php\/product\/jablotron-ja-11a-base-rb-spoljna-sirena-bus\/","url_meta":{"origin":5793,"position":0},"title":"Jablotron JA-11A-BASE-RB spoljna sirena BUS","date":"9. sije\u010dnja 2022.","format":false,"excerpt":"sirena JA-11A-BASE-RB komunicira u \u017ei\u010dnom JA-10 BUS protokolu. Zauzima jednu adresu, od 32 raspolo\u017eive u sistemu. Snaga zvuka je 110 dB\/m. Sirena dolazi bez poklopca (poru\u010duje se). Rezervno napajanje fabri\u010dki ugra\u0111eno (izmenjivo) NiCd pack 4.8 V\/1800 mAh. \u00a0 \u00a0 REZERVNO NAPAJANJE SE DOBIJA U URE\u0110AJU.","rel":"","context":"Srodne objave","img":{"alt_text":"","src":"https:\/\/i2.wp.com\/astehshop.com\/wp-content\/uploads\/2022\/01\/JA-11A-BASE-RB-spoljna-sirena-BUS.jpg?fit=600%2C600&resize=350%2C200","width":350,"height":200},"classes":[]},{"id":6018,"url":"http:\/\/astehshop.com\/index.php\/product\/ja-163a-base-rb-bezicna-spoljasna-sirena\/","url_meta":{"origin":5793,"position":1},"title":"JA-163A-BASE-RB Be\u017ei\u010dna spolja\u0161na sirena","date":"14. velja\u010de 2022.","format":false,"excerpt":"Upotrebljava se za ozna\u010davanje alarma van objekta, kao i za dodatnu zvu\u010dnu signalizaciju prorade PG izlaza ili za vreme ulazno-izlaznog odlaganja.Sirena sa napaja litijumskom baterijom, potpuno bez potrebe za spolja\u0161njim napajanjem. Sirena se sastoji od baze JA-163A-BASE-RB s elektronskim komponentama, BAT-100A litijumske baterije i za\u0161titno-ukrasnog poklopca ku\u0107i\u0161ta serije JA-1X1A-C-xx koji\u2026","rel":"","context":"Srodne objave","img":{"alt_text":"","src":"https:\/\/i0.wp.com\/astehshop.com\/wp-content\/uploads\/2022\/02\/JA-163A-BASE-RB.png?fit=600%2C569&resize=350%2C200","width":350,"height":200},"classes":[]},{"id":6011,"url":"http:\/\/astehshop.com\/index.php\/product\/jablotron-ja-150a-ii-bezicna-unutrasnja-sirena\/","url_meta":{"origin":5793,"position":2},"title":"Jablotron JA-150A II be\u017ei\u010dna unutra\u0161nja sirena","date":"14. velja\u010de 2022.","format":false,"excerpt":"JA-150A II be\u017ei\u010dna unutra\u0161nja sirena nove generacije je dizajnirana za glasno ogla\u0161avanje alarma, izlaznih i ulaznih sekvenci ka\u0161njenja (vreme ulaska i izlaska), signalizaciju stanja i aktivacije ili uklju\u010denja PGM-ova.Sirena je opremljena tasterom sa mogu\u0107no\u0161\u0107u programiranja. Implementirana je funkcija provere alarma. Sirena komunicira be\u017ei\u010dno sa centralom. Napajanje: 230 V, 50 Hz.\u2026","rel":"","context":"Srodne objave","img":{"alt_text":"","src":"https:\/\/i0.wp.com\/astehshop.com\/wp-content\/uploads\/2022\/02\/JA-150A-II.png?fit=633%2C600&resize=350%2C200","width":350,"height":200},"classes":[]},{"id":5797,"url":"http:\/\/astehshop.com\/index.php\/product\/jablotron-ja-15a-bezicna-unutrasnja-sirena\/","url_meta":{"origin":5793,"position":3},"title":"Jablotron JA-15A be\u017ei\u010dna unutra\u0161nja sirena","date":"9. sije\u010dnja 2022.","format":false,"excerpt":"Sirena JA-15A je be\u017ei\u010dna i namenjena je za unutra\u0161nju upotrebu.Napaja se sa uti\u010dnice u koju je utaknuta, a ima ugra\u0111eno i rezervno napajanje u slu\u010daju nestanka struje. U slu\u010daju neplaniranog izvla\u010denja iz uti\u010dnice oglasi\u0107e se uzbuna. Zauzima jednu od 32 JA-10 be\u017ei\u010dne adrese. Dizajnirana je da ogla\u0161ava uzbunu, zvuk odlaganja\u2026","rel":"","context":"Srodne objave","img":{"alt_text":"","src":"https:\/\/i1.wp.com\/astehshop.com\/wp-content\/uploads\/2022\/01\/JA-15A.jpg?fit=600%2C600&resize=350%2C200","width":350,"height":200},"classes":[]},{"id":5811,"url":"http:\/\/astehshop.com\/index.php\/product\/jablotron-ja-10a-unutrasnja-sirena-bus\/","url_meta":{"origin":5793,"position":4},"title":"Jablotron JA-10A unutra\u0161nja sirena BUS","date":"9. sije\u010dnja 2022.","format":false,"excerpt":"Sirena JA-10A namenjena je za unutra\u0161nju upotrebu, a vezuje se i napaja putem BUS magistrale. Zauzima jednu od 32 JA-10 adrese. Dizajnirana je da ogla\u0161ava uzbunu, zvuk odlaganja ulaska\/izlaska i PG aktivacije u JA-10 sistemu. Na sireni je panik taster koji se mo\u017ee koristiti i za druge funkcije, sa ili\u2026","rel":"","context":"Srodne objave","img":{"alt_text":"","src":"https:\/\/i1.wp.com\/astehshop.com\/wp-content\/uploads\/2022\/01\/JA-10A-unutrasnja-sirena-BUS.jpg?fit=600%2C600&resize=350%2C200","width":350,"height":200},"classes":[]},{"id":5789,"url":"http:\/\/astehshop.com\/index.php\/product\/jablotron-ja-15e-bezicna-tastatura\/","url_meta":{"origin":5793,"position":5},"title":"Jablotron JA-15E be\u017ei\u010dna tastatura","date":"9. sije\u010dnja 2022.","format":false,"excerpt":"Ure\u0111aj sadr\u017ei LCD ekran, kontrolne tastere i RFID \u010dita\u010d. Dostupan je u JA-10 BUS i be\u017ei\u010dnoj verziji. Sadr\u017ei 4 funkcionalna tastera za kontrolu particija i PG izlaza, a mogu mu se dodeliti razne pametne funkcije. Funkcionalni tasteri slu\u017ee i kao indikatori statusa. Komunicira be\u017ei\u010dnim putem, a napaja se sa 4x\u2026","rel":"","context":"Srodne objave","img":{"alt_text":"","src":"https:\/\/i1.wp.com\/astehshop.com\/wp-content\/uploads\/2022\/01\/JA-15E.jpg?fit=600%2C600&resize=350%2C200","width":350,"height":200},"classes":[]}],"_links":{"self":[{"href":"http:\/\/astehshop.com\/index.php\/wp-json\/wp\/v2\/product\/5793"}],"collection":[{"href":"http:\/\/astehshop.com\/index.php\/wp-json\/wp\/v2\/product"}],"about":[{"href":"http:\/\/astehshop.com\/index.php\/wp-json\/wp\/v2\/types\/product"}],"replies":[{"embeddable":true,"href":"http:\/\/astehshop.com\/index.php\/wp-json\/wp\/v2\/comments?post=5793"}],"wp:featuredmedia":[{"embeddable":true,"href":"http:\/\/astehshop.com\/index.php\/wp-json\/wp\/v2\/media\/5794"}],"wp:attachment":[{"href":"http:\/\/astehshop.com\/index.php\/wp-json\/wp\/v2\/media?parent=5793"}],"wp:term":[{"taxonomy":"product_cat","embeddable":true,"href":"http:\/\/astehshop.com\/index.php\/wp-json\/wp\/v2\/product_cat?post=5793"},{"taxonomy":"product_tag","embeddable":true,"href":"http:\/\/astehshop.com\/index.php\/wp-json\/wp\/v2\/product_tag?post=5793"}],"curies":[{"name":"wp","href":"https:\/\/api.w.org\/{rel}","templated":true}]}}