{"id":5789,"date":"2022-01-09T11:06:27","date_gmt":"2022-01-09T10:06:27","guid":{"rendered":"http:\/\/astehshop.com\/?post_type=product&#038;p=5789"},"modified":"2022-10-08T16:31:42","modified_gmt":"2022-10-08T14:31:42","slug":"jablotron-ja-15e-bezicna-tastatura","status":"publish","type":"product","link":"http:\/\/astehshop.com\/index.php\/product\/jablotron-ja-15e-bezicna-tastatura\/","title":{"rendered":"Jablotron JA-15E be\u017ei\u010dna tastatura"},"content":{"rendered":"<p>Ure\u0111aj sadr\u017ei LCD ekran, kontrolne tastere i RFID \u010dita\u010d. Dostupan je u JA-10 BUS i be\u017ei\u010dnoj verziji. Sadr\u017ei 4 funkcionalna tastera za kontrolu particija i PG izlaza, a mogu mu se dodeliti razne pametne funkcije. Funkcionalni tasteri slu\u017ee i kao indikatori statusa. Komunicira be\u017ei\u010dnim putem, a napaja se sa 4x 1,5V AA baterije. Ima dodatni \u017ei\u010dni ulaz za povezivanje magnetnog detektora, koji se \u010desto postavlja na ulazna vrata.Tastatura zauzima jednu adresu u sistemu. Ure\u0111aj omoguc\u0301ava udobnu kontrolu sistema i ure\u0111aja u sistemu, izmene korisnika i pregled istorije doga\u0111aja. Napajanje: 2 x CR123A baterije (poru\u010duju se).<\/p>\n<p>&nbsp;<\/p>\n<p>&nbsp;<\/p>\n<p><strong>PORU\u010cITE 2kom*CR123A BATERIJE.<\/strong><\/p>\n","protected":false},"excerpt":{"rendered":"<p>Ure\u0111aj sadr\u017ei LCD ekran, kontrolne tastere i RFID \u010dita\u010d. Dostupan je u JA-10 BUS i be\u017ei\u010dnoj verziji. Sadr\u017ei 4 funkcionalna tastera za kontrolu particija i PG izlaza, a mogu mu se dodeliti razne pametne funkcije. Funkcionalni tasteri slu\u017ee i kao indikatori statusa. Komunicira be\u017ei\u010dnim putem, a napaja se sa 4x 1,5V AA baterije. Ima dodatni \u017ei\u010dni ulaz za povezivanje magnetnog detektora, koji se \u010desto postavlja na ulazna vrata.Tastatura zauzima jednu adresu u sistemu. Ure\u0111aj omoguc\u0301ava udobnu kontrolu sistema i ure\u0111aja u sistemu, izmene korisnika i pregled istorije doga\u0111aja. Napajanje: 2 x CR123A baterije (poru\u010duju se).<\/p>\n<p>&nbsp;<\/p>\n<p>&nbsp;<\/p>\n<p><strong>PORU\u010cITE 2kom*CR123A BATERIJE.<\/strong><\/p>\n","protected":false},"featured_media":5790,"comment_status":"open","ping_status":"closed","template":"","meta":{"_mi_skip_tracking":false,"_exactmetrics_sitenote_active":false,"_exactmetrics_sitenote_note":"","_exactmetrics_sitenote_category":0,"spay_email":""},"product_cat":[3621],"product_tag":[3637,3636],"brands":[{"id":3620,"name":"Jablotron","slug":"jablotron"}],"df_price":270,"df_sale_price":"","df_regular_price":270,"df_image_link":"https:\/\/i1.wp.com\/astehshop.com\/wp-content\/uploads\/2022\/01\/JA-15E.jpg?fit=450%2C450","jetpack_publicize_connections":[],"jetpack_sharing_enabled":true,"jetpack_likes_enabled":true,"jetpack-related-posts":[{"id":5791,"url":"http:\/\/astehshop.com\/index.php\/product\/jablotron-ja-10e-tastatura-bus\/","url_meta":{"origin":5789,"position":0},"title":"Jablotron JA-10E tastatura BUS","date":"9. sije\u010dnja 2022.","format":false,"excerpt":"Ure\u0111aj sadr\u017ei LCD ekran, kontrolne tastere i RFID \u010dita\u010d. Dostupan je u JA-10 BUS i be\u017ei\u010dnoj verziji. Sadr\u017ei 4 funkcionalna tastera za kontrolu particija i PG izlaza, a mogu mu se dodeliti razne pametne funkcije. Funkcionalni tasteri slu\u017ee i kao indikatori statusa. Komunicira putem BUS-a i napaja se iz njega.\u2026","rel":"","context":"Srodne objave","img":{"alt_text":"","src":"https:\/\/i2.wp.com\/astehshop.com\/wp-content\/uploads\/2022\/01\/JA-10E-tastatura-BUS.jpg?fit=600%2C600&resize=350%2C200","width":350,"height":200},"classes":[]},{"id":5976,"url":"http:\/\/astehshop.com\/index.php\/product\/ja-122e-spoljni-citac\/","url_meta":{"origin":5789,"position":1},"title":"JA-122E Spoljni \u010dita\u010d","date":"13. velja\u010de 2022.","format":false,"excerpt":"RFID \u010dita\u010d JA-122E se koristi za aktiviranje PG izlaza namenjen za kontrolu pristupa. Pogodan za unutra\u0161nju i spoljnu monta\u017eu (IP65 za\u0161tita).Opti\u010dko statusno signaliziranje pomo\u0107u ugr\u0111enih LE dioda * Napajanje: iz centralne jedinice BUS 12 V (9 - 15 V) * Stanje pripravnosti: 15 mA * RFID: EM 125 kHz *\u2026","rel":"","context":"Srodne objave","img":{"alt_text":"","src":"https:\/\/i2.wp.com\/astehshop.com\/wp-content\/uploads\/2022\/02\/1373.png?fit=600%2C569&resize=350%2C200","width":350,"height":200},"classes":[]},{"id":5814,"url":"http:\/\/astehshop.com\/index.php\/product\/jablotron-ja-15m-bezicni-magnetni-detektor\/","url_meta":{"origin":5789,"position":2},"title":"Jablotron JA-15M be\u017ei\u010dni magnetni detektor","date":"9. sije\u010dnja 2022.","format":false,"excerpt":"JA-15M je minijaturni be\u017ei\u010dni magnetni detektor. Koristi se za detekciju stanja vrata i prozora i daje uzbunu (trenutnu, ili odlo\u017eenu) u slu\u010daju neplaniranog otvaranja. Ure\u0111aj zauzima jednu be\u017ei\u010dnu adresu, od 32. Napajanje: 1x CR123A baterije (poru\u010duju se odvojeno). \u00a0 \u00a0 PORU\u010cITE 1kom*CR123A BATERIJE.","rel":"","context":"Srodne objave","img":{"alt_text":"","src":"https:\/\/i2.wp.com\/astehshop.com\/wp-content\/uploads\/2022\/01\/JA-15M-bz.-magnetni-detektor.jpg?fit=600%2C600&resize=350%2C200","width":350,"height":200},"classes":[]},{"id":5978,"url":"http:\/\/astehshop.com\/index.php\/product\/jablotron-ja-123e-spoljna-tastatura\/","url_meta":{"origin":5789,"position":3},"title":"Jablotron JA-123E Spoljna tastatura","date":"13. velja\u010de 2022.","format":false,"excerpt":"RFID \u010dita\u010d JA-122E sa tastaturom se koristi za aktiviranje PG izlaza namenjen za kontrolu pristupa. Pogodan za unutra\u0161nju i spoljnu monta\u017eu (IP65 za\u0161tita). Opti\u010dko statusno signaliziranje pomo\u0107u ugra\u0111enih LE dioda * Napajanje: iz centralne jedinice BUS 12 V (9 - 15 V) * Stanje pripravnosti: 15 mA * RFID: EM\u2026","rel":"","context":"Srodne objave","img":{"alt_text":"","src":"https:\/\/i0.wp.com\/astehshop.com\/wp-content\/uploads\/2022\/02\/JA-123E-Spoljna-tastatura.png?fit=600%2C569&resize=350%2C200","width":350,"height":200},"classes":[]},{"id":5807,"url":"http:\/\/astehshop.com\/index.php\/product\/jablotron-ja-16j-daljinski\/","url_meta":{"origin":5789,"position":4},"title":"Jablotron JA-16J daljinski","date":"9. sije\u010dnja 2022.","format":false,"excerpt":"Daljinsko upravljanje sigurnosnim sistemom i raznim elektri\u010dnim ure\u0111ajimau njemu. Aktiviranje panik alarma (bez opti\u010dkih i zvu\u010dnih indikacija o izvr\u0161avanju panik naredbe). Proverava status baterije i pokazuje ako je prazna. Ako se taster pritisne i dr\u017ei neprekidno, komanda se \u0161alje svake sekunde. Ova funkcija se mo\u017ee koristiti za produ\u017eavanje komande PG\u2026","rel":"","context":"Srodne objave","img":{"alt_text":"","src":"https:\/\/i2.wp.com\/astehshop.com\/wp-content\/uploads\/2022\/01\/JA-16J-daljinac.jpg?fit=600%2C600&resize=350%2C200","width":350,"height":200},"classes":[]},{"id":5961,"url":"http:\/\/astehshop.com\/index.php\/product\/jablotron-ja-150e-bezicna-tastatura\/","url_meta":{"origin":5789,"position":5},"title":"Jablotron JA-150E Be\u017ei\u010dna tastatura","date":"13. velja\u010de 2022.","format":false,"excerpt":"JA-150E je be\u017ei\u010dna tastatura za sisteme JA-100 KR.Ova tastatuta mo\u017ee kontrolisati sve \u010detiri particije\/sekcije koje nudi JA-100KR sistem i mo\u017ee upravljati programabilnim izlazima. Ova tastatura ima mogu\u0107nost prikaza korisni\u010dki definisanih poruka, vremena i temperature. JA-150E se napaja baterijama. Funkcionalni tasteri istovremeno slu\u017ee kao indikatori statusa. Potpuno je be\u017ei\u010dni i napajaju\u2026","rel":"","context":"Srodne objave","img":{"alt_text":"","src":"https:\/\/i1.wp.com\/astehshop.com\/wp-content\/uploads\/2022\/02\/JA-150E-Bez.-tastatura.png?fit=600%2C569&resize=350%2C200","width":350,"height":200},"classes":[]}],"_links":{"self":[{"href":"http:\/\/astehshop.com\/index.php\/wp-json\/wp\/v2\/product\/5789"}],"collection":[{"href":"http:\/\/astehshop.com\/index.php\/wp-json\/wp\/v2\/product"}],"about":[{"href":"http:\/\/astehshop.com\/index.php\/wp-json\/wp\/v2\/types\/product"}],"replies":[{"embeddable":true,"href":"http:\/\/astehshop.com\/index.php\/wp-json\/wp\/v2\/comments?post=5789"}],"wp:featuredmedia":[{"embeddable":true,"href":"http:\/\/astehshop.com\/index.php\/wp-json\/wp\/v2\/media\/5790"}],"wp:attachment":[{"href":"http:\/\/astehshop.com\/index.php\/wp-json\/wp\/v2\/media?parent=5789"}],"wp:term":[{"taxonomy":"product_cat","embeddable":true,"href":"http:\/\/astehshop.com\/index.php\/wp-json\/wp\/v2\/product_cat?post=5789"},{"taxonomy":"product_tag","embeddable":true,"href":"http:\/\/astehshop.com\/index.php\/wp-json\/wp\/v2\/product_tag?post=5789"}],"curies":[{"name":"wp","href":"https:\/\/api.w.org\/{rel}","templated":true}]}}