{"id":5787,"date":"2022-01-09T11:03:44","date_gmt":"2022-01-09T10:03:44","guid":{"rendered":"http:\/\/astehshop.com\/?post_type=product&#038;p=5787"},"modified":"2022-01-09T11:03:44","modified_gmt":"2022-01-09T10:03:44","slug":"jablotron-ja-14k-centrala-na-bus","status":"publish","type":"product","link":"http:\/\/astehshop.com\/index.php\/product\/jablotron-ja-14k-centrala-na-bus\/","title":{"rendered":"Jablotron JA-14K centrala na BUS"},"content":{"rendered":"<p>JA-14K centrala za moderan protivprovalni, protivpo\u017earni, protivpoplavni sistem * Kontrola preko cloud-a: aplikacija, ra\u010dunarr ili tastatura * Memorija za do7 miliona doga\u0111aja (interno i na serveru) * Auto-dijagnostika, prikaz baterija * LAN konekcija * do 32 \u017ei\u010dne adrese * do 16 korisnika * 4 particije * do 4 PG izlaza * do 10 nezavisnih rasporeda * SMS i glasovni izve\u0161taji iz sistema do 8 korisnika * 5 CDS protokola * Napajanje: 230 V, 50 Hz * Aku: 12V, 2,4Ah (ne dobija se u pakovanju) *<\/p>\n","protected":false},"excerpt":{"rendered":"<p>JA-14K centrala za moderan protivprovalni, protivpo\u017earni, protivpoplavni sistem * Kontrola preko cloud-a: aplikacija, ra\u010dunarr ili tastatura * Memorija za do7 miliona doga\u0111aja (interno i na serveru) * Auto-dijagnostika, prikaz baterija * LAN konekcija * do 32 \u017ei\u010dne adrese * do 16 korisnika * 4 particije * do 4 PG izlaza * do 10 nezavisnih rasporeda * SMS i glasovni izve\u0161taji iz sistema do 8 korisnika * 5 CDS protokola * Napajanje: 230 V, 50 Hz * Aku: 12V, 2,4Ah (ne dobija se u pakovanju) *<\/p>\n","protected":false},"featured_media":5788,"comment_status":"open","ping_status":"closed","template":"","meta":{"_mi_skip_tracking":false,"_exactmetrics_sitenote_active":false,"_exactmetrics_sitenote_note":"","_exactmetrics_sitenote_category":0,"spay_email":""},"product_cat":[3621],"product_tag":[3623,3624,3635],"brands":[{"id":3620,"name":"Jablotron","slug":"jablotron"}],"df_price":"","df_sale_price":"","df_regular_price":"","df_image_link":"https:\/\/i2.wp.com\/astehshop.com\/wp-content\/uploads\/2022\/01\/JA-14K-centrala-na-BUS.jpg?fit=450%2C450","jetpack_publicize_connections":[],"jetpack_sharing_enabled":true,"jetpack_likes_enabled":true,"jetpack-related-posts":[{"id":5946,"url":"http:\/\/astehshop.com\/index.php\/product\/jablotron-ja-100kr-centrala\/","url_meta":{"origin":5787,"position":0},"title":"Jablotron JA-100KR centrala","date":"13. velja\u010de 2022.","format":false,"excerpt":"JA-100KR centrala - Be\u017ei\u010dni protivprovalni, protivpo\u017earni, protivpoplavni sistem + sistem pametne ku\u0107e * Besplatan Cloud, SMS i Push Up obave\u0161tenja * Kontrola preko aplikacije, ra\u010dunara ili tastature * Memorija na serveru i u SD kartici (do7 miliona doga\u0111aja) * Auto-dijagnostika, ta\u010dan prikaz stanja baterija, GSM i RF signala * LAN\u2026","rel":"","context":"Srodne objave","img":{"alt_text":"","src":"https:\/\/i0.wp.com\/astehshop.com\/wp-content\/uploads\/2022\/02\/JA-100KR-centrala.png?fit=600%2C569&resize=350%2C200","width":350,"height":200},"classes":[]},{"id":5780,"url":"http:\/\/astehshop.com\/index.php\/product\/jablotron-jk-xsja10ii-set-lite-zicni-set\/","url_meta":{"origin":5787,"position":1},"title":"Jablotron JK-XSJA10II-SET LITE \u017ei\u010dni set","date":"9. sije\u010dnja 2022.","format":false,"excerpt":"JA-14K \u017ei\u010dna centrala, JA-10E \u017ei\u010dna tastatura, JA-114HN modul sa po 4 konvencionalna ulaza i PG izlaza, JS-20 Largo \u017ei\u010dni PIR detektor, JA-10A \u017ei\u010dna unutra\u0161nja sirena i JA-192J privezak RFID. * Kontrola preko cloud-a: aplikacija, ra\u010dunarr ili tastatura * Memorija za do7 miliona doga\u0111aja (interno i na serveru) * Auto-dijagnostika, prikaz\u2026","rel":"","context":"Srodne objave","img":{"alt_text":"","src":"https:\/\/i2.wp.com\/astehshop.com\/wp-content\/uploads\/2022\/01\/JK-XSJA10II-SET.jpg?fit=878%2C852&resize=350%2C200","width":350,"height":200},"classes":[]},{"id":5957,"url":"http:\/\/astehshop.com\/index.php\/product\/jablotron-ja-103k-centrala\/","url_meta":{"origin":5787,"position":2},"title":"Jablotron JA-103K centrala","date":"13. velja\u010de 2022.","format":false,"excerpt":"JA-103K centrala za protivprovalni, protivpo\u017earni, protivpoplavni sistem + sistem pametne ku\u0107e * Besplatan Cloud, SMS i Push Up obave\u0161tenja * Kontrola preko aplikacije, ra\u010dunara ili tastature * Memorija na serveru i u SD kartici (do7 miliona doga\u0111aja), Auto-dijagnostika, ta\u010dan prikaz stanja baterija * LAN konekcija * Konektor za dodavanje GSM\u2026","rel":"","context":"Srodne objave","img":{"alt_text":"","src":"https:\/\/i0.wp.com\/astehshop.com\/wp-content\/uploads\/2022\/02\/JA-103K-centrala.png?fit=600%2C569&resize=350%2C200","width":350,"height":200},"classes":[]},{"id":5955,"url":"http:\/\/astehshop.com\/index.php\/product\/jablotron-ja-100k-centrala\/","url_meta":{"origin":5787,"position":3},"title":"Jablotron JA-100K centrala","date":"13. velja\u010de 2022.","format":false,"excerpt":"JA-100K centrala -Protivprovalni, protivpo\u017earni, protivpoplavni sistem + sistem pametne ku\u0107e * Besplatan Cloud, SMS i Push Up obave\u0161tenja * Kontrola preko aplikacije, ra\u010dunara ili tastature * Auto-dijagnostika, ta\u010dan prikaz stanja baterija * LAN konekcija * do 32 BUS adrese * do 32 korisnika * 4 particije * SMS i glasovni\u2026","rel":"","context":"Srodne objave","img":{"alt_text":"","src":"https:\/\/i0.wp.com\/astehshop.com\/wp-content\/uploads\/2022\/02\/JA-100K-centrala.png?fit=600%2C569&resize=350%2C200","width":350,"height":200},"classes":[]},{"id":5778,"url":"http:\/\/astehshop.com\/index.php\/product\/jablotron-jk-xsja10i-set-lite-bezicni-set\/","url_meta":{"origin":5787,"position":4},"title":"Jablotron JK-XSJA10I-SET LITE be\u017ei\u010dni set","date":"9. sije\u010dnja 2022.","format":false,"excerpt":"JA-14KR be\u017ei\u010dna cloud centrala, JA-15E be\u017ei\u010dna tastatura, JA-15P be\u017ei\u010dni PIR detektor, JA-10A \u017ei\u010dna unutra\u0161nja sirena i JA-192J privezak RFID * Kontrola preko cloud-a: aplikacija, ra\u010dunarr ili tastatura * Memorija za do7 miliona doga\u0111aja (interno i na serveru) * Auto-dijagnostika, prikaz baterija i radio signala (opciono i GSM) * LAN konekcija\u2026","rel":"","context":"Srodne objave","img":{"alt_text":"","src":"https:\/\/i1.wp.com\/astehshop.com\/wp-content\/uploads\/2022\/01\/JK-XSJA10I-SET-LITE.jpg?fit=844%2C798&resize=350%2C200","width":350,"height":200},"classes":[]},{"id":7170,"url":"http:\/\/astehshop.com\/index.php\/product\/jablotron-ja10-jk-xsja10i-set-1-bezicni-set-komplet\/","url_meta":{"origin":5787,"position":5},"title":"Jablotron JA10 JK-XSJA10I-SET-1 be\u017ei\u010dni set KOMPLET","date":"26. sije\u010dnja 2023.","format":false,"excerpt":"\ud83d\udd25 Jablotron JA10 JK-XSJA10I-SET-1 be\u017ei\u010dni set KOMPLET \u0160ta dobijate u setu : \ud83d\udc4c JK-XSJA10I-SET Lite JA-14KR be\u017ei\u010dna cloud centrala \ud83d\udc4c JA-15E be\u017ei\u010dna tastatura \ud83d\udc4c JA-15P be\u017ei\u010dni PIR detektor \ud83d\udc4c JA-10A \u017ei\u010dna unutra\u0161nja sirena \ud83d\udc4c JA-192J privezak RFID \ud83d\udc4c Baterije \ud83d\udc4c Akumulator 12V 2.4 Ah * Kontrola preko cloud-a: aplikacija, ra\u010dunar\u2026","rel":"","context":"Srodne objave","img":{"alt_text":"","src":"https:\/\/i0.wp.com\/astehshop.com\/wp-content\/uploads\/2023\/01\/jablotron-set-wifi-scaled.jpg?fit=1200%2C971&resize=350%2C200","width":350,"height":200},"classes":[]}],"_links":{"self":[{"href":"http:\/\/astehshop.com\/index.php\/wp-json\/wp\/v2\/product\/5787"}],"collection":[{"href":"http:\/\/astehshop.com\/index.php\/wp-json\/wp\/v2\/product"}],"about":[{"href":"http:\/\/astehshop.com\/index.php\/wp-json\/wp\/v2\/types\/product"}],"replies":[{"embeddable":true,"href":"http:\/\/astehshop.com\/index.php\/wp-json\/wp\/v2\/comments?post=5787"}],"wp:featuredmedia":[{"embeddable":true,"href":"http:\/\/astehshop.com\/index.php\/wp-json\/wp\/v2\/media\/5788"}],"wp:attachment":[{"href":"http:\/\/astehshop.com\/index.php\/wp-json\/wp\/v2\/media?parent=5787"}],"wp:term":[{"taxonomy":"product_cat","embeddable":true,"href":"http:\/\/astehshop.com\/index.php\/wp-json\/wp\/v2\/product_cat?post=5787"},{"taxonomy":"product_tag","embeddable":true,"href":"http:\/\/astehshop.com\/index.php\/wp-json\/wp\/v2\/product_tag?post=5787"}],"curies":[{"name":"wp","href":"https:\/\/api.w.org\/{rel}","templated":true}]}}