{"id":5780,"date":"2022-01-09T10:57:29","date_gmt":"2022-01-09T09:57:29","guid":{"rendered":"http:\/\/astehshop.com\/?post_type=product&#038;p=5780"},"modified":"2022-01-09T10:57:29","modified_gmt":"2022-01-09T09:57:29","slug":"jablotron-jk-xsja10ii-set-lite-zicni-set","status":"publish","type":"product","link":"http:\/\/astehshop.com\/index.php\/product\/jablotron-jk-xsja10ii-set-lite-zicni-set\/","title":{"rendered":"Jablotron JK-XSJA10II-SET LITE \u017ei\u010dni set"},"content":{"rendered":"<p>JA-14K \u017ei\u010dna centrala, JA-10E \u017ei\u010dna tastatura, JA-114HN modul sa po 4 konvencionalna ulaza i PG izlaza, JS-20 Largo \u017ei\u010dni PIR detektor, JA-10A \u017ei\u010dna unutra\u0161nja sirena i JA-192J privezak RFID. * Kontrola preko cloud-a: aplikacija, ra\u010dunarr ili tastatura * Memorija za do7 miliona doga\u0111aja (interno i na serveru) * Auto-dijagnostika, prikaz baterija * LAN konekcija * do 32 \u017ei\u010dne adrese * do 16 korisnika * 4 particije * do 4 PG izlaza * do 10 nezavisnih rasporeda * SMS i glasovni izve\u0161taji iz sistema do 8 korisnika * 5 CDS protokola * Napajanje: 230 V, 50 Hz * Aku: 12V, 2,4Ah (ne dobija se u pakovanju) *<\/p>\n<p>&nbsp;<\/p>\n<p>&nbsp;<\/p>\n<p><strong>PORU\u010cITE REZERVNO NAPAJANJE akumulator 12V 2,4Ah (za centralu).<\/strong><\/p>\n","protected":false},"excerpt":{"rendered":"<p>JA-14K \u017ei\u010dna centrala, JA-10E \u017ei\u010dna tastatura, JA-114HN modul sa po 4 konvencionalna ulaza i PG izlaza, JS-20 Largo \u017ei\u010dni PIR detektor, JA-10A \u017ei\u010dna unutra\u0161nja sirena i JA-192J privezak RFID. * Kontrola preko cloud-a: aplikacija, ra\u010dunarr ili tastatura * Memorija za do7 miliona doga\u0111aja (interno i na serveru) * Auto-dijagnostika, prikaz baterija * LAN konekcija * do 32 \u017ei\u010dne adrese * do 16 korisnika * 4 particije * do 4 PG izlaza * do 10 nezavisnih rasporeda * SMS i glasovni izve\u0161taji iz sistema do 8 korisnika * 5 CDS protokola * Napajanje: 230 V, 50 Hz * Aku: 12V, 2,4Ah (ne dobija se u pakovanju) *<\/p>\n<p>&nbsp;<\/p>\n<p>&nbsp;<\/p>\n<p><strong>PORU\u010cITE REZERVNO NAPAJANJE akumulator 12V 2,4Ah (za centralu).<\/strong><\/p>\n","protected":false},"featured_media":5781,"comment_status":"open","ping_status":"closed","template":"","meta":{"_mi_skip_tracking":false,"_exactmetrics_sitenote_active":false,"_exactmetrics_sitenote_note":"","_exactmetrics_sitenote_category":0,"spay_email":""},"product_cat":[3621],"product_tag":[272,3622,3623,3624,3630,3629],"brands":[{"id":3620,"name":"Jablotron","slug":"jablotron"}],"df_price":"","df_sale_price":"","df_regular_price":"","df_image_link":"https:\/\/i2.wp.com\/astehshop.com\/wp-content\/uploads\/2022\/01\/JK-XSJA10II-SET.jpg?fit=450%2C437","jetpack_publicize_connections":[],"jetpack_sharing_enabled":true,"jetpack_likes_enabled":true,"jetpack-related-posts":[{"id":5778,"url":"http:\/\/astehshop.com\/index.php\/product\/jablotron-jk-xsja10i-set-lite-bezicni-set\/","url_meta":{"origin":5780,"position":0},"title":"Jablotron JK-XSJA10I-SET LITE be\u017ei\u010dni set","date":"9. sije\u010dnja 2022.","format":false,"excerpt":"JA-14KR be\u017ei\u010dna cloud centrala, JA-15E be\u017ei\u010dna tastatura, JA-15P be\u017ei\u010dni PIR detektor, JA-10A \u017ei\u010dna unutra\u0161nja sirena i JA-192J privezak RFID * Kontrola preko cloud-a: aplikacija, ra\u010dunarr ili tastatura * Memorija za do7 miliona doga\u0111aja (interno i na serveru) * Auto-dijagnostika, prikaz baterija i radio signala (opciono i GSM) * LAN konekcija\u2026","rel":"","context":"Srodne objave","img":{"alt_text":"","src":"https:\/\/i1.wp.com\/astehshop.com\/wp-content\/uploads\/2022\/01\/JK-XSJA10I-SET-LITE.jpg?fit=844%2C798&resize=350%2C200","width":350,"height":200},"classes":[]},{"id":7170,"url":"http:\/\/astehshop.com\/index.php\/product\/jablotron-ja10-jk-xsja10i-set-1-bezicni-set-komplet\/","url_meta":{"origin":5780,"position":1},"title":"Jablotron JA10 JK-XSJA10I-SET-1 be\u017ei\u010dni set KOMPLET","date":"26. sije\u010dnja 2023.","format":false,"excerpt":"\ud83d\udd25 Jablotron JA10 JK-XSJA10I-SET-1 be\u017ei\u010dni set KOMPLET \u0160ta dobijate u setu : \ud83d\udc4c JK-XSJA10I-SET Lite JA-14KR be\u017ei\u010dna cloud centrala \ud83d\udc4c JA-15E be\u017ei\u010dna tastatura \ud83d\udc4c JA-15P be\u017ei\u010dni PIR detektor \ud83d\udc4c JA-10A \u017ei\u010dna unutra\u0161nja sirena \ud83d\udc4c JA-192J privezak RFID \ud83d\udc4c Baterije \ud83d\udc4c Akumulator 12V 2.4 Ah * Kontrola preko cloud-a: aplikacija, ra\u010dunar\u2026","rel":"","context":"Srodne objave","img":{"alt_text":"","src":"https:\/\/i0.wp.com\/astehshop.com\/wp-content\/uploads\/2023\/01\/jablotron-set-wifi-scaled.jpg?fit=1200%2C971&resize=350%2C200","width":350,"height":200},"classes":[]},{"id":7172,"url":"http:\/\/astehshop.com\/index.php\/product\/jablotron-ja10-jk-xsja10i-set-1-bezicni-set-komplet-vanjska-sirena\/","url_meta":{"origin":5780,"position":2},"title":"Jablotron JA10 JK-XSJA10I-SET-1 be\u017ei\u010dni set KOMPLET + vanjska sirena","date":"26. sije\u010dnja 2023.","format":false,"excerpt":"Jablotron JA10 JK-XSJA10I-SET-1 be\u017ei\u010dni set KOMPLET \u0160ta dobijate u setu : JK-XSJA10I-SET Lite JA-14KR be\u017ei\u010dna cloud centrala JA-15E be\u017ei\u010dna tastatura JA-15P be\u017ei\u010dni PIR detektor JA-10A \u017ei\u010dna unutra\u0161nja sirena Vanjska baza be\u017ei\u010dne sirene JA-16A-BASE-RB + baterija za sirenu Plasti\u010dni poklopac sirene bijele boje JA-1X1A-C-WH-B JA-192J privezak RFID Baterije Akumulator 12V 2.4\u2026","rel":"","context":"Srodne objave","img":{"alt_text":"","src":"https:\/\/i0.wp.com\/astehshop.com\/wp-content\/uploads\/2023\/01\/jablotron-sa-vanjskom-sirenom-scaled.jpg?fit=1200%2C971&resize=350%2C200","width":350,"height":200},"classes":[]},{"id":5787,"url":"http:\/\/astehshop.com\/index.php\/product\/jablotron-ja-14k-centrala-na-bus\/","url_meta":{"origin":5780,"position":3},"title":"Jablotron JA-14K centrala na BUS","date":"9. sije\u010dnja 2022.","format":false,"excerpt":"JA-14K centrala za moderan protivprovalni, protivpo\u017earni, protivpoplavni sistem * Kontrola preko cloud-a: aplikacija, ra\u010dunarr ili tastatura * Memorija za do7 miliona doga\u0111aja (interno i na serveru) * Auto-dijagnostika, prikaz baterija * LAN konekcija * do 32 \u017ei\u010dne adrese * do 16 korisnika * 4 particije * do 4 PG izlaza\u2026","rel":"","context":"Srodne objave","img":{"alt_text":"","src":"https:\/\/i2.wp.com\/astehshop.com\/wp-content\/uploads\/2022\/01\/JA-14K-centrala-na-BUS.jpg?fit=600%2C600&resize=350%2C200","width":350,"height":200},"classes":[]},{"id":5811,"url":"http:\/\/astehshop.com\/index.php\/product\/jablotron-ja-10a-unutrasnja-sirena-bus\/","url_meta":{"origin":5780,"position":4},"title":"Jablotron JA-10A unutra\u0161nja sirena BUS","date":"9. sije\u010dnja 2022.","format":false,"excerpt":"Sirena JA-10A namenjena je za unutra\u0161nju upotrebu, a vezuje se i napaja putem BUS magistrale. Zauzima jednu od 32 JA-10 adrese. Dizajnirana je da ogla\u0161ava uzbunu, zvuk odlaganja ulaska\/izlaska i PG aktivacije u JA-10 sistemu. Na sireni je panik taster koji se mo\u017ee koristiti i za druge funkcije, sa ili\u2026","rel":"","context":"Srodne objave","img":{"alt_text":"","src":"https:\/\/i1.wp.com\/astehshop.com\/wp-content\/uploads\/2022\/01\/JA-10A-unutrasnja-sirena-BUS.jpg?fit=600%2C600&resize=350%2C200","width":350,"height":200},"classes":[]},{"id":5791,"url":"http:\/\/astehshop.com\/index.php\/product\/jablotron-ja-10e-tastatura-bus\/","url_meta":{"origin":5780,"position":5},"title":"Jablotron JA-10E tastatura BUS","date":"9. sije\u010dnja 2022.","format":false,"excerpt":"Ure\u0111aj sadr\u017ei LCD ekran, kontrolne tastere i RFID \u010dita\u010d. Dostupan je u JA-10 BUS i be\u017ei\u010dnoj verziji. Sadr\u017ei 4 funkcionalna tastera za kontrolu particija i PG izlaza, a mogu mu se dodeliti razne pametne funkcije. Funkcionalni tasteri slu\u017ee i kao indikatori statusa. Komunicira putem BUS-a i napaja se iz njega.\u2026","rel":"","context":"Srodne objave","img":{"alt_text":"","src":"https:\/\/i2.wp.com\/astehshop.com\/wp-content\/uploads\/2022\/01\/JA-10E-tastatura-BUS.jpg?fit=600%2C600&resize=350%2C200","width":350,"height":200},"classes":[]}],"_links":{"self":[{"href":"http:\/\/astehshop.com\/index.php\/wp-json\/wp\/v2\/product\/5780"}],"collection":[{"href":"http:\/\/astehshop.com\/index.php\/wp-json\/wp\/v2\/product"}],"about":[{"href":"http:\/\/astehshop.com\/index.php\/wp-json\/wp\/v2\/types\/product"}],"replies":[{"embeddable":true,"href":"http:\/\/astehshop.com\/index.php\/wp-json\/wp\/v2\/comments?post=5780"}],"wp:featuredmedia":[{"embeddable":true,"href":"http:\/\/astehshop.com\/index.php\/wp-json\/wp\/v2\/media\/5781"}],"wp:attachment":[{"href":"http:\/\/astehshop.com\/index.php\/wp-json\/wp\/v2\/media?parent=5780"}],"wp:term":[{"taxonomy":"product_cat","embeddable":true,"href":"http:\/\/astehshop.com\/index.php\/wp-json\/wp\/v2\/product_cat?post=5780"},{"taxonomy":"product_tag","embeddable":true,"href":"http:\/\/astehshop.com\/index.php\/wp-json\/wp\/v2\/product_tag?post=5780"}],"curies":[{"name":"wp","href":"https:\/\/api.w.org\/{rel}","templated":true}]}}