{"id":5771,"date":"2022-01-09T10:32:27","date_gmt":"2022-01-09T09:32:27","guid":{"rendered":"http:\/\/astehshop.com\/?post_type=product&#038;p=5771"},"modified":"2026-02-26T19:40:33","modified_gmt":"2026-02-26T18:40:33","slug":"hikvision-ds-2ce16h8t-it5f-5-mpx","status":"publish","type":"product","link":"http:\/\/astehshop.com\/index.php\/product\/hikvision-ds-2ce16h8t-it5f-5-mpx\/","title":{"rendered":"HikVision DS-2CE16H8T-IT5F 5 MPX 80M no\u0107ni domet WDR"},"content":{"rendered":"<h2>Hikvision DS-2CE16H8T-IT5F<\/h2>\n<p class=\"prod_name\">\u2022 Objektivi: 3.6mm<br \/>\n\u2022 HDTVI tehnologija, Ultra\u2013low light 0,003lux<br \/>\n\u2022 Dan\/no\u0107, EXIR, WDR 130dB<br \/>\n\u2022 IR osvjetljenje do 80m<br \/>\n\u2022 AGC, BLC, svjetlina, o\u0161trina, 3D DNR(1-9), Mirror,<br \/>\nSmart IR, detekcija pokreta (4 zone)<br \/>\n\u2022 Za vanjsku primjenu, IP67<br \/>\n\u2022 Napajanje: 12 V DC<br \/>\n\u2022 Odgovaraju\u0107i nosa\u010di: DS-1280ZJ-XS<\/p>\n<p>slika DS-2CE16H8T-IT5F naprijed :<br \/>\n<img data-attachment-id=\"6197\" data-permalink=\"http:\/\/astehshop.com\/?attachment_id=6197\" data-orig-file=\"https:\/\/i1.wp.com\/astehshop.com\/wp-content\/uploads\/2022\/01\/ds-2ce16h8t-naprijed.jpg?fit=390%2C332\" data-orig-size=\"390,332\" data-comments-opened=\"1\" data-image-meta=\"{&quot;aperture&quot;:&quot;18&quot;,&quot;credit&quot;:&quot;www.delta.poznan.pl&quot;,&quot;camera&quot;:&quot;Canon EOS 600D&quot;,&quot;caption&quot;:&quot;&quot;,&quot;created_timestamp&quot;:&quot;1555416898&quot;,&quot;copyright&quot;:&quot;www.delta.poznan.pl&quot;,&quot;focal_length&quot;:&quot;50&quot;,&quot;iso&quot;:&quot;100&quot;,&quot;shutter_speed&quot;:&quot;0.005&quot;,&quot;title&quot;:&quot;&quot;,&quot;orientation&quot;:&quot;1&quot;}\" data-image-title=\"ds-2ce16h8t- naprijed\" data-image-description=\"\" data-image-caption=\"\" data-medium-file=\"https:\/\/i1.wp.com\/astehshop.com\/wp-content\/uploads\/2022\/01\/ds-2ce16h8t-naprijed.jpg?fit=300%2C255\" data-large-file=\"https:\/\/i1.wp.com\/astehshop.com\/wp-content\/uploads\/2022\/01\/ds-2ce16h8t-naprijed.jpg?fit=390%2C332\" decoding=\"async\" loading=\"lazy\" class=\"alignnone size-medium wp-image-6197\" src=\"https:\/\/i1.wp.com\/astehshop.com\/wp-content\/uploads\/2022\/01\/ds-2ce16h8t-naprijed.jpg?resize=300%2C255\" alt=\"\" width=\"300\" height=\"255\" srcset=\"https:\/\/i1.wp.com\/astehshop.com\/wp-content\/uploads\/2022\/01\/ds-2ce16h8t-naprijed.jpg?resize=300%2C255 300w, https:\/\/i1.wp.com\/astehshop.com\/wp-content\/uploads\/2022\/01\/ds-2ce16h8t-naprijed.jpg?w=390 390w\" sizes=\"(max-width: 300px) 100vw, 300px\" data-recalc-dims=\"1\" \/><\/p>\n<p>Kako izgleda naprijed DS-2CE16H8T-IT5F kamera<br \/>\n<img data-attachment-id=\"6198\" data-permalink=\"http:\/\/astehshop.com\/?attachment_id=6198\" data-orig-file=\"https:\/\/i0.wp.com\/astehshop.com\/wp-content\/uploads\/2022\/01\/ds-2ce16h8t-it3f_-sprijeda.jpg?fit=390%2C318\" data-orig-size=\"390,318\" data-comments-opened=\"1\" data-image-meta=\"{&quot;aperture&quot;:&quot;18&quot;,&quot;credit&quot;:&quot;www.delta.poznan.pl&quot;,&quot;camera&quot;:&quot;Canon EOS 600D&quot;,&quot;caption&quot;:&quot;&quot;,&quot;created_timestamp&quot;:&quot;1555416848&quot;,&quot;copyright&quot;:&quot;www.delta.poznan.pl&quot;,&quot;focal_length&quot;:&quot;35&quot;,&quot;iso&quot;:&quot;100&quot;,&quot;shutter_speed&quot;:&quot;0.005&quot;,&quot;title&quot;:&quot;&quot;,&quot;orientation&quot;:&quot;1&quot;}\" data-image-title=\"ds-2ce16h8t-it3f_ sprijeda\" data-image-description=\"\" data-image-caption=\"\" data-medium-file=\"https:\/\/i0.wp.com\/astehshop.com\/wp-content\/uploads\/2022\/01\/ds-2ce16h8t-it3f_-sprijeda.jpg?fit=300%2C245\" data-large-file=\"https:\/\/i0.wp.com\/astehshop.com\/wp-content\/uploads\/2022\/01\/ds-2ce16h8t-it3f_-sprijeda.jpg?fit=390%2C318\" decoding=\"async\" loading=\"lazy\" class=\"alignnone size-medium wp-image-6198\" src=\"https:\/\/i0.wp.com\/astehshop.com\/wp-content\/uploads\/2022\/01\/ds-2ce16h8t-it3f_-sprijeda.jpg?resize=300%2C245\" alt=\"\" width=\"300\" height=\"245\" srcset=\"https:\/\/i0.wp.com\/astehshop.com\/wp-content\/uploads\/2022\/01\/ds-2ce16h8t-it3f_-sprijeda.jpg?resize=300%2C245 300w, https:\/\/i0.wp.com\/astehshop.com\/wp-content\/uploads\/2022\/01\/ds-2ce16h8t-it3f_-sprijeda.jpg?w=390 390w\" sizes=\"(max-width: 300px) 100vw, 300px\" data-recalc-dims=\"1\" \/><\/p>\n<p>Kompletna slika sa strane HikVison DS-2CE16H8T-IT5F kamere<\/p>\n<p><img data-attachment-id=\"6199\" data-permalink=\"http:\/\/astehshop.com\/?attachment_id=6199\" data-orig-file=\"https:\/\/i1.wp.com\/astehshop.com\/wp-content\/uploads\/2022\/01\/slika-sa-strane-DS-2CE16H8T-IT5F.jpg?fit=390%2C147\" data-orig-size=\"390,147\" data-comments-opened=\"1\" data-image-meta=\"{&quot;aperture&quot;:&quot;18&quot;,&quot;credit&quot;:&quot;www.delta.poznan.pl&quot;,&quot;camera&quot;:&quot;Canon EOS 600D&quot;,&quot;caption&quot;:&quot;&quot;,&quot;created_timestamp&quot;:&quot;1555416983&quot;,&quot;copyright&quot;:&quot;www.delta.poznan.pl&quot;,&quot;focal_length&quot;:&quot;92&quot;,&quot;iso&quot;:&quot;100&quot;,&quot;shutter_speed&quot;:&quot;0.005&quot;,&quot;title&quot;:&quot;&quot;,&quot;orientation&quot;:&quot;1&quot;}\" data-image-title=\"slika sa strane DS-2CE16H8T-IT5F\" data-image-description=\"\" data-image-caption=\"\" data-medium-file=\"https:\/\/i1.wp.com\/astehshop.com\/wp-content\/uploads\/2022\/01\/slika-sa-strane-DS-2CE16H8T-IT5F.jpg?fit=300%2C113\" data-large-file=\"https:\/\/i1.wp.com\/astehshop.com\/wp-content\/uploads\/2022\/01\/slika-sa-strane-DS-2CE16H8T-IT5F.jpg?fit=390%2C147\" decoding=\"async\" loading=\"lazy\" class=\"alignnone size-medium wp-image-6199\" src=\"https:\/\/i1.wp.com\/astehshop.com\/wp-content\/uploads\/2022\/01\/slika-sa-strane-DS-2CE16H8T-IT5F.jpg?resize=300%2C113\" alt=\"\" width=\"300\" height=\"113\" srcset=\"https:\/\/i1.wp.com\/astehshop.com\/wp-content\/uploads\/2022\/01\/slika-sa-strane-DS-2CE16H8T-IT5F.jpg?resize=300%2C113 300w, https:\/\/i1.wp.com\/astehshop.com\/wp-content\/uploads\/2022\/01\/slika-sa-strane-DS-2CE16H8T-IT5F.jpg?w=390 390w\" sizes=\"(max-width: 300px) 100vw, 300px\" data-recalc-dims=\"1\" \/><\/p>\n<p>Nosa\u010d HikVision kamere DS-2CE16H8T-IT5F<\/p>\n<p><img data-attachment-id=\"6200\" data-permalink=\"http:\/\/astehshop.com\/?attachment_id=6200\" data-orig-file=\"https:\/\/i2.wp.com\/astehshop.com\/wp-content\/uploads\/2022\/01\/nosac-kamere-DS-2CE16H8T-IT5F.jpg?fit=351%2C360\" data-orig-size=\"351,360\" data-comments-opened=\"1\" data-image-meta=\"{&quot;aperture&quot;:&quot;16&quot;,&quot;credit&quot;:&quot;www.delta.poznan.pl&quot;,&quot;camera&quot;:&quot;Canon EOS 600D&quot;,&quot;caption&quot;:&quot;&quot;,&quot;created_timestamp&quot;:&quot;1426845584&quot;,&quot;copyright&quot;:&quot;www.delta.poznan.pl&quot;,&quot;focal_length&quot;:&quot;70&quot;,&quot;iso&quot;:&quot;100&quot;,&quot;shutter_speed&quot;:&quot;0.005&quot;,&quot;title&quot;:&quot;&quot;,&quot;orientation&quot;:&quot;1&quot;}\" data-image-title=\"nosa\u010d kamere DS-2CE16H8T-IT5F\" data-image-description=\"\" data-image-caption=\"\" data-medium-file=\"https:\/\/i2.wp.com\/astehshop.com\/wp-content\/uploads\/2022\/01\/nosac-kamere-DS-2CE16H8T-IT5F.jpg?fit=293%2C300\" data-large-file=\"https:\/\/i2.wp.com\/astehshop.com\/wp-content\/uploads\/2022\/01\/nosac-kamere-DS-2CE16H8T-IT5F.jpg?fit=351%2C360\" decoding=\"async\" loading=\"lazy\" class=\"alignnone size-medium wp-image-6200\" src=\"https:\/\/i2.wp.com\/astehshop.com\/wp-content\/uploads\/2022\/01\/nosac-kamere-DS-2CE16H8T-IT5F.jpg?resize=293%2C300\" alt=\"\" width=\"293\" height=\"300\" srcset=\"https:\/\/i2.wp.com\/astehshop.com\/wp-content\/uploads\/2022\/01\/nosac-kamere-DS-2CE16H8T-IT5F.jpg?resize=293%2C300 293w, https:\/\/i2.wp.com\/astehshop.com\/wp-content\/uploads\/2022\/01\/nosac-kamere-DS-2CE16H8T-IT5F.jpg?w=351 351w\" sizes=\"(max-width: 293px) 100vw, 293px\" data-recalc-dims=\"1\" \/><\/p>\n<p>Kompletne dimezije HikVision DS-2CE16H8T-IT5F kamere<br \/>\n<img data-attachment-id=\"6201\" data-permalink=\"http:\/\/astehshop.com\/?attachment_id=6201\" data-orig-file=\"https:\/\/i1.wp.com\/astehshop.com\/wp-content\/uploads\/2022\/01\/dimenzije-kamere-DS-2CE16H8T-IT5F.jpg?fit=390%2C124\" data-orig-size=\"390,124\" data-comments-opened=\"1\" data-image-meta=\"{&quot;aperture&quot;:&quot;0&quot;,&quot;credit&quot;:&quot;&quot;,&quot;camera&quot;:&quot;&quot;,&quot;caption&quot;:&quot;&quot;,&quot;created_timestamp&quot;:&quot;0&quot;,&quot;copyright&quot;:&quot;&quot;,&quot;focal_length&quot;:&quot;0&quot;,&quot;iso&quot;:&quot;0&quot;,&quot;shutter_speed&quot;:&quot;0&quot;,&quot;title&quot;:&quot;&quot;,&quot;orientation&quot;:&quot;0&quot;}\" data-image-title=\"dimenzije kamere DS-2CE16H8T-IT5F\" data-image-description=\"\" data-image-caption=\"\" data-medium-file=\"https:\/\/i1.wp.com\/astehshop.com\/wp-content\/uploads\/2022\/01\/dimenzije-kamere-DS-2CE16H8T-IT5F.jpg?fit=300%2C95\" data-large-file=\"https:\/\/i1.wp.com\/astehshop.com\/wp-content\/uploads\/2022\/01\/dimenzije-kamere-DS-2CE16H8T-IT5F.jpg?fit=390%2C124\" decoding=\"async\" loading=\"lazy\" class=\"alignnone size-medium wp-image-6201\" src=\"https:\/\/i1.wp.com\/astehshop.com\/wp-content\/uploads\/2022\/01\/dimenzije-kamere-DS-2CE16H8T-IT5F.jpg?resize=300%2C95\" alt=\"\" width=\"300\" height=\"95\" srcset=\"https:\/\/i1.wp.com\/astehshop.com\/wp-content\/uploads\/2022\/01\/dimenzije-kamere-DS-2CE16H8T-IT5F.jpg?resize=300%2C95 300w, https:\/\/i1.wp.com\/astehshop.com\/wp-content\/uploads\/2022\/01\/dimenzije-kamere-DS-2CE16H8T-IT5F.jpg?w=390 390w\" sizes=\"(max-width: 300px) 100vw, 300px\" data-recalc-dims=\"1\" \/><\/p>\n<p>Prekida\u010d za modove na kameri<br \/>\n<img data-attachment-id=\"6169\" data-permalink=\"http:\/\/astehshop.com\/?attachment_id=6169\" data-orig-file=\"https:\/\/i2.wp.com\/astehshop.com\/wp-content\/uploads\/2021\/10\/prekidac-kamere.jpg?fit=260%2C228\" data-orig-size=\"260,228\" data-comments-opened=\"1\" data-image-meta=\"{&quot;aperture&quot;:&quot;18&quot;,&quot;credit&quot;:&quot;www.delta.poznan.pl&quot;,&quot;camera&quot;:&quot;Canon EOS 600D&quot;,&quot;caption&quot;:&quot;&quot;,&quot;created_timestamp&quot;:&quot;1507046729&quot;,&quot;copyright&quot;:&quot;www.delta.poznan.pl&quot;,&quot;focal_length&quot;:&quot;70&quot;,&quot;iso&quot;:&quot;100&quot;,&quot;shutter_speed&quot;:&quot;0.005&quot;,&quot;title&quot;:&quot;&quot;,&quot;orientation&quot;:&quot;1&quot;}\" data-image-title=\"prekidac kamere\" data-image-description=\"\" data-image-caption=\"\" data-medium-file=\"https:\/\/i2.wp.com\/astehshop.com\/wp-content\/uploads\/2021\/10\/prekidac-kamere.jpg?fit=260%2C228\" data-large-file=\"https:\/\/i2.wp.com\/astehshop.com\/wp-content\/uploads\/2021\/10\/prekidac-kamere.jpg?fit=260%2C228\" decoding=\"async\" loading=\"lazy\" class=\"alignnone size-full wp-image-6169\" src=\"https:\/\/i2.wp.com\/astehshop.com\/wp-content\/uploads\/2021\/10\/prekidac-kamere.jpg?resize=260%2C228\" alt=\"\" width=\"260\" height=\"228\" data-recalc-dims=\"1\" \/><\/p>\n<iframe  id=\"_ytid_58144\"  width=\"480\" height=\"360\"  data-origwidth=\"480\" data-origheight=\"360\"  src=\"https:\/\/www.youtube.com\/embed\/AcVPjKJ0Ixw?enablejsapi=1&autoplay=0&cc_load_policy=0&cc_lang_pref=&iv_load_policy=1&loop=0&modestbranding=0&rel=1&fs=1&playsinline=0&autohide=2&theme=dark&color=red&controls=1&\" class=\"__youtube_prefs__  no-lazyload\" title=\"YouTube player\"  allow=\"autoplay; encrypted-media\" allowfullscreen data-no-lazy=\"1\" data-skipgform_ajax_framebjll=\"\"><\/iframe>\n<p>&nbsp;<\/p>\n","protected":false},"excerpt":{"rendered":"<h2>Hikvision DS-2CE16H8T-IT5F<\/h2>\n<p class=\"prod_name\">\u2022 Objektivi: 3.6mm<br \/>\n\u2022 HDTVI tehnologija, Ultra\u2013low light 0,003lux<br \/>\n\u2022 Dan\/no\u0107, EXIR, WDR 130dB<br \/>\n\u2022 IR osvjetljenje do 80m<br \/>\n\u2022 AGC, BLC, svjetlina, o\u0161trina, 3D DNR(1-9), Mirror,<br \/>\nSmart IR, detekcija pokreta (4 zone)<br \/>\n\u2022 Za vanjsku primjenu, IP67<br \/>\n\u2022 Napajanje: 12 V DC<br \/>\n\u2022 Odgovaraju\u0107i nosa\u010di: DS-1280ZJ-XS<\/p>\n<p>slika DS-2CE16H8T-IT5F naprijed :<br \/>\n<img decoding=\"async\" loading=\"lazy\" class=\"alignnone size-medium wp-image-6197\" src=\"http:\/\/astehshop.com\/wp-content\/uploads\/2022\/01\/ds-2ce16h8t-naprijed-300x255.jpg\" alt=\"\" width=\"300\" height=\"255\" srcset=\"https:\/\/i1.wp.com\/astehshop.com\/wp-content\/uploads\/2022\/01\/ds-2ce16h8t-naprijed.jpg?resize=300%2C255 300w, https:\/\/i1.wp.com\/astehshop.com\/wp-content\/uploads\/2022\/01\/ds-2ce16h8t-naprijed.jpg?w=390 390w\" sizes=\"(max-width: 300px) 100vw, 300px\" \/><\/p>\n<p>Kako izgleda naprijed DS-2CE16H8T-IT5F kamera<br \/>\n<img decoding=\"async\" loading=\"lazy\" class=\"alignnone size-medium wp-image-6198\" src=\"http:\/\/astehshop.com\/wp-content\/uploads\/2022\/01\/ds-2ce16h8t-it3f_-sprijeda-300x245.jpg\" alt=\"\" width=\"300\" height=\"245\" srcset=\"https:\/\/i0.wp.com\/astehshop.com\/wp-content\/uploads\/2022\/01\/ds-2ce16h8t-it3f_-sprijeda.jpg?resize=300%2C245 300w, https:\/\/i0.wp.com\/astehshop.com\/wp-content\/uploads\/2022\/01\/ds-2ce16h8t-it3f_-sprijeda.jpg?w=390 390w\" sizes=\"(max-width: 300px) 100vw, 300px\" \/><\/p>\n<p>Kompletna slika sa strane HikVison DS-2CE16H8T-IT5F kamere<\/p>\n<p><img decoding=\"async\" loading=\"lazy\" class=\"alignnone size-medium wp-image-6199\" src=\"http:\/\/astehshop.com\/wp-content\/uploads\/2022\/01\/slika-sa-strane-DS-2CE16H8T-IT5F-300x113.jpg\" alt=\"\" width=\"300\" height=\"113\" srcset=\"https:\/\/i1.wp.com\/astehshop.com\/wp-content\/uploads\/2022\/01\/slika-sa-strane-DS-2CE16H8T-IT5F.jpg?resize=300%2C113 300w, https:\/\/i1.wp.com\/astehshop.com\/wp-content\/uploads\/2022\/01\/slika-sa-strane-DS-2CE16H8T-IT5F.jpg?w=390 390w\" sizes=\"(max-width: 300px) 100vw, 300px\" \/><\/p>\n<p>Nosa\u010d HikVision kamere DS-2CE16H8T-IT5F<\/p>\n<p><img decoding=\"async\" loading=\"lazy\" class=\"alignnone size-medium wp-image-6200\" src=\"http:\/\/astehshop.com\/wp-content\/uploads\/2022\/01\/nosac-kamere-DS-2CE16H8T-IT5F-293x300.jpg\" alt=\"\" width=\"293\" height=\"300\" srcset=\"https:\/\/i2.wp.com\/astehshop.com\/wp-content\/uploads\/2022\/01\/nosac-kamere-DS-2CE16H8T-IT5F.jpg?resize=293%2C300 293w, https:\/\/i2.wp.com\/astehshop.com\/wp-content\/uploads\/2022\/01\/nosac-kamere-DS-2CE16H8T-IT5F.jpg?w=351 351w\" sizes=\"(max-width: 293px) 100vw, 293px\" \/><\/p>\n<p>Kompletne dimezije HikVision DS-2CE16H8T-IT5F kamere<br \/>\n<img decoding=\"async\" loading=\"lazy\" class=\"alignnone size-medium wp-image-6201\" src=\"http:\/\/astehshop.com\/wp-content\/uploads\/2022\/01\/dimenzije-kamere-DS-2CE16H8T-IT5F-300x95.jpg\" alt=\"\" width=\"300\" height=\"95\" srcset=\"https:\/\/i1.wp.com\/astehshop.com\/wp-content\/uploads\/2022\/01\/dimenzije-kamere-DS-2CE16H8T-IT5F.jpg?resize=300%2C95 300w, https:\/\/i1.wp.com\/astehshop.com\/wp-content\/uploads\/2022\/01\/dimenzije-kamere-DS-2CE16H8T-IT5F.jpg?w=390 390w\" sizes=\"(max-width: 300px) 100vw, 300px\" \/><\/p>\n<p>Prekida\u010d za modove na kameri<br \/>\n<img decoding=\"async\" loading=\"lazy\" class=\"alignnone size-full wp-image-6169\" src=\"http:\/\/astehshop.com\/wp-content\/uploads\/2021\/10\/prekidac-kamere.jpg\" alt=\"\" width=\"260\" height=\"228\" \/><\/p>\n[embedyt] https:\/\/www.youtube.com\/watch?v=AcVPjKJ0Ixw[\/embedyt]\n<p>&nbsp;<\/p>\n","protected":false},"featured_media":5772,"comment_status":"open","ping_status":"closed","template":"","meta":{"_mi_skip_tracking":false,"_exactmetrics_sitenote_active":false,"_exactmetrics_sitenote_note":"","_exactmetrics_sitenote_category":0,"spay_email":""},"product_cat":[132],"product_tag":[3614,3608,3599,827,3615,1549,251,4037],"brands":[{"id":2044,"name":"HikVision","slug":"hikvision"}],"df_price":180,"df_sale_price":"","df_regular_price":180,"df_image_link":"https:\/\/i0.wp.com\/astehshop.com\/wp-content\/uploads\/2022\/01\/ds-2ce16h8t-it5f-1.jpeg?fit=450%2C450","jetpack_publicize_connections":[],"jetpack_sharing_enabled":true,"jetpack_likes_enabled":true,"jetpack-related-posts":[{"id":5769,"url":"http:\/\/astehshop.com\/index.php\/product\/hikvision-analogna-kamera-5-mpx-ds-2ce16h8t-it3f\/","url_meta":{"origin":5771,"position":0},"title":"HikVision analogna kamera 5 MPX DS-2CE16H8T-IT3F","date":"9. sije\u010dnja 2022.","format":false,"excerpt":"Hikvision DS-2CE16H8T-IT3F \u2022 Objektivi: 2,8mm, 3.6mm \u2022 HDTVI tehnologija, Ultra\u2013low light 0,003lux \u2022 Dan\/no\u0107, EXIR, WDR 130dB \u2022 IR osvjetljenje do 20m \u2022 AGC, BLC, svjetlina, o\u0161trina, 3D DNR(1-9), Mirror, Smart IR, detekcija pokreta (4 zone) \u2022 Za vanjsku primjenu, IP67 \u2022 Napajanje: 12 V DC \u2022 Odgovaraju\u0107i nosa\u010di: DS-1280ZJ-XS","rel":"","context":"Srodne objave","img":{"alt_text":"","src":"https:\/\/i0.wp.com\/astehshop.com\/wp-content\/uploads\/2022\/01\/ds-2ce16h8t-it3f-1.jpg?fit=700%2C700&resize=350%2C200","width":350,"height":200},"classes":[]},{"id":12259,"url":"http:\/\/astehshop.com\/index.php\/product\/hikvision-ds-2ce17h0t-it5f\/","url_meta":{"origin":5771,"position":1},"title":"HikVision DS-2CE17H0T-IT5F","date":"26. velja\u010de 2026.","format":false,"excerpt":"Bullet kamera 5MP sa objektivom 3,6mm DNR, Smart IR, OSD IR osvjetljenje do 80m Za vanjsku primjenu, IP66 Napajanje: 12 VDC \u00b1 25%, max. 5 W Odgovaraju\u0107i nosa\u010d: DS-1280ZJ-XS","rel":"","context":"Srodne objave","img":{"alt_text":"","src":"https:\/\/i0.wp.com\/astehshop.com\/wp-content\/uploads\/2026\/02\/DS-2CE17H0T-IT5F.jpg?fit=870%2C489&resize=350%2C200","width":350,"height":200},"classes":[]},{"id":3824,"url":"http:\/\/astehshop.com\/index.php\/product\/kamera-za-video-nadzor-hikvision-ds-2ce16d8t-it5f\/","url_meta":{"origin":5771,"position":2},"title":"Kamera za video nadzor HikVision DS-2CE16D8T-IT5F","date":"15. velja\u010de 2020.","format":false,"excerpt":"2M Smart FSI CMOS senzor EXIR 80m domet IR-a napajanje 12 VDC 130dB puni WDR za\u0161tita ku\u0107i\u0161ta IP67 prebacivanje na TVI\/AHD\/CVI\/CVBS signal nosa\u010d ku\u0107i\u0161ta: DS-1280ZJ-XS","rel":"","context":"Srodne objave","img":{"alt_text":"","src":"https:\/\/i2.wp.com\/astehshop.com\/wp-content\/uploads\/2020\/02\/DS-2CE16D8T-IT3F-1.jpg?fit=620%2C400&resize=350%2C200","width":350,"height":200},"classes":[]},{"id":5760,"url":"http:\/\/astehshop.com\/index.php\/product\/hikvision-analogna-kamera-ds-2ce17d0t-it5f-2-mpx-80m-nocni-domet\/","url_meta":{"origin":5771,"position":3},"title":"HikVision analogna kamera DS-2CE17D0T-IT5F 2 MPX 80M no\u0107ni domet","date":"9. sije\u010dnja 2022.","format":false,"excerpt":"Vanjska kompaktna TVI video kamera, rezolucije 2Mpx, objektiv 3.6 mm, osjetljivost 0.01 Lux@F1.2, D-WDR, EXIR LED dometa do 80m, napajanje 12VDC, IP66, 4u1 DATASHEET","rel":"","context":"Srodne objave","img":{"alt_text":"","src":"https:\/\/i0.wp.com\/astehshop.com\/wp-content\/uploads\/2022\/01\/DS-2CE17D0T-IT5F-1.jpg?fit=1200%2C675&resize=350%2C200","width":350,"height":200},"classes":[]},{"id":5774,"url":"http:\/\/astehshop.com\/index.php\/product\/hikvision-8-mpx-4k-kamera-ds-2ce16u1t-it3f\/","url_meta":{"origin":5771,"position":4},"title":"HikVision 8 MPX 4K kamera DS-2CE16U1T-IT3F","date":"9. sije\u010dnja 2022.","format":false,"excerpt":"Hikvision DS-2CE78H8T-IT3F \u2022 Rezolucija: 8 Mpix (3840\u00d72160) \u2022 Objektivi: 2,8mm \u2022 HDTVI Tehnologija \u2022 Dan\/no\u0107, DWDR 105dB \u2022 IR osvjetljenje do 30 m \u2022 AWB, DNR, EXIR , OSD izbornik \u2022 Za vanjsku primjenu, IP67 \u2022 Napajanje: 12 V DC \u2022 Odgovaraju\u0107i nosa\u010d: DS-1280ZJ-XS","rel":"","context":"Srodne objave","img":{"alt_text":"","src":"https:\/\/i1.wp.com\/astehshop.com\/wp-content\/uploads\/2022\/01\/ds-2ce16u1t-it3f-1.png?fit=1200%2C800&resize=350%2C200","width":350,"height":200},"classes":[]},{"id":3858,"url":"http:\/\/astehshop.com\/index.php\/product\/kamera-za-video-nadzor-8-mpx-4k-hikvision-ds-2ce17u8t-it\/","url_meta":{"origin":5771,"position":5},"title":"Kamera za video nadzor 8 MPX 4K HikVision DS-2CE17U8T-IT","date":"15. velja\u010de 2020.","format":false,"excerpt":"Rezolucija 8 Mpix (3840x2160) Objektiv 3,6mm Mogu\u0107nosti HDTVI Tehnologija, OSD izbornik, DNR, Dan\/no\u0107,\u00a0WDR 120 dB, Izlazi HDTVI + CVBS IR osvjetljenje do 40m, EXIR tehnologija Stupanj IP za\u0161tite Za vanjsku primjenu, IP67 Napajanje 12 V DC Odgovaraju\u0107i nosa\u010d DS-1280ZJ-XS \u00a0","rel":"","context":"Srodne objave","img":{"alt_text":"","src":"https:\/\/i1.wp.com\/astehshop.com\/wp-content\/uploads\/2020\/02\/DS-2CE17U8T-IT.jpeg?fit=946%2C726&resize=350%2C200","width":350,"height":200},"classes":[]}],"_links":{"self":[{"href":"http:\/\/astehshop.com\/index.php\/wp-json\/wp\/v2\/product\/5771"}],"collection":[{"href":"http:\/\/astehshop.com\/index.php\/wp-json\/wp\/v2\/product"}],"about":[{"href":"http:\/\/astehshop.com\/index.php\/wp-json\/wp\/v2\/types\/product"}],"replies":[{"embeddable":true,"href":"http:\/\/astehshop.com\/index.php\/wp-json\/wp\/v2\/comments?post=5771"}],"wp:featuredmedia":[{"embeddable":true,"href":"http:\/\/astehshop.com\/index.php\/wp-json\/wp\/v2\/media\/5772"}],"wp:attachment":[{"href":"http:\/\/astehshop.com\/index.php\/wp-json\/wp\/v2\/media?parent=5771"}],"wp:term":[{"taxonomy":"product_cat","embeddable":true,"href":"http:\/\/astehshop.com\/index.php\/wp-json\/wp\/v2\/product_cat?post=5771"},{"taxonomy":"product_tag","embeddable":true,"href":"http:\/\/astehshop.com\/index.php\/wp-json\/wp\/v2\/product_tag?post=5771"}],"curies":[{"name":"wp","href":"https:\/\/api.w.org\/{rel}","templated":true}]}}