{"id":5769,"date":"2022-01-09T10:23:37","date_gmt":"2022-01-09T09:23:37","guid":{"rendered":"http:\/\/astehshop.com\/?post_type=product&#038;p=5769"},"modified":"2026-02-26T19:40:47","modified_gmt":"2026-02-26T18:40:47","slug":"hikvision-analogna-kamera-5-mpx-ds-2ce16h8t-it3f","status":"publish","type":"product","link":"http:\/\/astehshop.com\/index.php\/product\/hikvision-analogna-kamera-5-mpx-ds-2ce16h8t-it3f\/","title":{"rendered":"HikVision analogna kamera 5 MPX DS-2CE16H8T-IT3F"},"content":{"rendered":"<h2>Hikvision DS-2CE16H8T-IT3F<\/h2>\n<p class=\"prod_name\">\u2022 Objektivi: 2,8mm, 3.6mm<br \/>\n\u2022 HDTVI tehnologija, Ultra\u2013low light 0,003lux<br \/>\n\u2022 Dan\/no\u0107, EXIR, WDR 130dB<br \/>\n\u2022 IR osvjetljenje do 20m<br \/>\n\u2022 AGC, BLC, svjetlina, o\u0161trina, 3D DNR(1-9), Mirror,<br \/>\nSmart IR, detekcija pokreta (4 zone)<br \/>\n\u2022 Za vanjsku primjenu, IP67<br \/>\n\u2022 Napajanje: 12 V DC<br \/>\n\u2022 Odgovaraju\u0107i nosa\u010di: DS-1280ZJ-XS<\/p>\n","protected":false},"excerpt":{"rendered":"<h2>Hikvision DS-2CE16H8T-IT3F<\/h2>\n<p class=\"prod_name\">\u2022 Objektivi: 2,8mm, 3.6mm<br \/>\n\u2022 HDTVI tehnologija, Ultra\u2013low light 0,003lux<br \/>\n\u2022 Dan\/no\u0107, EXIR, WDR 130dB<br \/>\n\u2022 IR osvjetljenje do 20m<br \/>\n\u2022 AGC, BLC, svjetlina, o\u0161trina, 3D DNR(1-9), Mirror,<br \/>\nSmart IR, detekcija pokreta (4 zone)<br \/>\n\u2022 Za vanjsku primjenu, IP67<br \/>\n\u2022 Napajanje: 12 V DC<br \/>\n\u2022 Odgovaraju\u0107i nosa\u010di: DS-1280ZJ-XS<\/p>\n","protected":false},"featured_media":5770,"comment_status":"open","ping_status":"closed","template":"","meta":{"_mi_skip_tracking":false,"_exactmetrics_sitenote_active":false,"_exactmetrics_sitenote_note":"","_exactmetrics_sitenote_category":0,"spay_email":""},"product_cat":[132],"product_tag":[3611,3608,3613,3612],"brands":[{"id":2044,"name":"HikVision","slug":"hikvision"}],"df_price":160,"df_sale_price":"","df_regular_price":160,"df_image_link":"https:\/\/i0.wp.com\/astehshop.com\/wp-content\/uploads\/2022\/01\/ds-2ce16h8t-it3f-1.jpg?fit=450%2C450","jetpack_publicize_connections":[],"jetpack_sharing_enabled":true,"jetpack_likes_enabled":true,"jetpack-related-posts":[{"id":5774,"url":"http:\/\/astehshop.com\/index.php\/product\/hikvision-8-mpx-4k-kamera-ds-2ce16u1t-it3f\/","url_meta":{"origin":5769,"position":0},"title":"HikVision 8 MPX 4K kamera DS-2CE16U1T-IT3F","date":"9. sije\u010dnja 2022.","format":false,"excerpt":"Hikvision DS-2CE78H8T-IT3F \u2022 Rezolucija: 8 Mpix (3840\u00d72160) \u2022 Objektivi: 2,8mm \u2022 HDTVI Tehnologija \u2022 Dan\/no\u0107, DWDR 105dB \u2022 IR osvjetljenje do 30 m \u2022 AWB, DNR, EXIR , OSD izbornik \u2022 Za vanjsku primjenu, IP67 \u2022 Napajanje: 12 V DC \u2022 Odgovaraju\u0107i nosa\u010d: DS-1280ZJ-XS","rel":"","context":"Srodne objave","img":{"alt_text":"","src":"https:\/\/i1.wp.com\/astehshop.com\/wp-content\/uploads\/2022\/01\/ds-2ce16u1t-it3f-1.png?fit=1200%2C800&resize=350%2C200","width":350,"height":200},"classes":[]},{"id":5771,"url":"http:\/\/astehshop.com\/index.php\/product\/hikvision-ds-2ce16h8t-it5f-5-mpx\/","url_meta":{"origin":5769,"position":1},"title":"HikVision DS-2CE16H8T-IT5F 5 MPX 80M no\u0107ni domet WDR","date":"9. sije\u010dnja 2022.","format":false,"excerpt":"Hikvision DS-2CE16H8T-IT5F \u2022 Objektivi: 3.6mm \u2022 HDTVI tehnologija, Ultra\u2013low light 0,003lux \u2022 Dan\/no\u0107, EXIR, WDR 130dB \u2022 IR osvjetljenje do 80m \u2022 AGC, BLC, svjetlina, o\u0161trina, 3D DNR(1-9), Mirror, Smart IR, detekcija pokreta (4 zone) \u2022 Za vanjsku primjenu, IP67 \u2022 Napajanje: 12 V DC \u2022 Odgovaraju\u0107i nosa\u010di: DS-1280ZJ-XS slika\u2026","rel":"","context":"Srodne objave","img":{"alt_text":"","src":"https:\/\/i0.wp.com\/astehshop.com\/wp-content\/uploads\/2022\/01\/ds-2ce16h8t-it5f-1.jpeg?fit=500%2C500&resize=350%2C200","width":350,"height":200},"classes":[]},{"id":12266,"url":"http:\/\/astehshop.com\/index.php\/product\/hikvision-ds-2ce56d0t-it3f\/","url_meta":{"origin":5769,"position":2},"title":"HikVision DS-2CE56D0T-IT3F","date":"26. velja\u010de 2026.","format":false,"excerpt":"Turret kamera 2MP sa objektivom 2,8 mm ili 3,6 mm Dan\/no\u0107, EXIR osvjetljenje do 40m, DNR, Smart IR Za vanjsku primjenu, IP67 Napajanje: 12 VDC \u00b1 25%, max. 3 W Odgovaraju\u0107i nosa\u010d: DS-1280ZJ-S","rel":"","context":"Srodne objave","img":{"alt_text":"","src":"https:\/\/i2.wp.com\/astehshop.com\/wp-content\/uploads\/2026\/02\/DS-2CE56D0T-IT3F.png?fit=754%2C597&resize=350%2C200","width":350,"height":200},"classes":[]},{"id":3858,"url":"http:\/\/astehshop.com\/index.php\/product\/kamera-za-video-nadzor-8-mpx-4k-hikvision-ds-2ce17u8t-it\/","url_meta":{"origin":5769,"position":3},"title":"Kamera za video nadzor 8 MPX 4K HikVision DS-2CE17U8T-IT","date":"15. velja\u010de 2020.","format":false,"excerpt":"Rezolucija 8 Mpix (3840x2160) Objektiv 3,6mm Mogu\u0107nosti HDTVI Tehnologija, OSD izbornik, DNR, Dan\/no\u0107,\u00a0WDR 120 dB, Izlazi HDTVI + CVBS IR osvjetljenje do 40m, EXIR tehnologija Stupanj IP za\u0161tite Za vanjsku primjenu, IP67 Napajanje 12 V DC Odgovaraju\u0107i nosa\u010d DS-1280ZJ-XS \u00a0","rel":"","context":"Srodne objave","img":{"alt_text":"","src":"https:\/\/i1.wp.com\/astehshop.com\/wp-content\/uploads\/2020\/02\/DS-2CE17U8T-IT.jpeg?fit=946%2C726&resize=350%2C200","width":350,"height":200},"classes":[]},{"id":8908,"url":"http:\/\/astehshop.com\/index.php\/product\/hikvision-ds-2cd2123g2-i-pro-serija\/","url_meta":{"origin":5769,"position":4},"title":"Hikvision DS-2CD2123G2-I PRO serija","date":"15. sije\u010dnja 2024.","format":false,"excerpt":"Rezolucija 2 Mpix 25fps(1920\u00d71080) \u2022 Objektivi : 2,8mm, 4mm \u2022 Dan\/no\u0107, IR osvjetljenje do 30m \u2022 120dB WDR, 3D Digital Noise Reduction (DNR), Back Light Compensation (BLC) \u2022 Dodatne funkcije: prelazak linije, detekcija ulaska, detekcija lica \u2022 H.265, H.265+, H.264+, H.264, MJPEG \u2022 Za vanjsku primjenu, antivandal, IP67\/ antivandal IK10\u2026","rel":"","context":"Srodne objave","img":{"alt_text":"","src":"https:\/\/i1.wp.com\/astehshop.com\/wp-content\/uploads\/2024\/01\/DS-2CD2123G2-I_09458_0.jpg?fit=700%2C700&resize=350%2C200","width":350,"height":200},"classes":[]},{"id":8903,"url":"http:\/\/astehshop.com\/index.php\/product\/hikvision-ds-2cd1023g2-i\/","url_meta":{"origin":5769,"position":5},"title":"Hikvision DS-2CD1023G2-I","date":"15. sije\u010dnja 2024.","format":false,"excerpt":"\u2022 Rezolucija 2 Mpix (1920\u00d71080\/25fps) \u2022 Objektivi : 2,8mm, 4mm \u2022 Digital Wide Dynamic Range (DWDR), 3D Digital Noise Reduction (DNR), Back Light Compensation (BLC) \u2022 IR osvjetljenje do 30m \u2022 H.265+\/H265\/H.264+&H.264 \u2022 Za vanjsku primjenu, IP67 \u2022 Napajanje 12V DC ili PoE (Power over Ethernet) \u2022 Odgovaraju\u0107i nosa\u010d: DS-1280ZJ-XS","rel":"","context":"Srodne objave","img":{"alt_text":"","src":"https:\/\/i2.wp.com\/astehshop.com\/wp-content\/uploads\/2024\/01\/ds2cd1023g0.jpg?fit=500%2C500&resize=350%2C200","width":350,"height":200},"classes":[]}],"_links":{"self":[{"href":"http:\/\/astehshop.com\/index.php\/wp-json\/wp\/v2\/product\/5769"}],"collection":[{"href":"http:\/\/astehshop.com\/index.php\/wp-json\/wp\/v2\/product"}],"about":[{"href":"http:\/\/astehshop.com\/index.php\/wp-json\/wp\/v2\/types\/product"}],"replies":[{"embeddable":true,"href":"http:\/\/astehshop.com\/index.php\/wp-json\/wp\/v2\/comments?post=5769"}],"wp:featuredmedia":[{"embeddable":true,"href":"http:\/\/astehshop.com\/index.php\/wp-json\/wp\/v2\/media\/5770"}],"wp:attachment":[{"href":"http:\/\/astehshop.com\/index.php\/wp-json\/wp\/v2\/media?parent=5769"}],"wp:term":[{"taxonomy":"product_cat","embeddable":true,"href":"http:\/\/astehshop.com\/index.php\/wp-json\/wp\/v2\/product_cat?post=5769"},{"taxonomy":"product_tag","embeddable":true,"href":"http:\/\/astehshop.com\/index.php\/wp-json\/wp\/v2\/product_tag?post=5769"}],"curies":[{"name":"wp","href":"https:\/\/api.w.org\/{rel}","templated":true}]}}