{"id":5767,"date":"2022-01-09T10:09:49","date_gmt":"2022-01-09T09:09:49","guid":{"rendered":"http:\/\/astehshop.com\/?post_type=product&#038;p=5767"},"modified":"2025-09-17T21:30:33","modified_gmt":"2025-09-17T19:30:33","slug":"hikvision-dome-kamera-5-mpx-ds-2ce78h0t-it3f","status":"publish","type":"product","link":"http:\/\/astehshop.com\/index.php\/product\/hikvision-dome-kamera-5-mpx-ds-2ce78h0t-it3f\/","title":{"rendered":"HikVision dome kamera 5 MPX DS-2CE78H0T-IT3F"},"content":{"rendered":"<p>HD Dome kamera, 5mpx, 2.8mm, @20fps,4mp 25fps,EXIR, 40m IR, Ourdoor Exir turret,ICR, 0.01 Lux, 12vdc,Smart IR, DNR, OSD, IP 67, TVI\/AHD\/CVI\/CVBS<\/p>\n","protected":false},"excerpt":{"rendered":"<p>HD Dome kamera, 5mpx, 2.8mm, @20fps,4mp 25fps,EXIR, 40m IR, Ourdoor Exir turret,ICR, 0.01 Lux, 12vdc,Smart IR, DNR, OSD, IP 67, TVI\/AHD\/CVI\/CVBS<\/p>\n","protected":false},"featured_media":5768,"comment_status":"open","ping_status":"closed","template":"","meta":{"_mi_skip_tracking":false,"_exactmetrics_sitenote_active":false,"_exactmetrics_sitenote_note":"","_exactmetrics_sitenote_category":0,"spay_email":""},"product_cat":[131],"product_tag":[3452,3609,3610],"brands":[{"id":2044,"name":"HikVision","slug":"hikvision"}],"df_price":"","df_sale_price":"","df_regular_price":"","df_image_link":"https:\/\/i2.wp.com\/astehshop.com\/wp-content\/uploads\/2022\/01\/DS-2CE78H0T-IT3F-1.jpg?fit=450%2C390","jetpack_publicize_connections":[],"jetpack_sharing_enabled":true,"jetpack_likes_enabled":true,"jetpack-related-posts":[{"id":5763,"url":"http:\/\/astehshop.com\/index.php\/product\/hikvision-dome-analogna-kamera-5-mpx-ds-2ce76h0t-itmf\/","url_meta":{"origin":5767,"position":0},"title":"HikVision dome analogna kamera 5 MPX DS-2CE76H0T-ITMF","date":"9. sije\u010dnja 2022.","format":false,"excerpt":"Dome TVI video kamera, rezolucije 5Mpx@20fps, objektiv 2.8 mm, osjetljivost 0.01 Lux@F1.2, D-WDR, EXIR IR LED dometa do 30m, napajanje 12VDC, CoC, IP67, 4u1.","rel":"","context":"Srodne objave","img":{"alt_text":"","src":"https:\/\/i0.wp.com\/astehshop.com\/wp-content\/uploads\/2022\/01\/DS-2CE76H0T-ITMF-1.jpg?fit=800%2C909&resize=350%2C200","width":350,"height":200},"classes":[]},{"id":5766,"url":"http:\/\/astehshop.com\/index.php\/product\/hikvision-dome-kamera-wdr-5-mpx-ds-2ce76h8t-itmf\/","url_meta":{"origin":5767,"position":1},"title":"HikVision dome kamera WDR 5 MPX DS-2CE76H8T-ITMF","date":"9. sije\u010dnja 2022.","format":false,"excerpt":"Turret TVI video kamera, rezolucije 5Mpx, objektiv 2.8 mm, osjetljivost 0.003Lux@F1.2, WDR, IR cut filter, 1 HD analog output TVI\/AHD\/CVI\/CVBS, 3D-DNR, napajanje 12VDC, CoC, IP67","rel":"","context":"Srodne objave","img":{"alt_text":"","src":"https:\/\/i0.wp.com\/astehshop.com\/wp-content\/uploads\/2022\/01\/DS-2CE76H0T-ITMF-1.jpg?fit=800%2C909&resize=350%2C200","width":350,"height":200},"classes":[]},{"id":3851,"url":"http:\/\/astehshop.com\/index.php\/product\/kamera-za-video-nadzor-hikvision-ds-2ce16h0t-it3zf-motorizovana\/","url_meta":{"origin":5767,"position":2},"title":"Kamera za video nadzor HikVision DS-2CE16H0T-IT3ZF motorizovana","date":"15. velja\u010de 2020.","format":false,"excerpt":"5MP@20fps EXIR motorizirani promjenjivi objektiv 40m domet IR-a napajanje 12 VDC, za\u0161tita ku\u0107i\u0161ta IP67 prebacivanje na TVI\/AHD\/CVI\/CVBS signal nosa\u010d ku\u0107i\u0161ta: DS-1280ZJ-S","rel":"","context":"Srodne objave","img":{"alt_text":"","src":"https:\/\/i2.wp.com\/astehshop.com\/wp-content\/uploads\/2020\/02\/DS-2CE16H0T-IT3ZF-1.jpeg?fit=810%2C822&resize=350%2C200","width":350,"height":200},"classes":[]},{"id":2676,"url":"http:\/\/astehshop.com\/index.php\/product\/hikvision-kamera-ds-2ce56f1t-it3-2-8mm-3mp\/","url_meta":{"origin":5767,"position":3},"title":"HikVision kamera DS-2CE56F1T-IT3 2.8mm 3MP","date":"2. o\u017eujka 2018.","format":false,"excerpt":"IR DOME HD-TVI kamera, 3 MPX (2052x1536) 1\/3\" Progressive Scan CMOS, dan\/no\u0107, fiksna optika 2,8mm, EXIR diode dometa do 40m,","rel":"","context":"Srodne objave","img":{"alt_text":"","src":"https:\/\/i1.wp.com\/astehshop.com\/wp-content\/uploads\/2018\/03\/DS-2CE56C0T-IT3.jpg?fit=500%2C438&resize=350%2C200","width":350,"height":200},"classes":[]},{"id":2616,"url":"http:\/\/astehshop.com\/index.php\/product\/hikvision-kamera-ds-2ce56c0t-it3\/","url_meta":{"origin":5767,"position":4},"title":"HikVision kamera DS-2CE56C0T-IT3F","date":"1. o\u017eujka 2018.","format":false,"excerpt":"IR DOME HD-TVI kamera, 1 Mpx (1280x720) 1\/3\" Progressive Scan CMOS, dan\/no\u0107, fiksna optika 2,8mm (3,6mm), EXIR diode dometa do 40m,","rel":"","context":"Srodne objave","img":{"alt_text":"","src":"https:\/\/i1.wp.com\/astehshop.com\/wp-content\/uploads\/2018\/03\/DS-2CE56C0T-IT3.jpg?fit=500%2C438&resize=350%2C200","width":350,"height":200},"classes":[]},{"id":2678,"url":"http:\/\/astehshop.com\/index.php\/product\/hikvision-kamera-ds-2ce56h1t-itm-5mpx\/","url_meta":{"origin":5767,"position":5},"title":"HikVision kamera DS-2CE56H1T-ITM 5MPX","date":"2. o\u017eujka 2018.","format":false,"excerpt":"IR DOME HD-TVI kamera, 5 MPX (2592x1944) 1\/3\" Progressive Scan CMOS, dan\/no\u0107, fiksna optika 2,8mm, EXIR diode dometa do 20m,","rel":"","context":"Srodne objave","img":{"alt_text":"","src":"https:\/\/i0.wp.com\/astehshop.com\/wp-content\/uploads\/2018\/03\/DS-2CE56F1T-ITM.jpg?fit=500%2C426&resize=350%2C200","width":350,"height":200},"classes":[]}],"_links":{"self":[{"href":"http:\/\/astehshop.com\/index.php\/wp-json\/wp\/v2\/product\/5767"}],"collection":[{"href":"http:\/\/astehshop.com\/index.php\/wp-json\/wp\/v2\/product"}],"about":[{"href":"http:\/\/astehshop.com\/index.php\/wp-json\/wp\/v2\/types\/product"}],"replies":[{"embeddable":true,"href":"http:\/\/astehshop.com\/index.php\/wp-json\/wp\/v2\/comments?post=5767"}],"wp:featuredmedia":[{"embeddable":true,"href":"http:\/\/astehshop.com\/index.php\/wp-json\/wp\/v2\/media\/5768"}],"wp:attachment":[{"href":"http:\/\/astehshop.com\/index.php\/wp-json\/wp\/v2\/media?parent=5767"}],"wp:term":[{"taxonomy":"product_cat","embeddable":true,"href":"http:\/\/astehshop.com\/index.php\/wp-json\/wp\/v2\/product_cat?post=5767"},{"taxonomy":"product_tag","embeddable":true,"href":"http:\/\/astehshop.com\/index.php\/wp-json\/wp\/v2\/product_tag?post=5767"}],"curies":[{"name":"wp","href":"https:\/\/api.w.org\/{rel}","templated":true}]}}