{"id":5722,"date":"2022-01-05T19:07:46","date_gmt":"2022-01-05T18:07:46","guid":{"rendered":"http:\/\/astehshop.com\/?post_type=product&#038;p=5722"},"modified":"2023-09-24T11:12:16","modified_gmt":"2023-09-24T09:12:16","slug":"analogna-2-5mp-4in1-ahd-kamera-ir-25m-2-8mm-ip67-longse-lbh30htc200feh","status":"publish","type":"product","link":"http:\/\/astehshop.com\/index.php\/product\/analogna-2-5mp-4in1-ahd-kamera-ir-25m-2-8mm-ip67-longse-lbh30htc200feh\/","title":{"rendered":"Analogna 2\/5MP 4in1 AHD Kamera IR 25m 2.8mm IP67 Longse LBH30HTC200FEH"},"content":{"rendered":"<p><i>2M\/5M Lite 4IN1 HD Bullet IR 25m<\/i><\/p>\n<ul>\n<li>\u2022\u00a01\/3&#8243;CMOS Sensor<\/li>\n<li>\u2022\u00a0AHD\/CVI\/TVI\/CVBS 4 IN 1<\/li>\n<li>\u2022\u00a03.6mm Fixed Lens<\/li>\n<li>\u2022\u00a0IR Distance max 25m<\/li>\n<li>\u2022\u00a0IP67 outdoor, OSD&amp;UTC support<\/li>\n<\/ul>\n","protected":false},"excerpt":{"rendered":"<p><i>2M\/5M Lite 4IN1 HD Bullet IR 25m<\/i><\/p>\n<ul>\n<li>\u2022\u00a01\/3&#8243;CMOS Sensor<\/li>\n<li>\u2022\u00a0AHD\/CVI\/TVI\/CVBS 4 IN 1<\/li>\n<li>\u2022\u00a03.6mm Fixed Lens<\/li>\n<li>\u2022\u00a0IR Distance max 25m<\/li>\n<li>\u2022\u00a0IP67 outdoor, OSD&amp;UTC support<\/li>\n<\/ul>\n","protected":false},"featured_media":5723,"comment_status":"open","ping_status":"closed","template":"","meta":{"_mi_skip_tracking":false,"_exactmetrics_sitenote_active":false,"_exactmetrics_sitenote_note":"","_exactmetrics_sitenote_category":0,"spay_email":""},"product_cat":[132],"product_tag":[942,2251,1042,2223,3555],"brands":[{"id":2220,"name":"Longse","slug":"longse"}],"df_price":89,"df_sale_price":"","df_regular_price":89,"df_image_link":"https:\/\/i2.wp.com\/astehshop.com\/wp-content\/uploads\/2022\/01\/LBH30HTC200FEH.jpg?fit=450%2C328","jetpack_publicize_connections":[],"jetpack_sharing_enabled":true,"jetpack_likes_enabled":true,"jetpack-related-posts":[{"id":5728,"url":"http:\/\/astehshop.com\/index.php\/product\/longse-analogna-kamera-lbf30htc200esh-starlight-2-5-mp\/","url_meta":{"origin":5722,"position":0},"title":"Longse Analogna kamera LBF30HTC200ESH StarLight 2\/5 MP","date":"5. sije\u010dnja 2022.","format":false,"excerpt":"LBF30HTC200ESH 2M\/5M Lite 4IN1 HD Bullet IR 25m \u2022\u00a01\/2.8\"SONY Starvis Back-illuminated CMOS sensor \u2022\u00a0AHD\/CVI\/TVI\/CVBS 4 IN 1 \u2022\u00a03.6mm Fixed Lens \u2022\u00a0IR Distance max 25m \u2022\u00a0IP67 outdoor, OSD&UTC support","rel":"","context":"Srodne objave","img":{"alt_text":"","src":"https:\/\/i2.wp.com\/astehshop.com\/wp-content\/uploads\/2022\/01\/LBF30HTC200ESH.jpg?fit=480%2C350&resize=350%2C200","width":350,"height":200},"classes":[]},{"id":6286,"url":"http:\/\/astehshop.com\/index.php\/product\/longse-dome-kamera-2-mp-5-mp-lite\/","url_meta":{"origin":5722,"position":1},"title":"Longse Dome kamera 2 MP \/ 5 MP lite","date":"23. travnja 2022.","format":false,"excerpt":"2M\/5M Lite 4IN1 HD Dome IR 25m \u2022\u00a01\/3\"CMOS Sensor \u2022\u00a0AHD\/CVI\/TVI\/CVBS 4 IN 1 \u2022\u00a03.6mm Fixed Lens \u2022\u00a0IR Distance Max. 25m \u2022\u00a0IP65 Outdoor, OSD&UTC Support","rel":"","context":"Srodne objave","img":{"alt_text":"","src":"https:\/\/i1.wp.com\/astehshop.com\/wp-content\/uploads\/2022\/04\/CMSDHTC200FEH.jpg?fit=960%2C700&resize=350%2C200","width":350,"height":200},"classes":[]},{"id":5724,"url":"http:\/\/astehshop.com\/index.php\/product\/longse-full-color-kamera-bmschtc200fehw-2-5-mp\/","url_meta":{"origin":5722,"position":2},"title":"Longse Full Color kamera BMSCHTC200FEHW 2 \/ 5 MP","date":"5. sije\u010dnja 2022.","format":false,"excerpt":"BMSCHTC200FEHW 2M\/5M Lite Warm Light Full Color \u2022\u00a01\/3\"CMOS Sensor \u2022\u00a0AHD\/CVI\/TVI\/CVBS 4 IN 1 \u2022\u00a03.6mm Fixed Lens \u2022\u00a0Suport Warm white (4000K)\uff0cup to 25m \u2022\u00a0IP67 Outdoor, OSD&UTC Support","rel":"","context":"Srodne objave","img":{"alt_text":"","src":"https:\/\/i0.wp.com\/astehshop.com\/wp-content\/uploads\/2022\/01\/BMSCHTC200FEHW.jpg?fit=480%2C350&resize=350%2C200","width":350,"height":200},"classes":[]},{"id":4092,"url":"http:\/\/astehshop.com\/index.php\/product\/longse-2-mp-5-mp-bullet-kamera-lbh30htc200feh\/","url_meta":{"origin":5722,"position":3},"title":"Longse 2 MP \/ 5 MP bullet kamera LBH30HTC200FEH","date":"22. velja\u010de 2020.","format":false,"excerpt":"2MP 4IN1 HD bullet IR 25m \u2022 CMOS senzor 1\/3 \", 2M (zadano) \/ 5M izlaz, \u2022 AHD \/ CVI \/ TVI \/ CVBS 4 U 1 \u2022 Fiksni objektiv od 2,8 mm \u2022 IR Udaljenost maks. 25m \u2022 Unutarnja upotreba, OSD i UTC podr\u0161ka \u2022 Sa IR-CUT, slabom osvetljeno\u0161\u0107u,\u2026","rel":"","context":"Srodne objave","img":{"alt_text":"","src":"https:\/\/i2.wp.com\/astehshop.com\/wp-content\/uploads\/2020\/02\/LBH30HTC200FEH.png?fit=515%2C465&resize=350%2C200","width":350,"height":200},"classes":[]},{"id":4075,"url":"http:\/\/astehshop.com\/index.php\/product\/longse-kamera-2-mp-5-mp-dome-lirdbahtc200feh\/","url_meta":{"origin":5722,"position":4},"title":"Longse kamera 2 MP \/ 5 MP dome LIRDBAHTC200FEH","date":"22. velja\u010de 2020.","format":false,"excerpt":"LIRDBAHTC200FEH 2MP 4IN1 HD metak IR 25m \u2022 CMOS senzor 1\/3 \", 2M (zadano) \/ 5M izlaz, \u2022 AHD \/ CVI \/ TVI \/ CVBS 4 U 1 \u2022 Fiksni objektiv od 2,8 mm \u2022 IR Udaljenost maks. 25m \u2022 Unutarnja upotreba, OSD i UTC podr\u0161ka \u2022 Sa IR-CUT, slabom\u2026","rel":"","context":"Srodne objave","img":{"alt_text":"","src":"https:\/\/i0.wp.com\/astehshop.com\/wp-content\/uploads\/2020\/02\/LIRDBAHTC200FEH.png?fit=536%2C505&resize=350%2C200","width":350,"height":200},"classes":[]},{"id":8800,"url":"http:\/\/astehshop.com\/index.php\/product\/vlasic-2-5mp-4in1-ahd-kamera-ir-25m-3-6mm-ip67\/","url_meta":{"origin":5722,"position":5},"title":"Longse 2\/5MP 4in1 AHD Kamera IR 25m 3.6mm IP67","date":"10. sije\u010dnja 2024.","format":false,"excerpt":"Model: BMSAHTC200FEH-3 Ovaj model kamere mo\u017ee raditi u kombinaciji i sa ostalim proizvo\u0111a\u010dima snima\u010da. Kamera posjeduje OSD Menu, tako da se mo\u017ee prebaciti na \u017eeljeni mod kao npr. AHD, CVI, TVI ili CVBS. Rezolucija same kamere ovisi od snima\u010da, u koliko snima\u010d podr\u017eava kamere od 5 megapixela u samim postavkama\u2026","rel":"","context":"Srodne objave","img":{"alt_text":"","src":"https:\/\/i1.wp.com\/astehshop.com\/wp-content\/uploads\/2024\/01\/BMSAHTC200FEH-3.jpg?fit=960%2C700&resize=350%2C200","width":350,"height":200},"classes":[]}],"_links":{"self":[{"href":"http:\/\/astehshop.com\/index.php\/wp-json\/wp\/v2\/product\/5722"}],"collection":[{"href":"http:\/\/astehshop.com\/index.php\/wp-json\/wp\/v2\/product"}],"about":[{"href":"http:\/\/astehshop.com\/index.php\/wp-json\/wp\/v2\/types\/product"}],"replies":[{"embeddable":true,"href":"http:\/\/astehshop.com\/index.php\/wp-json\/wp\/v2\/comments?post=5722"}],"wp:featuredmedia":[{"embeddable":true,"href":"http:\/\/astehshop.com\/index.php\/wp-json\/wp\/v2\/media\/5723"}],"wp:attachment":[{"href":"http:\/\/astehshop.com\/index.php\/wp-json\/wp\/v2\/media?parent=5722"}],"wp:term":[{"taxonomy":"product_cat","embeddable":true,"href":"http:\/\/astehshop.com\/index.php\/wp-json\/wp\/v2\/product_cat?post=5722"},{"taxonomy":"product_tag","embeddable":true,"href":"http:\/\/astehshop.com\/index.php\/wp-json\/wp\/v2\/product_tag?post=5722"}],"curies":[{"name":"wp","href":"https:\/\/api.w.org\/{rel}","templated":true}]}}