{"id":5660,"date":"2021-12-01T19:47:04","date_gmt":"2021-12-01T18:47:04","guid":{"rendered":"http:\/\/astehshop.com\/?post_type=product&#038;p=5660"},"modified":"2023-09-24T11:11:32","modified_gmt":"2023-09-24T09:11:32","slug":"analogna-dome-kamera-amiko-5-mpx-d20m530-ahd","status":"publish","type":"product","link":"http:\/\/astehshop.com\/index.php\/product\/analogna-dome-kamera-amiko-5-mpx-d20m530-ahd\/","title":{"rendered":"Analogna dome kamera Amiko 5 MPX D20M530-AHD"},"content":{"rendered":"<p>Analogna kamera za video nadzor, 4 in 1, podr\u017eava tehnologiju Analog, AHD, TVI, CVI, 1 \/ 2.5&#8243; 5.0 Mpixel, 2.8 mm lens, 18 x 14\u00b5 LED, domet 20 metara, IR, OnVif 2.4 standard, metalno ku\u0107i\u0161te, IP66, dimenzije: \u00d8 89 x 76 mm, radna temperatura -10\u2103 ~ +60 \u2103, napajanje 12 V DC\u00b110%, 550 mA<\/p>\n","protected":false},"excerpt":{"rendered":"<p>Analogna kamera za video nadzor, 4 in 1, podr\u017eava tehnologiju Analog, AHD, TVI, CVI, 1 \/ 2.5&#8243; 5.0 Mpixel, 2.8 mm lens, 18 x 14\u00b5 LED, domet 20 metara, IR, OnVif 2.4 standard, metalno ku\u0107i\u0161te, IP66, dimenzije: \u00d8 89 x 76 mm, radna temperatura -10\u2103 ~ +60 \u2103, napajanje 12 V DC\u00b110%, 550 mA<\/p>\n","protected":false},"featured_media":5661,"comment_status":"open","ping_status":"closed","template":"","meta":{"_mi_skip_tracking":false,"_exactmetrics_sitenote_active":false,"_exactmetrics_sitenote_note":"","_exactmetrics_sitenote_category":0,"spay_email":""},"product_cat":[131],"product_tag":[3466,3465],"brands":[{"id":3450,"name":"amiko","slug":"amiko"}],"df_price":119,"df_sale_price":"","df_regular_price":119,"df_image_link":"https:\/\/i0.wp.com\/astehshop.com\/wp-content\/uploads\/2021\/12\/D20M530-AHD.png?fit=450%2C450","jetpack_publicize_connections":[],"jetpack_sharing_enabled":true,"jetpack_likes_enabled":true,"jetpack-related-posts":[{"id":5662,"url":"http:\/\/astehshop.com\/index.php\/product\/analogna-dome-kamera-8-mpx-amiko-d20m830-ahd\/","url_meta":{"origin":5660,"position":0},"title":"Analogna dome kamera 8 MPX amiko D20M830-AHD","date":"1. prosinca 2021.","format":false,"excerpt":"Analogna kamera za video nadzor, 4 in 1, podr\u017eava tehnologiju Analog, AHD, TVI, CVI, 5.0 Mpixel, HD Lens 1\/1.8\", OmniVision CMOS sensor, 2.8 mm lens, 18 x 14\u00b5 LED, domet 20 metara, IR, OnVif 2.4 standard, metalno ku\u0107i\u0161te, IP66, dimenzije: \u00d8 89 x 76 mm, radna temperatura -10\u2103 ~ +60\u2026","rel":"","context":"Srodne objave","img":{"alt_text":"","src":"https:\/\/i0.wp.com\/astehshop.com\/wp-content\/uploads\/2021\/12\/D20M530-AHD.png?fit=1200%2C1200&resize=350%2C200","width":350,"height":200},"classes":[]},{"id":5663,"url":"http:\/\/astehshop.com\/index.php\/product\/analogna-dome-kamera-5-mpx-red-line-dc-553s\/","url_meta":{"origin":5660,"position":1},"title":"Analogna dome kamera 5 MPX red line DC-553S","date":"1. prosinca 2021.","format":false,"excerpt":"Analogna kamera za video nadzor, 5in1,podr\u017eava tehnologiju AHD \/ TVI \/ CVI \/ CVBS, 5 Mpixel, 1\/2.5\" CMOS, 3,6 mm lens Starlight, IR no\u0107ni domet 30met., Infrared LED 36 dioda, H.264\/MJPEG, 2704 x 1950@20pfs., metalno ku\u0107i\u0161te, DC 12 V","rel":"","context":"Srodne objave","img":{"alt_text":"","src":"https:\/\/i2.wp.com\/astehshop.com\/wp-content\/uploads\/2021\/12\/DC-553S.png?fit=1200%2C1200&resize=350%2C200","width":350,"height":200},"classes":[]},{"id":5652,"url":"http:\/\/astehshop.com\/index.php\/product\/amiko-dome-kamera-d20m530-mf-poe\/","url_meta":{"origin":5660,"position":2},"title":"Amiko dome kamera D20M530 MF POE","date":"30. studenoga 2021.","format":false,"excerpt":"IP kamera 5 megapixel, 1\/2.8\" SONY Starvis CMOS senzor, Lens 2.8 - 12 mm, manual fokus, domet 20 metara, IR LED 24 x 14\u00b5, OnVif 2.4 standard, H.264\/H.264+\/H.265\/H.265+\/JPEG\/AVI\/MJPEG, Ethernet 10\/100M ( RJ-45 ), utor za SD memorijsku karticu ( max. 512 GB ), dimenzije \u00d8 119 x 98 mm, napajanje\u2026","rel":"","context":"Srodne objave","img":{"alt_text":"","src":"https:\/\/i0.wp.com\/astehshop.com\/wp-content\/uploads\/2021\/11\/D20M530-MF-POE.png?fit=1200%2C1200&resize=350%2C200","width":350,"height":200},"classes":[]},{"id":5666,"url":"http:\/\/astehshop.com\/index.php\/product\/dome-kamera-2-mpx-red-line-dc-2sc28\/","url_meta":{"origin":5660,"position":3},"title":"Dome kamera 2 mpx red line DC-2SC28","date":"1. prosinca 2021.","format":false,"excerpt":"Analogna kamera 2 MPixel, 1\/3\" CMOS, Lens 2.8 mm, 5u1 AHD\/TVI\/CVI\/XVR\/CVBS, 1920 x 1080, IR no\u0107ni domet 30 met., Infrared LED 36 dioda, H.264 \/ MJPEG, plasti\u010dno ku\u0107i\u0161te, napajanje DC 12 V","rel":"","context":"Srodne objave","img":{"alt_text":"","src":"https:\/\/i0.wp.com\/astehshop.com\/wp-content\/uploads\/2021\/12\/DC-2SC28.png?fit=1200%2C1200&resize=350%2C200","width":350,"height":200},"classes":[]},{"id":5669,"url":"http:\/\/astehshop.com\/index.php\/product\/bullet-kamera-5-mpx-wp-5sc36-red-line\/","url_meta":{"origin":5660,"position":4},"title":"Bullet kamera 5 MPX WP-5SC36 red line","date":"1. prosinca 2021.","format":false,"excerpt":"Vanjska analogna kamera 5 MPixel, 1\/2.5\" CMOS, Lens 3.6mm, 5u1 AHD\/TVI\/CVI\/XVR\/CVBS, 2704 x 1950, IR no\u0107ni domet 30 met., Infrared LED 36 dioda, H.264 \/ MJPEG, metalno ku\u0107i\u0161te, napajanje DC 12 V","rel":"","context":"Srodne objave","img":{"alt_text":"","src":"https:\/\/i2.wp.com\/astehshop.com\/wp-content\/uploads\/2021\/12\/WP-5SC36.png?fit=1200%2C1200&resize=350%2C200","width":350,"height":200},"classes":[]},{"id":5671,"url":"http:\/\/astehshop.com\/index.php\/product\/dome-kamera-5-mpx-dc-5sc36\/","url_meta":{"origin":5660,"position":5},"title":"Dome kamera 5 MPX DC-5SC36","date":"1. prosinca 2021.","format":false,"excerpt":"Analogna kamera 5 MPixel, 1\/2.5\" CMOS, Lens 3.6 mm, 5u1 AHD\/TVI\/CVI\/CVBS, 2704 x 1950, IR no\u0107ni domet 30 met., Infrared LED 36 dioda, H.264 \/ MJPEG, plasti\u010dno ku\u0107i\u0161te, napajanje DC 12 V","rel":"","context":"Srodne objave","img":{"alt_text":"","src":"https:\/\/i2.wp.com\/astehshop.com\/wp-content\/uploads\/2021\/12\/DC-5SC36.png?fit=1200%2C1200&resize=350%2C200","width":350,"height":200},"classes":[]}],"_links":{"self":[{"href":"http:\/\/astehshop.com\/index.php\/wp-json\/wp\/v2\/product\/5660"}],"collection":[{"href":"http:\/\/astehshop.com\/index.php\/wp-json\/wp\/v2\/product"}],"about":[{"href":"http:\/\/astehshop.com\/index.php\/wp-json\/wp\/v2\/types\/product"}],"replies":[{"embeddable":true,"href":"http:\/\/astehshop.com\/index.php\/wp-json\/wp\/v2\/comments?post=5660"}],"wp:featuredmedia":[{"embeddable":true,"href":"http:\/\/astehshop.com\/index.php\/wp-json\/wp\/v2\/media\/5661"}],"wp:attachment":[{"href":"http:\/\/astehshop.com\/index.php\/wp-json\/wp\/v2\/media?parent=5660"}],"wp:term":[{"taxonomy":"product_cat","embeddable":true,"href":"http:\/\/astehshop.com\/index.php\/wp-json\/wp\/v2\/product_cat?post=5660"},{"taxonomy":"product_tag","embeddable":true,"href":"http:\/\/astehshop.com\/index.php\/wp-json\/wp\/v2\/product_tag?post=5660"}],"curies":[{"name":"wp","href":"https:\/\/api.w.org\/{rel}","templated":true}]}}