{"id":5659,"date":"2021-12-01T19:41:25","date_gmt":"2021-12-01T18:41:25","guid":{"rendered":"http:\/\/astehshop.com\/?post_type=product&#038;p=5659"},"modified":"2023-09-24T11:11:32","modified_gmt":"2023-09-24T09:11:32","slug":"nvr-ip-snimac-8-kanala-rn-9008","status":"publish","type":"product","link":"http:\/\/astehshop.com\/index.php\/product\/nvr-ip-snimac-8-kanala-rn-9008\/","title":{"rendered":"NVR IP snima\u010d 8 kanala RN-9008"},"content":{"rendered":"<p>NVR IP snima\u010d 8 kanalni ( 8 PoE ),Ultra 265\/H.265\/H.264, video \/ audio izaz: HDMI: 3840&#215;2160\/30Hz , 1920&#215;1080\/60Hz, 1920&#215;1080\/50Hz, 1600&#215;1200\/60Hz, 1280&#215;1024\/60Hz, 1280&#215;720\/60Hz, 1024&#215;768\/60Hz<br \/>\nVGA: 1920&#215;1080\/60Hz, 1920&#215;1080\/50Hz, 1600&#215;1200\/60Hz, 1280&#215;1024\/60Hz, 1280&#215;720\/60Hz, 1024&#215;768\/60Hz<br \/>\nRezolucija snimanja: 8MP\/5MP\/4MP\/3MP\/1080P\/960P\/720P\/960H\/D1\/2CIF\/CIF,<br \/>\n1 x SATA za HDD ( do 6TB ), 1 x LAN 10\/100 port, 2 x USB2.0, napajanje 48 V DC<\/p>\n","protected":false},"excerpt":{"rendered":"<p>NVR IP snima\u010d 8 kanalni ( 8 PoE ),Ultra 265\/H.265\/H.264, video \/ audio izaz: HDMI: 3840&#215;2160\/30Hz , 1920&#215;1080\/60Hz, 1920&#215;1080\/50Hz, 1600&#215;1200\/60Hz, 1280&#215;1024\/60Hz, 1280&#215;720\/60Hz, 1024&#215;768\/60Hz<br \/>\nVGA: 1920&#215;1080\/60Hz, 1920&#215;1080\/50Hz, 1600&#215;1200\/60Hz, 1280&#215;1024\/60Hz, 1280&#215;720\/60Hz, 1024&#215;768\/60Hz<br \/>\nRezolucija snimanja: 8MP\/5MP\/4MP\/3MP\/1080P\/960P\/720P\/960H\/D1\/2CIF\/CIF,<br \/>\n1 x SATA za HDD ( do 6TB ), 1 x LAN 10\/100 port, 2 x USB2.0, napajanje 48 V DC<\/p>\n","protected":false},"featured_media":5657,"comment_status":"open","ping_status":"closed","template":"","meta":{"_mi_skip_tracking":false,"_exactmetrics_sitenote_active":false,"_exactmetrics_sitenote_note":"","_exactmetrics_sitenote_category":0,"spay_email":""},"product_cat":[1558],"product_tag":[3462,3463,3464],"brands":[{"id":3458,"name":"red line","slug":"red-line"}],"df_price":259,"df_sale_price":"","df_regular_price":259,"df_image_link":"https:\/\/i0.wp.com\/astehshop.com\/wp-content\/uploads\/2021\/12\/RN-9004.png?fit=450%2C450","jetpack_publicize_connections":[],"jetpack_sharing_enabled":true,"jetpack_likes_enabled":true,"jetpack-related-posts":[{"id":5656,"url":"http:\/\/astehshop.com\/index.php\/product\/nvr-ip-snimac-4-kanala-rn-9004-poe-4-porta\/","url_meta":{"origin":5659,"position":0},"title":"NVR IP snima\u010d 4 kanala RN-9004 POE 4 porta","date":"1. prosinca 2021.","format":false,"excerpt":"NVR IP snima\u010d 4 kanalni ( 4 PoE ),Ultra 265\/H.265\/H.264, video \/ audio izaz: HDMI: 3840x2160\/30Hz , 1920x1080\/60Hz, 1920x1080\/50Hz, 1600x1200\/60Hz, 1280x1024\/60Hz, 1280x720\/60Hz, 1024x768\/60Hz VGA: 1920x1080\/60Hz, 1920x1080\/50Hz, 1600x1200\/60Hz, 1280x1024\/60Hz, 1280x720\/60Hz, 1024x768\/60Hz Rezolucija snimanja: 8MP\/5MP\/4MP\/3MP\/1080P\/960P\/720P\/960H\/D1\/2CIF\/CIF, 1 x SATA za HDD ( do 6TB ), 1 x LAN 10\/100 port, 2 x USB2.0,\u2026","rel":"","context":"Srodne objave","img":{"alt_text":"","src":"https:\/\/i0.wp.com\/astehshop.com\/wp-content\/uploads\/2021\/12\/RN-9004.png?fit=1200%2C1200&resize=350%2C200","width":350,"height":200},"classes":[]},{"id":3902,"url":"http:\/\/astehshop.com\/index.php\/product\/mrezni-nvr-hikvision-ds-7716ni-k4-za-kamere-do-8-mp\/","url_meta":{"origin":5659,"position":1},"title":"Mre\u017eni NVR HikVision DS-7716NI-K4 za kamere do 8 MP","date":"16. velja\u010de 2020.","format":false,"excerpt":"Artikl: DIGITALNI VIDEO SNIMA\u010c\u00a0DS-7716NI-K4 Karakteristike: \u2022 IP video ulaz: 16-ch \u2022 podr\u017eava kamere do 8MP \u2022 ANR tehnologija \u2022 VCA doga\u0111aji, Alarm ulaz\/izlaz \u2022 4 SATA su\u010delja do 6 TB za svaki pojedini HDD Bandwith snimanja: 160Mbps Dvosmjerni audio ulaz: 1-ch RCA (2.0Vp-p, 1k\u03a9) Video kompresija: H.265\/H.264\/H.264+ Rezolucija snimanja playbacka:\u00a08\u2026","rel":"","context":"Srodne objave","img":{"alt_text":"","src":"https:\/\/i0.wp.com\/astehshop.com\/wp-content\/uploads\/2020\/02\/DS-7716NI-K4.jpg?fit=1074%2C830&resize=350%2C200","width":350,"height":200},"classes":[]},{"id":3908,"url":"http:\/\/astehshop.com\/index.php\/product\/hikvision-mrezni-snimac-nvr-ds-7732ni-i4\/","url_meta":{"origin":5659,"position":2},"title":"HikVision mre\u017eni snima\u010d NVR DS-7732NI-I4","date":"16. velja\u010de 2020.","format":false,"excerpt":"Artikl: DIGITALNI VIDEO SNIMA\u010c\u00a0DS-7732NI-I4 Karakteristike: \u2022 IP video ulaz: 32-ch \u2022 podr\u017eava kamere do 12MP \u2022 ANR tehnologija \u2022 VCA doga\u0111aji, Alarm ulaz\/izlaz \u2022 4 SATA su\u010delja do 8 TB za svaki pojedini HDD Bandwith snimanja: 256Mbps Dvosmjerni audio ulaz: 1-ch RCA (2.0Vp-p, 1k\u03a9) Video kompresija: H.265\/H.264\/H.264+ Rezolucija snimanja playbacka:\u2026","rel":"","context":"Srodne objave","img":{"alt_text":"","src":"https:\/\/i0.wp.com\/astehshop.com\/wp-content\/uploads\/2020\/02\/DS-7716NI-K4.jpg?fit=1074%2C830&resize=350%2C200","width":350,"height":200},"classes":[]},{"id":3900,"url":"http:\/\/astehshop.com\/index.php\/product\/32-kanalni-mrezni-snimac-ds-7632ni-i2-hikvision\/","url_meta":{"origin":5659,"position":3},"title":"32 kanalni mre\u017eni snima\u010d DS-7632NI-I2 HikVision","date":"16. velja\u010de 2020.","format":false,"excerpt":"Karakteristike: \u2022 IP video ulaz: 32-ch \u2022 podr\u017eava kamere do 12MP \u2022 ANR tehnologija \u2022 VCA doga\u0111aji, Alarm ulaz\/izlaz \u2022 2 SATA su\u010delja do 8 TB za svaki pojedini HDD Bandwith snimanja: 256Mbps Dvosmjerni audio ulaz: 1-ch RCA (2.0Vp-p, 1k\u03a9) Video kompresija: H.265\/H.264\/H.264+ Rezolucija snimanja playbacka: 12 MP\/8 MP\/6 MP\/5\u2026","rel":"","context":"Srodne objave","img":{"alt_text":"","src":"https:\/\/i1.wp.com\/astehshop.com\/wp-content\/uploads\/2020\/02\/DS-7608NI-I2.jpg?fit=1004%2C982&resize=350%2C200","width":350,"height":200},"classes":[]},{"id":3898,"url":"http:\/\/astehshop.com\/index.php\/product\/mrezni-16-kanalni-hikvision-nvr-ds-7616ni-i2-za-kamere-do-12-mpx\/","url_meta":{"origin":5659,"position":4},"title":"Mre\u017eni 16 kanalni HikVision NVR DS-7616NXI-I2 za kamere do 12 MPX","date":"16. velja\u010de 2020.","format":false,"excerpt":"Karakteristike: \u2022 IP video ulaz: 16-ch \u2022 podr\u017eava kamere do 12MP \u2022 ANR tehnologija \u2022 VCA doga\u0111aji, Alarm ulaz\/izlaz \u2022 2 SATA su\u010delja do 8 TB za svaki pojedini HDD Bandwith snimanja: 160Mbps Dvosmjerni audio ulaz: 1-ch RCA (2.0Vp-p, 1k\u03a9) Video kompresija: H.265\/H.264\/H.264+ Rezolucija snimanja playbacka: 12 MP\/8 MP\/6 MP\/5\u2026","rel":"","context":"Srodne objave","img":{"alt_text":"","src":"https:\/\/i1.wp.com\/astehshop.com\/wp-content\/uploads\/2020\/02\/DS-7608NI-I2.jpg?fit=1004%2C982&resize=350%2C200","width":350,"height":200},"classes":[]},{"id":4684,"url":"http:\/\/astehshop.com\/index.php\/product\/ip-snimac-25ch-h-265-h-264-120mb-4k-nvr3625db\/","url_meta":{"origin":5659,"position":5},"title":"IP Snima\u010d 25CH H.265\/H.264 120MB 4K NVR3625DB","date":"20. rujna 2020.","format":false,"excerpt":"NVR3625DB 25CH H.265 NVR 3000P 4K 120Mb \u2022 ARM Cortex A7 Processor \u2022 IP Camera Input: 25CH Resolution:4K (3840 \u00d7 2160)\/30Hz, 1920 \u00d7 1080\/60Hz, 1280 \u00d7 1024\/60Hz, 1280 \u00d7 720\/60Hz, 1024 \u00d7 768\/60Hz \u2022 HD Output\/VGA Output: 4K (3840\u00d72160) \/ 1920\u00d71080\/1280\u00d71024\/1280\u00d7720 \u2022 Third-party Network Cameras Supported \u2022 Recording Resolution: 4K\/5M\/4M\/3M\/1080P\/960P\/720p,\u2026","rel":"","context":"Srodne objave","img":{"alt_text":"","src":"https:\/\/i2.wp.com\/astehshop.com\/wp-content\/uploads\/2020\/09\/NVR3608DP.jpg?fit=480%2C350&resize=350%2C200","width":350,"height":200},"classes":[]}],"_links":{"self":[{"href":"http:\/\/astehshop.com\/index.php\/wp-json\/wp\/v2\/product\/5659"}],"collection":[{"href":"http:\/\/astehshop.com\/index.php\/wp-json\/wp\/v2\/product"}],"about":[{"href":"http:\/\/astehshop.com\/index.php\/wp-json\/wp\/v2\/types\/product"}],"replies":[{"embeddable":true,"href":"http:\/\/astehshop.com\/index.php\/wp-json\/wp\/v2\/comments?post=5659"}],"wp:featuredmedia":[{"embeddable":true,"href":"http:\/\/astehshop.com\/index.php\/wp-json\/wp\/v2\/media\/5657"}],"wp:attachment":[{"href":"http:\/\/astehshop.com\/index.php\/wp-json\/wp\/v2\/media?parent=5659"}],"wp:term":[{"taxonomy":"product_cat","embeddable":true,"href":"http:\/\/astehshop.com\/index.php\/wp-json\/wp\/v2\/product_cat?post=5659"},{"taxonomy":"product_tag","embeddable":true,"href":"http:\/\/astehshop.com\/index.php\/wp-json\/wp\/v2\/product_tag?post=5659"}],"curies":[{"name":"wp","href":"https:\/\/api.w.org\/{rel}","templated":true}]}}