{"id":5654,"date":"2021-12-01T19:37:13","date_gmt":"2021-12-01T18:37:13","guid":{"rendered":"http:\/\/astehshop.com\/?post_type=product&#038;p=5654"},"modified":"2021-12-01T19:37:14","modified_gmt":"2021-12-01T18:37:14","slug":"amiko-wifi-kamera-d30m500-5-mpx","status":"publish","type":"product","link":"http:\/\/astehshop.com\/index.php\/product\/amiko-wifi-kamera-d30m500-5-mpx\/","title":{"rendered":"Amiko WIFI kamera D30M500 5 MPX"},"content":{"rendered":"<p>IP kamera 5 MPixel, 1\/2.5&#8243; Fulhan CMOS, Lens 3.6 mm, IR domet 30 met., Infrared LED 24 x 14\u00b5, kut gledanja 68\u00b0, IP66, ONVIF protokol verzija 2.4, H.265 \/ H.264 \/H.265+ \/ H.264+ \/ JPEG \/ MJPEG, WiFi 2.4 GHz 802.11 b\/g\/n, 3dB antena, domet do 300 met., Ethernet 10\/100M ( RJ-45 ), podr\u0161ka za externi mikrofon, PoE, napajanje 12 V \/ 1100 mA, radna temperatura -20 \u00b0C &#8211; 60 \u00b0C, dimenzije \u00d8 120 x 104 mm<\/p>\n<p>Kutija za spajanje: Junction 320, Deep base 170<\/p>\n","protected":false},"excerpt":{"rendered":"<p>IP kamera 5 MPixel, 1\/2.5&#8243; Fulhan CMOS, Lens 3.6 mm, IR domet 30 met., Infrared LED 24 x 14\u00b5, kut gledanja 68\u00b0, IP66, ONVIF protokol verzija 2.4, H.265 \/ H.264 \/H.265+ \/ H.264+ \/ JPEG \/ MJPEG, WiFi 2.4 GHz 802.11 b\/g\/n, 3dB antena, domet do 300 met., Ethernet 10\/100M ( RJ-45 ), podr\u0161ka za externi mikrofon, PoE, napajanje 12 V \/ 1100 mA, radna temperatura -20 \u00b0C &#8211; 60 \u00b0C, dimenzije \u00d8 120 x 104 mm<\/p>\n<p>Kutija za spajanje: Junction 320, Deep base 170<\/p>\n","protected":false},"featured_media":5655,"comment_status":"open","ping_status":"closed","template":"","meta":{"_mi_skip_tracking":false,"_exactmetrics_sitenote_active":false,"_exactmetrics_sitenote_note":"","_exactmetrics_sitenote_category":0,"spay_email":""},"product_cat":[135],"product_tag":[2230,3457,3453,3456,3455],"brands":[{"id":3450,"name":"amiko","slug":"amiko"}],"df_price":229,"df_sale_price":"","df_regular_price":229,"df_image_link":"https:\/\/i1.wp.com\/astehshop.com\/wp-content\/uploads\/2021\/12\/D30M500-WIFI.png?fit=450%2C450","jetpack_publicize_connections":[],"jetpack_sharing_enabled":true,"jetpack_likes_enabled":true,"jetpack-related-posts":[{"id":5652,"url":"http:\/\/astehshop.com\/index.php\/product\/amiko-dome-kamera-d20m530-mf-poe\/","url_meta":{"origin":5654,"position":0},"title":"Amiko dome kamera D20M530 MF POE","date":"30. studenoga 2021.","format":false,"excerpt":"IP kamera 5 megapixel, 1\/2.8\" SONY Starvis CMOS senzor, Lens 2.8 - 12 mm, manual fokus, domet 20 metara, IR LED 24 x 14\u00b5, OnVif 2.4 standard, H.264\/H.264+\/H.265\/H.265+\/JPEG\/AVI\/MJPEG, Ethernet 10\/100M ( RJ-45 ), utor za SD memorijsku karticu ( max. 512 GB ), dimenzije \u00d8 119 x 98 mm, napajanje\u2026","rel":"","context":"Srodne objave","img":{"alt_text":"","src":"https:\/\/i0.wp.com\/astehshop.com\/wp-content\/uploads\/2021\/11\/D20M530-MF-POE.png?fit=1200%2C1200&resize=350%2C200","width":350,"height":200},"classes":[]},{"id":3919,"url":"http:\/\/astehshop.com\/index.php\/product\/hikvision-mrezna-ip-kamera-ds-2cd2t43g0-i5-4-mp\/","url_meta":{"origin":5654,"position":1},"title":"HikVision mre\u017ena IP kamera DS-2CD2T43G2-I5 4 MP","date":"16. velja\u010de 2020.","format":false,"excerpt":"1\/3 Progressive Scan CMOS H.265+\/H.265\/H.264+\/H.264\/MJPEG Color: 0.01 lux @(F1.2, AGC ON), 0lux,25fps\/30fps(2560\u00d71440, 1920\u00d71080) 3 VCA functions 3 streams 3D DNR ICR EXIR IR domet 50m DC12V&PoE Utor za SD\/SDHC\/SDXC slot","rel":"","context":"Srodne objave","img":{"alt_text":"","src":"https:\/\/i0.wp.com\/astehshop.com\/wp-content\/uploads\/2020\/02\/DS-2CD2T23G0-I5.jpg?fit=1200%2C1080&resize=350%2C200","width":350,"height":200},"classes":[]},{"id":5671,"url":"http:\/\/astehshop.com\/index.php\/product\/dome-kamera-5-mpx-dc-5sc36\/","url_meta":{"origin":5654,"position":2},"title":"Dome kamera 5 MPX DC-5SC36","date":"1. prosinca 2021.","format":false,"excerpt":"Analogna kamera 5 MPixel, 1\/2.5\" CMOS, Lens 3.6 mm, 5u1 AHD\/TVI\/CVI\/CVBS, 2704 x 1950, IR no\u0107ni domet 30 met., Infrared LED 36 dioda, H.264 \/ MJPEG, plasti\u010dno ku\u0107i\u0161te, napajanje DC 12 V","rel":"","context":"Srodne objave","img":{"alt_text":"","src":"https:\/\/i2.wp.com\/astehshop.com\/wp-content\/uploads\/2021\/12\/DC-5SC36.png?fit=1200%2C1200&resize=350%2C200","width":350,"height":200},"classes":[]},{"id":4118,"url":"http:\/\/astehshop.com\/index.php\/product\/longse-wifi-kamera-2-mp-lbf30s200w\/","url_meta":{"origin":5654,"position":3},"title":"Longse WiFi kamera 2 MP LBF30S200W","date":"22. velja\u010de 2020.","format":false,"excerpt":"LBF30S200W 2MP vanjska IP kamera bullet \u2022 1 \/ 2,9 \"SONY CMOS senzor sa slabim osvetljenjem\u2022 Metoda kompresije H.264 \/ H.264 + \/ H.265 \/ H.265 +\u2022 Sa utorom za SD karticu (Max. 128GB) \u2022 Fiksni objektiv 3,6 mm \u2022 IR udaljenost 30m Max. \u2022 IP66 vanjska metalna futrola U\u2026","rel":"","context":"Srodne objave","img":{"alt_text":"","src":"https:\/\/i2.wp.com\/astehshop.com\/wp-content\/uploads\/2020\/02\/LBF30S200W.jpg?fit=774%2C714&resize=350%2C200","width":350,"height":200},"classes":[]},{"id":4120,"url":"http:\/\/astehshop.com\/index.php\/product\/longse-wifi-kamera-2-mp-lirdqs200w\/","url_meta":{"origin":5654,"position":4},"title":"Longse WiFi kamera 2 MP LIRDQS200W","date":"22. velja\u010de 2020.","format":false,"excerpt":"2MP Vanjski Varifocal Dome Wifi IP Udaljenost 300m Maks. \u2022 1 \/ 2,9 \"SONY CMOS senzor sa slabim osvetljenjem \u2022 Metoda kompresije H.264 \/ H.264 + \/ H.265 \/ H.265 + \u2022 Sa utorom za SD karticu (Max. 128GB) \u2022 Varifokalne le\u0107e od 2,8 do 12 mm \u2022 IR udaljenost\u2026","rel":"","context":"Srodne objave","img":{"alt_text":"","src":"https:\/\/i1.wp.com\/astehshop.com\/wp-content\/uploads\/2020\/02\/LIRDQS200W.jpg?fit=682%2C538&resize=350%2C200","width":350,"height":200},"classes":[]},{"id":9102,"url":"http:\/\/astehshop.com\/index.php\/product\/dahua-ipc-hfw5231ep-z5e-kamera\/","url_meta":{"origin":5654,"position":5},"title":"Dahua IPC-HFW5231EP-Z5E kamera","date":"20. velja\u010de 2024.","format":false,"excerpt":"2MP IR mre\u017ena kamera u bullet ku\u0107i\u0161tu 1\/2.8\u201d STARVIS\u2122 CMOS sa progresivnim skeniranjem. Color: 0.006Lux\/F1.4. Maksimalna rezolucija 1920x1080. Motorizovani varifokal 7-35 mm. Kompresija H.265+\/H.265\/H.264+\/H.264. Nivo za\u0161tite IP67, IK10. 120dB WDR. Domet IR LEDs 100 metara. Slot za microSD karticu do 128GB. Video analitika: Tripwire, intrusion, object abandoned\/missing,face detection.12v napajanje, ePoE.\u2026","rel":"","context":"Srodne objave","img":{"alt_text":"","src":"https:\/\/i0.wp.com\/astehshop.com\/wp-content\/uploads\/2024\/02\/dahua-ipc-hfw5231ep-z5e-kamera_0.png?fit=1200%2C675&resize=350%2C200","width":350,"height":200},"classes":[]}],"_links":{"self":[{"href":"http:\/\/astehshop.com\/index.php\/wp-json\/wp\/v2\/product\/5654"}],"collection":[{"href":"http:\/\/astehshop.com\/index.php\/wp-json\/wp\/v2\/product"}],"about":[{"href":"http:\/\/astehshop.com\/index.php\/wp-json\/wp\/v2\/types\/product"}],"replies":[{"embeddable":true,"href":"http:\/\/astehshop.com\/index.php\/wp-json\/wp\/v2\/comments?post=5654"}],"wp:featuredmedia":[{"embeddable":true,"href":"http:\/\/astehshop.com\/index.php\/wp-json\/wp\/v2\/media\/5655"}],"wp:attachment":[{"href":"http:\/\/astehshop.com\/index.php\/wp-json\/wp\/v2\/media?parent=5654"}],"wp:term":[{"taxonomy":"product_cat","embeddable":true,"href":"http:\/\/astehshop.com\/index.php\/wp-json\/wp\/v2\/product_cat?post=5654"},{"taxonomy":"product_tag","embeddable":true,"href":"http:\/\/astehshop.com\/index.php\/wp-json\/wp\/v2\/product_tag?post=5654"}],"curies":[{"name":"wp","href":"https:\/\/api.w.org\/{rel}","templated":true}]}}