{"id":5652,"date":"2021-11-30T21:51:08","date_gmt":"2021-11-30T20:51:08","guid":{"rendered":"http:\/\/astehshop.com\/?post_type=product&#038;p=5652"},"modified":"2021-11-30T21:51:10","modified_gmt":"2021-11-30T20:51:10","slug":"amiko-dome-kamera-d20m530-mf-poe","status":"publish","type":"product","link":"http:\/\/astehshop.com\/index.php\/product\/amiko-dome-kamera-d20m530-mf-poe\/","title":{"rendered":"Amiko dome kamera D20M530 MF POE"},"content":{"rendered":"<p>IP kamera 5 megapixel, 1\/2.8&#8243; SONY Starvis CMOS senzor, Lens 2.8 &#8211; 12 mm, manual fokus, domet 20 metara, IR LED 24 x 14\u00b5, OnVif 2.4 standard, H.264\/H.264+\/H.265\/H.265+\/JPEG\/AVI\/MJPEG, Ethernet 10\/100M ( RJ-45 ), utor za SD memorijsku karticu ( max. 512 GB ), dimenzije \u00d8 119 x 98 mm, napajanje DC 12 V \/ 950 mA, radna temperatura -20 \u00b0C &#8211; 60 \u00b0C, metalno ku\u0107i\u0161te, IP66, dimenzije \u00d8 94.5 x 72 mm<\/p>\n","protected":false},"excerpt":{"rendered":"<p>IP kamera 5 megapixel, 1\/2.8&#8243; SONY Starvis CMOS senzor, Lens 2.8 &#8211; 12 mm, manual fokus, domet 20 metara, IR LED 24 x 14\u00b5, OnVif 2.4 standard, H.264\/H.264+\/H.265\/H.265+\/JPEG\/AVI\/MJPEG, Ethernet 10\/100M ( RJ-45 ), utor za SD memorijsku karticu ( max. 512 GB ), dimenzije \u00d8 119 x 98 mm, napajanje DC 12 V \/ 950 mA, radna temperatura -20 \u00b0C &#8211; 60 \u00b0C, metalno ku\u0107i\u0161te, IP66, dimenzije \u00d8 94.5 x 72 mm<\/p>\n","protected":false},"featured_media":5653,"comment_status":"open","ping_status":"closed","template":"","meta":{"_mi_skip_tracking":false,"_exactmetrics_sitenote_active":false,"_exactmetrics_sitenote_note":"","_exactmetrics_sitenote_category":0,"spay_email":""},"product_cat":[1037],"product_tag":[3452,3454,3453,1761,3451,468],"brands":[{"id":3450,"name":"amiko","slug":"amiko"}],"df_price":309,"df_sale_price":"","df_regular_price":309,"df_image_link":"https:\/\/i0.wp.com\/astehshop.com\/wp-content\/uploads\/2021\/11\/D20M530-MF-POE.png?fit=450%2C450","jetpack_publicize_connections":[],"jetpack_sharing_enabled":true,"jetpack_likes_enabled":true,"jetpack-related-posts":[{"id":3575,"url":"http:\/\/astehshop.com\/index.php\/product\/kamera-ip-5-mp-b30m500b-poe-al\/","url_meta":{"origin":5652,"position":0},"title":"Kamera IP 5 MP B30M500B PoE AL","date":"31. kolovoza 2019.","format":false,"excerpt":"IP kamera 5 Megapixel, 1\/2.8\" SONY Starvis Starlight senzor, HD lens 2.8 mm, fiksni fokus, domet 30 metara, Infrared LED 42\u00b5 x 2, kut gledanja 77\u00b0, OnVif standard 2.4, slot za SD memorijsku karticu, IP66, PoE, radna temperatura -20 \u00baC ~ +60 \u00baC, napajanje 12V DC \/ 700 mA, dimenzije\u2026","rel":"","context":"Srodne objave","img":{"alt_text":"","src":"https:\/\/i2.wp.com\/astehshop.com\/wp-content\/uploads\/2019\/08\/B30M500B-PoE-AL.png?fit=1200%2C1200&resize=350%2C200","width":350,"height":200},"classes":[]},{"id":4104,"url":"http:\/\/astehshop.com\/index.php\/product\/longse-poe-starlight-kamera-2-8-12mm-lirdntsl200\/","url_meta":{"origin":5652,"position":1},"title":"Longse POE Starlight kamera 2.8 &#8211; 12mm LIRDNTSL200","date":"22. velja\u010de 2020.","format":false,"excerpt":"2MP Vanjska Varifocal Dome IP IR 30m Starlight \u2022 CMOS senzor s pozadinskim osvjetljenjem 1 \/ 2.8 \"SONY Starvis \u2022 Metoda kompresije H.265 + \/ H.265 \/ H.264 + \/ H.264 \u2022 Varifokalne le\u0107e od 2,8 do 12 mm \u2022 Infracrvena LED 14\u00b5 x 24PCS 30m Max. \u2022 IP66 vanjska\u2026","rel":"","context":"Srodne objave","img":{"alt_text":"","src":"https:\/\/i1.wp.com\/astehshop.com\/wp-content\/uploads\/2020\/02\/LIRDNTSL200.png?fit=419%2C392&resize=350%2C200","width":350,"height":200},"classes":[]},{"id":5654,"url":"http:\/\/astehshop.com\/index.php\/product\/amiko-wifi-kamera-d30m500-5-mpx\/","url_meta":{"origin":5652,"position":2},"title":"Amiko WIFI kamera D30M500 5 MPX","date":"1. prosinca 2021.","format":false,"excerpt":"IP kamera 5 MPixel, 1\/2.5\" Fulhan CMOS, Lens 3.6 mm, IR domet 30 met., Infrared LED 24 x 14\u00b5, kut gledanja 68\u00b0, IP66, ONVIF protokol verzija 2.4, H.265 \/ H.264 \/H.265+ \/ H.264+ \/ JPEG \/ MJPEG, WiFi 2.4 GHz 802.11 b\/g\/n, 3dB antena, domet do 300 met., Ethernet 10\/100M\u2026","rel":"","context":"Srodne objave","img":{"alt_text":"","src":"https:\/\/i1.wp.com\/astehshop.com\/wp-content\/uploads\/2021\/12\/D30M500-WIFI.png?fit=1200%2C1200&resize=350%2C200","width":350,"height":200},"classes":[]},{"id":4108,"url":"http:\/\/astehshop.com\/index.php\/product\/longse-ip-poe-kamera-sd-card-slot-5-mp-lbh30ss500\/","url_meta":{"origin":5652,"position":3},"title":"Longse IP poe kamera sd card slot 5 MP LBH30SS500","date":"22. velja\u010de 2020.","format":false,"excerpt":"IP memorija sa 5MP vanjskog fiksnog metra 30m POE + utor za SD karticu \u2022 CMOS senzor IMX335 + Hi3516D sa osvetljenjem 1 \/ 2.8 \"SONY Starvis \u2022 Metoda kompresije H.264 \/ H.264 + \/ H.265 \/ H.265 + \u2022 Fiksni objektiv 2.8 mm \/ F2.0 \u2022 IR udaljenost 30m\u2026","rel":"","context":"Srodne objave","img":{"alt_text":"","src":"https:\/\/i2.wp.com\/astehshop.com\/wp-content\/uploads\/2020\/02\/LBH30SS500.jpg?fit=542%2C440&resize=350%2C200","width":350,"height":200},"classes":[]},{"id":4096,"url":"http:\/\/astehshop.com\/index.php\/product\/longse-4mp-ip-kamera-lirdns400\/","url_meta":{"origin":5652,"position":4},"title":"Longse 4MP IP kamera LIRDNS400","date":"22. velja\u010de 2020.","format":false,"excerpt":"4MP vanjska fiksna kupola IP IR 20m \u2022 CMOS senzor visoke rezolucije 1\/3 \"OV \u2022 Metoda kompresije H.264 \/ H.265 \u2022 Fiksni objektiv 3,6 mm \u2022 Infracrvena LED 14\u00b5 x 18PCS 20m Max. \u2022 IP66 vanjska metalna futrola \u2022 Utor za SD karticu \u2022 \uffe0 94,5 x 76 (H) mm,\u2026","rel":"","context":"Srodne objave","img":{"alt_text":"","src":"https:\/\/i0.wp.com\/astehshop.com\/wp-content\/uploads\/2020\/02\/LIRDNS400.png?fit=455%2C436&resize=350%2C200","width":350,"height":200},"classes":[]},{"id":5660,"url":"http:\/\/astehshop.com\/index.php\/product\/analogna-dome-kamera-amiko-5-mpx-d20m530-ahd\/","url_meta":{"origin":5652,"position":5},"title":"Analogna dome kamera Amiko 5 MPX D20M530-AHD","date":"1. prosinca 2021.","format":false,"excerpt":"Analogna kamera za video nadzor, 4 in 1, podr\u017eava tehnologiju Analog, AHD, TVI, CVI, 1 \/ 2.5\" 5.0 Mpixel, 2.8 mm lens, 18 x 14\u00b5 LED, domet 20 metara, IR, OnVif 2.4 standard, metalno ku\u0107i\u0161te, IP66, dimenzije: \u00d8 89 x 76 mm, radna temperatura -10\u2103 ~ +60 \u2103, napajanje 12\u2026","rel":"","context":"Srodne objave","img":{"alt_text":"","src":"https:\/\/i0.wp.com\/astehshop.com\/wp-content\/uploads\/2021\/12\/D20M530-AHD.png?fit=1200%2C1200&resize=350%2C200","width":350,"height":200},"classes":[]}],"_links":{"self":[{"href":"http:\/\/astehshop.com\/index.php\/wp-json\/wp\/v2\/product\/5652"}],"collection":[{"href":"http:\/\/astehshop.com\/index.php\/wp-json\/wp\/v2\/product"}],"about":[{"href":"http:\/\/astehshop.com\/index.php\/wp-json\/wp\/v2\/types\/product"}],"replies":[{"embeddable":true,"href":"http:\/\/astehshop.com\/index.php\/wp-json\/wp\/v2\/comments?post=5652"}],"wp:featuredmedia":[{"embeddable":true,"href":"http:\/\/astehshop.com\/index.php\/wp-json\/wp\/v2\/media\/5653"}],"wp:attachment":[{"href":"http:\/\/astehshop.com\/index.php\/wp-json\/wp\/v2\/media?parent=5652"}],"wp:term":[{"taxonomy":"product_cat","embeddable":true,"href":"http:\/\/astehshop.com\/index.php\/wp-json\/wp\/v2\/product_cat?post=5652"},{"taxonomy":"product_tag","embeddable":true,"href":"http:\/\/astehshop.com\/index.php\/wp-json\/wp\/v2\/product_tag?post=5652"}],"curies":[{"name":"wp","href":"https:\/\/api.w.org\/{rel}","templated":true}]}}