{"id":5577,"date":"2021-10-28T22:14:40","date_gmt":"2021-10-28T20:14:40","guid":{"rendered":"http:\/\/astehshop.com\/?post_type=product&#038;p=5577"},"modified":"2023-09-24T11:10:45","modified_gmt":"2023-09-24T09:10:45","slug":"milesight-motorized-pro-bullet-network-camera-ms-c5362-fpc","status":"publish","type":"product","link":"http:\/\/astehshop.com\/index.php\/product\/milesight-motorized-pro-bullet-network-camera-ms-c5362-fpc\/","title":{"rendered":"Milesight Motorized Pro Bullet Network Camera MS-C5362-FPC"},"content":{"rendered":"<p>IP PRO Bullet Kamera Milesight 5MP 2592*1944@30fps, Motorizovani objektiv 2.7~13.5mm, vidno polje H99\u00b0~H32\u00b0, D123\u00b0~D40\u00b0, V73\u00b0~V24\u00b0, Ultra slaba svjetlost Color: 0.005Lux @F1.2, Super WDR 120dB, IR Distance 60m, IP&amp;IK Rating IP67 IK10, Multi port: Alarm I\/O, Audio I\/O, DC 12V, Kompresija H.265+\/H.265\/H.264+\/H.264, Podr\u017eava analizu video sadr\u017eaja, brojanje ljudi. Podr\u0161ka za prepoznavanje lica.<\/p>\n<p>Garancija 36 mjeseci<\/p>\n","protected":false},"excerpt":{"rendered":"<p>IP PRO Bullet Kamera Milesight 5MP 2592*1944@30fps, Motorizovani objektiv 2.7~13.5mm, vidno polje H99\u00b0~H32\u00b0, D123\u00b0~D40\u00b0, V73\u00b0~V24\u00b0, Ultra slaba svjetlost Color: 0.005Lux @F1.2, Super WDR 120dB, IR Distance 60m, IP&amp;IK Rating IP67 IK10, Multi port: Alarm I\/O, Audio I\/O, DC 12V, Kompresija H.265+\/H.265\/H.264+\/H.264, Podr\u017eava analizu video sadr\u017eaja, brojanje ljudi. Podr\u0161ka za prepoznavanje lica.<\/p>\n<p>Garancija 36 mjeseci<\/p>\n","protected":false},"featured_media":5578,"comment_status":"open","ping_status":"closed","template":"","meta":{"_mi_skip_tracking":false,"_exactmetrics_sitenote_active":false,"_exactmetrics_sitenote_note":"","_exactmetrics_sitenote_category":0,"spay_email":""},"product_cat":[1043],"product_tag":[3375,3385],"brands":[{"id":3374,"name":"milesight","slug":"milesight"}],"df_price":772,"df_sale_price":"","df_regular_price":772,"df_image_link":"https:\/\/i2.wp.com\/astehshop.com\/wp-content\/uploads\/2021\/10\/MS-C5362-FPC.png?fit=450%2C368","jetpack_publicize_connections":[],"jetpack_sharing_enabled":true,"jetpack_likes_enabled":true,"jetpack-related-posts":[{"id":5576,"url":"http:\/\/astehshop.com\/index.php\/product\/milesight-ai-vandal-proof-mini-bullet-network-camera-ms-c5364-pc\/","url_meta":{"origin":5577,"position":0},"title":"Milesight AI Vandal-proof Mini Bullet Network Camera MS-C5364-PC","date":"28. listopada 2021.","format":false,"excerpt":"IP Bullet Kamera Milesight 5MP 2592*1944@30fps, Fiksni objektiv 2.8mm, vidno polje H111\u00b0 D128\u00b0 V61\u00b0, Ultra slaba svjetlost Color: 0.002Lux @F1.6, Super WDR 120dB, IR Distance 30m, IP&IK Rating IP67 IK10, Kompresija H.265+\/H.265\/H.264+\/H.264, Podr\u017eava analizu video sadr\u017eaja, brojanje ljudi. Podr\u0161ka za prepoznavanje lica. Garancija 36 mjeseci","rel":"","context":"Srodne objave","img":{"alt_text":"","src":"https:\/\/i1.wp.com\/astehshop.com\/wp-content\/uploads\/2021\/10\/MS-C2964-RPC.png?fit=655%2C511&resize=350%2C200","width":350,"height":200},"classes":[]},{"id":5574,"url":"http:\/\/astehshop.com\/index.php\/product\/milesight-vandal-proof-mini-bullet-network-camera-ms-c2964-rpc\/","url_meta":{"origin":5577,"position":1},"title":"Milesight Vandal-proof Mini Bullet Network Camera MS-C2964-RPC","date":"28. listopada 2021.","format":false,"excerpt":"IP Bullet Kamera Milesight 2MP 1920\u00d71080@60fps, Fiksni objektiv 2.8mm, vidno polje H111\u00b0 D128\u00b0 V61\u00b0, Ultra slaba svjetlost Color: 0.002Lux @F1.6, Super WDR 120dB, IR Distance 30m, IP&IK Rating IP67, IK10, Kompresija H.265+\/H.265\/H.264+\/H.264, Podr\u017eava analizu video sadr\u017eaja, brojanje ljudi. Podr\u0161ka za prepoznavanje lica. Garancija 36 mjeseci","rel":"","context":"Srodne objave","img":{"alt_text":"","src":"https:\/\/i1.wp.com\/astehshop.com\/wp-content\/uploads\/2021\/10\/MS-C2964-RPC.png?fit=655%2C511&resize=350%2C200","width":350,"height":200},"classes":[]},{"id":5571,"url":"http:\/\/astehshop.com\/index.php\/product\/milesight-ip-ai-ir-mini-dome-network-camerams-c2983-rpc\/","url_meta":{"origin":5577,"position":2},"title":"Milesight IP AI IR Mini Dome Network CameraMS-C2983-RPC","date":"28. listopada 2021.","format":false,"excerpt":"IP Dome Kamera Milesight 2MP 1920\u00d71080@60fps, Fiksni objektiv 2.8mm, vidno polje H111\u00b0 D128\u00b0 V61\u00b0, Ultra slaba svjetlost Color: 0.002Lux @F1.6, Super WDR 140dB, IR Distance 20m, Kompresija H.265+\/H.265\/H.264+\/H.264, Podr\u017eava analizu video sadr\u017eaja, brojanje ljudi. Podr\u0161ka za prepoznavanje lica.","rel":"","context":"Srodne objave","img":{"alt_text":"","src":"https:\/\/i0.wp.com\/astehshop.com\/wp-content\/uploads\/2021\/10\/MS-C2983-RPC.png?fit=602%2C517&resize=350%2C200","width":350,"height":200},"classes":[]},{"id":9102,"url":"http:\/\/astehshop.com\/index.php\/product\/dahua-ipc-hfw5231ep-z5e-kamera\/","url_meta":{"origin":5577,"position":3},"title":"Dahua IPC-HFW5231EP-Z5E kamera","date":"20. velja\u010de 2024.","format":false,"excerpt":"2MP IR mre\u017ena kamera u bullet ku\u0107i\u0161tu 1\/2.8\u201d STARVIS\u2122 CMOS sa progresivnim skeniranjem. Color: 0.006Lux\/F1.4. Maksimalna rezolucija 1920x1080. Motorizovani varifokal 7-35 mm. Kompresija H.265+\/H.265\/H.264+\/H.264. Nivo za\u0161tite IP67, IK10. 120dB WDR. Domet IR LEDs 100 metara. Slot za microSD karticu do 128GB. Video analitika: Tripwire, intrusion, object abandoned\/missing,face detection.12v napajanje, ePoE.\u2026","rel":"","context":"Srodne objave","img":{"alt_text":"","src":"https:\/\/i0.wp.com\/astehshop.com\/wp-content\/uploads\/2024\/02\/dahua-ipc-hfw5231ep-z5e-kamera_0.png?fit=1200%2C675&resize=350%2C200","width":350,"height":200},"classes":[]},{"id":4124,"url":"http:\/\/astehshop.com\/index.php\/product\/kamera-za-prepoznavanje-lica-lpdsisp200-starlight\/","url_meta":{"origin":5577,"position":4},"title":"Kamera za prepoznavanje lica LPDSISP200 StarLight","date":"22. velja\u010de 2020.","format":false,"excerpt":"2MP zatvorena fiksna kupola IP IR 20m \u2022 CMOS senzor s pozadinskim osvjetljenjem 1 \/ 2.8 \"SONY Starvis \u2022 Metoda kompresije H.265 + \/ H.265 \/ H.264 + \/ H.264 \u2022 Fiksni objektiv od 2,8 mm \u2022 IR udaljenost 20m Max. \u2022 Metalna\u00a0 za unutra\u0161nju upotrebu AI funkcija Inteligentna analiza\u2026","rel":"","context":"Srodne objave","img":{"alt_text":"","src":"https:\/\/i2.wp.com\/astehshop.com\/wp-content\/uploads\/2020\/02\/LPDSISP200.jpg?fit=480%2C350&resize=350%2C200","width":350,"height":200},"classes":[]},{"id":3937,"url":"http:\/\/astehshop.com\/index.php\/product\/hikvision-darkfighter-ip-mrezna-dome-kamera-ds-2cd2125fwd-i\/","url_meta":{"origin":5577,"position":5},"title":"HikVision DarkFighter IP mre\u017ena dome kamera DS-2CD2125FWD-I","date":"16. velja\u010de 2020.","format":false,"excerpt":"HikVision DS-2CD2125FWD-I 2.8 - 2 MP IR Fixed Dome Network Camera Max. 1920 1080 @30fps 2.8 mm fixed lens Powered by Darkfighter H.265, H.265 , H.264 , H.264 120dB Wide Dynamic Range 3D Digital Noise Reduction DC12V PoE (802.3af) IR range: up to 30 m Support on-board storage, up to\u2026","rel":"","context":"Srodne objave","img":{"alt_text":"","src":"https:\/\/i0.wp.com\/astehshop.com\/wp-content\/uploads\/2020\/02\/DS-2CD2185FWD-I.jpg?fit=838%2C790&resize=350%2C200","width":350,"height":200},"classes":[]}],"_links":{"self":[{"href":"http:\/\/astehshop.com\/index.php\/wp-json\/wp\/v2\/product\/5577"}],"collection":[{"href":"http:\/\/astehshop.com\/index.php\/wp-json\/wp\/v2\/product"}],"about":[{"href":"http:\/\/astehshop.com\/index.php\/wp-json\/wp\/v2\/types\/product"}],"replies":[{"embeddable":true,"href":"http:\/\/astehshop.com\/index.php\/wp-json\/wp\/v2\/comments?post=5577"}],"wp:featuredmedia":[{"embeddable":true,"href":"http:\/\/astehshop.com\/index.php\/wp-json\/wp\/v2\/media\/5578"}],"wp:attachment":[{"href":"http:\/\/astehshop.com\/index.php\/wp-json\/wp\/v2\/media?parent=5577"}],"wp:term":[{"taxonomy":"product_cat","embeddable":true,"href":"http:\/\/astehshop.com\/index.php\/wp-json\/wp\/v2\/product_cat?post=5577"},{"taxonomy":"product_tag","embeddable":true,"href":"http:\/\/astehshop.com\/index.php\/wp-json\/wp\/v2\/product_tag?post=5577"}],"curies":[{"name":"wp","href":"https:\/\/api.w.org\/{rel}","templated":true}]}}