{"id":5571,"date":"2021-10-28T22:05:50","date_gmt":"2021-10-28T20:05:50","guid":{"rendered":"http:\/\/astehshop.com\/?post_type=product&#038;p=5571"},"modified":"2023-09-24T11:10:46","modified_gmt":"2023-09-24T09:10:46","slug":"milesight-ip-ai-ir-mini-dome-network-camerams-c2983-rpc","status":"publish","type":"product","link":"http:\/\/astehshop.com\/index.php\/product\/milesight-ip-ai-ir-mini-dome-network-camerams-c2983-rpc\/","title":{"rendered":"Milesight IP AI IR Mini Dome Network CameraMS-C2983-RPC"},"content":{"rendered":"<p>IP Dome Kamera Milesight 2MP 1920\u00d71080@60fps, Fiksni objektiv 2.8mm, vidno polje H111\u00b0 D128\u00b0 V61\u00b0, Ultra slaba svjetlost Color: 0.002Lux @F1.6, Super WDR 140dB, IR Distance 20m, Kompresija H.265+\/H.265\/H.264+\/H.264, Podr\u017eava analizu video sadr\u017eaja, brojanje ljudi. Podr\u0161ka za prepoznavanje lica.<\/p>\n","protected":false},"excerpt":{"rendered":"<p>IP Dome Kamera Milesight 2MP 1920\u00d71080@60fps, Fiksni objektiv 2.8mm, vidno polje H111\u00b0 D128\u00b0 V61\u00b0, Ultra slaba svjetlost Color: 0.002Lux @F1.6, Super WDR 140dB, IR Distance 20m, Kompresija H.265+\/H.265\/H.264+\/H.264, Podr\u017eava analizu video sadr\u017eaja, brojanje ljudi. Podr\u0161ka za prepoznavanje lica.<\/p>\n","protected":false},"featured_media":5573,"comment_status":"open","ping_status":"closed","template":"","meta":{"_mi_skip_tracking":false,"_exactmetrics_sitenote_active":false,"_exactmetrics_sitenote_note":"","_exactmetrics_sitenote_category":0,"spay_email":""},"product_cat":[1037],"product_tag":[477,3382,3375,3381],"brands":[{"id":3374,"name":"milesight","slug":"milesight"}],"df_price":396,"df_sale_price":"","df_regular_price":396,"df_image_link":"https:\/\/i0.wp.com\/astehshop.com\/wp-content\/uploads\/2021\/10\/MS-C2983-RPC.png?fit=450%2C386","jetpack_publicize_connections":[],"jetpack_sharing_enabled":true,"jetpack_likes_enabled":true,"jetpack-related-posts":[{"id":5574,"url":"http:\/\/astehshop.com\/index.php\/product\/milesight-vandal-proof-mini-bullet-network-camera-ms-c2964-rpc\/","url_meta":{"origin":5571,"position":0},"title":"Milesight Vandal-proof Mini Bullet Network Camera MS-C2964-RPC","date":"28. listopada 2021.","format":false,"excerpt":"IP Bullet Kamera Milesight 2MP 1920\u00d71080@60fps, Fiksni objektiv 2.8mm, vidno polje H111\u00b0 D128\u00b0 V61\u00b0, Ultra slaba svjetlost Color: 0.002Lux @F1.6, Super WDR 120dB, IR Distance 30m, IP&IK Rating IP67, IK10, Kompresija H.265+\/H.265\/H.264+\/H.264, Podr\u017eava analizu video sadr\u017eaja, brojanje ljudi. Podr\u0161ka za prepoznavanje lica. Garancija 36 mjeseci","rel":"","context":"Srodne objave","img":{"alt_text":"","src":"https:\/\/i1.wp.com\/astehshop.com\/wp-content\/uploads\/2021\/10\/MS-C2964-RPC.png?fit=655%2C511&resize=350%2C200","width":350,"height":200},"classes":[]},{"id":5576,"url":"http:\/\/astehshop.com\/index.php\/product\/milesight-ai-vandal-proof-mini-bullet-network-camera-ms-c5364-pc\/","url_meta":{"origin":5571,"position":1},"title":"Milesight AI Vandal-proof Mini Bullet Network Camera MS-C5364-PC","date":"28. listopada 2021.","format":false,"excerpt":"IP Bullet Kamera Milesight 5MP 2592*1944@30fps, Fiksni objektiv 2.8mm, vidno polje H111\u00b0 D128\u00b0 V61\u00b0, Ultra slaba svjetlost Color: 0.002Lux @F1.6, Super WDR 120dB, IR Distance 30m, IP&IK Rating IP67 IK10, Kompresija H.265+\/H.265\/H.264+\/H.264, Podr\u017eava analizu video sadr\u017eaja, brojanje ljudi. Podr\u0161ka za prepoznavanje lica. Garancija 36 mjeseci","rel":"","context":"Srodne objave","img":{"alt_text":"","src":"https:\/\/i1.wp.com\/astehshop.com\/wp-content\/uploads\/2021\/10\/MS-C2964-RPC.png?fit=655%2C511&resize=350%2C200","width":350,"height":200},"classes":[]},{"id":5577,"url":"http:\/\/astehshop.com\/index.php\/product\/milesight-motorized-pro-bullet-network-camera-ms-c5362-fpc\/","url_meta":{"origin":5571,"position":2},"title":"Milesight Motorized Pro Bullet Network Camera MS-C5362-FPC","date":"28. listopada 2021.","format":false,"excerpt":"IP PRO Bullet Kamera Milesight 5MP 2592*1944@30fps, Motorizovani objektiv 2.7~13.5mm, vidno polje H99\u00b0~H32\u00b0, D123\u00b0~D40\u00b0, V73\u00b0~V24\u00b0, Ultra slaba svjetlost Color: 0.005Lux @F1.2, Super WDR 120dB, IR Distance 60m, IP&IK Rating IP67 IK10, Multi port: Alarm I\/O, Audio I\/O, DC 12V, Kompresija H.265+\/H.265\/H.264+\/H.264, Podr\u017eava analizu video sadr\u017eaja, brojanje ljudi. Podr\u0161ka za prepoznavanje\u2026","rel":"","context":"Srodne objave","img":{"alt_text":"","src":"https:\/\/i2.wp.com\/astehshop.com\/wp-content\/uploads\/2021\/10\/MS-C5362-FPC.png?fit=774%2C633&resize=350%2C200","width":350,"height":200},"classes":[]},{"id":4124,"url":"http:\/\/astehshop.com\/index.php\/product\/kamera-za-prepoznavanje-lica-lpdsisp200-starlight\/","url_meta":{"origin":5571,"position":3},"title":"Kamera za prepoznavanje lica LPDSISP200 StarLight","date":"22. velja\u010de 2020.","format":false,"excerpt":"2MP zatvorena fiksna kupola IP IR 20m \u2022 CMOS senzor s pozadinskim osvjetljenjem 1 \/ 2.8 \"SONY Starvis \u2022 Metoda kompresije H.265 + \/ H.265 \/ H.264 + \/ H.264 \u2022 Fiksni objektiv od 2,8 mm \u2022 IR udaljenost 20m Max. \u2022 Metalna\u00a0 za unutra\u0161nju upotrebu AI funkcija Inteligentna analiza\u2026","rel":"","context":"Srodne objave","img":{"alt_text":"","src":"https:\/\/i2.wp.com\/astehshop.com\/wp-content\/uploads\/2020\/02\/LPDSISP200.jpg?fit=480%2C350&resize=350%2C200","width":350,"height":200},"classes":[]},{"id":6098,"url":"http:\/\/astehshop.com\/index.php\/product\/hikvision-ip-dome-kamera-za-video-nadzor-ds-2cd1123g0e-i\/","url_meta":{"origin":5571,"position":4},"title":"HikVision IP dome kamera za video nadzor DS-2CD1123G0E-I","date":"1. travnja 2022.","format":false,"excerpt":"Dome IP video kamera, rezolucije 2Mpx@25fps, kompresija H.265+, H.265, H.264+, H.264, MJPEG , Bit Rate 32Kbps - 8Mbps, 2 streama, objektiv 2.8mm, osjetljivost 0.01Lux@F1.2, D-WDR, IR LED dometa do 30m, napajanje 12VDC \/ PoE, IP67\/IK10.","rel":"","context":"Srodne objave","img":{"alt_text":"","src":"https:\/\/i2.wp.com\/astehshop.com\/wp-content\/uploads\/2022\/04\/DS-2CD1123G0E-I.jpg?fit=1200%2C1027&resize=350%2C200","width":350,"height":200},"classes":[]},{"id":5482,"url":"http:\/\/astehshop.com\/index.php\/product\/dahua-ipc-hfw5241t-ase-0280b\/","url_meta":{"origin":5571,"position":5},"title":"Dahua IPC-HFW5241T-ASE-0280B","date":"17. listopada 2021.","format":false,"excerpt":"2MP me\u017ena kamera u bulet ku\u0107i\u0161tu sa AI tehnologijom 1\/2.8\u201d 2 Megapixela STARVIS\u2122 CMOS\u00b7 H.265&H.264 kompresija 25\/30fps@1080P(1920\u00d71080).Minimalna iluminacija: 0.002Lux\/F1.6 ( Color,1\/3s,30IRE) 0.012Lux\/F1.6 ( Color,1\/30s,30IRE) 0Lux\/F1.6 (IR on) WDR(120dB), Day\/Night(ICR), 3D DNR, AWB, AGC, BLC. Softwerska podr\u0161ka za: Web viewer, CMS(DSS\/PSS) & DMSS. 2.8mm fiksni objektiv. 1\/1 Alarm ulaz\/izlaz, 1\/1 audio\u2026","rel":"","context":"Srodne objave","img":{"alt_text":"","src":"https:\/\/i2.wp.com\/astehshop.com\/wp-content\/uploads\/2021\/10\/network-camera-dahua-ipc-hfw5241t-ase-0280b-2mp-ir80-epoe.jpg?fit=800%2C800&resize=350%2C200","width":350,"height":200},"classes":[]}],"_links":{"self":[{"href":"http:\/\/astehshop.com\/index.php\/wp-json\/wp\/v2\/product\/5571"}],"collection":[{"href":"http:\/\/astehshop.com\/index.php\/wp-json\/wp\/v2\/product"}],"about":[{"href":"http:\/\/astehshop.com\/index.php\/wp-json\/wp\/v2\/types\/product"}],"replies":[{"embeddable":true,"href":"http:\/\/astehshop.com\/index.php\/wp-json\/wp\/v2\/comments?post=5571"}],"wp:featuredmedia":[{"embeddable":true,"href":"http:\/\/astehshop.com\/index.php\/wp-json\/wp\/v2\/media\/5573"}],"wp:attachment":[{"href":"http:\/\/astehshop.com\/index.php\/wp-json\/wp\/v2\/media?parent=5571"}],"wp:term":[{"taxonomy":"product_cat","embeddable":true,"href":"http:\/\/astehshop.com\/index.php\/wp-json\/wp\/v2\/product_cat?post=5571"},{"taxonomy":"product_tag","embeddable":true,"href":"http:\/\/astehshop.com\/index.php\/wp-json\/wp\/v2\/product_tag?post=5571"}],"curies":[{"name":"wp","href":"https:\/\/api.w.org\/{rel}","templated":true}]}}