{"id":5567,"date":"2021-10-26T19:07:06","date_gmt":"2021-10-26T17:07:06","guid":{"rendered":"http:\/\/astehshop.com\/?post_type=product&#038;p=5567"},"modified":"2021-10-26T19:07:07","modified_gmt":"2021-10-26T17:07:07","slug":"tvt-td-9452s3a-5-mp-kamera","status":"publish","type":"product","link":"http:\/\/astehshop.com\/index.php\/product\/tvt-td-9452s3a-5-mp-kamera\/","title":{"rendered":"TVT TD-9452S3A 5 MP kamera"},"content":{"rendered":"<div class=\"m-dot-list\">\n<p>Kodiranje 5MP (2592 \u00d7 1944) H.265<\/p>\n<p>Maksimalna razlu\u010divost: 2592 1944<\/p>\n<p>ICR automatsko prebacivanje, to\u010dno dan \/ no\u0107, kodiranje ROI<\/p>\n<p>3D DNR, digitalni WDR, HLC, BLC, odmagljivanje<\/p>\n<p>30 ~ 50m IR udaljenost no\u0107nog pogleda<\/p>\n<p>DC12V \/ PoE napajanje<\/p>\n<p>IP 67 za\u0161tita od ulaza<\/p>\n<p>Podr\u017eite tri struje<\/p>\n<p>P2P funkcija (izborno)<\/p>\n<p>Podr\u017eava daljinsko nadgledanje putem pametnih telefona i tablet ra\u010dunala s iOS i Android OS-om<\/p>\n<p>Inteligentna analitika (izborno): otkrivanje uklanjanja predmeta, otkrivanje abnormalnog video signala, otkrivanje prelaska linije i otkrivanje upada<\/p>\n<\/div>\n","protected":false},"excerpt":{"rendered":"<div class=\"m-dot-list\">\n<p>Kodiranje 5MP (2592 \u00d7 1944) H.265<\/p>\n<p>Maksimalna razlu\u010divost: 2592 1944<\/p>\n<p>ICR automatsko prebacivanje, to\u010dno dan \/ no\u0107, kodiranje ROI<\/p>\n<p>3D DNR, digitalni WDR, HLC, BLC, odmagljivanje<\/p>\n<p>30 ~ 50m IR udaljenost no\u0107nog pogleda<\/p>\n<p>DC12V \/ PoE napajanje<\/p>\n<p>IP 67 za\u0161tita od ulaza<\/p>\n<p>Podr\u017eite tri struje<\/p>\n<p>P2P funkcija (izborno)<\/p>\n<p>Podr\u017eava daljinsko nadgledanje putem pametnih telefona i tablet ra\u010dunala s iOS i Android OS-om<\/p>\n<p>Inteligentna analitika (izborno): otkrivanje uklanjanja predmeta, otkrivanje abnormalnog video signala, otkrivanje prelaska linije i otkrivanje upada<\/p>\n<\/div>\n","protected":false},"featured_media":5568,"comment_status":"open","ping_status":"closed","template":"","meta":{"_mi_skip_tracking":false,"_exactmetrics_sitenote_active":false,"_exactmetrics_sitenote_note":"","_exactmetrics_sitenote_category":0,"spay_email":""},"product_cat":[1043],"product_tag":[2228,3373,477,3372,2768],"brands":[{"id":2528,"name":"tvt","slug":"tvt"}],"df_price":240,"df_sale_price":"","df_regular_price":240,"df_image_link":"https:\/\/i2.wp.com\/astehshop.com\/wp-content\/uploads\/2021\/10\/TD-9452S3A.jpg?fit=300%2C233","jetpack_publicize_connections":[],"jetpack_sharing_enabled":true,"jetpack_likes_enabled":true,"jetpack-related-posts":[{"id":5564,"url":"http:\/\/astehshop.com\/index.php\/product\/tvt-td-9451s3a-5mp-ip-kamera\/","url_meta":{"origin":5567,"position":0},"title":"TVT TD-9451S3A 5MP IP kamera","date":"26. listopada 2021.","format":false,"excerpt":"Kodiranje 5MP (2592 \u00d7 1944) H.265 Maksimalna razlu\u010divost: 2592 1944 ICR automatsko prebacivanje, to\u010dno dan \/ no\u0107, kodiranje ROI 3D DNR, digitalni WDR, HLC, BLC, odmagljivanje DC12V \/ PoE napajanje IP 67 za\u0161tita od ulaza Podr\u017eite tri struje P2P funkcija (izborno) Podr\u017eava daljinsko pra\u0107enje putem pametnih telefona i tableta s\u2026","rel":"","context":"Srodne objave","img":{"alt_text":"","src":"https:\/\/i1.wp.com\/astehshop.com\/wp-content\/uploads\/2021\/10\/TD-9451S3A.jpg?fit=400%2C310&resize=350%2C200","width":350,"height":200},"classes":[]},{"id":5562,"url":"http:\/\/astehshop.com\/index.php\/product\/tvt-td-9442s3-4mp-ip-kamera\/","url_meta":{"origin":5567,"position":1},"title":"TVT TD-9442S3 4MP ip kamera","date":"24. listopada 2021.","format":false,"excerpt":"Kodiranje 4MP (2560 \u00d7 1440) H.265 Maksimalna razlu\u010divost: 2560 1440 ICR automatsko prebacivanje, to\u010dno dan \/ no\u0107, kodiranje ROI 3D DNR, digitalni WDR, HLC, BLC, odmagljivanje 30 ~ 50m IR udaljenost no\u0107nog pogleda DC12V \/ PoE napajanje P2P funkcija nije obavezna IP 67 za\u0161tita od ulaza Podr\u017eite tri struje Podr\u017eavajte\u2026","rel":"","context":"Srodne objave","img":{"alt_text":"","src":"https:\/\/i2.wp.com\/astehshop.com\/wp-content\/uploads\/2021\/10\/TD-9442S3-4MP.png?fit=1200%2C675&resize=350%2C200","width":350,"height":200},"classes":[]},{"id":5559,"url":"http:\/\/astehshop.com\/index.php\/product\/tvt-td-9441s3-4mp-pametna-ip-kamera\/","url_meta":{"origin":5567,"position":2},"title":"TVT TD-9441S3 4MP pametna IP kamera","date":"24. listopada 2021.","format":false,"excerpt":"Kodiranje 4MP (2560 \u00d7 1440) H.265 Maksimalna razlu\u010divost: 2560 1440 ICR automatsko prebacivanje, to\u010dno dan \/ no\u0107, kodiranje ROI 3D DNR, digitalni WDR, HLC, BLC, odmagljivanje DC12V \/ PoE napajanje P2P funkcija nije obavezna IP 67 za\u0161tita od ulaza Podr\u017eite tri struje Podr\u017eavajte daljinsko nadgledanje pomo\u0107u iOS i Android OS-a\u2026","rel":"","context":"Srodne objave","img":{"alt_text":"","src":"https:\/\/i1.wp.com\/astehshop.com\/wp-content\/uploads\/2021\/10\/TD-9441S3.jpg?fit=400%2C310&resize=350%2C200","width":350,"height":200},"classes":[]},{"id":5556,"url":"http:\/\/astehshop.com\/index.php\/product\/tvt-td-9544s3l-4mp-ir-vodootporna-mrezna-kamera\/","url_meta":{"origin":5567,"position":3},"title":"TVT TD-9544S3L 4MP IR vodootporna mre\u017ena kamera","date":"24. listopada 2021.","format":false,"excerpt":"Kodiranje 4MP (2560 \u00d7 1440) H.265 Maksimalna razlu\u010divost: 2560 \u00d7 1440 ICR automatsko prebacivanje, to\u010dno dan \/ no\u0107, kodiranje ROI 3D DNR, digitalni WDR, HLC, BLC, odmagljivanje PoE napajanje (opcionalno) 1CH ugra\u0111eni MIC P2P funkcija nije obavezna IP 67 za\u0161tita od ulaza Podr\u017eite tri struje Podr\u017eite mobilni nadzor putem pametnih\u2026","rel":"","context":"Srodne objave","img":{"alt_text":"","src":"https:\/\/i0.wp.com\/astehshop.com\/wp-content\/uploads\/2021\/10\/TD-9544S3L.jpg?fit=400%2C310&resize=350%2C200","width":350,"height":200},"classes":[]},{"id":5553,"url":"http:\/\/astehshop.com\/index.php\/product\/tvt-td-9441s3l-4mp-ir-vodootporna-mrezna-kamera\/","url_meta":{"origin":5567,"position":4},"title":"TVT TD-9441S3L 4MP IR vodootporna mre\u017ena kamera","date":"24. listopada 2021.","format":false,"excerpt":"Kodiranje 4MP (2560 \u00d7 1440) H.265 Maksimalna razlu\u010divost: 2560 \u00d7 1440 ICR automatsko prebacivanje, to\u010dno dan \/ no\u0107, kodiranje ROI 3D DNR, digitalni WDR, HLC, BLC, odmagljivanje DC12V \/ PoE napajanje P2P funkcija nije obavezna IP 67 za\u0161tita od ulaza Podr\u017eite tri struje Podr\u017eite mobilni nadzor putem pametnih telefona i\u2026","rel":"","context":"Srodne objave","img":{"alt_text":"","src":"https:\/\/i0.wp.com\/astehshop.com\/wp-content\/uploads\/2021\/10\/tvt-td-9441s3l.jpg?fit=1000%2C1000&resize=350%2C200","width":350,"height":200},"classes":[]},{"id":7687,"url":"http:\/\/astehshop.com\/index.php\/product\/dahua-hac-hfw1500t-a-5-mpx-bullet-kamera\/","url_meta":{"origin":5567,"position":5},"title":"Dahua HAC-HFW1500T-A 5 MPX Bullet kamera","date":"9. svibnja 2023.","format":false,"excerpt":"- 4u1 HD analogna cijevna kamera - 1\/2,7\" CMOS - HDCVI\/CVBS podr\u0161ka - Razlu\u010divost: 5M (2592 \u00d7 1944) - FPS: 20fps@5MP - Objektiv: 3,6 mm - Kut gledanja: 77,5\u00b0 - Minimalni zahtjev za svjetlom: 0,02Lux @F1,85, 0Lux za IR - Ugra\u0111ene IR LED diode (max. 30m) - Filtriranje \u0161uma: 2DNR\u2026","rel":"","context":"Srodne objave","img":{"alt_text":"","src":"https:\/\/i1.wp.com\/astehshop.com\/wp-content\/uploads\/2023\/05\/DH-HAC-HFW1500T.png?fit=400%2C400&resize=350%2C200","width":350,"height":200},"classes":[]}],"_links":{"self":[{"href":"http:\/\/astehshop.com\/index.php\/wp-json\/wp\/v2\/product\/5567"}],"collection":[{"href":"http:\/\/astehshop.com\/index.php\/wp-json\/wp\/v2\/product"}],"about":[{"href":"http:\/\/astehshop.com\/index.php\/wp-json\/wp\/v2\/types\/product"}],"replies":[{"embeddable":true,"href":"http:\/\/astehshop.com\/index.php\/wp-json\/wp\/v2\/comments?post=5567"}],"wp:featuredmedia":[{"embeddable":true,"href":"http:\/\/astehshop.com\/index.php\/wp-json\/wp\/v2\/media\/5568"}],"wp:attachment":[{"href":"http:\/\/astehshop.com\/index.php\/wp-json\/wp\/v2\/media?parent=5567"}],"wp:term":[{"taxonomy":"product_cat","embeddable":true,"href":"http:\/\/astehshop.com\/index.php\/wp-json\/wp\/v2\/product_cat?post=5567"},{"taxonomy":"product_tag","embeddable":true,"href":"http:\/\/astehshop.com\/index.php\/wp-json\/wp\/v2\/product_tag?post=5567"}],"curies":[{"name":"wp","href":"https:\/\/api.w.org\/{rel}","templated":true}]}}