{"id":5562,"date":"2021-10-24T21:07:30","date_gmt":"2021-10-24T19:07:30","guid":{"rendered":"http:\/\/astehshop.com\/?post_type=product&#038;p=5562"},"modified":"2021-10-24T21:07:31","modified_gmt":"2021-10-24T19:07:31","slug":"tvt-td-9442s3-4mp-ip-kamera","status":"publish","type":"product","link":"http:\/\/astehshop.com\/index.php\/product\/tvt-td-9442s3-4mp-ip-kamera\/","title":{"rendered":"TVT TD-9442S3 4MP ip kamera"},"content":{"rendered":"<div class=\"m-dot-list\">\n<p>Kodiranje 4MP (2560 \u00d7 1440) H.265<\/p>\n<p>Maksimalna razlu\u010divost: 2560 1440<\/p>\n<p>ICR automatsko prebacivanje, to\u010dno dan \/ no\u0107, kodiranje ROI<\/p>\n<p>3D DNR, digitalni WDR, HLC, BLC, odmagljivanje<\/p>\n<p>30 ~ 50m IR udaljenost no\u0107nog pogleda<\/p>\n<p>DC12V \/ PoE napajanje<\/p>\n<p>P2P funkcija nije obavezna<\/p>\n<p>IP 67 za\u0161tita od ulaza<\/p>\n<p>Podr\u017eite tri struje<\/p>\n<p>Podr\u017eavajte daljinsko pra\u0107enje putem pametnih telefona i tablet ra\u010dunala s iOS i Android OS-om<\/p>\n<p>Inteligentna analitika (izborno): otkrivanje uklanjanja predmeta, otkrivanje abnormalnog video signala, otkrivanje prelaska linije i otkrivanje upada u regiju<\/p>\n<\/div>\n","protected":false},"excerpt":{"rendered":"<div class=\"m-dot-list\">\n<p>Kodiranje 4MP (2560 \u00d7 1440) H.265<\/p>\n<p>Maksimalna razlu\u010divost: 2560 1440<\/p>\n<p>ICR automatsko prebacivanje, to\u010dno dan \/ no\u0107, kodiranje ROI<\/p>\n<p>3D DNR, digitalni WDR, HLC, BLC, odmagljivanje<\/p>\n<p>30 ~ 50m IR udaljenost no\u0107nog pogleda<\/p>\n<p>DC12V \/ PoE napajanje<\/p>\n<p>P2P funkcija nije obavezna<\/p>\n<p>IP 67 za\u0161tita od ulaza<\/p>\n<p>Podr\u017eite tri struje<\/p>\n<p>Podr\u017eavajte daljinsko pra\u0107enje putem pametnih telefona i tablet ra\u010dunala s iOS i Android OS-om<\/p>\n<p>Inteligentna analitika (izborno): otkrivanje uklanjanja predmeta, otkrivanje abnormalnog video signala, otkrivanje prelaska linije i otkrivanje upada u regiju<\/p>\n<\/div>\n","protected":false},"featured_media":5563,"comment_status":"open","ping_status":"closed","template":"","meta":{"_mi_skip_tracking":false,"_exactmetrics_sitenote_active":false,"_exactmetrics_sitenote_note":"","_exactmetrics_sitenote_category":0,"spay_email":""},"product_cat":[1043],"product_tag":[3368,3367,2769],"brands":[{"id":2528,"name":"tvt","slug":"tvt"}],"df_price":199,"df_sale_price":"","df_regular_price":199,"df_image_link":"https:\/\/i2.wp.com\/astehshop.com\/wp-content\/uploads\/2021\/10\/TD-9442S3-4MP.png?fit=450%2C253","jetpack_publicize_connections":[],"jetpack_sharing_enabled":true,"jetpack_likes_enabled":true,"jetpack-related-posts":[{"id":5559,"url":"http:\/\/astehshop.com\/index.php\/product\/tvt-td-9441s3-4mp-pametna-ip-kamera\/","url_meta":{"origin":5562,"position":0},"title":"TVT TD-9441S3 4MP pametna IP kamera","date":"24. listopada 2021.","format":false,"excerpt":"Kodiranje 4MP (2560 \u00d7 1440) H.265 Maksimalna razlu\u010divost: 2560 1440 ICR automatsko prebacivanje, to\u010dno dan \/ no\u0107, kodiranje ROI 3D DNR, digitalni WDR, HLC, BLC, odmagljivanje DC12V \/ PoE napajanje P2P funkcija nije obavezna IP 67 za\u0161tita od ulaza Podr\u017eite tri struje Podr\u017eavajte daljinsko nadgledanje pomo\u0107u iOS i Android OS-a\u2026","rel":"","context":"Srodne objave","img":{"alt_text":"","src":"https:\/\/i1.wp.com\/astehshop.com\/wp-content\/uploads\/2021\/10\/TD-9441S3.jpg?fit=400%2C310&resize=350%2C200","width":350,"height":200},"classes":[]},{"id":5556,"url":"http:\/\/astehshop.com\/index.php\/product\/tvt-td-9544s3l-4mp-ir-vodootporna-mrezna-kamera\/","url_meta":{"origin":5562,"position":1},"title":"TVT TD-9544S3L 4MP IR vodootporna mre\u017ena kamera","date":"24. listopada 2021.","format":false,"excerpt":"Kodiranje 4MP (2560 \u00d7 1440) H.265 Maksimalna razlu\u010divost: 2560 \u00d7 1440 ICR automatsko prebacivanje, to\u010dno dan \/ no\u0107, kodiranje ROI 3D DNR, digitalni WDR, HLC, BLC, odmagljivanje PoE napajanje (opcionalno) 1CH ugra\u0111eni MIC P2P funkcija nije obavezna IP 67 za\u0161tita od ulaza Podr\u017eite tri struje Podr\u017eite mobilni nadzor putem pametnih\u2026","rel":"","context":"Srodne objave","img":{"alt_text":"","src":"https:\/\/i0.wp.com\/astehshop.com\/wp-content\/uploads\/2021\/10\/TD-9544S3L.jpg?fit=400%2C310&resize=350%2C200","width":350,"height":200},"classes":[]},{"id":5553,"url":"http:\/\/astehshop.com\/index.php\/product\/tvt-td-9441s3l-4mp-ir-vodootporna-mrezna-kamera\/","url_meta":{"origin":5562,"position":2},"title":"TVT TD-9441S3L 4MP IR vodootporna mre\u017ena kamera","date":"24. listopada 2021.","format":false,"excerpt":"Kodiranje 4MP (2560 \u00d7 1440) H.265 Maksimalna razlu\u010divost: 2560 \u00d7 1440 ICR automatsko prebacivanje, to\u010dno dan \/ no\u0107, kodiranje ROI 3D DNR, digitalni WDR, HLC, BLC, odmagljivanje DC12V \/ PoE napajanje P2P funkcija nije obavezna IP 67 za\u0161tita od ulaza Podr\u017eite tri struje Podr\u017eite mobilni nadzor putem pametnih telefona i\u2026","rel":"","context":"Srodne objave","img":{"alt_text":"","src":"https:\/\/i0.wp.com\/astehshop.com\/wp-content\/uploads\/2021\/10\/tvt-td-9441s3l.jpg?fit=1000%2C1000&resize=350%2C200","width":350,"height":200},"classes":[]},{"id":5567,"url":"http:\/\/astehshop.com\/index.php\/product\/tvt-td-9452s3a-5-mp-kamera\/","url_meta":{"origin":5562,"position":3},"title":"TVT TD-9452S3A 5 MP kamera","date":"26. listopada 2021.","format":false,"excerpt":"Kodiranje 5MP (2592 \u00d7 1944) H.265 Maksimalna razlu\u010divost: 2592 1944 ICR automatsko prebacivanje, to\u010dno dan \/ no\u0107, kodiranje ROI 3D DNR, digitalni WDR, HLC, BLC, odmagljivanje 30 ~ 50m IR udaljenost no\u0107nog pogleda DC12V \/ PoE napajanje IP 67 za\u0161tita od ulaza Podr\u017eite tri struje P2P funkcija (izborno) Podr\u017eava daljinsko\u2026","rel":"","context":"Srodne objave","img":{"alt_text":"","src":"https:\/\/i2.wp.com\/astehshop.com\/wp-content\/uploads\/2021\/10\/TD-9452S3A.jpg?fit=400%2C310&resize=350%2C200","width":350,"height":200},"classes":[]},{"id":5564,"url":"http:\/\/astehshop.com\/index.php\/product\/tvt-td-9451s3a-5mp-ip-kamera\/","url_meta":{"origin":5562,"position":4},"title":"TVT TD-9451S3A 5MP IP kamera","date":"26. listopada 2021.","format":false,"excerpt":"Kodiranje 5MP (2592 \u00d7 1944) H.265 Maksimalna razlu\u010divost: 2592 1944 ICR automatsko prebacivanje, to\u010dno dan \/ no\u0107, kodiranje ROI 3D DNR, digitalni WDR, HLC, BLC, odmagljivanje DC12V \/ PoE napajanje IP 67 za\u0161tita od ulaza Podr\u017eite tri struje P2P funkcija (izborno) Podr\u017eava daljinsko pra\u0107enje putem pametnih telefona i tableta s\u2026","rel":"","context":"Srodne objave","img":{"alt_text":"","src":"https:\/\/i1.wp.com\/astehshop.com\/wp-content\/uploads\/2021\/10\/TD-9451S3A.jpg?fit=400%2C310&resize=350%2C200","width":350,"height":200},"classes":[]},{"id":7833,"url":"http:\/\/astehshop.com\/index.php\/product\/dahua-ipc-hfw2449s-s-il-0280b-full-color-4-mpx\/","url_meta":{"origin":5562,"position":5},"title":"Dahua IPC-HFW2449S-S-IL-0280B FULL COLOR 4 MPX","date":"23. svibnja 2023.","format":false,"excerpt":"4-MP 1\/2,9\" CMOS senzor slike, niske osvetljenosti i slike visoke definicije. > Izlazi max. 4 MP (2688 \u00d7 1520) pri 20 fps i podr\u017eava 2560 \u00d7 1440 pri 25\/30 fps > H.265 kodek, visoka stopa kompresije, ultra-niska brzina prijenosa. > Ugra\u0111eno toplo svjetlo\/IR LED, maks. udaljenost osvjetljenja je 30 m,\u2026","rel":"","context":"Srodne objave","img":{"alt_text":"","src":"https:\/\/i2.wp.com\/astehshop.com\/wp-content\/uploads\/2023\/05\/IPC-HFW2449S-S-IL_3_thumb.png?fit=400%2C400&resize=350%2C200","width":350,"height":200},"classes":[]}],"_links":{"self":[{"href":"http:\/\/astehshop.com\/index.php\/wp-json\/wp\/v2\/product\/5562"}],"collection":[{"href":"http:\/\/astehshop.com\/index.php\/wp-json\/wp\/v2\/product"}],"about":[{"href":"http:\/\/astehshop.com\/index.php\/wp-json\/wp\/v2\/types\/product"}],"replies":[{"embeddable":true,"href":"http:\/\/astehshop.com\/index.php\/wp-json\/wp\/v2\/comments?post=5562"}],"wp:featuredmedia":[{"embeddable":true,"href":"http:\/\/astehshop.com\/index.php\/wp-json\/wp\/v2\/media\/5563"}],"wp:attachment":[{"href":"http:\/\/astehshop.com\/index.php\/wp-json\/wp\/v2\/media?parent=5562"}],"wp:term":[{"taxonomy":"product_cat","embeddable":true,"href":"http:\/\/astehshop.com\/index.php\/wp-json\/wp\/v2\/product_cat?post=5562"},{"taxonomy":"product_tag","embeddable":true,"href":"http:\/\/astehshop.com\/index.php\/wp-json\/wp\/v2\/product_tag?post=5562"}],"curies":[{"name":"wp","href":"https:\/\/api.w.org\/{rel}","templated":true}]}}