{"id":5549,"date":"2021-10-22T20:19:21","date_gmt":"2021-10-22T18:19:21","guid":{"rendered":"http:\/\/astehshop.com\/?post_type=product&#038;p=5549"},"modified":"2024-02-18T09:56:46","modified_gmt":"2024-02-18T08:56:46","slug":"samostalni-kontroler-pristupa-r601d","status":"publish","type":"product","link":"http:\/\/astehshop.com\/index.php\/product\/samostalni-kontroler-pristupa-r601d\/","title":{"rendered":"Samostalni kontroler pristupa R601D"},"content":{"rendered":"<p>\u2013 Samostalni vodootporni i antivandal kontroler za kontrolu pristupa sa integrisanim beskontaktnim \u010dita\u010dem IC 13.56MHz i tastatura sa pozadinskim osvetljenjem.<br \/>\n\u2013 Memorija za 2000 korisnika.<br \/>\n\u2013 NO\/NC relejni izlaz, 3A\/24VDC.<br \/>\n\u2013 Svetlosna i zvu\u010dna indikacija.<br \/>\n\u2013 3~6 cm daljina o\u010ditavanja.<br \/>\n\u2013 Na\u010din otvaranja: RFID kartica, \u0161ifra, \u0161ifra+kartica.<br \/>\n\u2013 Programiranje preko Master koda\/kartice, vreme \u010dekanja 1~99s,mogu\u0107nost brisanja pojedina\u010dnih kartica.<br \/>\n\u2013 Ulaz za Exit taster Ulaz za magnet\/tamper.<br \/>\n\u2013 \u0410larmni izlaz.<br \/>\n\u2013 Ugra\u0111en LDR Tamper.<br \/>\n\u2013 Wiegand 26bit ulaz\/izlaz za povezivanje sa drugim kontrolerom ili dodatnim \u010dita\u010dem.<br \/>\n\u2013 Napajanje: DC12V\u00b110%\/60mA.<br \/>\n\u2013 Dimenzije: 120x58x22mm.<br \/>\n\u2013 Radna temperatura -45\u00baC~60\u00baC.<br \/>\n\u2013 Pogodna za spoljnu monta\u017eu, IP68.<\/p>\n","protected":false},"excerpt":{"rendered":"<p>\u2013 Samostalni vodootporni i antivandal kontroler za kontrolu pristupa sa integrisanim beskontaktnim \u010dita\u010dem IC 13.56MHz i tastatura sa pozadinskim osvetljenjem.<br \/>\n\u2013 Memorija za 2000 korisnika.<br \/>\n\u2013 NO\/NC relejni izlaz, 3A\/24VDC.<br \/>\n\u2013 Svetlosna i zvu\u010dna indikacija.<br \/>\n\u2013 3~6 cm daljina o\u010ditavanja.<br \/>\n\u2013 Na\u010din otvaranja: RFID kartica, \u0161ifra, \u0161ifra+kartica.<br \/>\n\u2013 Programiranje preko Master koda\/kartice, vreme \u010dekanja 1~99s,mogu\u0107nost brisanja pojedina\u010dnih kartica.<br \/>\n\u2013 Ulaz za Exit taster Ulaz za magnet\/tamper.<br \/>\n\u2013 \u0410larmni izlaz.<br \/>\n\u2013 Ugra\u0111en LDR Tamper.<br \/>\n\u2013 Wiegand 26bit ulaz\/izlaz za povezivanje sa drugim kontrolerom ili dodatnim \u010dita\u010dem.<br \/>\n\u2013 Napajanje: DC12V\u00b110%\/60mA.<br \/>\n\u2013 Dimenzije: 120x58x22mm.<br \/>\n\u2013 Radna temperatura -45\u00baC~60\u00baC.<br \/>\n\u2013 Pogodna za spoljnu monta\u017eu, IP68.<\/p>\n","protected":false},"featured_media":5550,"comment_status":"open","ping_status":"closed","template":"","meta":{"_mi_skip_tracking":false,"_exactmetrics_sitenote_active":false,"_exactmetrics_sitenote_note":"","_exactmetrics_sitenote_category":0,"spay_email":""},"product_cat":[858],"product_tag":[3354,860,3350,3348,3352,3353,3349,3351],"brands":[{"id":2528,"name":"tvt","slug":"tvt"}],"df_price":89,"df_sale_price":"","df_regular_price":89,"df_image_link":"https:\/\/i0.wp.com\/astehshop.com\/wp-content\/uploads\/2021\/10\/catchview-CV-ACK1500-s601.jpg?fit=300%2C300","jetpack_publicize_connections":[],"jetpack_sharing_enabled":true,"jetpack_likes_enabled":true,"jetpack-related-posts":[{"id":5034,"url":"http:\/\/astehshop.com\/index.php\/product\/samostojeci-citac-in-k5\/","url_meta":{"origin":5549,"position":0},"title":"Samostoje\u0107i \u010dita\u010d IN-K5","date":"16. studenoga 2020.","format":false,"excerpt":"Samostoje\u0107i unutarnji \u010dita\u010d EM 125 kHz kartica sa tipkovnicom u antivandal ku\u0107i\u0161tu za max. 2000 korisnika. Mogu\u0107nost spajanja vanjskog \u010dita\u010da. Podr\u017eava re\u017eim rada: Samo kartica, samo pin kod, kartica+pin kod. Kromirano ku\u0107i\u0161te. Tamper prekida\u010d. Proizvo\u0111a\u010d inOUT Namjena Kontrola pristupa Monta\u017ea Nad\u017ebukna monta\u017ea Vrsta artikla Samostalni \u010dita\u010d Na\u010din identifikacije RFID, PIN\u2026","rel":"","context":"Srodne objave","img":{"alt_text":"","src":"https:\/\/i1.wp.com\/astehshop.com\/wp-content\/uploads\/2020\/11\/IN-K5.jpg?fit=1200%2C675&resize=350%2C200","width":350,"height":200},"classes":[]},{"id":2844,"url":"http:\/\/astehshop.com\/index.php\/product\/ds-k1t105m-c-kontrola-pristupa-hikvision\/","url_meta":{"origin":5549,"position":1},"title":"DS-K1T105M-C kontrola pristupa HikVision","date":"22. srpnja 2018.","format":false,"excerpt":"DS-K1T105 je serija samostalne kontrole pristupa. Podr\u017eava Wiegend i RS485 protokol. Kontroler je opremljen sa 2.8 in\u010dnim LCD Screen displejom, tastaturom sa plavim pozadinskim osvjetljenjem i kamerom od 2 Mpx.","rel":"","context":"Srodne objave","img":{"alt_text":"","src":"https:\/\/i2.wp.com\/astehshop.com\/wp-content\/uploads\/2018\/07\/DS-K1T105M-C-1.jpg?fit=738%2C644&resize=350%2C200","width":350,"height":200},"classes":[]},{"id":7821,"url":"http:\/\/astehshop.com\/index.php\/product\/tuya-wifi-kontrola-pristupa-na-dodir-samostalni\/","url_meta":{"origin":5549,"position":2},"title":"Tuya WIFI kontrola pristupa na dodir samostalni","date":"23. svibnja 2023.","format":false,"excerpt":"Ure\u0111aj je samostalni \u010dita\u010d kontrole pristupa i proximity kartica koji podr\u017eava tipove MF kartica. Ugra\u0111en je STC mikroprocesor, sa jakom sposobno\u0161\u0107u protiv smetnji, visokom sigurno\u0161\u0107u i pouzdano\u0161\u0107u, mo\u0107nom funkcijom i prakti\u010dnim radom. \u0160iroko se koristi u vrhunskim zgradama, stambenim zajednicama i drugim javnim mjestima. Karakteristike: Ultra-niska snaga: Struja u stanju\u2026","rel":"","context":"Srodne objave","img":{"alt_text":"","src":"https:\/\/i1.wp.com\/astehshop.com\/wp-content\/uploads\/2023\/05\/WiFi-APP-Access-Control-Reader-Digital-Keypad-Door-Lock-Card-Reader-with-Tuya-APP.jpg?fit=400%2C400&resize=350%2C200","width":350,"height":200},"classes":[]},{"id":5036,"url":"http:\/\/astehshop.com\/index.php\/product\/samostojeci-citac-in-t10em-w\/","url_meta":{"origin":5549,"position":3},"title":"Samostoje\u0107i \u010dita\u010d IN-T10EM-W","date":"16. studenoga 2020.","format":false,"excerpt":"Samostoje\u0107i \u010dita\u010d EM 125 kHz kartica sa tipkovnicom osjetljivom na dodir. Mo\u017ee se koristiti i kao wiegand 26-bitni \u010dita\u010d kartica sa tipkovnicom. Podr\u017eava re\u017eim rada: Samo kartica, samo pin kod, kartica+pin kod. Anti sabota\u017eni senzor. IP65 Proizvo\u0111a\u010d inOUT Namjena Kontrola pristupa Monta\u017ea Nad\u017ebukna monta\u017ea Vrsta artikla Samostalni \u010dita\u010d Na\u010din identifikacije\u2026","rel":"","context":"Srodne objave","img":{"alt_text":"","src":"","width":0,"height":0},"classes":[]},{"id":10127,"url":"http:\/\/astehshop.com\/index.php\/product\/wsdt607feds2rhpozivnadvatastera-sa-citacem\/","url_meta":{"origin":5549,"position":4},"title":"WS\u2010DT607FE\/ID\/S2\/RH pozivna dva tastera sa \u010dita\u010dem","date":"30. o\u017eujka 2025.","format":false,"excerpt":"Video pozivni tablo sa 2 tastera Kolor kamera, 500TVL, 170\u00b0 fisheye objektiv, telo od ner\u0111aju\u0107eg \u010delika, indikatori za otklju\u010davanje i razgovor, dvosmerna audio komunikacija, \u010dita\u010d 125KHz kartica\/tagova (otvaranje brave), komplet tagova (za dodavanje, brisanje i 5 korisni\u010dkih tagova), maksimalno 320 tagova, naponski izlaz za bravu 12VDC\/250mA ili relejni izlaz, povezivanje\u2026","rel":"","context":"Srodne objave","img":{"alt_text":"","src":"https:\/\/i1.wp.com\/astehshop.com\/wp-content\/uploads\/2025\/03\/WS\u2010DT607FE.jpg?fit=1200%2C675&resize=350%2C200","width":350,"height":200},"classes":[]},{"id":10130,"url":"http:\/\/astehshop.com\/index.php\/product\/wsdt607fepozivna-jedinica-cetiri-tastera-sa-citacem\/","url_meta":{"origin":5549,"position":5},"title":"WS\u2010DT607FE pozivna jedinica \u010detiri tastera sa \u010dita\u010dem","date":"30. o\u017eujka 2025.","format":false,"excerpt":"Video pozivni tablo sa 4 tastera Kolor kamera, 500TVL, 170\u00b0 fisheye objektiv, telo od ner\u0111aju\u0107eg \u010delika, indikatori za otklju\u010davanje i razgovor, dvosmerna audio komunikacija, \u010dita\u010d 125KHz kartica\/tagova (otvaranje brave), komplet tagova (za dodavanje, brisanje i 5 korisni\u010dkih tagova), maksimalno 320 tagova, naponski izlaz za bravu 12VDC\/250mA ili relejni izlaz, povezivanje\u2026","rel":"","context":"Srodne objave","img":{"alt_text":"","src":"https:\/\/i2.wp.com\/astehshop.com\/wp-content\/uploads\/2025\/03\/westernsecurity-wsdt607feids4rh-pozivna-etiri-tastera-sa-itaem_0.jpg?fit=1200%2C675&resize=350%2C200","width":350,"height":200},"classes":[]}],"_links":{"self":[{"href":"http:\/\/astehshop.com\/index.php\/wp-json\/wp\/v2\/product\/5549"}],"collection":[{"href":"http:\/\/astehshop.com\/index.php\/wp-json\/wp\/v2\/product"}],"about":[{"href":"http:\/\/astehshop.com\/index.php\/wp-json\/wp\/v2\/types\/product"}],"replies":[{"embeddable":true,"href":"http:\/\/astehshop.com\/index.php\/wp-json\/wp\/v2\/comments?post=5549"}],"wp:featuredmedia":[{"embeddable":true,"href":"http:\/\/astehshop.com\/index.php\/wp-json\/wp\/v2\/media\/5550"}],"wp:attachment":[{"href":"http:\/\/astehshop.com\/index.php\/wp-json\/wp\/v2\/media?parent=5549"}],"wp:term":[{"taxonomy":"product_cat","embeddable":true,"href":"http:\/\/astehshop.com\/index.php\/wp-json\/wp\/v2\/product_cat?post=5549"},{"taxonomy":"product_tag","embeddable":true,"href":"http:\/\/astehshop.com\/index.php\/wp-json\/wp\/v2\/product_tag?post=5549"}],"curies":[{"name":"wp","href":"https:\/\/api.w.org\/{rel}","templated":true}]}}