{"id":5546,"date":"2021-10-22T18:57:32","date_gmt":"2021-10-22T16:57:32","guid":{"rendered":"http:\/\/astehshop.com\/?post_type=product&#038;p=5546"},"modified":"2022-11-19T14:12:54","modified_gmt":"2022-11-19T13:12:54","slug":"bezicni-paradox-alarm-komplet","status":"publish","type":"product","link":"http:\/\/astehshop.com\/index.php\/product\/bezicni-paradox-alarm-komplet\/","title":{"rendered":"Be\u017ei\u010dni paradox alarm komplet"},"content":{"rendered":"<p>U kompletu dobijate ( mozemo u dogovoru da Vam podesimo sve i na Vama je samo da promijenite ulaznu \u0161ifru ) :<\/p>\n<p>1 x Be\u017ei\u010dnu magellan paradox alarmnu centralu<br \/>\n2 x PMD2P be\u017ei\u010dna senzora ( sa ura\u010dunatim baterijama koje mogu trajati i do 3 godine )<br \/>\n1 x k10 led tastaturu za programiranje kao i za upisivanje \u0161ifre za aktiviranja odnosno deaktiviranje alarma<br \/>\n1 x Vanjsku sirenu<br \/>\n1 x Daljinski za be\u017ei\u010dno aktiviranje odnosno deaktiviranje alarma dok ste u ku\u0107i ili van nje ( domet otprilike 40-ak M )<br \/>\n1 x metalna kutija u koju sve mo\u017eete smjestiti<br \/>\n2 x akumulatora 12V 7Ah koji slu\u017ee kao bekap napajanje u slu\u010daju nestanka ili odsecanja elektri\u010dne energije<br \/>\n1 x trafo koji pretvara 220-230 v na 16,5v koliko je potrebno alarmu za funkcionisanje<\/p>\n<p>Na ovaj komplet mo\u017eete dodati jo\u0161 be\u017ei\u010dnih senzora ( cijena senzora 92 KM ) ili daljinskih po potrebi ( cijena daljinskog 48 KM )<br \/>\nNa ovoj centrali mo\u017eete kombinovati be\u017ei\u010de i \u017ei\u010dne zone ( \u017ei\u010dani senzori su znatno povoljniji ali do svakog treba da stigne kabal od centrale )<\/p>\n<p>Tako\u0111e ukoliko imate fiksnu liniju mo\u017eete spojiti da alarm poziva odre\u0111enih nekoliko brojeva kao dojava.<\/p>\n<p>Cijena :<br \/>\n740 KM<\/p>\n<p>Garancija na opremu je 1 Godina&#8230;<\/p>\n","protected":false},"excerpt":{"rendered":"<p>U kompletu dobijate ( mozemo u dogovoru da Vam podesimo sve i na Vama je samo da promijenite ulaznu \u0161ifru ) :<\/p>\n<p>1 x Be\u017ei\u010dnu magellan paradox alarmnu centralu<br \/>\n2 x PMD2P be\u017ei\u010dna senzora ( sa ura\u010dunatim baterijama koje mogu trajati i do 3 godine )<br \/>\n1 x k10 led tastaturu za programiranje kao i za upisivanje \u0161ifre za aktiviranja odnosno deaktiviranje alarma<br \/>\n1 x Vanjsku sirenu<br \/>\n1 x Daljinski za be\u017ei\u010dno aktiviranje odnosno deaktiviranje alarma dok ste u ku\u0107i ili van nje ( domet otprilike 40-ak M )<br \/>\n1 x metalna kutija u koju sve mo\u017eete smjestiti<br \/>\n2 x akumulatora 12V 7Ah koji slu\u017ee kao bekap napajanje u slu\u010daju nestanka ili odsecanja elektri\u010dne energije<br \/>\n1 x trafo koji pretvara 220-230 v na 16,5v koliko je potrebno alarmu za funkcionisanje<\/p>\n<p>Na ovaj komplet mo\u017eete dodati jo\u0161 be\u017ei\u010dnih senzora ( cijena senzora 92 KM ) ili daljinskih po potrebi ( cijena daljinskog 48 KM )<br \/>\nNa ovoj centrali mo\u017eete kombinovati be\u017ei\u010de i \u017ei\u010dne zone ( \u017ei\u010dani senzori su znatno povoljniji ali do svakog treba da stigne kabal od centrale )<\/p>\n<p>Tako\u0111e ukoliko imate fiksnu liniju mo\u017eete spojiti da alarm poziva odre\u0111enih nekoliko brojeva kao dojava.<\/p>\n<p>Cijena :<br \/>\n740 KM<\/p>\n<p>Garancija na opremu je 1 Godina&#8230;<\/p>\n","protected":false},"featured_media":5547,"comment_status":"open","ping_status":"closed","template":"","meta":{"_mi_skip_tracking":false,"_exactmetrics_sitenote_active":false,"_exactmetrics_sitenote_note":"","_exactmetrics_sitenote_category":0,"spay_email":""},"product_cat":[141,2723,4415],"product_tag":[246,3346,926,3347,150,836,297,266],"brands":[{"id":2046,"name":"paradox","slug":"paradox"}],"df_price":740,"df_sale_price":"","df_regular_price":740,"df_image_link":"https:\/\/i2.wp.com\/astehshop.com\/wp-content\/uploads\/2021\/10\/slika-1854472-5c321fd1a847f-velika.jpg?fit=450%2C315","jetpack_publicize_connections":[],"jetpack_sharing_enabled":true,"jetpack_likes_enabled":true,"jetpack-related-posts":[{"id":7150,"url":"http:\/\/astehshop.com\/index.php\/product\/paradox-alarm-komplet-sa-2-senzora-i-sirenom-sp5500\/","url_meta":{"origin":5546,"position":0},"title":"Paradox alarm komplet sa 2 senzora i sirenom SP5500+","date":"21. sije\u010dnja 2023.","format":false,"excerpt":"Alarmni komplet za firme, poslovne prostore, ku\u0107e, stanove 1 x Paradox centrala SP5500+ novi model 2 x Paradox NV5 senzora sa nosa\u010dem 1 x Paradox tastatura K10 LED 1 x Solo vanjska sirena ( najbolja u klasi ) 1 x Trafox 220 na 16.5 V 1 x metalna kutija za\u2026","rel":"","context":"Srodne objave","img":{"alt_text":"","src":"https:\/\/i2.wp.com\/astehshop.com\/wp-content\/uploads\/2023\/01\/paradox-sa-2-senzora.jpg?fit=1200%2C953&resize=350%2C200","width":350,"height":200},"classes":[]},{"id":7070,"url":"http:\/\/astehshop.com\/index.php\/product\/ajax-alarm-komplet-sa-2-senzora-i-sirenom-kontrola-putem-telefona\/","url_meta":{"origin":5546,"position":1},"title":"Ajax alarm komplet sa 2 senzora i sirenom &#8211; kontrola putem telefona","date":"10. prosinca 2022.","format":false,"excerpt":"Alarmni komplet za firme, poslovne prostore, ku\u0107e, stanove 1 x AJAX Hub WH alarmna centrala 2 x AJAX MotionProtect WH be\u017ei\u010dni PIR detektor 1 x AJAX SpaceControl WH daljinski upravlja\u010d 1 x AJAX HomeSiren WH Ajax\u00a0 alarmni komplet sa po jednim PIR senzorom nudi mogu\u0107nost da pokrijete ulaz u ku\u0107u\u2026","rel":"","context":"Srodne objave","img":{"alt_text":"","src":"https:\/\/i2.wp.com\/astehshop.com\/wp-content\/uploads\/2022\/12\/komplet-alarm-ajax-sa-2-senzora.jpg?fit=1200%2C953&resize=350%2C200","width":350,"height":200},"classes":[]},{"id":7066,"url":"http:\/\/astehshop.com\/index.php\/product\/ajax-alarm-komplet-sa-1-senzorom-i-daljinskim-kontrola-putem-telefona\/","url_meta":{"origin":5546,"position":2},"title":"Ajax alarm komplet sa 1 senzorom i daljinskim &#8211; kontrola putem telefona","date":"10. prosinca 2022.","format":false,"excerpt":"Alarmni komplet za firme, poslovne prostore, ku\u0107e, stanove 1 x AJAX Hub WH alarmna centrala 1 x AJAX MotionProtect WH be\u017ei\u010dni PIR detektor 1 x AJAX SpaceControl WH daljinski upravlja\u010d Ajax\u00a0 alarmni komplet sa po jednim PIR senzorom nudi mogu\u0107nost da pokrijete ulaz u ku\u0107u ili dvori\u0161te, odnosno manji lokal\u2026","rel":"","context":"Srodne objave","img":{"alt_text":"","src":"https:\/\/i2.wp.com\/astehshop.com\/wp-content\/uploads\/2022\/12\/ajax-alarm-senzor-i-daljinski.jpg?fit=1200%2C953&resize=350%2C200","width":350,"height":200},"classes":[]},{"id":7068,"url":"http:\/\/astehshop.com\/index.php\/product\/ajax-alarm-komplet-sa-1-senzorom-i-sirenom-kontrola-putem-telefona\/","url_meta":{"origin":5546,"position":3},"title":"Ajax alarm komplet sa 1 senzorom i sirenom &#8211; kontrola putem telefona","date":"10. prosinca 2022.","format":false,"excerpt":"Alarmni komplet za firme, poslovne prostore, ku\u0107e, stanove 1 x AJAX Hub WH alarmna centrala 1 x AJAX MotionProtect WH be\u017ei\u010dni PIR detektor 1 x AJAX SpaceControl WH daljinski upravlja\u010d 1 x AJAX HomeSiren WH Ajax\u00a0 alarmni komplet sa po jednim PIR senzorom nudi mogu\u0107nost da pokrijete ulaz u ku\u0107u\u2026","rel":"","context":"Srodne objave","img":{"alt_text":"","src":"https:\/\/i1.wp.com\/astehshop.com\/wp-content\/uploads\/2022\/12\/ajax-sa-sirenom.jpg?fit=1200%2C953&resize=350%2C200","width":350,"height":200},"classes":[]},{"id":7064,"url":"http:\/\/astehshop.com\/index.php\/product\/ajax-alarm-komplet-starter-sa-1-senzorom-kontrola-putem-telefona\/","url_meta":{"origin":5546,"position":4},"title":"Ajax alarm komplet Starter sa 1 senzorom &#8211; kontrola putem telefona","date":"10. prosinca 2022.","format":false,"excerpt":"Alarmni komplet za firme, poslovne prostore, ku\u0107e, stanove 1 x AJAX Hub WH alarmna centrala 1 x AJAX MotionProtect WH be\u017ei\u010dni PIR detektor Ajax\u00a0 alarmni komplet sa po jednim PIR senzorom nudi mogu\u0107nost da pokrijete ulaz u ku\u0107u ili dvori\u0161te, odnosno manji lokal ili trafiku koji mo\u017eete spojiti na internet\u2026","rel":"","context":"Srodne objave","img":{"alt_text":"","src":"https:\/\/i0.wp.com\/astehshop.com\/wp-content\/uploads\/2022\/12\/ajax-alarm-1-senzor.jpg?fit=1200%2C953&resize=350%2C200","width":350,"height":200},"classes":[]},{"id":7045,"url":"http:\/\/astehshop.com\/index.php\/product\/video-nadzor-dahua-komplet-sa-3-kamere-2-mpx\/","url_meta":{"origin":5546,"position":5},"title":"Video nadzor Dahua komplet sa 3 kamere 2 MPX","date":"9. prosinca 2022.","format":false,"excerpt":"Dahua HDCVI video nadzor SET za poslovne prostore, dvori\u0161ta, gara\u017ee, ku\u0107e, stanove. 1 x Dahua 4 kanalni snima\u010d WizSense 3 x Dahua bullet kamera\u00a0 2 MPX 30 Metara no\u0107ni IR 1 x disk 500 GB 1 x dodatno napajanje za kamere 1 x naljepnica Objekat je pod video nadzorom Dahua\u2026","rel":"","context":"Srodne objave","img":{"alt_text":"","src":"https:\/\/i0.wp.com\/astehshop.com\/wp-content\/uploads\/2022\/12\/komplet-sa-3-kamere.jpg?fit=1200%2C953&resize=350%2C200","width":350,"height":200},"classes":[]}],"_links":{"self":[{"href":"http:\/\/astehshop.com\/index.php\/wp-json\/wp\/v2\/product\/5546"}],"collection":[{"href":"http:\/\/astehshop.com\/index.php\/wp-json\/wp\/v2\/product"}],"about":[{"href":"http:\/\/astehshop.com\/index.php\/wp-json\/wp\/v2\/types\/product"}],"replies":[{"embeddable":true,"href":"http:\/\/astehshop.com\/index.php\/wp-json\/wp\/v2\/comments?post=5546"}],"wp:featuredmedia":[{"embeddable":true,"href":"http:\/\/astehshop.com\/index.php\/wp-json\/wp\/v2\/media\/5547"}],"wp:attachment":[{"href":"http:\/\/astehshop.com\/index.php\/wp-json\/wp\/v2\/media?parent=5546"}],"wp:term":[{"taxonomy":"product_cat","embeddable":true,"href":"http:\/\/astehshop.com\/index.php\/wp-json\/wp\/v2\/product_cat?post=5546"},{"taxonomy":"product_tag","embeddable":true,"href":"http:\/\/astehshop.com\/index.php\/wp-json\/wp\/v2\/product_tag?post=5546"}],"curies":[{"name":"wp","href":"https:\/\/api.w.org\/{rel}","templated":true}]}}